{"id":35,"date":"2024-06-12T00:28:38","date_gmt":"2024-06-12T00:28:38","guid":{"rendered":"https:\/\/www.ufpb.br\/cau\/?page_id=35"},"modified":"2026-04-01T14:12:47","modified_gmt":"2026-04-01T17:12:47","slug":"pagina-3","status":"publish","type":"page","link":"https:\/\/www.ufpb.br\/cau\/pagina-3\/","title":{"rendered":"Voluntariado"},"content":{"rendered":"\n<p class=\"has-black-color has-text-color has-link-color has-medium-font-size wp-elements-3110f79cf472f10b13480b99fff1d82b\">Se voc\u00ea quiser <strong>atuar como volunt\u00e1rio(a)<\/strong> <strong>no Coletivo Autista da UFPB<\/strong>, entre em contato conosco.<\/p>\n\n\n\n<p class=\"has-medium-font-size\">A sua participa\u00e7\u00e3o \u00e9 muito importante, especialmente se voc\u00ea for <strong>desenvolvedor(a) de <em>software<\/em> ou de intelig\u00eancia artificial, formado(a) ou em forma\u00e7\u00e3o na \u00e1rea de Tecnologia da Informa\u00e7\u00e3o<\/strong>.<\/p>\n\n\n\n<p class=\"has-medium-font-size\">Ao final das atividades, voc\u00ea receber\u00e1 um certificado.<br>Esse certificado informa o:<\/p>\n\n\n\n<ul class=\"wp-block-list\">\n<li class=\"has-medium-font-size\">tipo de apoio que voc\u00ea prestou; e<\/li>\n\n\n\n<li class=\"has-medium-font-size\">per\u00edodo em que voc\u00ea atuou.<\/li>\n<\/ul>\n\n\n\n<p class=\"has-black-color has-text-color has-link-color has-medium-font-size wp-elements-8c318068d6ee708e333bed2560196c5d\">Voc\u00ea tamb\u00e9m pode integrar a nossa <strong>pesquisa sobre autocuidado de pessoas autistas adultas com menor necessidade de suporte<\/strong>.<br>As atividades ser\u00e3o <em>online<\/em> e presenciais, no Brasil e em outros pa\u00edses.<\/p>\n\n\n\n<p class=\"has-black-color has-text-color has-link-color has-medium-font-size wp-elements-9ea9de3557edab6b4469dff93e6affdc\"><\/p>\n\n\n\n<p><\/p>\n\n\n<div class=\"wp-block-image is-style-default\">\n<figure class=\"aligncenter size-medium is-resized\"><img loading=\"lazy\" decoding=\"async\" width=\"300\" height=\"233\" src=\"https:\/\/www.ufpb.br\/cau\/wp-content\/uploads\/sites\/79\/sites\/188\/2024\/06\/cropped-Logo-300x233.jpg\" alt=\"\" class=\"wp-image-7\" style=\"width:420px\" srcset=\"https:\/\/www.ufpb.br\/cau\/wp-content\/uploads\/sites\/79\/sites\/188\/2024\/06\/cropped-Logo-300x233.jpg 300w, https:\/\/www.ufpb.br\/cau\/wp-content\/uploads\/sites\/79\/sites\/188\/2024\/06\/cropped-Logo-1024x794.jpg 1024w, https:\/\/www.ufpb.br\/cau\/wp-content\/uploads\/sites\/79\/sites\/188\/2024\/06\/cropped-Logo-768x595.jpg 768w, https:\/\/www.ufpb.br\/cau\/wp-content\/uploads\/sites\/79\/sites\/188\/2024\/06\/cropped-Logo-1536x1191.jpg 1536w, https:\/\/www.ufpb.br\/cau\/wp-content\/uploads\/sites\/79\/sites\/188\/2024\/06\/cropped-Logo.jpg 2046w\" sizes=\"auto, (max-width: 300px) 100vw, 300px\" \/><\/figure>\n<\/div>","protected":false},"excerpt":{"rendered":"<p>Se voc\u00ea quiser atuar como volunt\u00e1rio(a) no Coletivo Autista da UFPB, entre em contato conosco. A sua participa\u00e7\u00e3o \u00e9 muito importante, especialmente se voc\u00ea for desenvolvedor(a) de software ou de intelig\u00eancia artificial, formado(a) ou em forma\u00e7\u00e3o na \u00e1rea de Tecnologia da Informa\u00e7\u00e3o. Ao final das atividades, voc\u00ea receber\u00e1 um certificado.Esse certificado informa o: Voc\u00ea tamb\u00e9m [&hellip;]<\/p>\n","protected":false},"author":122,"featured_media":0,"parent":0,"menu_order":0,"comment_status":"closed","ping_status":"closed","template":"","meta":{"footnotes":""},"class_list":["post-35","page","type-page","status-publish","hentry"],"_links":{"self":[{"href":"https:\/\/www.ufpb.br\/cau\/wp-json\/wp\/v2\/pages\/35","targetHints":{"allow":["GET"]}}],"collection":[{"href":"https:\/\/www.ufpb.br\/cau\/wp-json\/wp\/v2\/pages"}],"about":[{"href":"https:\/\/www.ufpb.br\/cau\/wp-json\/wp\/v2\/types\/page"}],"author":[{"embeddable":true,"href":"https:\/\/www.ufpb.br\/cau\/wp-json\/wp\/v2\/users\/122"}],"replies":[{"embeddable":true,"href":"https:\/\/www.ufpb.br\/cau\/wp-json\/wp\/v2\/comments?post=35"}],"version-history":[{"count":29,"href":"https:\/\/www.ufpb.br\/cau\/wp-json\/wp\/v2\/pages\/35\/revisions"}],"predecessor-version":[{"id":2695,"href":"https:\/\/www.ufpb.br\/cau\/wp-json\/wp\/v2\/pages\/35\/revisions\/2695"}],"wp:attachment":[{"href":"https:\/\/www.ufpb.br\/cau\/wp-json\/wp\/v2\/media?parent=35"}],"curies":[{"name":"wp","href":"https:\/\/api.w.org\/{rel}","templated":true}]}}