{"id":37,"date":"2024-06-12T00:28:59","date_gmt":"2024-06-12T00:28:59","guid":{"rendered":"https:\/\/www.ufpb.br\/cau\/?page_id=37"},"modified":"2025-10-08T18:38:50","modified_gmt":"2025-10-08T21:38:50","slug":"pagina-4","status":"publish","type":"page","link":"https:\/\/www.ufpb.br\/cau\/pagina-4\/","title":{"rendered":"V\u00eddeos"},"content":{"rendered":"\n<p class=\"has-text-align-center has-background has-medium-font-size\" style=\"background:linear-gradient(0deg,rgb(122,220,180) 0%,rgb(0,208,130) 100%)\"><strong>Todos os v\u00eddeos a seguir podem ter suas legendas em portugu\u00eas ativadas nas configura\u00e7\u00f5es do <em>YouTube<\/em>\u00ae<\/strong>.<strong> Por favor, <a href=\"mailto:coletivoautistaufpb@gmail.com\" target=\"_blank\" rel=\"noreferrer noopener\">informe<\/a> caso algum <em>link<\/em> n\u00e3o esteja funcionando.<\/strong><\/p>\n\n\n\n<p class=\"has-medium-font-size\"><strong><a href=\"https:\/\/youtu.be\/qUFDAevkd3E\">Uma introdu\u00e7\u00e3o ao monotropismo<\/a><\/strong><\/p>\n\n\n\n<figure class=\"wp-block-embed is-type-video is-provider-youtube wp-block-embed-youtube wp-embed-aspect-16-9 wp-has-aspect-ratio\"><div class=\"wp-block-embed__wrapper\">\n<iframe loading=\"lazy\" title=\"An introduction to monotropism\" width=\"500\" height=\"281\" src=\"https:\/\/www.youtube.com\/embed\/qUFDAevkd3E?feature=oembed\" frameborder=\"0\" allow=\"accelerometer; autoplay; clipboard-write; encrypted-media; gyroscope; picture-in-picture; web-share\" referrerpolicy=\"strict-origin-when-cross-origin\" allowfullscreen><\/iframe>\n<\/div><\/figure>\n\n\n\n\n\n<p>Fonte: Kieran Rose (<a href=\"http:\/\/www.theautisticadvocate.com\">www.theautisticadvocate.com<\/a>), Josh Knowles (<a href=\"http:\/\/www.joshknowles.co.uk\">Josh Knowles <em>animation<\/em><\/a>), Dra. Georgia Pavlopoulou (<em><a href=\"https:\/\/www.annafreud.org\">Anna Freud Centre<\/a><\/em>), Dra. Ruth Moyse (<em><a href=\"https:\/\/www.atautism.org\">AT-Autism<\/a><\/em>) e <em><a href=\"http:\/\/HEE-funded National Autism Trainer Programme\">HEE-funded National Autism Trainer Programme<\/a><\/em>.<\/p>\n\n\n\n<p><\/p>\n\n\n\n<p><\/p>\n\n\n\n<p class=\"has-medium-font-size\"><strong><a href=\"https:\/\/youtu.be\/DLpLSPQXtV4\">Monotropismo e bem-estar: Fergus Murray<\/a><\/strong><\/p>\n\n\n\n<figure class=\"wp-block-embed is-type-video is-provider-youtube wp-block-embed-youtube wp-embed-aspect-16-9 wp-has-aspect-ratio\"><div class=\"wp-block-embed__wrapper\">\n<iframe loading=\"lazy\" title=\"Monotropism and Wellbeing\" width=\"500\" height=\"281\" src=\"https:\/\/www.youtube.com\/embed\/DLpLSPQXtV4?feature=oembed\" frameborder=\"0\" allow=\"accelerometer; autoplay; clipboard-write; encrypted-media; gyroscope; picture-in-picture; web-share\" referrerpolicy=\"strict-origin-when-cross-origin\" allowfullscreen><\/iframe>\n<\/div><\/figure>\n\n\n\n\n\n<p>Fonte: Palestra de <a href=\"https:\/\/monotropism.org\/wellbeing\/\">Fergus Murray<\/a> na Confer\u00eancia do <em>Scottish Autism Research Group<\/em> (SARG) em 2023.<\/p>\n\n\n\n<p><\/p>\n\n\n\n<p><\/p>\n\n\n\n<p class=\"has-medium-font-size\"><strong><a href=\"https:\/\/youtu.be\/YWUsnT1c_5I\">Autismo e o problema da dupla empatia: Prof. Dr. Damian Milton<\/a><\/strong><\/p>\n\n\n\n<figure class=\"wp-block-embed is-type-video is-provider-youtube wp-block-embed-youtube wp-embed-aspect-16-9 wp-has-aspect-ratio\"><div class=\"wp-block-embed__wrapper\">\n<iframe loading=\"lazy\" title=\"University of Kent, Dr Damian Milton - Autism and the Double Empathy Problem\" width=\"500\" height=\"281\" src=\"https:\/\/www.youtube.com\/embed\/YWUsnT1c_5I?feature=oembed\" frameborder=\"0\" allow=\"accelerometer; autoplay; clipboard-write; encrypted-media; gyroscope; picture-in-picture; web-share\" referrerpolicy=\"strict-origin-when-cross-origin\" allowfullscreen><\/iframe>\n<\/div><\/figure>\n\n\n\n\n\n<p>Fonte: Palestra do Prof. Dr. Damian Milton&nbsp;&#8211; <em>University of Kent<\/em> promovida por <em><a href=\"http:\/\/autismnetworkscotland.org.uk\">Autism Network Scotland<\/a><\/em>.<\/p>\n\n\n\n<p><\/p>\n\n\n\n<p><\/p>\n\n\n\n<p class=\"has-medium-font-size\"><strong><a href=\"https:\/\/youtu.be\/qpXwYD9bGyU\">Uma introdu\u00e7\u00e3o ao problema da dupla empatia<\/a><\/strong><\/p>\n\n\n\n<figure class=\"wp-block-embed is-type-video is-provider-youtube wp-block-embed-youtube wp-embed-aspect-16-9 wp-has-aspect-ratio\"><div class=\"wp-block-embed__wrapper\">\n<iframe loading=\"lazy\" title=\"An introduction to the double empathy problem\" width=\"500\" height=\"281\" src=\"https:\/\/www.youtube.com\/embed\/qpXwYD9bGyU?feature=oembed\" frameborder=\"0\" allow=\"accelerometer; autoplay; clipboard-write; encrypted-media; gyroscope; picture-in-picture; web-share\" referrerpolicy=\"strict-origin-when-cross-origin\" allowfullscreen><\/iframe>\n<\/div><\/figure>\n\n\n\n\n\n<p>Fonte: Kieran Rose (<a href=\"http:\/\/www.theautisticadvocate.com\">www.theautisticadvocate.com<\/a>), Josh Knowles (<a href=\"http:\/\/www.joshknowles.co.uk\">Josh Knowles <em>animation<\/em><\/a>), Dra. Georgia Pavlopoulou (<em><a href=\"https:\/\/www.annafreud.org\">Anna Freud Centre<\/a><\/em>), Dra. Ruth Moyse (<em><a href=\"https:\/\/www.atautism.org\">AT-Autism<\/a><\/em>) e <em><a href=\"http:\/\/HEE-funded National Autism Trainer Programme\">HEE-funded National Autism Trainer Programme<\/a><\/em>.<\/p>\n\n\n\n<p><\/p>\n\n\n\n<p><\/p>\n\n\n\n<p class=\"has-medium-font-size\"><strong><a href=\"https:\/\/youtu.be\/5uZHGuUJvi0?si=aSILuyIFImXTGcZd\">Expectativa de vida em autistas<\/a><\/strong><\/p>\n\n\n\n<figure class=\"wp-block-embed is-type-video is-provider-youtube wp-block-embed-youtube wp-embed-aspect-16-9 wp-has-aspect-ratio\"><div class=\"wp-block-embed__wrapper\">\n<iframe loading=\"lazy\" title=\"Autistic life expectancy - shocking statistics. Autism: One-Take Talks\" width=\"500\" height=\"281\" src=\"https:\/\/www.youtube.com\/embed\/5uZHGuUJvi0?feature=oembed\" frameborder=\"0\" allow=\"accelerometer; autoplay; clipboard-write; encrypted-media; gyroscope; picture-in-picture; web-share\" referrerpolicy=\"strict-origin-when-cross-origin\" allowfullscreen><\/iframe>\n<\/div><\/figure>\n\n\n\n\n\n<p>Fonte: <a href=\"https:\/\/petewharmby.com\">Peter Wharmby<\/a><\/p>\n\n\n\n<p><\/p>\n\n\n\n<p><\/p>\n\n\n\n<p><strong>Afinal, o que \u00e9 o capacitismo?<\/strong><\/p>\n\n\n\n<figure class=\"wp-block-embed is-type-video is-provider-youtube wp-block-embed-youtube wp-embed-aspect-16-9 wp-has-aspect-ratio\"><div class=\"wp-block-embed__wrapper\">\n<iframe loading=\"lazy\" title=\"Afinal, o que \u00e9 o capacitismo?\" width=\"500\" height=\"281\" src=\"https:\/\/www.youtube.com\/embed\/TGBO1f-dYag?feature=oembed\" frameborder=\"0\" allow=\"accelerometer; autoplay; clipboard-write; encrypted-media; gyroscope; picture-in-picture; web-share\" referrerpolicy=\"strict-origin-when-cross-origin\" allowfullscreen><\/iframe>\n<\/div><\/figure>\n\n\n\n\n\n<p>Fonte:&nbsp;<a href=\"https:\/\/www.youtube.com\/@Terra\" target=\"_blank\" rel=\"noreferrer noopener\">Terra Brasil<\/a>.<\/p>\n\n\n<div class=\"wp-block-image\">\n<figure class=\"aligncenter size-medium\"><img loading=\"lazy\" decoding=\"async\" width=\"300\" height=\"297\" src=\"http:\/\/www.ufpb.br\/cau\/wp-content\/uploads\/sites\/79\/sites\/188\/2025\/08\/CAU_PEATS_b-300x297.png\" alt=\"\" class=\"wp-image-1664\" srcset=\"https:\/\/www.ufpb.br\/cau\/wp-content\/uploads\/sites\/79\/sites\/188\/2025\/08\/CAU_PEATS_b-300x297.png 300w, https:\/\/www.ufpb.br\/cau\/wp-content\/uploads\/sites\/79\/sites\/188\/2025\/08\/CAU_PEATS_b-150x150.png 150w, https:\/\/www.ufpb.br\/cau\/wp-content\/uploads\/sites\/79\/sites\/188\/2025\/08\/CAU_PEATS_b.png 710w\" sizes=\"auto, (max-width: 300px) 100vw, 300px\" \/><\/figure>\n<\/div>","protected":false},"excerpt":{"rendered":"<p>Todos os v\u00eddeos a seguir podem ter suas legendas em portugu\u00eas ativadas nas configura\u00e7\u00f5es do YouTube\u00ae. Por favor, informe caso algum link n\u00e3o esteja funcionando. Uma introdu\u00e7\u00e3o ao monotropismo Fonte: Kieran Rose (www.theautisticadvocate.com), Josh Knowles (Josh Knowles animation), Dra. Georgia Pavlopoulou (Anna Freud Centre), Dra. Ruth Moyse (AT-Autism) e HEE-funded National Autism Trainer Programme. Monotropismo [&hellip;]<\/p>\n","protected":false},"author":122,"featured_media":0,"parent":0,"menu_order":0,"comment_status":"closed","ping_status":"closed","template":"","meta":{"footnotes":""},"class_list":["post-37","page","type-page","status-publish","hentry"],"_links":{"self":[{"href":"https:\/\/www.ufpb.br\/cau\/wp-json\/wp\/v2\/pages\/37","targetHints":{"allow":["GET"]}}],"collection":[{"href":"https:\/\/www.ufpb.br\/cau\/wp-json\/wp\/v2\/pages"}],"about":[{"href":"https:\/\/www.ufpb.br\/cau\/wp-json\/wp\/v2\/types\/page"}],"author":[{"embeddable":true,"href":"https:\/\/www.ufpb.br\/cau\/wp-json\/wp\/v2\/users\/122"}],"replies":[{"embeddable":true,"href":"https:\/\/www.ufpb.br\/cau\/wp-json\/wp\/v2\/comments?post=37"}],"version-history":[{"count":97,"href":"https:\/\/www.ufpb.br\/cau\/wp-json\/wp\/v2\/pages\/37\/revisions"}],"predecessor-version":[{"id":1804,"href":"https:\/\/www.ufpb.br\/cau\/wp-json\/wp\/v2\/pages\/37\/revisions\/1804"}],"wp:attachment":[{"href":"https:\/\/www.ufpb.br\/cau\/wp-json\/wp\/v2\/media?parent=37"}],"curies":[{"name":"wp","href":"https:\/\/api.w.org\/{rel}","templated":true}]}}