{"id":39,"date":"2024-06-12T00:29:15","date_gmt":"2024-06-12T00:29:15","guid":{"rendered":"https:\/\/www.ufpb.br\/cau\/?page_id=39"},"modified":"2026-04-17T20:14:02","modified_gmt":"2026-04-17T23:14:02","slug":"pagina-5","status":"publish","type":"page","link":"https:\/\/www.ufpb.br\/cau\/pagina-5\/","title":{"rendered":"Links"},"content":{"rendered":"\n<p><strong><a href=\"https:\/\/www.planalto.gov.br\/ccivil_03\/_ato2015-2018\/2015\/lei\/l13146.htm\">Lei Brasileira de Inclus\u00e3o da Pessoa com Defici\u00eancia<\/a> <\/strong><\/p>\n\n\n\n<p><strong><a href=\"https:\/\/www.planalto.gov.br\/ccivil_03\/_Ato2007-2010\/2009\/Decreto\/D6949.htm\">Conven\u00e7\u00e3o Internacional sobre os Direitos das Pessoas com Defici\u00eancia<\/a><\/strong><\/p>\n\n\n\n<p><strong><a href=\"https:\/\/www.planalto.gov.br\/ccivil_03\/_ato2011-2014\/2012\/lei\/l12764.htm\">Pol\u00edtica Nacional de Prote\u00e7\u00e3o dos Direitos da Pessoa com Transtorno do Espectro Autista<\/a><\/strong><\/p>\n\n\n\n<p><a href=\"https:\/\/www.autistas.org.br\" data-type=\"link\" data-id=\"https:\/\/www.autistas.org.br\">Autistas Brasil<\/a><\/p>\n\n\n\n<p><a href=\"https:\/\/maisdiferencas.org.br\"><strong>Mais Diferen\u00e7as &#8211; Educa\u00e7\u00e3o e Cultura Inclusivas<\/strong><\/a><\/p>\n\n\n\n<p><a href=\"https:\/\/www.bibliotecamd.org.br\"><strong>Biblioteca Mais Diferen\u00e7as<\/strong><\/a><\/p>\n\n\n\n<p><strong><a href=\"https:\/\/drive.google.com\/file\/d\/148YyLhN5enOfcUkAqULgF7iFtRG0VWtU\/view?usp=sharing\">Manual de atendimento a pessoas com TEA do Conselho Nacional de Justi\u00e7a<\/a><\/strong><\/p>\n\n\n\n<p><a href=\"https:\/\/drive.google.com\/file\/d\/1hFTr8ra0lbCBnpAc0BrJuFT7YMThimc6\/view?usp=sharing\">Manual do Conselho Nacional de Justi\u00e7a relacionado a Autistas (elaborado em 2025)<\/a><\/p>\n\n\n\n<p><a href=\"https:\/\/www.tjsp.jus.br\/Download\/Acessibilidade\/Cartilha-Combata-o-Capacitismo.pdf\"><strong>Cartilha &#8220;Combata o Capacitismo&#8221;<\/strong><\/a><\/p>\n\n\n\n<p><strong><a href=\"https:\/\/ampid.org.br\/site2020\/wp-content\/uploads\/2023\/09\/Ebook-Direitos-das-Pessoas-com-Defici%C3%AAncia.pdf\"><em>E-book<\/em> da OAB\/PI &#8220;Direitos das Pessoas com Defici\u00eancia&#8221;<\/a><\/strong><\/p>\n\n\n\n<p><a href=\"https:\/\/drive.google.com\/file\/d\/1yWl1oM3z0sv8Z675VpexndRRAQJFxUi-\/view?usp=sharing\">Cartilha da pessoa com condi\u00e7\u00e3o diversamente h\u00e1bil em situa\u00e7\u00e3o de viol\u00eancia do Par\u00e1<\/a><\/p>\n\n\n\n<p><strong><a href=\"https:\/\/drive.google.com\/file\/d\/1iSTTCMlSAlcr95Rt0CvGZo2Epz9lLCZr\/view?usp=sharing\" data-type=\"page\" data-id=\"35\">Guia de linguagem inclusiva em direitos humanos da Defensoria P\u00fablica da Uni\u00e3o<\/a><\/strong><\/p>\n\n\n\n<p><a href=\"http:\/\/www.ufpb.br\/cau\/wp-content\/uploads\/sites\/79\/sites\/188\/2026\/03\/Cultivando_Girassois_A_Partir_Da_U_F_P_B_padrao.pdf\"><em>E-book<\/em> &#8220;Cultivando girass\u00f3is a partir da UFPB&#8221;<\/a><\/p>\n\n\n\n<p class=\"has-text-align-center has-luminous-vivid-amber-background-color has-background\"><strong>Por favor, se verificar que algum <em>link<\/em> n\u00e3o est\u00e1 funcionando, entre em <a href=\"mailto:coletivoautistaufpb@gmail.com\">contato<\/a><\/strong> <strong>reportando<\/strong> <strong>a falha.<\/strong><\/p>\n\n\n<div class=\"wp-block-image\">\n<figure class=\"aligncenter size-full\"><img loading=\"lazy\" decoding=\"async\" width=\"710\" height=\"703\" src=\"http:\/\/www.ufpb.br\/cau\/wp-content\/uploads\/sites\/79\/sites\/188\/2024\/06\/CAU_UFPB_OK.jpeg\" alt=\"\" class=\"wp-image-158\" \/><\/figure>\n<\/div>","protected":false},"excerpt":{"rendered":"<p>Lei Brasileira de Inclus\u00e3o da Pessoa com Defici\u00eancia Conven\u00e7\u00e3o Internacional sobre os Direitos das Pessoas com Defici\u00eancia Pol\u00edtica Nacional de Prote\u00e7\u00e3o dos Direitos da Pessoa com Transtorno do Espectro Autista Autistas Brasil Mais Diferen\u00e7as &#8211; Educa\u00e7\u00e3o e Cultura Inclusivas Biblioteca Mais Diferen\u00e7as Manual de atendimento a pessoas com TEA do Conselho Nacional de Justi\u00e7a Manual [&hellip;]<\/p>\n","protected":false},"author":122,"featured_media":0,"parent":0,"menu_order":0,"comment_status":"closed","ping_status":"closed","template":"","meta":{"footnotes":""},"class_list":["post-39","page","type-page","status-publish","hentry"],"_links":{"self":[{"href":"https:\/\/www.ufpb.br\/cau\/wp-json\/wp\/v2\/pages\/39","targetHints":{"allow":["GET"]}}],"collection":[{"href":"https:\/\/www.ufpb.br\/cau\/wp-json\/wp\/v2\/pages"}],"about":[{"href":"https:\/\/www.ufpb.br\/cau\/wp-json\/wp\/v2\/types\/page"}],"author":[{"embeddable":true,"href":"https:\/\/www.ufpb.br\/cau\/wp-json\/wp\/v2\/users\/122"}],"replies":[{"embeddable":true,"href":"https:\/\/www.ufpb.br\/cau\/wp-json\/wp\/v2\/comments?post=39"}],"version-history":[{"count":38,"href":"https:\/\/www.ufpb.br\/cau\/wp-json\/wp\/v2\/pages\/39\/revisions"}],"predecessor-version":[{"id":2751,"href":"https:\/\/www.ufpb.br\/cau\/wp-json\/wp\/v2\/pages\/39\/revisions\/2751"}],"wp:attachment":[{"href":"https:\/\/www.ufpb.br\/cau\/wp-json\/wp\/v2\/media?parent=39"}],"curies":[{"name":"wp","href":"https:\/\/api.w.org\/{rel}","templated":true}]}}