{"id":27,"date":"2024-05-08T11:36:31","date_gmt":"2024-05-08T11:36:31","guid":{"rendered":"https:\/\/www.ufpb.br\/cehi\/?page_id=27"},"modified":"2025-07-24T17:05:33","modified_gmt":"2025-07-24T20:05:33","slug":"apresentacao","status":"publish","type":"page","link":"https:\/\/www.ufpb.br\/cehi\/apresentacao\/","title":{"rendered":"Institucional"},"content":{"rendered":"<p style=\"text-align: justify\">A Comiss\u00e3o Institucional de Heteroidentifica\u00e7\u00e3o\u00a0 \u00e9 respons\u00e1vel pelos procedimentos complementares \u00e0 autodeclara\u00e7\u00e3o dos candidatos negros, para fins de preenchimento das vagas reservadas nos concursos p\u00fablicos federais e no \u00e2mbito dos processos seletivos para ingresso aos cursos t\u00e9cnicos, cursos de gradua\u00e7\u00e3o e cursos de p\u00f3s-gradua\u00e7\u00e3o, processos seletivos de bolsas de est\u00e1gio, ensino, pesquisa e extens\u00e3o e bolsas assistenciais da UFPB.<\/p>\n<\/p>\n\n\n<p><strong><a href=\"https:\/\/www.ufpb.br\/cehi\/manuais-fotografias\/\" data-type=\"link\" data-id=\"https:\/\/www.ufpb.br\/cehi\/manuais\/\">MANUAL DE ORIENTA\u00c7\u00d5ES PARA VALIDA\u00c7\u00c3O DE FOTOGRAFIAS DIGITAIS DOS CONVOCADOS NAS VAGAS DESTINADAS A CANDIDATOS AUTODECLARADOS PRETOS OU PARDOS<\/a><\/strong><\/p>\n\n\n\n<p><\/p>\n","protected":false},"excerpt":{"rendered":"<p>A Comiss\u00e3o Institucional de Heteroidentifica\u00e7\u00e3o\u00a0 \u00e9 respons\u00e1vel pelos procedimentos complementares \u00e0 autodeclara\u00e7\u00e3o dos candidatos negros, para fins de preenchimento das vagas reservadas nos concursos p\u00fablicos federais e no \u00e2mbito dos processos seletivos para ingresso aos cursos t\u00e9cnicos, cursos de gradua\u00e7\u00e3o e cursos de p\u00f3s-gradua\u00e7\u00e3o, processos seletivos de bolsas de est\u00e1gio, ensino, pesquisa e extens\u00e3o e [&hellip;]<\/p>\n","protected":false},"author":63,"featured_media":9,"parent":0,"menu_order":0,"comment_status":"closed","ping_status":"closed","template":"","meta":{"footnotes":""},"class_list":["post-27","page","type-page","status-publish","has-post-thumbnail","hentry"],"_links":{"self":[{"href":"https:\/\/www.ufpb.br\/cehi\/wp-json\/wp\/v2\/pages\/27","targetHints":{"allow":["GET"]}}],"collection":[{"href":"https:\/\/www.ufpb.br\/cehi\/wp-json\/wp\/v2\/pages"}],"about":[{"href":"https:\/\/www.ufpb.br\/cehi\/wp-json\/wp\/v2\/types\/page"}],"author":[{"embeddable":true,"href":"https:\/\/www.ufpb.br\/cehi\/wp-json\/wp\/v2\/users\/63"}],"replies":[{"embeddable":true,"href":"https:\/\/www.ufpb.br\/cehi\/wp-json\/wp\/v2\/comments?post=27"}],"version-history":[{"count":5,"href":"https:\/\/www.ufpb.br\/cehi\/wp-json\/wp\/v2\/pages\/27\/revisions"}],"predecessor-version":[{"id":539,"href":"https:\/\/www.ufpb.br\/cehi\/wp-json\/wp\/v2\/pages\/27\/revisions\/539"}],"wp:featuredmedia":[{"embeddable":true,"href":"https:\/\/www.ufpb.br\/cehi\/wp-json\/wp\/v2\/media\/9"}],"wp:attachment":[{"href":"https:\/\/www.ufpb.br\/cehi\/wp-json\/wp\/v2\/media?parent=27"}],"curies":[{"name":"wp","href":"https:\/\/api.w.org\/{rel}","templated":true}]}}