{"id":51,"date":"2024-05-10T13:49:55","date_gmt":"2024-05-10T13:49:55","guid":{"rendered":"https:\/\/www.ufpb.br\/cehi\/?page_id=51"},"modified":"2025-02-10T16:35:09","modified_gmt":"2025-02-10T19:35:09","slug":"portarias","status":"publish","type":"page","link":"https:\/\/www.ufpb.br\/cehi\/portarias\/","title":{"rendered":"Portarias"},"content":{"rendered":"\n<ul class=\"wp-block-list\">\n<li><a href=\"https:\/\/drive.ufpb.br\/s\/NxocTqiDQ5zZidb\">Consulte aqui as Portarias de Designa\u00e7\u00e3o CEHI<\/a><\/li>\n<\/ul>\n\n\n\n<ul class=\"wp-block-list\">\n<li><a href=\"https:\/\/www.in.gov.br\/en\/web\/dou\/-\/instrucao-normativa-mgi-n-23-de-25-de-julho-de-2023-499276293\" data-type=\"link\" data-id=\"https:\/\/www.in.gov.br\/en\/web\/dou\/-\/instrucao-normativa-mgi-n-23-de-25-de-julho-de-2023-499276293\">INSTRU\u00c7\u00c3O NORMATIVA MGI N\u00ba 23, DE 25 DE JULHO DE 2023<\/a><\/li>\n<\/ul>\n\n\n\n<ul class=\"wp-block-list\">\n<li><a href=\"https:\/\/sig-arq.ufpb.br\/arquivos\/202503500655ef719814358c14320f385\/BS_6-2025.pdf\">PORTARIA N\u00ba 21, DE 28 DE JANEIRO DE 2025 &#8211; regulamenta os procedimentos complementares \u00e0 autodeclara\u00e7\u00e3o dos candidatos negros no \u00e2mbito da UFPB<\/a><\/li>\n<\/ul>\n\n\n\n<p><\/p>\n","protected":false},"excerpt":{"rendered":"","protected":false},"author":63,"featured_media":0,"parent":0,"menu_order":0,"comment_status":"closed","ping_status":"closed","template":"","meta":{"footnotes":""},"class_list":["post-51","page","type-page","status-publish","hentry"],"_links":{"self":[{"href":"https:\/\/www.ufpb.br\/cehi\/wp-json\/wp\/v2\/pages\/51","targetHints":{"allow":["GET"]}}],"collection":[{"href":"https:\/\/www.ufpb.br\/cehi\/wp-json\/wp\/v2\/pages"}],"about":[{"href":"https:\/\/www.ufpb.br\/cehi\/wp-json\/wp\/v2\/types\/page"}],"author":[{"embeddable":true,"href":"https:\/\/www.ufpb.br\/cehi\/wp-json\/wp\/v2\/users\/63"}],"replies":[{"embeddable":true,"href":"https:\/\/www.ufpb.br\/cehi\/wp-json\/wp\/v2\/comments?post=51"}],"version-history":[{"count":8,"href":"https:\/\/www.ufpb.br\/cehi\/wp-json\/wp\/v2\/pages\/51\/revisions"}],"predecessor-version":[{"id":397,"href":"https:\/\/www.ufpb.br\/cehi\/wp-json\/wp\/v2\/pages\/51\/revisions\/397"}],"wp:attachment":[{"href":"https:\/\/www.ufpb.br\/cehi\/wp-json\/wp\/v2\/media?parent=51"}],"curies":[{"name":"wp","href":"https:\/\/api.w.org\/{rel}","templated":true}]}}