{"id":53,"date":"2024-05-10T13:50:13","date_gmt":"2024-05-10T13:50:13","guid":{"rendered":"https:\/\/www.ufpb.br\/cehi\/?page_id=53"},"modified":"2025-03-08T08:39:05","modified_gmt":"2025-03-08T11:39:05","slug":"editais","status":"publish","type":"page","link":"https:\/\/www.ufpb.br\/cehi\/editais\/","title":{"rendered":"Editais"},"content":{"rendered":"\n<details class=\"wp-block-details is-layout-flow wp-block-details-is-layout-flow\"><summary>EDITAL DE CONVOCA\u00c7\u00c3O 5\/2025<br>A UNIVERSIDADE FEDERAL DA PARA\u00cdBA, em conformidade com a Instru\u00e7\u00e3o Normativa MGI n\u00ba 23 de 25\/07\/2023 e a PORTARIA N\u00ba 21, DE 28 DE JANEIRO DE 2025, torna p\u00fablica a CONVOCA\u00c7\u00c3O PARA O PROCEDIMENTO DE HETEROIDENTIFICA\u00c7\u00c3O COMPLEMENTAR \u00c0 AUTODECLARA\u00c7\u00c3O DE PESSOAS NEGRAS.<br><\/summary>\n<p><a href=\"https:\/\/drive.ufpb.br\/s\/XRr9m4yfp8iPoqk\">01 &#8211; CONVOCA\u00c7\u00c3O<\/a><\/p>\n\n\n\n<p><\/p>\n<\/details>\n\n\n\n<details class=\"wp-block-details is-layout-flow wp-block-details-is-layout-flow\"><summary>EDITAL DE CONVOCA\u00c7\u00c3O 4\/2025<br>A UNIVERSIDADE FEDERAL DA PARA\u00cdBA, em conformidade com a Instru\u00e7\u00e3o Normativa MGI n\u00ba 23 de 25\/07\/2023 e a PORTARIA N\u00ba 21, DE 28 DE JANEIRO DE 2025, torna p\u00fablica a CONVOCA\u00c7\u00c3O PARA O PROCEDIMENTO DE HETEROIDENTIFICA\u00c7\u00c3O COMPLEMENTAR \u00c0 AUTODECLARA\u00c7\u00c3O DE PESSOAS NEGRAS.<br><\/summary>\n<p><a href=\"https:\/\/drive.ufpb.br\/s\/bz4g4CA6HYxHHtx\">01 &#8211; CONVOCA\u00c7\u00c3O<\/a><\/p>\n\n\n\n<p><\/p>\n<\/details>\n\n\n\n<details class=\"wp-block-details is-layout-flow wp-block-details-is-layout-flow\"><summary>EDITAL DE CONVOCA\u00c7\u00c3O 2\/2025<br>A UNIVERSIDADE FEDERAL DA PARA\u00cdBA, em conformidade com a Instru\u00e7\u00e3o Normativa MGI n\u00ba 23 de 25\/07\/2023 e a PORTARIA N\u00ba 21, DE 28 DE JANEIRO DE 2025, torna p\u00fablica a CONVOCA\u00c7\u00c3O PARA O PROCEDIMENTO DE HETEROIDENTIFICA\u00c7\u00c3O COMPLEMENTAR \u00c0 AUTODECLARA\u00c7\u00c3O DE PESSOAS NEGRAS, referente ao Processo Eletr\u00f4nico n\u00ba <strong>23074.015227\/2025-12.<\/strong><br><\/summary>\n<p><a href=\"https:\/\/drive.ufpb.br\/s\/q65RcC2Fy7pBMzw\">01 &#8211; CONVOCA\u00c7\u00c3O<\/a><\/p>\n\n\n\n<p><a href=\"https:\/\/drive.ufpb.br\/s\/t6zbegwSDHGM7B4\">02 &#8211; RESULTADO PRELIMINAR<\/a><\/p>\n\n\n\n<p><a href=\"https:\/\/drive.ufpb.br\/s\/EeznkrmPJpjAioi\">03 &#8211; RESULTADO DEFINITIVO<\/a><\/p>\n<\/details>\n\n\n\n<details class=\"wp-block-details is-layout-flow wp-block-details-is-layout-flow\"><summary>EDITAL DE CONVOCA\u00c7\u00c3O 1\/2025<br>A UNIVERSIDADE FEDERAL DA PARA\u00cdBA, em conformidade com a Instru\u00e7\u00e3o Normativa MGI n\u00ba 23 de 25\/07\/2023, torna p\u00fablica a CONVOCA\u00c7\u00c3O PARA O PROCEDIMENTO DE HETEROIDENTIFICA\u00c7\u00c3O COMPLEMENTAR \u00c0 AUTODECLARA\u00c7\u00c3O DE PESSOAS NEGRAS, referente ao Processos Eletr\u00f4nico n\u00ba <strong>23074.003685\/2025-82 e 23074.117076\/2024-42<\/strong>.<br><\/summary>\n<p><a href=\"https:\/\/drive.ufpb.br\/s\/jNK2dxrwXGfJCLG\">01 &#8211; CONVOCA\u00c7\u00c3O<\/a><\/p>\n\n\n\n<p><a href=\"https:\/\/drive.ufpb.br\/s\/xWamdYCoNfejzYz\">02 &#8211; RESULTADO PRELIMINAR<\/a><\/p>\n\n\n\n<p><a href=\"https:\/\/drive.ufpb.br\/s\/rH6XBAstL4WP76q\">03 &#8211; RESULTADO DEFINITIVO<\/a><\/p>\n<\/details>\n\n\n\n<details class=\"wp-block-details is-layout-flow wp-block-details-is-layout-flow\"><summary>Processo Seletivo para forma\u00e7\u00e3o do Banco de avaliadores(as)<br>A Reitora da UNIVERSIDADE FEDERAL DA PARA\u00cdBA &#8211; UFPB, no uso de suas atribui\u00e7\u00f5es legais e estatut\u00e1rias, torna p\u00fablico a realiza\u00e7\u00e3o do Processo Seletivo para forma\u00e7\u00e3o do Banco de avaliadores(as) para atuarem nas Bancas de Heteroidentifica\u00e7\u00e3o respons\u00e1vel por executar a aferi\u00e7\u00e3o para a heteroidentifica\u00e7\u00e3o da pessoa autodeclarada negra nas fases inicial e recursal das sele\u00e7\u00f5es da UFPB.<br><\/summary>\n<p><a href=\"https:\/\/drive.ufpb.br\/s\/KsqASpRX5ArCFAJ\">01 &#8211; EDITAL<\/a><\/p>\n\n\n\n<p><a href=\"https:\/\/drive.ufpb.br\/s\/iZmFgZXH4XLDEdw\">02 &#8211; EDITAL DE PRORROGA\u00c7\u00c3O<\/a><\/p>\n\n\n\n<p><a href=\"https:\/\/drive.ufpb.br\/s\/Kj9pnLPQtYQD47S\">03 &#8211; RESULTADO PRELIMINAR<\/a><\/p>\n\n\n\n<p><a href=\"https:\/\/drive.ufpb.br\/s\/G2gHTCC7ocgtgo7\">04 &#8211; RESULTADO DEFINITIVO<\/a><\/p>\n<\/details>\n\n\n\n<details class=\"wp-block-details is-layout-flow wp-block-details-is-layout-flow\"><summary>EDITAL DE CONVOCA\u00c7\u00c3O 20\/2024<br>Convoca\u00e7\u00e3o para o&nbsp;procedimento de heteroidentifica\u00e7\u00e3o complementar \u00e0 autodeclara\u00e7\u00e3o de pessoas negras,&nbsp;referente aos Processos Eletr\u00f4nicos&nbsp; n\u00ba <strong><strong><strong><strong>23074.110852\/2024-86<\/strong><\/strong><\/strong>.<\/strong><br><\/summary>\n<p><a href=\"https:\/\/drive.ufpb.br\/s\/Tn3DjDXZTWi6eSZ\">01 &#8211; CONVOCA\u00c7\u00c3O<\/a><\/p>\n\n\n\n<p><a href=\"https:\/\/drive.ufpb.br\/s\/zGioHq86X2dRRBE\">02 &#8211; RESULTADO PRELIMINAR<\/a><\/p>\n\n\n\n<p><a href=\"https:\/\/drive.ufpb.br\/s\/cCeayydNzxJx3Jw\">03 &#8211; RESULTADO DIFINITIVO<\/a><\/p>\n\n\n\n<p><\/p>\n<\/details>\n\n\n\n<details class=\"wp-block-details is-layout-flow wp-block-details-is-layout-flow\"><summary>EDITAL DE CONVOCA\u00c7\u00c3O 19\/2024<br>Convoca\u00e7\u00e3o para o&nbsp;procedimento de heteroidentifica\u00e7\u00e3o complementar \u00e0 autodeclara\u00e7\u00e3o de pessoas negras,&nbsp;referente aos Processos Eletr\u00f4nicos&nbsp; n\u00ba <strong><strong><strong>23074.103001\/2024-215, 23074.104916\/2024-17, 23074.109084\/2024-98 e&nbsp; 23074.110754\/2024-16<\/strong><\/strong>.<\/strong><br><\/summary>\n<p><a href=\"https:\/\/drive.ufpb.br\/s\/efXnMrFAmZAsixD\">01 &#8211; CONVOCA\u00c7\u00c3O<\/a><\/p>\n\n\n\n<p><a href=\"https:\/\/drive.ufpb.br\/s\/9kYL8TCGx96w2JD\">02 &#8211; RESULTADO PRELIMINAR<\/a><\/p>\n\n\n\n<p><a href=\"https:\/\/drive.ufpb.br\/s\/qibXDNamP3gWxwP\">03 &#8211; RESULTADO DIFINITIVO<\/a><\/p>\n<\/details>\n\n\n\n<details class=\"wp-block-details is-layout-flow wp-block-details-is-layout-flow\"><summary>EDITAL DE CONVOCA\u00c7\u00c3O 18\/2024<br>Convoca\u00e7\u00e3o para o&nbsp;procedimento de heteroidentifica\u00e7\u00e3o complementar \u00e0 autodeclara\u00e7\u00e3o de pessoas negras,&nbsp;referente aos Processos Eletr\u00f4nicos&nbsp; n\u00ba <strong><strong>23074.026971\/2023-23<\/strong> e <strong>23074.104563\/2024-42<\/strong>.<\/strong><br><\/summary>\n<p><a href=\"https:\/\/drive.ufpb.br\/s\/cbGwHF8eXnXYtzp\">01 &#8211; CONVOCA\u00c7\u00c3O<\/a><\/p>\n\n\n\n<p><a href=\"https:\/\/drive.ufpb.br\/s\/xDyLMtd2k8i4JtR\">02 &#8211; RESULTADO PRELIMINAR<\/a><\/p>\n\n\n\n<p><a href=\"https:\/\/drive.ufpb.br\/s\/APNwbfBYz9LorPZ\">03 &#8211; RESULTADO DEFINITIVO<\/a><\/p>\n\n\n\n<p><\/p>\n<\/details>\n\n\n\n<details class=\"wp-block-details is-layout-flow wp-block-details-is-layout-flow\"><summary>EDITAL DE CONVOCA\u00c7\u00c3O 17\/2024<br>Convoca\u00e7\u00e3o para o&nbsp;procedimento de heteroidentifica\u00e7\u00e3o complementar \u00e0 autodeclara\u00e7\u00e3o de pessoas negras,&nbsp;referente aos Processos Eletr\u00f4nicos&nbsp; n\u00ba <strong>23074.092184\/2024-13, 23074.092237\/2024-37, 23074.092248\/2024-31, 23074.093652\/2024-50, 23074.092272\/2024-62, 23074.092314\/2024-92 e 23074.092379\/2024-83.<\/strong><br><\/summary>\n<p><a href=\"https:\/\/drive.ufpb.br\/s\/WWSxPeMeiy8WjfF\">01 &#8211; CONVOCA\u00c7\u00c3O<\/a><\/p>\n\n\n\n<p><a href=\"https:\/\/drive.ufpb.br\/s\/zN8YYNaSjSBEond\">02 &#8211; RESULTADO PRELIMINAR<\/a><\/p>\n\n\n\n<p><a href=\"https:\/\/drive.ufpb.br\/s\/NLFnaYks6bWaeKy\">03 &#8211; RESULTADO DEFINITIVO<\/a><\/p>\n<\/details>\n\n\n\n<details class=\"wp-block-details is-layout-flow wp-block-details-is-layout-flow\"><summary>EDITAL DE CONVOCA\u00c7\u00c3O 16\/2024<br>Convoca\u00e7\u00e3o para o&nbsp;procedimento de heteroidentifica\u00e7\u00e3o complementar \u00e0 autodeclara\u00e7\u00e3o de pessoas negras,&nbsp;referente aos Processos Eletr\u00f4nicos&nbsp; n\u00ba 23074.087804\/2024-30.<br><\/summary>\n<p><a href=\"https:\/\/drive.ufpb.br\/s\/iFtrskY2YkfBqcX\">01 &#8211; CONVOCA\u00c7\u00c3O<\/a><\/p>\n\n\n\n<p><a href=\"https:\/\/drive.ufpb.br\/s\/pNNCEkwAke9d8Sj\">02 &#8211; RESULTADO PRELIMINAR<\/a><\/p>\n\n\n\n<p><a href=\"https:\/\/drive.ufpb.br\/s\/7ZjCeB27e5cRkgt\">03 &#8211; RESULTADO DEFINITIVO<\/a><\/p>\n<\/details>\n\n\n\n<details class=\"wp-block-details is-layout-flow wp-block-details-is-layout-flow\"><summary>EDITAL DE CONVOCA\u00c7\u00c3O 15\/2024<br>Convoca\u00e7\u00e3o para o&nbsp;procedimento de heteroidentifica\u00e7\u00e3o complementar \u00e0 autodeclara\u00e7\u00e3o de pessoas negras,&nbsp;referente aos Processos Eletr\u00f4nicos&nbsp; n\u00ba 23074.084971\/2024-85.<br><\/summary>\n<p><a href=\"https:\/\/drive.ufpb.br\/s\/AbE5yk2mcdFdtbD\">01 &#8211; CONVOCA\u00c7\u00c3O<\/a><\/p>\n\n\n\n<p><a href=\"https:\/\/drive.ufpb.br\/s\/rKMq3rzERiBbnxM\">02 &#8211; RESULTADO PRELIMINAR<\/a><\/p>\n\n\n\n<p><a href=\"https:\/\/drive.ufpb.br\/s\/qYQEQkqdCPgx3mE\">03 &#8211; RESULTADO DEFINITIVO<\/a><\/p>\n\n\n\n<p><\/p>\n<\/details>\n\n\n\n<details class=\"wp-block-details is-layout-flow wp-block-details-is-layout-flow\"><summary>EDITAL DE CONVOCA\u00c7\u00c3O 14\/2024<br>Convoca\u00e7\u00e3o para o&nbsp;procedimento de heteroidentifica\u00e7\u00e3o complementar \u00e0 autodeclara\u00e7\u00e3o de pessoas negras,&nbsp;referente aos Processos Eletr\u00f4nicos&nbsp; n\u00ba 23074.084745\/2024-76<br><\/summary>\n<p><a href=\"https:\/\/drive.ufpb.br\/s\/A5Qj35RqqGTeopz\">01 &#8211; CONVOCA\u00c7\u00c3O<\/a><\/p>\n\n\n\n<p><a href=\"https:\/\/drive.ufpb.br\/s\/6fqJQK4xfeJnbXc\">02 &#8211; RESULTADO PRELIMINAR<\/a><\/p>\n\n\n\n<p><a href=\"https:\/\/drive.ufpb.br\/s\/Z4DLMg9GK6EWBFR\">03 &#8211; RESULTADO DEFINITIVO<\/a><\/p>\n\n\n\n<p><\/p>\n\n\n\n<p><\/p>\n<\/details>\n\n\n\n<details class=\"wp-block-details is-layout-flow wp-block-details-is-layout-flow\"><summary>EDITAL DE CONVOCA\u00c7\u00c3O 13\/2024<br>Convoca\u00e7\u00e3o para o&nbsp;procedimento de heteroidentifica\u00e7\u00e3o complementar \u00e0 autodeclara\u00e7\u00e3o de pessoas negras,&nbsp;referente aos Processos Eletr\u00f4nicos&nbsp; n\u00ba 23074.077572\/2024-38 e 23074.080040\/2024-41<br><\/summary>\n<p><a href=\"https:\/\/drive.ufpb.br\/s\/xZD268s55LprDEe\">01 &#8211; CONVOCA\u00c7\u00c3O<\/a><\/p>\n\n\n\n<p><a href=\"https:\/\/drive.ufpb.br\/s\/gLYR25PdtMjLL7s\">02 &#8211; RESULTADO PRELIMINAR<\/a><\/p>\n\n\n\n<p><a href=\"https:\/\/drive.ufpb.br\/s\/kmbtHsTQ9HspBeC\">03 &#8211; RESULTADO DEFINITIVO<\/a><\/p>\n\n\n\n<p><\/p>\n<\/details>\n\n\n\n<details class=\"wp-block-details is-layout-flow wp-block-details-is-layout-flow\"><summary>EDITAL DE CONVOCA\u00c7\u00c3O 12\/2024<br>Convoca\u00e7\u00e3o para o&nbsp;procedimento de heteroidentifica\u00e7\u00e3o complementar \u00e0 autodeclara\u00e7\u00e3o de pessoas negras,&nbsp;referente aos Processos Eletr\u00f4nicos&nbsp; n\u00ba 23074.073363\/2024-94.<br><\/summary>\n<p><a href=\"https:\/\/drive.ufpb.br\/s\/poC6SWQzESK7ZQp\">01 &#8211; CONVOCA\u00c7\u00c3O<\/a><\/p>\n\n\n\n<p><a href=\"https:\/\/drive.ufpb.br\/s\/LCpXWqcifYgcSXD\">2 &#8211; RESULTADO PRELIMINAR<\/a><\/p>\n\n\n\n<p><a href=\"https:\/\/drive.ufpb.br\/s\/pySSSZwXJaxZ9J4\">3 &#8211; RESULTADO DEFINITIVO<\/a><\/p>\n\n\n\n<p><\/p>\n<\/details>\n\n\n\n<details class=\"wp-block-details is-layout-flow wp-block-details-is-layout-flow\"><summary>EDITAL DE CONVOCA\u00c7\u00c3O 11\/2024<br>Convoca\u00e7\u00e3o para o&nbsp;procedimento de heteroidentifica\u00e7\u00e3o complementar \u00e0 autodeclara\u00e7\u00e3o de pessoas negras,&nbsp;referente aos Processos Eletr\u00f4nicos&nbsp; n\u00ba 23074.067106\/2024-59.<br><\/summary>\n<p><a href=\"https:\/\/drive.ufpb.br\/s\/9wXfZTzMfycyBwC\">01 &#8211; CONVOCA\u00c7\u00c3O<\/a><\/p>\n\n\n\n<p><a href=\"https:\/\/drive.ufpb.br\/s\/ayXHPMNBdBtk6LG\">02 &#8211; RESULTADO PRELIMINAR<\/a><\/p>\n\n\n\n<p><a href=\"https:\/\/drive.ufpb.br\/s\/xdBdt6rwxacg4zK\">03 &#8211; RESULTADO DEFINITIVO<\/a><\/p>\n\n\n\n<p><\/p>\n<\/details>\n\n\n\n<details class=\"wp-block-details is-layout-flow wp-block-details-is-layout-flow\"><summary>EDITAL DE CONVOCA\u00c7\u00c3O 10\/2024<br>Convoca\u00e7\u00e3o para o&nbsp;procedimento de heteroidentifica\u00e7\u00e3o complementar \u00e0 autodeclara\u00e7\u00e3o de pessoas negras,&nbsp;referente aos Processos Eletr\u00f4nicos&nbsp; n\u00ba 23074.055191\/2024-15 e 23074.028392\/2024-65<br><\/summary>\n<p><a href=\"https:\/\/drive.ufpb.br\/s\/nJLtArA8Prerw4q\">01 &#8211; CONVOCA\u00c7\u00c3O<\/a><\/p>\n\n\n\n<p><a href=\"https:\/\/drive.ufpb.br\/s\/BfBoFHMq6x8S2eN\">02 &#8211; RESULTADO PRELIMINAR<\/a><\/p>\n\n\n\n<p><a href=\"https:\/\/drive.ufpb.br\/s\/zzebNoKrE3bfamR\">03 &#8211; RESULTADO DEFINITIVO<\/a><\/p>\n\n\n\n<p><\/p>\n<\/details>\n\n\n\n<details class=\"wp-block-details is-layout-flow wp-block-details-is-layout-flow\"><summary>EDITAL DE CONVOCA\u00c7\u00c3O 09\/2024 <br>Convoca\u00e7\u00e3o para o&nbsp;procedimento de heteroidentifica\u00e7\u00e3o complementar \u00e0 autodeclara\u00e7\u00e3o de pessoas negras,&nbsp;referente aos Processos Eletr\u00f4nicos&nbsp; n\u00ba 23074.055191\/2024-15 e 23074.028392\/2024-65<\/summary>\n<p><a href=\"https:\/\/drive.ufpb.br\/s\/Z62sZQ2TRoREgst\">01 &#8211; CONVOCA\u00c7\u00c3O<\/a><\/p>\n\n\n\n<p><a href=\"https:\/\/drive.ufpb.br\/s\/xtQStipDrmy7fd6\">02 &#8211; RESULTADO PRELIMINAR<\/a><\/p>\n\n\n\n<p><a href=\"https:\/\/drive.ufpb.br\/s\/4mteXxAqaBdKKC6\">03 &#8211; RESULTADO DEFINITIVO<\/a><\/p>\n<\/details>\n\n\n\n<details class=\"wp-block-details is-layout-flow wp-block-details-is-layout-flow\"><summary>EDITAL DE CONVOCA\u00c7\u00c3O PARA A HETEROIDENTIFA\u00c7\u00c3O DO PROCESSO SELETIVO DO CAVN N\u00ba 10\/2024 <\/summary>\n<p><a href=\"https:\/\/drive.ufpb.br\/s\/FQLpQ2sAMoAjrrD\" data-type=\"link\" data-id=\"https:\/\/drive.ufpb.br\/s\/FQLpQ2sAMoAjrrD\">1 &#8211; CONVOCA\u00c7\u00c3O<\/a><\/p>\n\n\n\n<p><a href=\"https:\/\/www.cavn.ufpb.br\/cavn\/contents\/editais\/edital-no-10-2024-edital-do-processo-seletivo-2024-1-do-cavn\/resultado_preliminar_edital-de-convocacao-cavn-2024-1.pdf\" data-type=\"link\" data-id=\"https:\/\/www.cavn.ufpb.br\/cavn\/contents\/editais\/edital-no-10-2024-edital-do-processo-seletivo-2024-1-do-cavn\/resultado_preliminar_edital-de-convocacao-cavn-2024-1.pdf\">2 &#8211; RESULTADO PRELIMINAR<\/a><\/p>\n\n\n\n<p><a href=\"https:\/\/drive.ufpb.br\/s\/MYJ6KNzx3KTFGa7\">3 &#8211; RESULTADO DEFINITIVO<\/a><\/p>\n<\/details>\n\n\n\n<details class=\"wp-block-details is-layout-flow wp-block-details-is-layout-flow\"><summary>EDITAL DE CONVOCA\u00c7\u00c3O 07\/2024<br>Convoca\u00e7\u00e3o para o&nbsp;procedimento de heteroidentifica\u00e7\u00e3o complementar \u00e0 autodeclara\u00e7\u00e3o de pessoas negras,&nbsp;referente aos Processos Eletr\u00f4nicos&nbsp;n\u00ba&nbsp;23074.041068\/2024-29, 23074.041232\/2024-63 e 23074.037358\/2024-95.<\/summary>\n<p><a href=\"https:\/\/drive.ufpb.br\/f\/2700475\" data-type=\"link\" data-id=\"https:\/\/drive.ufpb.br\/f\/2700475\">1 &#8211; <\/a><a href=\"https:\/\/drive.ufpb.br\/s\/ybGx7ZHifDC9Xtn\">CONVOCA\u00c7\u00c3O<\/a><\/p>\n\n\n\n<p><a href=\"https:\/\/drive.ufpb.br\/s\/RnWCs2Py3DdNiKZ\">2 &#8211; RESULTADO PRELIMINAR<\/a><\/p>\n\n\n\n<p><a href=\"https:\/\/drive.ufpb.br\/s\/bwcnDxH4ktgpaZK\">3 &#8211; RESULTADO DEFINITIVO<\/a><\/p>\n<\/details>\n\n\n\n<details class=\"wp-block-details is-layout-flow wp-block-details-is-layout-flow\"><summary>EDITAL DE CONVOCA\u00c7\u00c3O 06\/2024<\/summary>\n<p>LINK<\/p>\n<\/details>\n\n\n\n<details class=\"wp-block-details is-layout-flow wp-block-details-is-layout-flow\"><summary>EDITAL DE CONVOCA\u00c7\u00c3O 05\/2024<\/summary>\n<p><\/p>\n<\/details>\n\n\n\n<details class=\"wp-block-details is-layout-flow wp-block-details-is-layout-flow\"><summary>EDITAL DE CONVOCA\u00c7\u00c3O 04\/2024<\/summary>\n<p><\/p>\n<\/details>\n\n\n\n<details class=\"wp-block-details is-layout-flow wp-block-details-is-layout-flow\"><summary>EDITAL DE CONVOCA\u00c7\u00c3O 03\/2024<\/summary>\n<p><\/p>\n<\/details>\n\n\n\n<div class=\"wp-block-group\"><div class=\"wp-block-group__inner-container is-layout-constrained wp-block-group-is-layout-constrained\">\n<details class=\"wp-block-details is-layout-flow wp-block-details-is-layout-flow\"><summary>EDITAL DE CONVOCA\u00c7\u00c3O 02\/2024<\/summary>\n<p><\/p>\n<\/details>\n<\/div><\/div>\n","protected":false},"excerpt":{"rendered":"","protected":false},"author":63,"featured_media":0,"parent":0,"menu_order":0,"comment_status":"closed","ping_status":"closed","template":"","meta":{"footnotes":""},"class_list":["post-53","page","type-page","status-publish","hentry"],"_links":{"self":[{"href":"https:\/\/www.ufpb.br\/cehi\/wp-json\/wp\/v2\/pages\/53","targetHints":{"allow":["GET"]}}],"collection":[{"href":"https:\/\/www.ufpb.br\/cehi\/wp-json\/wp\/v2\/pages"}],"about":[{"href":"https:\/\/www.ufpb.br\/cehi\/wp-json\/wp\/v2\/types\/page"}],"author":[{"embeddable":true,"href":"https:\/\/www.ufpb.br\/cehi\/wp-json\/wp\/v2\/users\/63"}],"replies":[{"embeddable":true,"href":"https:\/\/www.ufpb.br\/cehi\/wp-json\/wp\/v2\/comments?post=53"}],"version-history":[{"count":53,"href":"https:\/\/www.ufpb.br\/cehi\/wp-json\/wp\/v2\/pages\/53\/revisions"}],"predecessor-version":[{"id":436,"href":"https:\/\/www.ufpb.br\/cehi\/wp-json\/wp\/v2\/pages\/53\/revisions\/436"}],"wp:attachment":[{"href":"https:\/\/www.ufpb.br\/cehi\/wp-json\/wp\/v2\/media?parent=53"}],"curies":[{"name":"wp","href":"https:\/\/api.w.org\/{rel}","templated":true}]}}