{"id":102,"date":"2025-09-08T20:41:01","date_gmt":"2025-09-08T23:41:01","guid":{"rendered":"https:\/\/www.ufpb.br\/cga\/?page_id=102"},"modified":"2026-04-23T17:29:34","modified_gmt":"2026-04-23T20:29:34","slug":"solicitacao-de-adubo-organico","status":"publish","type":"page","link":"https:\/\/www.ufpb.br\/cga\/solicitacao-de-adubo-organico\/","title":{"rendered":"Solicita\u00e7\u00e3o de Adubo Org\u00e2nico"},"content":{"rendered":"\n<p class=\"has-medium-font-size\">Voc\u00ea quer adquirir o adubo org\u00e2nico produzido por nossas composteiras da UFPB? Para obter&nbsp;nosso adubo org\u00e2nico, preencha o&nbsp;<a href=\"https:\/\/docs.google.com\/forms\/d\/e\/1FAIpQLScPI-6hkR6KSYn43QzjepUoLaDGn_Lai4LgaG5ZF-tN-2-c3w\/viewform\" target=\"_blank\" rel=\"noreferrer noopener\">question\u00e1rio de solicita\u00e7\u00e3o<\/a>,  diga quanto de adubo voc\u00ea vai querer e agende um dia com nossa equipe. Nossas composteiras s\u00e3o monitoradas e administrado pelo nosso programa de&nbsp;<a href=\"https:\/\/www.ufpb.br\/cga\/compostagem\/\" target=\"_blank\" rel=\"noreferrer noopener\">Compostagem<\/a> e ficamos muito felizes em poder contribuir com a sustentabilidade de seu projeto residencial, na empresa ou em sua escola.&nbsp;<\/p>\n\n\n<div class=\"wp-block-image\">\n<figure class=\"aligncenter size-full\"><img loading=\"lazy\" decoding=\"async\" width=\"446\" height=\"288\" src=\"http:\/\/www.ufpb.br\/cga\/wp-content\/uploads\/sites\/79\/sites\/365\/2025\/11\/image-1.png\" alt=\"\" class=\"wp-image-995\" srcset=\"https:\/\/www.ufpb.br\/cga\/wp-content\/uploads\/sites\/79\/sites\/365\/2025\/11\/image-1.png 446w, https:\/\/www.ufpb.br\/cga\/wp-content\/uploads\/sites\/79\/sites\/365\/2025\/11\/image-1-300x194.png 300w\" sizes=\"auto, (max-width: 446px) 100vw, 446px\" \/><\/figure>\n<\/div>\n\n\n<p><\/p>\n\n\n\n<p class=\"has-medium-font-size\">Siga o perfil da&nbsp;CGA&nbsp;no <a href=\"https:\/\/www.instagram.com\/cgaufpb\/\" target=\"_blank\" rel=\"noreferrer noopener\">Instagram<\/a>, para ter mais informa\u00e7\u00f5es sobre compostagem, conhe\u00e7a nossos outros programas, parceiros e novidades relacionadas \u00e0 sustentabilidade ambiental.<\/p>\n\n\n\n<hr class=\"wp-block-separator has-alpha-channel-opacity\" \/>\n\n\n\n<p><\/p>\n\n\n\n<p class=\"has-text-align-center has-large-font-size\"><strong>&#8220;O melhor exemplo de sustentabilidade \u00e9 a pr\u00f3pria m\u00e3e natureza, que aproveita e transforma tudo.&#8221;<\/strong><\/p>\n\n\n\n<p class=\"has-text-align-right\">Andrea Taiyoo<\/p>\n\n\n<div class=\"wp-block-image\">\n<figure class=\"aligncenter size-full is-resized\"><img loading=\"lazy\" decoding=\"async\" width=\"82\" height=\"103\" src=\"http:\/\/www.ufpb.br\/cga\/wp-content\/uploads\/sites\/79\/sites\/365\/2026\/04\/Icone-verde.png\" alt=\"\" class=\"wp-image-1909\" style=\"width:169px;height:auto\" \/><\/figure>\n<\/div>","protected":false},"excerpt":{"rendered":"<p>Voc\u00ea quer adquirir o adubo org\u00e2nico produzido por nossas composteiras da UFPB? Para obter&nbsp;nosso adubo [&hellip;]<\/p>\n","protected":false},"author":47,"featured_media":0,"parent":0,"menu_order":0,"comment_status":"closed","ping_status":"closed","template":"","meta":{"footnotes":""},"class_list":["post-102","page","type-page","status-publish","hentry"],"_links":{"self":[{"href":"https:\/\/www.ufpb.br\/cga\/wp-json\/wp\/v2\/pages\/102","targetHints":{"allow":["GET"]}}],"collection":[{"href":"https:\/\/www.ufpb.br\/cga\/wp-json\/wp\/v2\/pages"}],"about":[{"href":"https:\/\/www.ufpb.br\/cga\/wp-json\/wp\/v2\/types\/page"}],"author":[{"embeddable":true,"href":"https:\/\/www.ufpb.br\/cga\/wp-json\/wp\/v2\/users\/47"}],"replies":[{"embeddable":true,"href":"https:\/\/www.ufpb.br\/cga\/wp-json\/wp\/v2\/comments?post=102"}],"version-history":[{"count":6,"href":"https:\/\/www.ufpb.br\/cga\/wp-json\/wp\/v2\/pages\/102\/revisions"}],"predecessor-version":[{"id":1992,"href":"https:\/\/www.ufpb.br\/cga\/wp-json\/wp\/v2\/pages\/102\/revisions\/1992"}],"wp:attachment":[{"href":"https:\/\/www.ufpb.br\/cga\/wp-json\/wp\/v2\/media?parent=102"}],"curies":[{"name":"wp","href":"https:\/\/api.w.org\/{rel}","templated":true}]}}