{"id":108,"date":"2025-09-08T20:42:20","date_gmt":"2025-09-08T23:42:20","guid":{"rendered":"https:\/\/www.ufpb.br\/cga\/?page_id=108"},"modified":"2025-10-22T19:16:00","modified_gmt":"2025-10-22T22:16:00","slug":"tcc","status":"publish","type":"page","link":"https:\/\/www.ufpb.br\/cga\/tcc\/","title":{"rendered":"TCC"},"content":{"rendered":"\n<p><\/p>\n\n\n\n<p class=\"has-medium-font-size\">A produ\u00e7\u00e3o acad\u00eamica da Universidade Federal da Para\u00edba (UFPB) \u00e9 vasta e pode ser consultada principalmente atrav\u00e9s de seu <strong><a href=\"https:\/\/repositorio.ufpb.br\/?locale=pt_BR\">Reposit\u00f3rio Institucional<\/a><\/strong>.<\/p>\n\n\n\n<p>L\u00e1 voc\u00ea pode encontrar:<\/p>\n\n\n\n<ol start=\"1\" class=\"wp-block-list\">\n<li><strong>Trabalhos de Conclus\u00e3o de Curso (TCCs)<\/strong><\/li>\n\n\n\n<li><strong>Disserta\u00e7\u00f5es de Mestrado<\/strong><\/li>\n\n\n\n<li><strong>Teses de Doutorado<\/strong><\/li>\n\n\n\n<li><strong>Artigos<\/strong><\/li>\n\n\n\n<li><strong>Outros documentos produzidos pela comunidade acad\u00eamica<\/strong><\/li>\n<\/ol>\n\n\n\n<p><\/p>\n\n\n\n<p><\/p>\n","protected":false},"excerpt":{"rendered":"<p>A produ\u00e7\u00e3o acad\u00eamica da Universidade Federal da Para\u00edba (UFPB) \u00e9 vasta e pode ser consultada [&hellip;]<\/p>\n","protected":false},"author":47,"featured_media":0,"parent":0,"menu_order":0,"comment_status":"closed","ping_status":"closed","template":"","meta":{"footnotes":""},"class_list":["post-108","page","type-page","status-publish","hentry"],"_links":{"self":[{"href":"https:\/\/www.ufpb.br\/cga\/wp-json\/wp\/v2\/pages\/108","targetHints":{"allow":["GET"]}}],"collection":[{"href":"https:\/\/www.ufpb.br\/cga\/wp-json\/wp\/v2\/pages"}],"about":[{"href":"https:\/\/www.ufpb.br\/cga\/wp-json\/wp\/v2\/types\/page"}],"author":[{"embeddable":true,"href":"https:\/\/www.ufpb.br\/cga\/wp-json\/wp\/v2\/users\/47"}],"replies":[{"embeddable":true,"href":"https:\/\/www.ufpb.br\/cga\/wp-json\/wp\/v2\/comments?post=108"}],"version-history":[{"count":2,"href":"https:\/\/www.ufpb.br\/cga\/wp-json\/wp\/v2\/pages\/108\/revisions"}],"predecessor-version":[{"id":834,"href":"https:\/\/www.ufpb.br\/cga\/wp-json\/wp\/v2\/pages\/108\/revisions\/834"}],"wp:attachment":[{"href":"https:\/\/www.ufpb.br\/cga\/wp-json\/wp\/v2\/media?parent=108"}],"curies":[{"name":"wp","href":"https:\/\/api.w.org\/{rel}","templated":true}]}}