{"id":118,"date":"2025-09-08T20:45:52","date_gmt":"2025-09-08T23:45:52","guid":{"rendered":"https:\/\/www.ufpb.br\/cga\/?page_id=118"},"modified":"2025-09-15T15:40:19","modified_gmt":"2025-09-15T18:40:19","slug":"contato","status":"publish","type":"page","link":"https:\/\/www.ufpb.br\/cga\/contato\/","title":{"rendered":"Contato"},"content":{"rendered":"<div class=\"wp-block-image\">\n<figure class=\"aligncenter size-full is-resized\"><img loading=\"lazy\" decoding=\"async\" width=\"1024\" height=\"1024\" src=\"https:\/\/www.ufpb.br\/cga\/wp-content\/uploads\/sites\/79\/sites\/365\/2025\/09\/Gemini_Generated_Image_mqrty1mqrty1mqrt.png\" alt=\"\" class=\"wp-image-326\" style=\"width:334px;height:auto\" srcset=\"https:\/\/www.ufpb.br\/cga\/wp-content\/uploads\/sites\/79\/sites\/365\/2025\/09\/Gemini_Generated_Image_mqrty1mqrty1mqrt.png 1024w, https:\/\/www.ufpb.br\/cga\/wp-content\/uploads\/sites\/79\/sites\/365\/2025\/09\/Gemini_Generated_Image_mqrty1mqrty1mqrt-300x300.png 300w, https:\/\/www.ufpb.br\/cga\/wp-content\/uploads\/sites\/79\/sites\/365\/2025\/09\/Gemini_Generated_Image_mqrty1mqrty1mqrt-150x150.png 150w, https:\/\/www.ufpb.br\/cga\/wp-content\/uploads\/sites\/79\/sites\/365\/2025\/09\/Gemini_Generated_Image_mqrty1mqrty1mqrt-768x768.png 768w\" sizes=\"auto, (max-width: 1024px) 100vw, 1024px\" \/><\/figure>\n<\/div>\n\n\n<p class=\"has-large-font-size\"><strong>Entre em contato conosco para quaisquer informa\u00e7\u00f5es<\/strong><\/p>\n\n\n\n<p class=\"has-medium-font-size\"><strong>E-mail:<\/strong>&nbsp;<strong>ufpbcga@gmail.com<\/strong><\/p>\n\n\n\n<p class=\"has-medium-font-size\"><strong>Facebook:<\/strong>&nbsp;<a href=\"http:\/\/facebook.com\/GestaoAmbientalUfpb\" target=\"_blank\" rel=\"noreferrer noopener\">Comiss\u00e3o de Gest\u00e3o Ambiental&nbsp;&#8211; UFPB<\/a><\/p>\n\n\n\n<p class=\"has-medium-font-size\"><strong>Instagram:<\/strong>&nbsp;<a href=\"http:\/\/instagram.com\/cgaufpb\" target=\"_blank\" rel=\"noreferrer noopener\">@cgaufpb<\/a><\/p>\n\n\n\n<p class=\"has-medium-font-size\"><strong>Telefone:(83)30488562<\/strong><\/p>\n\n\n\n<p><\/p>\n","protected":false},"excerpt":{"rendered":"<p>Entre em contato conosco para quaisquer informa\u00e7\u00f5es E-mail:&nbsp;ufpbcga@gmail.com Facebook:&nbsp;Comiss\u00e3o de Gest\u00e3o Ambiental&nbsp;&#8211; UFPB Instagram:&nbsp;@cgaufpb Telefone:(83)30488562<\/p>\n","protected":false},"author":47,"featured_media":0,"parent":0,"menu_order":0,"comment_status":"closed","ping_status":"closed","template":"","meta":{"footnotes":""},"class_list":["post-118","page","type-page","status-publish","hentry"],"_links":{"self":[{"href":"https:\/\/www.ufpb.br\/cga\/wp-json\/wp\/v2\/pages\/118","targetHints":{"allow":["GET"]}}],"collection":[{"href":"https:\/\/www.ufpb.br\/cga\/wp-json\/wp\/v2\/pages"}],"about":[{"href":"https:\/\/www.ufpb.br\/cga\/wp-json\/wp\/v2\/types\/page"}],"author":[{"embeddable":true,"href":"https:\/\/www.ufpb.br\/cga\/wp-json\/wp\/v2\/users\/47"}],"replies":[{"embeddable":true,"href":"https:\/\/www.ufpb.br\/cga\/wp-json\/wp\/v2\/comments?post=118"}],"version-history":[{"count":5,"href":"https:\/\/www.ufpb.br\/cga\/wp-json\/wp\/v2\/pages\/118\/revisions"}],"predecessor-version":[{"id":327,"href":"https:\/\/www.ufpb.br\/cga\/wp-json\/wp\/v2\/pages\/118\/revisions\/327"}],"wp:attachment":[{"href":"https:\/\/www.ufpb.br\/cga\/wp-json\/wp\/v2\/media?parent=118"}],"curies":[{"name":"wp","href":"https:\/\/api.w.org\/{rel}","templated":true}]}}