{"id":1289,"date":"2026-01-15T11:44:15","date_gmt":"2026-01-15T14:44:15","guid":{"rendered":"https:\/\/www.ufpb.br\/cga\/?page_id=1289"},"modified":"2026-03-05T17:19:16","modified_gmt":"2026-03-05T20:19:16","slug":"calendario-ambiental-2026","status":"publish","type":"page","link":"https:\/\/www.ufpb.br\/cga\/calendario-ambiental-2026\/","title":{"rendered":"Calend\u00e1rio ambiental 2026"},"content":{"rendered":"\n<p class=\"has-medium-font-size\">O Calend\u00e1rio Ambiental da CGA-UFPB \u00e9 uma ferramenta essencial que visa promover a conscientiza\u00e7\u00e3o e a educa\u00e7\u00e3o ambiental dentro da nossa comunidade acad\u00eamica. Atrav\u00e9s de uma programa\u00e7\u00e3o de eventos, datas comemorativas e atividades relacionadas ao meio ambiente, buscamos engajar estudantes, servidores e a comunidade em a\u00e7\u00f5es que contribuam para a preserva\u00e7\u00e3o e a sustentabilidade.<\/p>\n\n\n\n<p class=\"has-medium-font-size\">A import\u00e2ncia desse calend\u00e1rio se d\u00e1, primeiramente, pela possibilidade de disseminar informa\u00e7\u00f5es relevantes sobre quest\u00f5es ambientais que afetam o nosso cotidiano e o nosso planeta. Conhecer essas quest\u00f5es \u00e9 o primeiro passo para promover mudan\u00e7as significativas em nossos h\u00e1bitos e incentivar pr\u00e1ticas sustent\u00e1veis. Ao envolver a comunidade acad\u00eamica neste prop\u00f3sito, buscamos criar um ambiente de aprendizado colaborativo, onde cada um pode contribuir para um futuro mais sustent\u00e1vel.<\/p>\n\n\n\n<p class=\"has-text-align-center has-large-font-size\">Vamos juntos construir um 2026 mais verde!<\/p>\n\n\n\n<figure class=\"wp-block-image size-large is-resized\"><img loading=\"lazy\" decoding=\"async\" width=\"724\" height=\"1024\" src=\"https:\/\/www.ufpb.br\/cga\/wp-content\/uploads\/sites\/79\/sites\/365\/2026\/01\/CALENDARIO-AMBIENTAL-2026-724x1024.jpg\" alt=\"\" class=\"wp-image-1291\" style=\"aspect-ratio:0.707037568285165;width:740px;height:auto\" srcset=\"https:\/\/www.ufpb.br\/cga\/wp-content\/uploads\/sites\/79\/sites\/365\/2026\/01\/CALENDARIO-AMBIENTAL-2026-724x1024.jpg 724w, https:\/\/www.ufpb.br\/cga\/wp-content\/uploads\/sites\/79\/sites\/365\/2026\/01\/CALENDARIO-AMBIENTAL-2026-212x300.jpg 212w, https:\/\/www.ufpb.br\/cga\/wp-content\/uploads\/sites\/79\/sites\/365\/2026\/01\/CALENDARIO-AMBIENTAL-2026-768x1086.jpg 768w, https:\/\/www.ufpb.br\/cga\/wp-content\/uploads\/sites\/79\/sites\/365\/2026\/01\/CALENDARIO-AMBIENTAL-2026-1086x1536.jpg 1086w, https:\/\/www.ufpb.br\/cga\/wp-content\/uploads\/sites\/79\/sites\/365\/2026\/01\/CALENDARIO-AMBIENTAL-2026.jpg 1414w\" sizes=\"auto, (max-width: 724px) 100vw, 724px\" \/><\/figure>\n\n\n\n<p class=\"has-medium-font-size\">Estaremos atualizando m\u00eas a m\u00eas nossa programa\u00e7\u00e3o de eventos e atividades. Acompanhe as postagens e a programa\u00e7\u00e3o de cada m\u00eas:<\/p>\n\n\n\n<p class=\"has-text-align-center has-black-color has-text-color has-link-color has-large-font-size wp-elements-814eca047ac2dad74c58c97875d3d8b2\">\ud83c\udf0d  <a href=\"https:\/\/www.ufpb.br\/cga\/calendarios\/calendario-janeiro-2026\/\" target=\"_blank\" rel=\"noreferrer noopener\">Janeiro de 2026<\/a><\/p>\n\n\n\n<p class=\"has-text-align-center has-large-font-size\"><a href=\"https:\/\/www.ufpb.br\/cga\/calendarios\/fevereiro-de-2026\/\" target=\"_blank\" rel=\"noreferrer noopener\">\ud83c\udf04 <strong>Fevereiro de 2026<\/strong><\/a><\/p>\n\n\n\n<p class=\"has-text-align-center has-large-font-size\"><a href=\"https:\/\/www.ufpb.br\/cga\/calendarios\/marco-de-2026\/\" target=\"_blank\" rel=\"noreferrer noopener\">\ud83c\udf33 <strong>Mar\u00e7o de 2026<\/strong><\/a><\/p>\n\n\n\n<p class=\"has-medium-font-size\">Convidamos todos a se engajar nas atividades propostas e a se tornar agentes de transforma\u00e7\u00e3o, disseminando conhecimentos e pr\u00e1ticas que beneficiem n\u00e3o apenas a nossa institui\u00e7\u00e3o, mas tamb\u00e9m a sociedade como um todo.<\/p>\n\n\n\n<p class=\"has-text-align-center has-medium-font-size\">Siga tamb\u00e9m a CGA no <a href=\"https:\/\/www.instagram.com\/cgaufpb\/\" target=\"_blank\" rel=\"noreferrer noopener\">Instagram<\/a> e conhe\u00e7a melhor nosso trabalho.<\/p>\n\n\n\n<p><\/p>\n\n\n\n<hr class=\"wp-block-separator has-alpha-channel-opacity\" \/>\n\n\n\n<p class=\"has-text-align-center has-large-font-size\"><strong>&#8220;O tempo para agir \u00e9 agora! <\/strong><\/p>\n\n\n\n<p class=\"has-text-align-center has-large-font-size\"><strong>A natureza n\u00e3o produz efeitos imediatos, <\/strong><\/p>\n\n\n\n<p class=\"has-text-align-center has-large-font-size\"><strong>mas o custo da in\u00e9rcia \u00e9 eterno.&#8221;<\/strong>\u00a0<\/p>\n\n\n<div class=\"wp-block-image\">\n<figure class=\"aligncenter size-full is-resized\"><img loading=\"lazy\" decoding=\"async\" width=\"512\" height=\"512\" src=\"http:\/\/www.ufpb.br\/cga\/wp-content\/uploads\/sites\/79\/sites\/365\/2025\/09\/cropped-Banner-para-loja-de-eletronicos-smartphone-desconto-preto-e-vermelho-1920-_20250910_063234_0000-1-scaled-1.png\" alt=\"\" class=\"wp-image-362\" style=\"width:286px;height:auto\" srcset=\"https:\/\/www.ufpb.br\/cga\/wp-content\/uploads\/sites\/79\/sites\/365\/2025\/09\/cropped-Banner-para-loja-de-eletronicos-smartphone-desconto-preto-e-vermelho-1920-_20250910_063234_0000-1-scaled-1.png 512w, https:\/\/www.ufpb.br\/cga\/wp-content\/uploads\/sites\/79\/sites\/365\/2025\/09\/cropped-Banner-para-loja-de-eletronicos-smartphone-desconto-preto-e-vermelho-1920-_20250910_063234_0000-1-scaled-1-300x300.png 300w, https:\/\/www.ufpb.br\/cga\/wp-content\/uploads\/sites\/79\/sites\/365\/2025\/09\/cropped-Banner-para-loja-de-eletronicos-smartphone-desconto-preto-e-vermelho-1920-_20250910_063234_0000-1-scaled-1-150x150.png 150w, https:\/\/www.ufpb.br\/cga\/wp-content\/uploads\/sites\/79\/sites\/365\/2025\/09\/cropped-Banner-para-loja-de-eletronicos-smartphone-desconto-preto-e-vermelho-1920-_20250910_063234_0000-1-scaled-1-270x270.png 270w, https:\/\/www.ufpb.br\/cga\/wp-content\/uploads\/sites\/79\/sites\/365\/2025\/09\/cropped-Banner-para-loja-de-eletronicos-smartphone-desconto-preto-e-vermelho-1920-_20250910_063234_0000-1-scaled-1-192x192.png 192w, https:\/\/www.ufpb.br\/cga\/wp-content\/uploads\/sites\/79\/sites\/365\/2025\/09\/cropped-Banner-para-loja-de-eletronicos-smartphone-desconto-preto-e-vermelho-1920-_20250910_063234_0000-1-scaled-1-180x180.png 180w, https:\/\/www.ufpb.br\/cga\/wp-content\/uploads\/sites\/79\/sites\/365\/2025\/09\/cropped-Banner-para-loja-de-eletronicos-smartphone-desconto-preto-e-vermelho-1920-_20250910_063234_0000-1-scaled-1-32x32.png 32w\" sizes=\"auto, (max-width: 512px) 100vw, 512px\" \/><\/figure>\n<\/div>\n\n\n<p><\/p>\n","protected":false},"excerpt":{"rendered":"<p>O Calend\u00e1rio Ambiental da CGA-UFPB \u00e9 uma ferramenta essencial que visa promover a conscientiza\u00e7\u00e3o e [&hellip;]<\/p>\n","protected":false},"author":397,"featured_media":0,"parent":0,"menu_order":0,"comment_status":"closed","ping_status":"closed","template":"","meta":{"footnotes":""},"class_list":["post-1289","page","type-page","status-publish","hentry"],"_links":{"self":[{"href":"https:\/\/www.ufpb.br\/cga\/wp-json\/wp\/v2\/pages\/1289","targetHints":{"allow":["GET"]}}],"collection":[{"href":"https:\/\/www.ufpb.br\/cga\/wp-json\/wp\/v2\/pages"}],"about":[{"href":"https:\/\/www.ufpb.br\/cga\/wp-json\/wp\/v2\/types\/page"}],"author":[{"embeddable":true,"href":"https:\/\/www.ufpb.br\/cga\/wp-json\/wp\/v2\/users\/397"}],"replies":[{"embeddable":true,"href":"https:\/\/www.ufpb.br\/cga\/wp-json\/wp\/v2\/comments?post=1289"}],"version-history":[{"count":10,"href":"https:\/\/www.ufpb.br\/cga\/wp-json\/wp\/v2\/pages\/1289\/revisions"}],"predecessor-version":[{"id":1577,"href":"https:\/\/www.ufpb.br\/cga\/wp-json\/wp\/v2\/pages\/1289\/revisions\/1577"}],"wp:attachment":[{"href":"https:\/\/www.ufpb.br\/cga\/wp-json\/wp\/v2\/media?parent=1289"}],"curies":[{"name":"wp","href":"https:\/\/api.w.org\/{rel}","templated":true}]}}