{"id":13,"date":"2025-09-08T18:25:17","date_gmt":"2025-09-08T21:25:17","guid":{"rendered":"https:\/\/www.ufpb.br\/cga\/?page_id=13"},"modified":"2026-04-16T10:36:37","modified_gmt":"2026-04-16T13:36:37","slug":"sobre-nos","status":"publish","type":"page","link":"https:\/\/www.ufpb.br\/cga\/sobre-nos\/","title":{"rendered":"Sobre n\u00f3s"},"content":{"rendered":"\n<p class=\"has-medium-font-size\">A&nbsp;<strong>Comiss\u00e3o de Gest\u00e3o Ambiental da Universidade Federal da Para\u00edba (CGA \u2013 UFPB)<\/strong>&nbsp;foi criada em fevereiro de&nbsp;<strong>2013<\/strong>, atrav\u00e9s da&nbsp;<a href=\"http:\/\/plone.ufpb.br\/cga\/contents\/documentos\/portaria-r-gr-427-2013.pdf\">Portaria n\u00b0 427\/R\/GR<\/a>, com o objetivo de auxiliar a Reitoria no diagn\u00f3stico e formula\u00e7\u00e3o de estrat\u00e9gias de enfrentamento do passivo ambiental da Institui\u00e7\u00e3o, mediante a elabora\u00e7\u00e3o de programas de&nbsp;<strong>gest\u00e3o ambiental<\/strong>.<\/p>\n\n\n\n<p class=\"has-text-align-center has-large-font-size\"><a href=\"https:\/\/www.ufpb.br\/cga\/wp-content\/uploads\/sites\/79\/sites\/365\/2026\/04\/CARTA-DE-SERVICOS-DA-COMISSAO-DE-GESTAO-AMBIENTAL.pdf\" target=\"_blank\" rel=\"noreferrer noopener\">Carta de Servi\u00e7os CGA<\/a><\/p>\n\n\n\n<p class=\"has-medium-font-size\">A comiss\u00e3o \u00e9 composta por&nbsp;<strong>professores da Universidade<\/strong>,&nbsp;<strong>alunos bolsistas e volunt\u00e1rios<\/strong>, al\u00e9m de&nbsp;<strong>servidores t\u00e9cnico-administrativos<\/strong>&nbsp;da institui\u00e7\u00e3o. Inicialmente, suas atividades abrangiam&nbsp;<strong>quatorze programas ou \u00e1reas de atua\u00e7\u00e3o<\/strong>, que inclu\u00edam:&nbsp;<strong>Coleta Seletiva<\/strong>,&nbsp;<strong>Compostagem<\/strong>,&nbsp;<strong>Res\u00edduos da Constru\u00e7\u00e3o Civil<\/strong>,&nbsp;<strong>Res\u00edduos Qu\u00edmicos<\/strong>,&nbsp;<strong>Monitoramento de Pregui\u00e7as<\/strong>,&nbsp;<strong>Res\u00edduos Eletroeletr\u00f4nicos<\/strong>,&nbsp;<strong>Restaura\u00e7\u00e3o Florestal<\/strong>,&nbsp;<strong>Gest\u00e3o de \u00c1guas<\/strong>,&nbsp;<strong>Tratamento de L\u00e2mpadas<\/strong>,&nbsp;<strong>\u00c1reas Verdes<\/strong>,&nbsp;<strong>Uso e Ocupa\u00e7\u00e3o Sustent\u00e1vel<\/strong>,&nbsp;<strong>Consumo Consciente<\/strong>,&nbsp;<strong>Restaura\u00e7\u00e3o Florestal<\/strong>&nbsp;e&nbsp;<strong>Comunica\u00e7\u00e3o<\/strong>.<\/p>\n\n\n\n<figure class=\"wp-block-image size-large\"><img loading=\"lazy\" decoding=\"async\" width=\"1024\" height=\"1024\" src=\"http:\/\/www.ufpb.br\/cga\/wp-content\/uploads\/sites\/79\/sites\/365\/2026\/03\/Programas-CGA-1-1024x1024.png\" alt=\"\" class=\"wp-image-1796\" srcset=\"https:\/\/www.ufpb.br\/cga\/wp-content\/uploads\/sites\/79\/sites\/365\/2026\/03\/Programas-CGA-1-1024x1024.png 1024w, https:\/\/www.ufpb.br\/cga\/wp-content\/uploads\/sites\/79\/sites\/365\/2026\/03\/Programas-CGA-1-300x300.png 300w, https:\/\/www.ufpb.br\/cga\/wp-content\/uploads\/sites\/79\/sites\/365\/2026\/03\/Programas-CGA-1-150x150.png 150w, https:\/\/www.ufpb.br\/cga\/wp-content\/uploads\/sites\/79\/sites\/365\/2026\/03\/Programas-CGA-1-768x768.png 768w, https:\/\/www.ufpb.br\/cga\/wp-content\/uploads\/sites\/79\/sites\/365\/2026\/03\/Programas-CGA-1-1536x1536.png 1536w, https:\/\/www.ufpb.br\/cga\/wp-content\/uploads\/sites\/79\/sites\/365\/2026\/03\/Programas-CGA-1.png 2000w\" sizes=\"auto, (max-width: 1024px) 100vw, 1024px\" \/><\/figure>\n\n\n\n<p class=\"has-text-align-left has-medium-font-size\">Nos \u00faltimos quatro anos, alguns programas da comiss\u00e3o foram descontinuados. No entanto, neste ano (2025), as energias se voltaram para&nbsp;<strong>quatro pilares permanentes<\/strong>:&nbsp;<\/p>\n\n\n\n<ul class=\"wp-block-list\">\n<li><strong>Coleta Seletiva;<\/strong><\/li>\n\n\n\n<li><strong>Compostagem<\/strong>;<\/li>\n\n\n\n<li><strong>Res\u00edduos Eletroeletr\u00f4nicos<\/strong>;&nbsp;e&nbsp;<\/li>\n\n\n\n<li><strong>Comunica\u00e7\u00e3o\/articula\u00e7\u00e3o da Agenda Ambiental.<\/strong><\/li>\n<\/ul>\n\n\n\n<p class=\"has-medium-font-size\">Atualmente a CGA continua atuando vinculada ao gabinete da reitoria atrav\u00e9s do projeto de&nbsp;<strong>Fortalecimento das A\u00e7\u00f5es de Sustentabilidade para UFPB<\/strong><strong>,<\/strong>&nbsp;coordenado pela professora Elisangela Maria Rodrigues Rocha,<strong>&nbsp;<\/strong>com o intuito de dar continuidade \u00e0s atividades de todos seus programas&nbsp;em conjunto com os parceiros:<\/p>\n\n\n\n<ul class=\"wp-block-list\">\n<li><strong><a href=\"https:\/\/www.ufpb.br\/ssg\/\" target=\"_blank\" rel=\"noreferrer noopener\">SSG:<\/a><\/strong> Superintend\u00eancia de Servi\u00e7os Gerais<\/li>\n\n\n\n<li><strong>CASA<\/strong>: Comiss\u00e3o de&nbsp;<strong>Arboriza\u00e7\u00e3o<\/strong>&nbsp;e&nbsp;<strong>Seguran\u00e7a Ambiental&nbsp;<\/strong><\/li>\n\n\n\n<li><a href=\"https:\/\/www.instagram.com\/hortagastronomiaufpb\/\" target=\"_blank\" rel=\"noreferrer noopener\"><strong>Horta<\/strong>,&nbsp;<strong>Gastronomia<\/strong>&nbsp;e&nbsp;<strong>Lixo Zero<\/strong><\/a>.<\/li>\n\n\n\n<li><strong>Universidade em A\u00e7\u00e3o:<\/strong>&nbsp;Coleta de \u00f3leo e tampas de garrafas.<\/li>\n\n\n\n<li><strong><a href=\"https:\/\/www.cear.ufpb.br\/tree\/\" target=\"_blank\" rel=\"noreferrer noopener\">TREE<\/a>:&nbsp;<\/strong>Tratamento de Res\u00edduos Eletroeletr\u00f4nicos<\/li>\n\n\n\n<li><strong><a href=\"https:\/\/www.ufpb.br\/ipe\/\" target=\"_blank\" rel=\"noreferrer noopener\">IPE:<\/a><\/strong> Instituto Paraibano de Envelhecimento<\/li>\n<\/ul>\n\n\n\n<p class=\"has-medium-font-size\">Dessa forma, desde sua cria\u00e7\u00e3o, a&nbsp;<strong>Comiss\u00e3o de Gest\u00e3o Ambiental da UFPB<\/strong>&nbsp;tem promovido uma s\u00e9rie de a\u00e7\u00f5es significativas dentro da universidade. Entre elas, destacam-se a&nbsp;<strong>gest\u00e3o de \u00c1reas Verdes<\/strong>, que preserva e valoriza os espa\u00e7os naturais do campus; o&nbsp;<strong>envolvimento da comunidade acad\u00eamica em iniciativas de sustentabilidade<\/strong>, fortalecendo a consci\u00eancia ambiental coletiva; a&nbsp;<strong>doa\u00e7\u00e3o de materiais recicl\u00e1veis<\/strong>&nbsp;para cooperativas, incentivando a economia circular; a&nbsp;<strong>distribui\u00e7\u00e3o de composto org\u00e2nico<\/strong>, resultado de processos sustent\u00e1veis; e a&nbsp;<strong>log\u00edstica reversa de Res\u00edduos Eletroeletr\u00f4nicos<\/strong>, garantindo um descarte respons\u00e1vel e seguro. Essas iniciativas n\u00e3o s\u00f3 trazem benef\u00edcios diretos para a institui\u00e7\u00e3o, mas tamb\u00e9m refletem positivamente na sociedade, refor\u00e7ando o papel da UFPB como promotora de pr\u00e1ticas ambientais respons\u00e1veis e inspiradoras.<\/p>\n\n\n\n<hr class=\"wp-block-separator has-alpha-channel-opacity\" \/>\n\n\n\n<p class=\"has-text-align-center has-large-font-size\">&#8220;Proteger a natureza \u00e9 um compromisso de todos. Juntos, somos a mudan\u00e7a que o mundo precisa&#8221;.<\/p>\n\n\n<div class=\"wp-block-image\">\n<figure class=\"aligncenter size-full is-resized\"><img loading=\"lazy\" decoding=\"async\" width=\"512\" height=\"512\" src=\"http:\/\/www.ufpb.br\/cga\/wp-content\/uploads\/sites\/79\/sites\/365\/2025\/09\/cropped-Banner-para-loja-de-eletronicos-smartphone-desconto-preto-e-vermelho-1920-_20250910_063234_0000-1-scaled-1.png\" alt=\"\" class=\"wp-image-362\" style=\"width:260px;height:auto\" srcset=\"https:\/\/www.ufpb.br\/cga\/wp-content\/uploads\/sites\/79\/sites\/365\/2025\/09\/cropped-Banner-para-loja-de-eletronicos-smartphone-desconto-preto-e-vermelho-1920-_20250910_063234_0000-1-scaled-1.png 512w, https:\/\/www.ufpb.br\/cga\/wp-content\/uploads\/sites\/79\/sites\/365\/2025\/09\/cropped-Banner-para-loja-de-eletronicos-smartphone-desconto-preto-e-vermelho-1920-_20250910_063234_0000-1-scaled-1-300x300.png 300w, https:\/\/www.ufpb.br\/cga\/wp-content\/uploads\/sites\/79\/sites\/365\/2025\/09\/cropped-Banner-para-loja-de-eletronicos-smartphone-desconto-preto-e-vermelho-1920-_20250910_063234_0000-1-scaled-1-150x150.png 150w, https:\/\/www.ufpb.br\/cga\/wp-content\/uploads\/sites\/79\/sites\/365\/2025\/09\/cropped-Banner-para-loja-de-eletronicos-smartphone-desconto-preto-e-vermelho-1920-_20250910_063234_0000-1-scaled-1-270x270.png 270w, https:\/\/www.ufpb.br\/cga\/wp-content\/uploads\/sites\/79\/sites\/365\/2025\/09\/cropped-Banner-para-loja-de-eletronicos-smartphone-desconto-preto-e-vermelho-1920-_20250910_063234_0000-1-scaled-1-192x192.png 192w, https:\/\/www.ufpb.br\/cga\/wp-content\/uploads\/sites\/79\/sites\/365\/2025\/09\/cropped-Banner-para-loja-de-eletronicos-smartphone-desconto-preto-e-vermelho-1920-_20250910_063234_0000-1-scaled-1-180x180.png 180w, https:\/\/www.ufpb.br\/cga\/wp-content\/uploads\/sites\/79\/sites\/365\/2025\/09\/cropped-Banner-para-loja-de-eletronicos-smartphone-desconto-preto-e-vermelho-1920-_20250910_063234_0000-1-scaled-1-32x32.png 32w\" sizes=\"auto, (max-width: 512px) 100vw, 512px\" \/><\/figure>\n<\/div>","protected":false},"excerpt":{"rendered":"<p>A&nbsp;Comiss\u00e3o de Gest\u00e3o Ambiental da Universidade Federal da Para\u00edba (CGA \u2013 UFPB)&nbsp;foi criada em fevereiro [&hellip;]<\/p>\n","protected":false},"author":47,"featured_media":180,"parent":0,"menu_order":0,"comment_status":"closed","ping_status":"closed","template":"","meta":{"footnotes":""},"class_list":["post-13","page","type-page","status-publish","has-post-thumbnail","hentry"],"_links":{"self":[{"href":"https:\/\/www.ufpb.br\/cga\/wp-json\/wp\/v2\/pages\/13","targetHints":{"allow":["GET"]}}],"collection":[{"href":"https:\/\/www.ufpb.br\/cga\/wp-json\/wp\/v2\/pages"}],"about":[{"href":"https:\/\/www.ufpb.br\/cga\/wp-json\/wp\/v2\/types\/page"}],"author":[{"embeddable":true,"href":"https:\/\/www.ufpb.br\/cga\/wp-json\/wp\/v2\/users\/47"}],"replies":[{"embeddable":true,"href":"https:\/\/www.ufpb.br\/cga\/wp-json\/wp\/v2\/comments?post=13"}],"version-history":[{"count":11,"href":"https:\/\/www.ufpb.br\/cga\/wp-json\/wp\/v2\/pages\/13\/revisions"}],"predecessor-version":[{"id":1861,"href":"https:\/\/www.ufpb.br\/cga\/wp-json\/wp\/v2\/pages\/13\/revisions\/1861"}],"wp:featuredmedia":[{"embeddable":true,"href":"https:\/\/www.ufpb.br\/cga\/wp-json\/wp\/v2\/media\/180"}],"wp:attachment":[{"href":"https:\/\/www.ufpb.br\/cga\/wp-json\/wp\/v2\/media?parent=13"}],"curies":[{"name":"wp","href":"https:\/\/api.w.org\/{rel}","templated":true}]}}