{"id":1445,"date":"2026-02-05T18:26:32","date_gmt":"2026-02-05T21:26:32","guid":{"rendered":"https:\/\/www.ufpb.br\/cga\/?page_id=1445"},"modified":"2026-04-22T12:15:19","modified_gmt":"2026-04-22T15:15:19","slug":"cursos-e-formacao-continuada","status":"publish","type":"page","link":"https:\/\/www.ufpb.br\/cga\/cursos-e-formacao-continuada\/","title":{"rendered":"Cursos e Forma\u00e7\u00e3o Continuada"},"content":{"rendered":"\n<hr class=\"wp-block-separator has-alpha-channel-opacity\" \/>\n\n\n\n<div class=\"wp-block-media-text is-stacked-on-mobile\" style=\"grid-template-columns:31% auto\"><figure class=\"wp-block-media-text__media\"><img loading=\"lazy\" decoding=\"async\" width=\"800\" height=\"520\" src=\"https:\/\/www.ufpb.br\/cga\/wp-content\/uploads\/sites\/79\/sites\/365\/2026\/02\/image-8.png\" alt=\"\" class=\"wp-image-1451 size-full\" srcset=\"https:\/\/www.ufpb.br\/cga\/wp-content\/uploads\/sites\/79\/sites\/365\/2026\/02\/image-8.png 800w, https:\/\/www.ufpb.br\/cga\/wp-content\/uploads\/sites\/79\/sites\/365\/2026\/02\/image-8-300x195.png 300w, https:\/\/www.ufpb.br\/cga\/wp-content\/uploads\/sites\/79\/sites\/365\/2026\/02\/image-8-768x499.png 768w\" sizes=\"auto, (max-width: 800px) 100vw, 800px\" \/><\/figure><div class=\"wp-block-media-text__content\">\n<p class=\"has-medium-font-size\"><strong>Res\u00edduos S\u00f3lidos<\/strong><\/p>\n\n\n\n<p class=\"has-medium-font-size\">Neste curso, voc\u00ea aprender\u00e1 sobre redu\u00e7\u00e3o, reutiliza\u00e7\u00e3o, coleta seletiva e reciclagem. Exploraremos a integra\u00e7\u00e3o dos catadores, os incentivos \u00e0 organiza\u00e7\u00e3o e \u00e0 ind\u00fastria da reciclagem, al\u00e9m da recupera\u00e7\u00e3o de lix\u00f5es, transformando o passado e construindo um futuro sustent\u00e1vel.<\/p>\n\n\n\n<p><a href=\"https:\/\/www.escolavirtual.gov.br\/curso\/1356\" target=\"_blank\" rel=\"noreferrer noopener\">Fa\u00e7a a sua inscri\u00e7\u00e3o<\/a><\/p>\n<\/div><\/div>\n\n\n\n<div class=\"wp-block-media-text is-stacked-on-mobile\" style=\"grid-template-columns:31% auto\"><figure class=\"wp-block-media-text__media\"><img loading=\"lazy\" decoding=\"async\" width=\"1024\" height=\"1024\" src=\"http:\/\/www.ufpb.br\/cga\/wp-content\/uploads\/sites\/79\/sites\/365\/2026\/03\/image-51.png\" alt=\"\" class=\"wp-image-1776 size-full\" srcset=\"https:\/\/www.ufpb.br\/cga\/wp-content\/uploads\/sites\/79\/sites\/365\/2026\/03\/image-51.png 1024w, https:\/\/www.ufpb.br\/cga\/wp-content\/uploads\/sites\/79\/sites\/365\/2026\/03\/image-51-300x300.png 300w, https:\/\/www.ufpb.br\/cga\/wp-content\/uploads\/sites\/79\/sites\/365\/2026\/03\/image-51-150x150.png 150w, https:\/\/www.ufpb.br\/cga\/wp-content\/uploads\/sites\/79\/sites\/365\/2026\/03\/image-51-768x768.png 768w\" sizes=\"auto, (max-width: 1024px) 100vw, 1024px\" \/><\/figure><div class=\"wp-block-media-text__content\">\n<p class=\"has-medium-font-size\"><strong><strong>Meio Ambiente, Cidadania e Educa\u00e7\u00e3o Ambiental&nbsp;<\/strong><\/strong><\/p>\n\n\n\n<p class=\"has-medium-font-size\">Este curso tem como objetivo promover a forma\u00e7\u00e3o inicial em Educa\u00e7\u00e3o Ambiental, sustentabilidade e cidadania, frente a crise ambiental e clim\u00e1tica, dotando o cidad\u00e3o de conhecimentos cient\u00edficos e pr\u00e1ticos acerca da tem\u00e1tica.<\/p>\n\n\n\n<p><a href=\"https:\/\/escolavirtual.ibama.gov.br\/my\/\" target=\"_blank\" rel=\"noreferrer noopener\">Fa\u00e7a a sua inscri\u00e7\u00e3o<\/a><\/p>\n<\/div><\/div>\n\n\n\n<hr class=\"wp-block-separator has-alpha-channel-opacity\" \/>\n\n\n\n<div class=\"wp-block-media-text is-stacked-on-mobile\" style=\"grid-template-columns:31% auto\"><figure class=\"wp-block-media-text__media\"><img loading=\"lazy\" decoding=\"async\" width=\"800\" height=\"520\" src=\"https:\/\/www.ufpb.br\/cga\/wp-content\/uploads\/sites\/79\/sites\/365\/2026\/02\/image-3.png\" alt=\"\" class=\"wp-image-1446 size-full\" srcset=\"https:\/\/www.ufpb.br\/cga\/wp-content\/uploads\/sites\/79\/sites\/365\/2026\/02\/image-3.png 800w, https:\/\/www.ufpb.br\/cga\/wp-content\/uploads\/sites\/79\/sites\/365\/2026\/02\/image-3-300x195.png 300w, https:\/\/www.ufpb.br\/cga\/wp-content\/uploads\/sites\/79\/sites\/365\/2026\/02\/image-3-768x499.png 768w\" sizes=\"auto, (max-width: 800px) 100vw, 800px\" \/><\/figure><div class=\"wp-block-media-text__content\">\n<p class=\"has-text-align-left has-medium-font-size\"><strong>Agenda 2030 para o desenvolvimento sustent\u00e1vel: desafios para a implementa\u00e7\u00e3o<\/strong><\/p>\n\n\n\n<p class=\"has-medium-font-size\">Este curso apresenta os principais conceitos, os objetivos e metas definidos, os desafios para implementa\u00e7\u00e3o e as principais a\u00e7\u00f5es do STJ que colaboram com essa agenda. Quer saber mais? Inscreva-se!<\/p>\n\n\n\n<p><a href=\"https:\/\/www.escolavirtual.gov.br\/curso\/841\">Fa\u00e7a a sua inscri\u00e7\u00e3o<\/a><\/p>\n<\/div><\/div>\n\n\n\n<hr class=\"wp-block-separator has-alpha-channel-opacity\" \/>\n\n\n\n<div class=\"wp-block-media-text is-stacked-on-mobile\" style=\"grid-template-columns:31% auto\"><figure class=\"wp-block-media-text__media\"><img loading=\"lazy\" decoding=\"async\" width=\"800\" height=\"520\" src=\"https:\/\/www.ufpb.br\/cga\/wp-content\/uploads\/sites\/79\/sites\/365\/2026\/02\/image-5.png\" alt=\"\" class=\"wp-image-1448 size-full\" srcset=\"https:\/\/www.ufpb.br\/cga\/wp-content\/uploads\/sites\/79\/sites\/365\/2026\/02\/image-5.png 800w, https:\/\/www.ufpb.br\/cga\/wp-content\/uploads\/sites\/79\/sites\/365\/2026\/02\/image-5-300x195.png 300w, https:\/\/www.ufpb.br\/cga\/wp-content\/uploads\/sites\/79\/sites\/365\/2026\/02\/image-5-768x499.png 768w\" sizes=\"auto, (max-width: 800px) 100vw, 800px\" \/><\/figure><div class=\"wp-block-media-text__content\">\n<p class=\"has-medium-font-size\"><strong>Direitos Humanos e Meio Ambiente<\/strong><\/p>\n\n\n\n<p class=\"has-text-align-left has-medium-font-size\">Neste curso, voc\u00ea ir\u00e1 explorar a conex\u00e3o entre direitos humanos e preserva\u00e7\u00e3o do meio ambiente. Vamos conhecer como as a\u00e7\u00f5es ambientais impactam os direitos humanos e vice-versa. Este curso \u00e9 ideal para quem deseja atuar na intersec\u00e7\u00e3o entre justi\u00e7a social e sustentabilidade. Embarque nessa jornada e amplie sua vis\u00e3o sobre o mundo e suas responsabilidades! Inscreva-se!<\/p>\n\n\n\n<p><a href=\"https:\/\/www.escolavirtual.gov.br\/curso\/1203\" target=\"_blank\" rel=\"noreferrer noopener\">Fa\u00e7a a sua inscri\u00e7\u00e3o<\/a><\/p>\n<\/div><\/div>\n\n\n\n<hr class=\"wp-block-separator has-alpha-channel-opacity\" \/>\n\n\n\n<div class=\"wp-block-media-text is-stacked-on-mobile\" style=\"grid-template-columns:31% auto\"><figure class=\"wp-block-media-text__media\"><img loading=\"lazy\" decoding=\"async\" width=\"800\" height=\"520\" src=\"https:\/\/www.ufpb.br\/cga\/wp-content\/uploads\/sites\/79\/sites\/365\/2026\/02\/image-7.png\" alt=\"\" class=\"wp-image-1450 size-full\" srcset=\"https:\/\/www.ufpb.br\/cga\/wp-content\/uploads\/sites\/79\/sites\/365\/2026\/02\/image-7.png 800w, https:\/\/www.ufpb.br\/cga\/wp-content\/uploads\/sites\/79\/sites\/365\/2026\/02\/image-7-300x195.png 300w, https:\/\/www.ufpb.br\/cga\/wp-content\/uploads\/sites\/79\/sites\/365\/2026\/02\/image-7-768x499.png 768w\" sizes=\"auto, (max-width: 800px) 100vw, 800px\" \/><\/figure><div class=\"wp-block-media-text__content\">\n<p class=\"has-medium-font-size\"><strong>Lideran\u00e7a clim\u00e1tica por meio da mudan\u00e7a de sistemas<\/strong><\/p>\n\n\n\n<p class=\"has-medium-font-size\">Neste curso, voc\u00ea aprender\u00e1 como transformar sistemas para enfrentar um clima mais quente e vol\u00e1til. Entenda por que a redu\u00e7\u00e3o de carbono e o bem-estar devem andar juntos e descubra como l\u00edderes p\u00fablicos podem impulsionar mudan\u00e7as concretas rumo a um futuro mais seguro, justo e sustent\u00e1vel. Quer saber mais? Inscreva-se!<\/p>\n\n\n\n<p><a href=\"https:\/\/www.escolavirtual.gov.br\/curso\/1445\" target=\"_blank\" rel=\"noreferrer noopener\">Fa\u00e7a a sua inscri\u00e7\u00e3o<\/a><\/p>\n<\/div><\/div>\n\n\n\n<hr class=\"wp-block-separator has-alpha-channel-opacity\" \/>\n\n\n\n<div class=\"wp-block-media-text is-stacked-on-mobile\" style=\"grid-template-columns:31% auto\"><figure class=\"wp-block-media-text__media\"><img loading=\"lazy\" decoding=\"async\" width=\"800\" height=\"500\" src=\"https:\/\/www.ufpb.br\/cga\/wp-content\/uploads\/sites\/79\/sites\/365\/2026\/02\/image-9.png\" alt=\"\" class=\"wp-image-1452 size-full\" srcset=\"https:\/\/www.ufpb.br\/cga\/wp-content\/uploads\/sites\/79\/sites\/365\/2026\/02\/image-9.png 800w, https:\/\/www.ufpb.br\/cga\/wp-content\/uploads\/sites\/79\/sites\/365\/2026\/02\/image-9-300x188.png 300w, https:\/\/www.ufpb.br\/cga\/wp-content\/uploads\/sites\/79\/sites\/365\/2026\/02\/image-9-768x480.png 768w\" sizes=\"auto, (max-width: 800px) 100vw, 800px\" \/><\/figure><div class=\"wp-block-media-text__content\">\n<p class=\"has-medium-font-size\"><strong>Caminhos para a Sustentabilidade: ESG e Pol\u00edticas P\u00fablicas<\/strong><\/p>\n\n\n\n<p class=\"has-medium-font-size\">Quer se tornar um agente ativo na promo\u00e7\u00e3o do desenvolvimento sustent\u00e1vel no setor p\u00fablico? Este curso \u00e9 para voc\u00ea! Nele, voc\u00ea ter\u00e1 acesso a conte\u00fados que o ajudar\u00e3o a reconhecer a ado\u00e7\u00e3o dos valores ESG e de sustentabilidade na gest\u00e3o or\u00e7ament\u00e1ria, nas pol\u00edticas p\u00fablicas e nas compras p\u00fablicas. Al\u00e9m disso, ser\u00e1 poss\u00edvel identificar os desafios para a implementa\u00e7\u00e3o da pauta ESG. Inscreva-se!<\/p>\n\n\n\n<p><a href=\"https:\/\/www.escolavirtual.gov.br\/curso\/1038\" target=\"_blank\" rel=\"noreferrer noopener\">Fa\u00e7a a sua inscri\u00e7\u00e3o<\/a><\/p>\n<\/div><\/div>\n\n\n\n<hr class=\"wp-block-separator has-alpha-channel-opacity\" \/>\n\n\n\n<div class=\"wp-block-media-text is-stacked-on-mobile is-vertically-aligned-bottom\" style=\"grid-template-columns:31% auto\"><figure class=\"wp-block-media-text__media\"><img loading=\"lazy\" decoding=\"async\" width=\"1024\" height=\"342\" src=\"http:\/\/www.ufpb.br\/cga\/wp-content\/uploads\/sites\/79\/sites\/365\/2026\/01\/image-12-1024x342.png\" alt=\"\" class=\"wp-image-1363 size-full\" srcset=\"https:\/\/www.ufpb.br\/cga\/wp-content\/uploads\/sites\/79\/sites\/365\/2026\/01\/image-12-1024x342.png 1024w, https:\/\/www.ufpb.br\/cga\/wp-content\/uploads\/sites\/79\/sites\/365\/2026\/01\/image-12-300x100.png 300w, https:\/\/www.ufpb.br\/cga\/wp-content\/uploads\/sites\/79\/sites\/365\/2026\/01\/image-12-768x256.png 768w, https:\/\/www.ufpb.br\/cga\/wp-content\/uploads\/sites\/79\/sites\/365\/2026\/01\/image-12.png 1103w\" sizes=\"auto, (max-width: 1024px) 100vw, 1024px\" \/><\/figure><div class=\"wp-block-media-text__content\">\n<p class=\"has-medium-font-size\"><strong>Educa\u00e7\u00e3o Ambiental<\/strong><\/p>\n\n\n\n<p class=\"has-medium-font-size\">Este curso busca orientar os estudantes no desenvolvimento de boas pr\u00e1ticas ambientais em seu trabalho e na vida cotidiana, com base nos m\u00e9todos da educa\u00e7\u00e3o ambiental e no\u00e7\u00f5es sobre ecologia. <\/p>\n\n\n\n<p class=\"has-medium-font-size\"><\/p>\n\n\n\n<p><a href=\"https:\/\/ead.senar.org.br\/cursos\/educacao-ambiental\" target=\"_blank\" rel=\"noreferrer noopener\">Fa\u00e7a a sua inscri\u00e7\u00e3o<\/a><\/p>\n<\/div><\/div>\n\n\n\n<div class=\"wp-block-media-text is-stacked-on-mobile\" style=\"grid-template-columns:31% auto\"><figure class=\"wp-block-media-text__media\"><img loading=\"lazy\" decoding=\"async\" width=\"1024\" height=\"576\" src=\"http:\/\/www.ufpb.br\/cga\/wp-content\/uploads\/sites\/79\/sites\/365\/2025\/11\/image-1024x576.png\" alt=\"\" class=\"wp-image-967 size-full\" srcset=\"https:\/\/www.ufpb.br\/cga\/wp-content\/uploads\/sites\/79\/sites\/365\/2025\/11\/image-1024x576.png 1024w, https:\/\/www.ufpb.br\/cga\/wp-content\/uploads\/sites\/79\/sites\/365\/2025\/11\/image-300x169.png 300w, https:\/\/www.ufpb.br\/cga\/wp-content\/uploads\/sites\/79\/sites\/365\/2025\/11\/image-768x432.png 768w, https:\/\/www.ufpb.br\/cga\/wp-content\/uploads\/sites\/79\/sites\/365\/2025\/11\/image-1536x864.png 1536w, https:\/\/www.ufpb.br\/cga\/wp-content\/uploads\/sites\/79\/sites\/365\/2025\/11\/image.png 1920w\" sizes=\"auto, (max-width: 1024px) 100vw, 1024px\" \/><\/figure><div class=\"wp-block-media-text__content\">\n<p class=\"has-medium-font-size\"><strong>Responsabilidade Social e Sustentabilidade<\/strong><\/p>\n\n\n\n<p class=\"has-medium-font-size\">O que chamamos genericamente de \u201cconsci\u00eancia ambiental\u201d \u00e9 um conceito que surgiu e ficou popular no decorrer do s\u00e9culo XX. Neste curso, o surgimento e a conceitua\u00e7\u00e3o desse fen\u00f4meno s\u00e3o apresentados em detalhes, com o objetivo de tornar claro o compromisso que, atualmente, pessoas e empresas precisam ter em rela\u00e7\u00e3o ao meio ambiente.<\/p>\n\n\n\n<p class=\"has-medium-font-size\"> Inscreva-se!<\/p>\n\n\n\n<p><a href=\"https:\/\/www.ev.org.br\/cursos\/responsabilidade-social-e-sustentabilidade\" target=\"_blank\" rel=\"noreferrer noopener\">Fa\u00e7a a sua inscri\u00e7\u00e3o<\/a>  <\/p>\n<\/div><\/div>\n\n\n\n<div class=\"wp-block-media-text is-stacked-on-mobile\" style=\"grid-template-columns:31% auto\"><figure class=\"wp-block-media-text__media\"><img loading=\"lazy\" decoding=\"async\" width=\"996\" height=\"583\" src=\"https:\/\/www.ufpb.br\/cga\/wp-content\/uploads\/sites\/79\/sites\/365\/2026\/02\/image-10.png\" alt=\"\" class=\"wp-image-1453 size-full\" srcset=\"https:\/\/www.ufpb.br\/cga\/wp-content\/uploads\/sites\/79\/sites\/365\/2026\/02\/image-10.png 996w, https:\/\/www.ufpb.br\/cga\/wp-content\/uploads\/sites\/79\/sites\/365\/2026\/02\/image-10-300x176.png 300w, https:\/\/www.ufpb.br\/cga\/wp-content\/uploads\/sites\/79\/sites\/365\/2026\/02\/image-10-768x450.png 768w\" sizes=\"auto, (max-width: 996px) 100vw, 996px\" \/><\/figure><div class=\"wp-block-media-text__content\">\n<p class=\"has-medium-font-size\"><strong>Educa\u00e7\u00e3o ambiental e desenvolvimento sustent\u00e1vel<\/strong><\/p>\n\n\n\n<p class=\"has-medium-font-size\">Neste curso voc\u00ea vai aprender o conceito de sustentabilidade e sua import\u00e2ncia para o equil\u00edbrio ambiental e social. O curso tamb\u00e9m aborda a influ\u00eancia do transporte no meio ambiente, al\u00e9m das causas e consequ\u00eancias das mudan\u00e7as clim\u00e1ticas globais e como enfrent\u00e1-las. Inscreva-se!<\/p>\n\n\n\n<p><a href=\"https:\/\/digital.sestsenat.org.br\/cursos\/educacao-ambiental-e-desenvolvimento-sustentavel\" target=\"_blank\" rel=\"noreferrer noopener\">Fa\u00e7a a sua inscri\u00e7\u00e3o<\/a> \u26fa<\/p>\n<\/div><\/div>\n\n\n\n<hr class=\"wp-block-separator has-alpha-channel-opacity\" \/>\n\n\n\n<div class=\"wp-block-media-text is-stacked-on-mobile is-vertically-aligned-center\" style=\"grid-template-columns:31% auto\"><figure class=\"wp-block-media-text__media\"><img loading=\"lazy\" decoding=\"async\" width=\"131\" height=\"161\" src=\"http:\/\/www.ufpb.br\/cga\/wp-content\/uploads\/sites\/79\/sites\/365\/2026\/03\/image-50.png\" alt=\"\" class=\"wp-image-1771 size-full\" \/><\/figure><div class=\"wp-block-media-text__content\">\n<p class=\"has-medium-font-size\"><strong>N\u00f3s no Clima da Mudan\u00e7a: Caminhos de Educa\u00e7\u00e3o e Justi\u00e7a Clim\u00e1tica<\/strong><\/p>\n\n\n\n<p class=\"has-medium-font-size\">A forma\u00e7\u00e3o articula Educa\u00e7\u00e3o Ambiental, Justi\u00e7a Clim\u00e1tica e Redu\u00e7\u00e3o de Riscos de Desastres (RRD), convidando os(as) participantes a refletirem sobre as desigualdades socioambientais e as pot\u00eancias de a\u00e7\u00e3o coletiva no contexto escolar. Ao longo dos m\u00f3dulos, s\u00e3o apresentados conceitos fundamentais e metodologias participativas que fortalecem o protagonismo estudantil, a escuta ativa, o cuidado com os territ\u00f3rios e a regenera\u00e7\u00e3o das rela\u00e7\u00f5es entre pessoas e natureza.<\/p>\n\n\n\n<p><a href=\"https:\/\/educamb.mma.gov.br\/?page_id=1839\" target=\"_blank\" rel=\"noreferrer noopener\">Fa\u00e7a a sua inscri\u00e7\u00e3o<\/a> \ud83c\udf1e<\/p>\n<\/div><\/div>\n\n\n\n<hr class=\"wp-block-separator has-alpha-channel-opacity\" \/>\n\n\n\n<div class=\"wp-block-media-text is-stacked-on-mobile\" style=\"grid-template-columns:31% auto\"><figure class=\"wp-block-media-text__media\"><img loading=\"lazy\" decoding=\"async\" width=\"204\" height=\"248\" src=\"http:\/\/www.ufpb.br\/cga\/wp-content\/uploads\/sites\/79\/sites\/365\/2026\/03\/image-18.png\" alt=\"\" class=\"wp-image-1646 size-full\" \/><\/figure><div class=\"wp-block-media-text__content\">\n<p class=\"has-medium-font-size\"><strong>Compostagem para Fertiliza\u00e7\u00e3o Org\u00e2nica<\/strong><\/p>\n\n\n\n<p class=\"has-medium-font-size\">Com este curso voc\u00ea ir\u00e1 planejar e executar o processo de compostagem utilizando os res\u00edduos org\u00e2nicos dispon\u00edveis na propriedade rural, seguindo as t\u00e9cnicas e recomenda\u00e7\u00f5es apresentadas, a fim de obter um composto org\u00e2nico de qualidade para ser utilizado como fertilizante.<\/p>\n\n\n\n<p><a href=\"https:\/\/ead.senar.org.br\/cursos?termo=compostagem&amp;page=1\" target=\"_blank\" rel=\"noreferrer noopener\">Fa\u00e7a a sua inscri\u00e7\u00e3o<\/a>  \ud83c\udf39<\/p>\n<\/div><\/div>\n\n\n\n<hr class=\"wp-block-separator has-alpha-channel-opacity\" \/>\n\n\n\n<p><\/p>\n\n\n\n<p class=\"has-text-align-center has-large-font-size\">&#8220;<strong>Que o incentivo e a motiva\u00e7\u00e3o que voc\u00ea procura flores\u00e7am primeiro dentro de voc\u00ea.<\/strong>&#8220;<\/p>\n\n\n<div class=\"wp-block-image\">\n<figure class=\"aligncenter size-full is-resized\"><img loading=\"lazy\" decoding=\"async\" width=\"82\" height=\"103\" src=\"http:\/\/www.ufpb.br\/cga\/wp-content\/uploads\/sites\/79\/sites\/365\/2026\/04\/Icone-verde.png\" alt=\"\" class=\"wp-image-1909\" style=\"aspect-ratio:0.796109851879184;width:186px;height:auto\" \/><\/figure>\n<\/div>","protected":false},"excerpt":{"rendered":"<p>Res\u00edduos S\u00f3lidos Neste curso, voc\u00ea aprender\u00e1 sobre redu\u00e7\u00e3o, reutiliza\u00e7\u00e3o, coleta seletiva e reciclagem. Exploraremos a [&hellip;]<\/p>\n","protected":false},"author":397,"featured_media":1494,"parent":0,"menu_order":0,"comment_status":"closed","ping_status":"closed","template":"","meta":{"footnotes":""},"class_list":["post-1445","page","type-page","status-publish","has-post-thumbnail","hentry"],"_links":{"self":[{"href":"https:\/\/www.ufpb.br\/cga\/wp-json\/wp\/v2\/pages\/1445","targetHints":{"allow":["GET"]}}],"collection":[{"href":"https:\/\/www.ufpb.br\/cga\/wp-json\/wp\/v2\/pages"}],"about":[{"href":"https:\/\/www.ufpb.br\/cga\/wp-json\/wp\/v2\/types\/page"}],"author":[{"embeddable":true,"href":"https:\/\/www.ufpb.br\/cga\/wp-json\/wp\/v2\/users\/397"}],"replies":[{"embeddable":true,"href":"https:\/\/www.ufpb.br\/cga\/wp-json\/wp\/v2\/comments?post=1445"}],"version-history":[{"count":6,"href":"https:\/\/www.ufpb.br\/cga\/wp-json\/wp\/v2\/pages\/1445\/revisions"}],"predecessor-version":[{"id":1940,"href":"https:\/\/www.ufpb.br\/cga\/wp-json\/wp\/v2\/pages\/1445\/revisions\/1940"}],"wp:featuredmedia":[{"embeddable":true,"href":"https:\/\/www.ufpb.br\/cga\/wp-json\/wp\/v2\/media\/1494"}],"wp:attachment":[{"href":"https:\/\/www.ufpb.br\/cga\/wp-json\/wp\/v2\/media?parent=1445"}],"curies":[{"name":"wp","href":"https:\/\/api.w.org\/{rel}","templated":true}]}}