{"id":167,"date":"2025-09-09T17:19:23","date_gmt":"2025-09-09T20:19:23","guid":{"rendered":"https:\/\/www.ufpb.br\/cga\/?page_id=167"},"modified":"2026-03-28T22:09:35","modified_gmt":"2026-03-29T01:09:35","slug":"quem-somos","status":"publish","type":"page","link":"https:\/\/www.ufpb.br\/cga\/quem-somos\/","title":{"rendered":"Quem Somos?"},"content":{"rendered":"<div class=\"wp-block-image\">\n<figure class=\"aligncenter size-large is-resized\"><img loading=\"lazy\" decoding=\"async\" width=\"1024\" height=\"768\" src=\"http:\/\/www.ufpb.br\/cga\/wp-content\/uploads\/sites\/79\/sites\/365\/2025\/09\/WhatsApp-Image-2025-07-25-at-12.04.13-1-1024x768.jpeg\" alt=\"\" class=\"wp-image-138\" style=\"width:594px;height:auto\" srcset=\"https:\/\/www.ufpb.br\/cga\/wp-content\/uploads\/sites\/79\/sites\/365\/2025\/09\/WhatsApp-Image-2025-07-25-at-12.04.13-1-1024x768.jpeg 1024w, https:\/\/www.ufpb.br\/cga\/wp-content\/uploads\/sites\/79\/sites\/365\/2025\/09\/WhatsApp-Image-2025-07-25-at-12.04.13-1-300x225.jpeg 300w, https:\/\/www.ufpb.br\/cga\/wp-content\/uploads\/sites\/79\/sites\/365\/2025\/09\/WhatsApp-Image-2025-07-25-at-12.04.13-1-768x576.jpeg 768w, https:\/\/www.ufpb.br\/cga\/wp-content\/uploads\/sites\/79\/sites\/365\/2025\/09\/WhatsApp-Image-2025-07-25-at-12.04.13-1-1536x1152.jpeg 1536w, https:\/\/www.ufpb.br\/cga\/wp-content\/uploads\/sites\/79\/sites\/365\/2025\/09\/WhatsApp-Image-2025-07-25-at-12.04.13-1.jpeg 1600w\" sizes=\"auto, (max-width: 1024px) 100vw, 1024px\" \/><\/figure>\n<\/div>\n\n\n<p><\/p>\n\n\n\n<details class=\"wp-block-details is-layout-flow wp-block-details-is-layout-flow\"><summary><strong>Cibelle da Silva Santiago<\/strong><\/summary>\n<p><em> Possui Doutorado no Programa de P\u00f3s-gradua\u00e7\u00e3o em Desenvolvimento e Meio Ambiente (PRODEMA\/UFPB), Mestrado em Gest\u00e3o do Desenvolvimento Local Sustent\u00e1vel, UPE\/2014; Especializa\u00e7\u00e3o em Cerimonial e Protocolo, ESURP\/2011; e Gradua\u00e7\u00e3o em Secretariado Executivo, UFPE\/2010; atuou como chefe no Departamento de Ci\u00eancias Sociais Aplicadas (DCSA), do CCAE (out\/2022 a out\/2024); na Assessoria de Gradua\u00e7\u00e3o do CCAE (2023); e como Coordenadora do Curso de Secretariado Executivo Bil\u00edngue da UFPB (2018-2020). Atualmente <em>Est\u00e1 cursando P\u00f3s Doutorado em Psicologia Social e do Trabalho nas Organiza\u00e7\u00f5es (UNB<\/em>; \u00e9 Professora na Universidade Federal da Para\u00edba (desde 2017)<\/em> e <em>representante titular do Conselho Superior de Ensino, Pesquisa e Extens\u00e3o (CONSEPE, 2023-2025).<\/em><\/p>\n<\/details>\n\n\n\n<details class=\"wp-block-details is-layout-flow wp-block-details-is-layout-flow\"><summary><strong>Cl\u00e1udia de Oliveira Cunha<\/strong><\/summary>\n<p>Possui gradua\u00e7\u00e3o em Engenharia Qu\u00edmica pela Universidade Cat\u00f3lica de Pernambuco (2003), mestrado em Engenharia Qu\u00edmica pela Universidade Federal de Pernambuco (2006) e doutorado (com sandu\u00edche na Faculdade de Farm\u00e1cia do Porto, Portugal) em Qu\u00edmica pela Universidade Federal de Pernambuco (2011). Nos anos de 2010 e 2011 foi professora substituta do Curso de Gest\u00e3o Ambiental no Instituto Federal de Pernambuco Campus I. Em 2011 ingressou no Departamento de Qu\u00edmica da Universidade Federal da Para\u00edba e atualmente \u00e9 professora associada IV. Atua como coordenadora, desde 2012, do projeto departamental de monitoria na \u00e1rea de Qu\u00edmica. Atualmente \u00e9 coordenadora do grupo de pesquisa do Laborat\u00f3rio de Estudos em Qu\u00edmica Ambiental &#8211; LEQA. Desde 2019 coordena o projeto de extens\u00e3o Mares sem Pl\u00e1stico com a\u00e7\u00f5es de combate ao lixo no mar. Tem experi\u00eancia na \u00e1rea de Qu\u00edmica Ambiental, atuando principalmente nos seguintes temas: eletroanal\u00edtica, monitoramento e diagn\u00f3stico ambiental em corpos aqu\u00e1ticos, qualidade do ar, adsorventes naturais, fotodegrada\u00e7\u00e3o, toxicidade, micropl\u00e1sticos, lixo no mar, cirlularidade pl\u00e1stica, cultura oce\u00e2nica e ci\u00eancia cidad\u00e3.<\/p>\n<\/details>\n\n\n\n<details class=\"wp-block-details is-layout-flow wp-block-details-is-layout-flow\"><summary><strong>Daniel Duarte Pereira<\/strong><\/summary>\n<p>Gradua\u00e7\u00e3o em Agronomia UFPB\/CCA (1987), Mestrado em Desenvolvimento e Meio Ambiente- Gerenciamento Ambiental UFPB (2003); Doutorado em Recursos Naturais UFCG (2008); MBA em Empreendedorismo e Inova\u00e7\u00e3o UFCG\/UEPB (2017). Professor Associado III, UFPB, CCA, Areia, Disciplinas de Gest\u00e3o dos Recursos Naturais e Ambientais, Recursos Naturais Renov\u00e1veis, Agroecologia, Ecologia do Semi\u00e1rido, Floricultura e Paisagismo e Coordenador do M\u00f3dulo de Agroecologia. Experi\u00eancia nas \u00e1reas de Agronomia\/Ecologia, com \u00eanfase em Agroecologia, Silvicultura e Recursos Ambientais, atuando nos temas: Semi\u00e1rido, Semiaridez, Semi\u00e1rido Holand\u00eas, Desertifica\u00e7\u00e3o; Manejo e Ecologia das Caatingas, Sistemas Agroflorestais, Recupera\u00e7\u00e3o de \u00c1reas Degradadas, An\u00e1lise Ambiental, Valora\u00e7\u00e3o Econ\u00f4mica de Recursos Ambientais, Adequa\u00e7\u00e3o Ambiental de Propriedades e Projetos de Assentamento Rurais e Recupera\u00e7\u00e3o de Matas Ciliares.&nbsp;<\/p>\n<\/details>\n\n\n\n<details class=\"wp-block-details is-layout-flow wp-block-details-is-layout-flow\"><summary><strong>Douglas Gurgel de Castro <\/strong><\/summary>\n<p>T\u00e9cnico em agropecu\u00e1ria, graduado em Administra\u00e7\u00e3o de Empresas pela UFC, especializa\u00e7\u00e3o em Gest\u00e3o estrat\u00e9gica e empreendedorismo, MBA executivo em economia e gest\u00e3o do agroneg\u00f3cio. Atualmente cursa Tecnologia em Agronomia pela Uninter. T\u00e9cnico Assistente em Administra\u00e7\u00e3o da UFPB, lotado na CGA.<\/p>\n<\/details>\n\n\n\n<details class=\"wp-block-details is-layout-flow wp-block-details-is-layout-flow\"><summary><strong>Elis\u00e2ngela Maria Rodrigues Rocha<\/strong><\/summary>\n<p>Engenheira Sanitarista pela UFPA e doutora em Eng. Civil\/Saneamento Ambiental pela UFC com est\u00e1gio doutoramento na Universidade de Porto, Portugal. Professora do Departamento de Engenharia Civil e Ambiental, da Universidade Federal da Para\u00edba (Campus I). Membro Efetivo do Programa de P\u00f3s-gradua\u00e7\u00e3o em Engenharia Civil e Ambiental (PPGECAM\/ UFPB), na \u00e1rea de Saneamento Ambiental . Atuei como coordenadora (2018-2022) e vice- coordenadora (2022-2024) do curso de Engenharia Ambiental &#8211; UFPB. Atualmente atuo como Presidente da Comiss\u00e3o de Gest\u00e3o Ambiental &#8211; CGA da UFPB. Na \u00e1rea de extens\u00e3o atuo com a\u00e7\u00f5es voltadas para dissemina\u00e7\u00e3o da atua\u00e7\u00e3o do Engenheiro Ambiental, com o descarte correto dos Res\u00edduos Eletroeletr\u00f4nicos e gest\u00e3o de res\u00edduos s\u00f3lidos. Em pesquisa de gradua\u00e7\u00e3o, mestrado e doutorado trabalho com investiga\u00e7\u00e3o de res\u00edduos para produ\u00e7\u00e3o de fotocatalisadores alternativos de baixo custo; Fitotoxicidade aguda e cr\u00f4nica usando sementes como bioindicadoras de toxicidade de efluentes fototratados visando o reuso; tratamento e p\u00f3s-tratamento de efluentes recalcitrantes como lixiviado de aterro sanit\u00e1rio, latic\u00ednios, t\u00eaxteis, empregando processos oxidativos avan\u00e7ados e radia\u00e7\u00e3o solar; Log\u00edstica de Res\u00edduos Eletroeletr\u00f4nicos e Saneamento ambiental.<strong>&nbsp;<\/strong><\/p>\n<\/details>\n\n\n\n<details class=\"wp-block-details is-layout-flow wp-block-details-is-layout-flow\"><summary><strong>Fabiano Queiroga da Silva<\/strong><\/summary>\n<p>Possui gradua\u00e7\u00e3o em Engenharia Ambiental e mestrado em Tecnologia Agroalimentar pela Universidade Federal da Para\u00edba, onde trabalha atualmente como T\u00e9cnico em Agropecu\u00e1ria.<\/p>\n<\/details>\n\n\n\n<details class=\"wp-block-details is-layout-flow wp-block-details-is-layout-flow\"><summary><strong>Maria&nbsp;Heloisa&nbsp;Alves Braga da Silva<\/strong> <\/summary>\n<p>Atualmente estudante do curso de engenharia ambiental. Atua na CGA como bolsista do eixo de res\u00edduos s\u00f3lidos, tendo participa\u00e7\u00e3o nos temas de compostagem, coleta seletiva, res\u00edduos eletroeletr\u00f4nicos dentro do campus 1.<\/p>\n<\/details>\n\n\n\n<details class=\"wp-block-details is-layout-flow wp-block-details-is-layout-flow\"><summary><strong>Maria Eduarda Guedes Pereira<\/strong> <\/summary>\n<p>Sou T\u00e9cnica em Meio Ambiente pelo IFPB, Campus Sousa. Atualmente estou cursando Engenharia Ambiental, pela UFPB. Sou bolsista do eixo de comunica\u00e7\u00e3o da CGA, onde junto com uma equipe, promovemos, por meio da Internet, canais de comunica\u00e7\u00e3o e campanhas, uma educa\u00e7\u00e3o ambiental e sustent\u00e1vel efetiva, tanto para a comunidade interna, como para a comunidade externa.<\/p>\n\n\n\n<p><\/p>\n<\/details>\n\n\n\n<hr class=\"wp-block-separator has-alpha-channel-opacity\" \/>\n\n\n\n<p class=\"has-text-align-center has-large-font-size\"><strong>&#8220;Temos apenas duas m\u00e3os e o sentimento do mundo.&#8221;<\/strong><\/p>\n\n\n\n<p class=\"has-text-align-right has-medium-font-size\">Carlos Drummond de Andrade<\/p>\n\n\n<div class=\"wp-block-image\">\n<figure class=\"aligncenter size-full is-resized\"><img loading=\"lazy\" decoding=\"async\" width=\"512\" height=\"512\" src=\"http:\/\/www.ufpb.br\/cga\/wp-content\/uploads\/sites\/79\/sites\/365\/2025\/09\/cropped-Banner-para-loja-de-eletronicos-smartphone-desconto-preto-e-vermelho-1920-_20250910_063234_0000-1-scaled-1.png\" alt=\"\" class=\"wp-image-362\" style=\"width:184px;height:auto\" srcset=\"https:\/\/www.ufpb.br\/cga\/wp-content\/uploads\/sites\/79\/sites\/365\/2025\/09\/cropped-Banner-para-loja-de-eletronicos-smartphone-desconto-preto-e-vermelho-1920-_20250910_063234_0000-1-scaled-1.png 512w, https:\/\/www.ufpb.br\/cga\/wp-content\/uploads\/sites\/79\/sites\/365\/2025\/09\/cropped-Banner-para-loja-de-eletronicos-smartphone-desconto-preto-e-vermelho-1920-_20250910_063234_0000-1-scaled-1-300x300.png 300w, https:\/\/www.ufpb.br\/cga\/wp-content\/uploads\/sites\/79\/sites\/365\/2025\/09\/cropped-Banner-para-loja-de-eletronicos-smartphone-desconto-preto-e-vermelho-1920-_20250910_063234_0000-1-scaled-1-150x150.png 150w, https:\/\/www.ufpb.br\/cga\/wp-content\/uploads\/sites\/79\/sites\/365\/2025\/09\/cropped-Banner-para-loja-de-eletronicos-smartphone-desconto-preto-e-vermelho-1920-_20250910_063234_0000-1-scaled-1-270x270.png 270w, https:\/\/www.ufpb.br\/cga\/wp-content\/uploads\/sites\/79\/sites\/365\/2025\/09\/cropped-Banner-para-loja-de-eletronicos-smartphone-desconto-preto-e-vermelho-1920-_20250910_063234_0000-1-scaled-1-192x192.png 192w, https:\/\/www.ufpb.br\/cga\/wp-content\/uploads\/sites\/79\/sites\/365\/2025\/09\/cropped-Banner-para-loja-de-eletronicos-smartphone-desconto-preto-e-vermelho-1920-_20250910_063234_0000-1-scaled-1-180x180.png 180w, https:\/\/www.ufpb.br\/cga\/wp-content\/uploads\/sites\/79\/sites\/365\/2025\/09\/cropped-Banner-para-loja-de-eletronicos-smartphone-desconto-preto-e-vermelho-1920-_20250910_063234_0000-1-scaled-1-32x32.png 32w\" sizes=\"auto, (max-width: 512px) 100vw, 512px\" \/><\/figure>\n<\/div>\n\n\n<p class=\"has-text-align-left\"><\/p>\n\n\n\n<p><\/p>\n","protected":false},"excerpt":{"rendered":"<p>&#8220;Temos apenas duas m\u00e3os e o sentimento do mundo.&#8221; Carlos Drummond de Andrade<\/p>\n","protected":false},"author":47,"featured_media":138,"parent":0,"menu_order":0,"comment_status":"closed","ping_status":"closed","template":"","meta":{"footnotes":""},"class_list":["post-167","page","type-page","status-publish","has-post-thumbnail","hentry"],"_links":{"self":[{"href":"https:\/\/www.ufpb.br\/cga\/wp-json\/wp\/v2\/pages\/167","targetHints":{"allow":["GET"]}}],"collection":[{"href":"https:\/\/www.ufpb.br\/cga\/wp-json\/wp\/v2\/pages"}],"about":[{"href":"https:\/\/www.ufpb.br\/cga\/wp-json\/wp\/v2\/types\/page"}],"author":[{"embeddable":true,"href":"https:\/\/www.ufpb.br\/cga\/wp-json\/wp\/v2\/users\/47"}],"replies":[{"embeddable":true,"href":"https:\/\/www.ufpb.br\/cga\/wp-json\/wp\/v2\/comments?post=167"}],"version-history":[{"count":15,"href":"https:\/\/www.ufpb.br\/cga\/wp-json\/wp\/v2\/pages\/167\/revisions"}],"predecessor-version":[{"id":1774,"href":"https:\/\/www.ufpb.br\/cga\/wp-json\/wp\/v2\/pages\/167\/revisions\/1774"}],"wp:featuredmedia":[{"embeddable":true,"href":"https:\/\/www.ufpb.br\/cga\/wp-json\/wp\/v2\/media\/138"}],"wp:attachment":[{"href":"https:\/\/www.ufpb.br\/cga\/wp-json\/wp\/v2\/media?parent=167"}],"curies":[{"name":"wp","href":"https:\/\/api.w.org\/{rel}","templated":true}]}}