{"id":26,"date":"2025-09-08T18:44:14","date_gmt":"2025-09-08T21:44:14","guid":{"rendered":"https:\/\/www.ufpb.br\/cga\/?page_id=26"},"modified":"2025-11-19T16:31:06","modified_gmt":"2025-11-19T19:31:06","slug":"coleta-seletiva","status":"publish","type":"page","link":"https:\/\/www.ufpb.br\/cga\/coleta-seletiva\/","title":{"rendered":"Coleta Seletiva"},"content":{"rendered":"<div class=\"wp-block-image\">\n<figure class=\"aligncenter size-full is-resized\"><img loading=\"lazy\" decoding=\"async\" width=\"1024\" height=\"1024\" src=\"http:\/\/www.ufpb.br\/cga\/wp-content\/uploads\/sites\/79\/sites\/365\/2025\/09\/Gemini_Generated_Image_32jb4a32jb4a32jb.png\" alt=\"\" class=\"wp-image-319\" style=\"width:379px;height:auto\" srcset=\"https:\/\/www.ufpb.br\/cga\/wp-content\/uploads\/sites\/79\/sites\/365\/2025\/09\/Gemini_Generated_Image_32jb4a32jb4a32jb.png 1024w, https:\/\/www.ufpb.br\/cga\/wp-content\/uploads\/sites\/79\/sites\/365\/2025\/09\/Gemini_Generated_Image_32jb4a32jb4a32jb-300x300.png 300w, https:\/\/www.ufpb.br\/cga\/wp-content\/uploads\/sites\/79\/sites\/365\/2025\/09\/Gemini_Generated_Image_32jb4a32jb4a32jb-150x150.png 150w, https:\/\/www.ufpb.br\/cga\/wp-content\/uploads\/sites\/79\/sites\/365\/2025\/09\/Gemini_Generated_Image_32jb4a32jb4a32jb-768x768.png 768w\" sizes=\"auto, (max-width: 1024px) 100vw, 1024px\" \/><\/figure>\n<\/div>\n\n\n<p><\/p>\n\n\n\n<p class=\"has-text-align-left has-medium-font-size\">A Coleta Seletiva foi implantada na Universidade Federal da Para\u00edba desde 2011, motivada pelo Decreto Presidencial 5.940\/06, que institui a separa\u00e7\u00e3o dos res\u00edduos recicl\u00e1veis descartados pelos \u00f3rg\u00e3os e entidades da administra\u00e7\u00e3o p\u00fablica federal direta e indireta, na fonte geradora, e a sua destina\u00e7\u00e3o \u00e0s associa\u00e7\u00f5es e cooperativas de catadores de materiais recicl\u00e1veis. <\/p>\n\n\n\n<p class=\"has-medium-font-size\">Com esse esfor\u00e7o, transformando o \u2018lixo\u2019 em mat\u00e9ria prima e propiciando renda para catadores, a Comiss\u00e3o de Gest\u00e3o Ambiental da Universidade Federal da Para\u00edba (UFPB) demonstra seu compromisso com os Objetivos de Desenvolvimento Sustent\u00e1vel: <\/p>\n\n\n\n<p><strong>Objetivo 1.&nbsp;Acabar com a pobreza em todas as suas formas, em todos os lugares<\/strong><\/p>\n\n\n\n<p><strong>Objetivo 8.&nbsp;Promover o crescimento econ\u00f4mico sustentado, inclusivo e sustent\u00e1vel, emprego pleno e produtivo e trabalho decente para todos<\/strong>;<\/p>\n\n\n\n<p><strong>Objetivo 12.&nbsp;Assegurar padr\u00f5es de produ\u00e7\u00e3o e de consumo sustent\u00e1veis<\/strong>; e <\/p>\n\n\n\n<p><strong>Objetivo 17.&nbsp;Fortalecer os meios de implementa\u00e7\u00e3o e revitalizar a parceria global para o desenvolvimento sustent\u00e1vel<\/strong><\/p>\n\n\n\n<figure class=\"wp-block-gallery aligncenter has-nested-images columns-4 is-cropped wp-block-gallery-1 is-layout-flex wp-block-gallery-is-layout-flex\">\n<figure class=\"wp-block-image size-large\"><img loading=\"lazy\" decoding=\"async\" width=\"640\" height=\"632\" data-id=\"1005\" src=\"https:\/\/www.ufpb.br\/cga\/wp-content\/uploads\/sites\/79\/sites\/365\/2025\/11\/image-3.png\" alt=\"\" class=\"wp-image-1005\" srcset=\"https:\/\/www.ufpb.br\/cga\/wp-content\/uploads\/sites\/79\/sites\/365\/2025\/11\/image-3.png 640w, https:\/\/www.ufpb.br\/cga\/wp-content\/uploads\/sites\/79\/sites\/365\/2025\/11\/image-3-300x296.png 300w\" sizes=\"auto, (max-width: 640px) 100vw, 640px\" \/><\/figure>\n\n\n\n<figure class=\"wp-block-image size-large\"><img loading=\"lazy\" decoding=\"async\" width=\"640\" height=\"632\" data-id=\"1006\" src=\"https:\/\/www.ufpb.br\/cga\/wp-content\/uploads\/sites\/79\/sites\/365\/2025\/11\/image-4.png\" alt=\"\" class=\"wp-image-1006\" srcset=\"https:\/\/www.ufpb.br\/cga\/wp-content\/uploads\/sites\/79\/sites\/365\/2025\/11\/image-4.png 640w, https:\/\/www.ufpb.br\/cga\/wp-content\/uploads\/sites\/79\/sites\/365\/2025\/11\/image-4-300x296.png 300w\" sizes=\"auto, (max-width: 640px) 100vw, 640px\" \/><\/figure>\n\n\n\n<figure class=\"wp-block-image size-large\"><img loading=\"lazy\" decoding=\"async\" width=\"640\" height=\"635\" data-id=\"1002\" src=\"https:\/\/www.ufpb.br\/cga\/wp-content\/uploads\/sites\/79\/sites\/365\/2025\/11\/image-2.png\" alt=\"\" class=\"wp-image-1002\" srcset=\"https:\/\/www.ufpb.br\/cga\/wp-content\/uploads\/sites\/79\/sites\/365\/2025\/11\/image-2.png 640w, https:\/\/www.ufpb.br\/cga\/wp-content\/uploads\/sites\/79\/sites\/365\/2025\/11\/image-2-300x298.png 300w, https:\/\/www.ufpb.br\/cga\/wp-content\/uploads\/sites\/79\/sites\/365\/2025\/11\/image-2-150x150.png 150w\" sizes=\"auto, (max-width: 640px) 100vw, 640px\" \/><\/figure>\n\n\n\n<figure class=\"wp-block-image size-large\"><img loading=\"lazy\" decoding=\"async\" width=\"640\" height=\"639\" data-id=\"1007\" src=\"https:\/\/www.ufpb.br\/cga\/wp-content\/uploads\/sites\/79\/sites\/365\/2025\/11\/image-5.png\" alt=\"\" class=\"wp-image-1007\" srcset=\"https:\/\/www.ufpb.br\/cga\/wp-content\/uploads\/sites\/79\/sites\/365\/2025\/11\/image-5.png 640w, https:\/\/www.ufpb.br\/cga\/wp-content\/uploads\/sites\/79\/sites\/365\/2025\/11\/image-5-300x300.png 300w, https:\/\/www.ufpb.br\/cga\/wp-content\/uploads\/sites\/79\/sites\/365\/2025\/11\/image-5-150x150.png 150w\" sizes=\"auto, (max-width: 640px) 100vw, 640px\" \/><\/figure>\n<\/figure>\n\n\n\n<p>Fonte: Gtagenda2030<\/p>\n\n\n\n<p class=\"has-text-align-left has-medium-font-size\"><strong>Objetivos<\/strong> <strong>do Programa de Coleta Seletiva da UFPB<\/strong><\/p>\n\n\n\n<ul class=\"wp-block-list\">\n<li class=\"has-medium-font-size\">Diagnosticar a situa\u00e7\u00e3o atual dos Res\u00edduos S\u00f3lidos na Universidade Federal da Para\u00edba;<\/li>\n\n\n\n<li class=\"has-medium-font-size\">Analisar os dados coletados e fazer estudos referentes \u00e0 gera\u00e7\u00e3o de res\u00edduos, sistema de coleta, tratamento dos res\u00edduos e a destina\u00e7\u00e3o final;<\/li>\n\n\n\n<li class=\"has-medium-font-size\">Propor o Plano de Gest\u00e3o e Gerenciamento Integrado dos Res\u00edduos S\u00f3lidos, com o objetivo de minimizar os impactos ambientais gerados;<\/li>\n\n\n\n<li class=\"has-medium-font-size\">Discutir sobre a import\u00e2ncia da coleta seletiva com os agentes sociais envolvidos com a pol\u00edtica urbana da cidade universit\u00e1ria, notadamente os funcion\u00e1rios da limpeza da UFPB;<\/li>\n\n\n\n<li class=\"has-medium-font-size\">Sensibilizar e conscientizar alunos, prestadores de servi\u00e7o, professores e t\u00e9cnicos da universidade, da necessidade da educa\u00e7\u00e3o ambiental na vida do campus, atrav\u00e9s da implanta\u00e7\u00e3o de palestras, oficinas, cursos, <a href=\"https:\/\/www.ufpb.br\/cga\/wp-content\/uploads\/sites\/79\/sites\/365\/2025\/09\/ManualdeColetaSeletiva.pdf\">manuais<\/a> e conversas.<\/li>\n<\/ul>\n\n\n\n<p class=\"has-medium-font-size\">O Programa de Coleta Seletiva realiza um trabalho s\u00f3cio-econ\u00f4mico-ambiental, atrav\u00e9s da inclus\u00e3o social dos agentes catadores (COOREMM), da redu\u00e7\u00e3o da quantidade de res\u00edduos depositados nos aterros sanit\u00e1rios e oferece uma melhor qualidade de vida para toda a comunidade acad\u00eamica. As atividades do programa podem ser acompanhadas atrav\u00e9s do nosso perfil no instagram:&nbsp;&nbsp;<a href=\"https:\/\/www.instagram.com\/cgaufpb\/\" target=\"_blank\" rel=\"noreferrer noopener\">@cgaufpb<\/a>.<\/p>\n\n\n\n<h2 class=\"wp-block-heading\"><div class=\"linha-header\"><strong>Fundamentos<\/strong>&nbsp;<\/div><\/h2>\n\n\n\n<p class=\"has-medium-font-size\">A Lei Federal N\u00ba 12305\/2010, que instituiu a Pol\u00edtica Nacional de Res\u00edduos S\u00f3lidos (<a href=\"https:\/\/www.planalto.gov.br\/ccivil_03\/_ato2007-2010\/2010\/lei\/l12305.htm\" target=\"_blank\" rel=\"noreferrer noopener\">PNRS<\/a>), ressalta a import\u00e2ncia da coleta seletiva como estrat\u00e9gia crucial. A coleta seletiva, ao separar materiais como pl\u00e1stico, papel, vidro e metais, n\u00e3o apenas reduz a carga de res\u00edduos em aterros, mas tamb\u00e9m facilita a recupera\u00e7\u00e3o de res\u00edduos que geram renda e dignidade para fam\u00edlias de catadores. <\/p>\n\n\n\n<p class=\"has-medium-font-size\">Na Universidade Federal da Para\u00edba (UFPB), a presen\u00e7a de \u00e1reas verdes, incluindo fragmentos de mata atl\u00e2ntica e jardins, fortalece ainda mais a viabilidade da coleta seletiva, n\u00e3o apenas como um meio de promover a sustentabilidade, mas tamb\u00e9m como uma oportunidade para ampliar a conscientiza\u00e7\u00e3o e o engajamento ambiental. A implementa\u00e7\u00e3o eficaz da coleta seletiva na UFPB pode desencadear uma transforma\u00e7\u00e3o positiva em termos de pr\u00e1ticas de gest\u00e3o de res\u00edduos, resultando em benef\u00edcios ambientais duradouros.<\/p>\n\n\n\n<h2 class=\"wp-block-heading\"><div class=\"linha-header\"><strong>A\u00e7\u00f5es<\/strong><\/div><\/h2>\n\n\n\n<p class=\"has-medium-font-size\"><strong>Educa\u00e7\u00e3o Ambiental Presencial e Virtual:<\/strong>&nbsp;Cartazes em pontos estrat\u00e9gicos da universidade e posts semanais sobre o projeto ou temas relacionados a ele, com o intuito de compartilhar as informa\u00e7\u00f5es com a comunidade, educando e sensibilizando-os.&nbsp;<\/p>\n\n\n\n<div class=\"wp-block-columns is-layout-flex wp-container-core-columns-is-layout-9d6595d7 wp-block-columns-is-layout-flex\">\n<div class=\"wp-block-column is-layout-flow wp-block-column-is-layout-flow\" style=\"flex-basis:100%\">\n<div class=\"wp-block-group\"><div class=\"wp-block-group__inner-container is-layout-constrained wp-block-group-is-layout-constrained\">\n<div class=\"wp-block-media-text is-stacked-on-mobile\" style=\"grid-template-columns:59% auto\"><figure class=\"wp-block-media-text__media\"><img loading=\"lazy\" decoding=\"async\" width=\"724\" height=\"1024\" src=\"http:\/\/www.ufpb.br\/cga\/wp-content\/uploads\/sites\/79\/sites\/365\/2025\/11\/CARTAZ-Tipo-de-residuos_20251010-724x1024.png\" alt=\"\" class=\"wp-image-977 size-full\" srcset=\"https:\/\/www.ufpb.br\/cga\/wp-content\/uploads\/sites\/79\/sites\/365\/2025\/11\/CARTAZ-Tipo-de-residuos_20251010-724x1024.png 724w, https:\/\/www.ufpb.br\/cga\/wp-content\/uploads\/sites\/79\/sites\/365\/2025\/11\/CARTAZ-Tipo-de-residuos_20251010-212x300.png 212w, https:\/\/www.ufpb.br\/cga\/wp-content\/uploads\/sites\/79\/sites\/365\/2025\/11\/CARTAZ-Tipo-de-residuos_20251010-768x1086.png 768w, https:\/\/www.ufpb.br\/cga\/wp-content\/uploads\/sites\/79\/sites\/365\/2025\/11\/CARTAZ-Tipo-de-residuos_20251010-1086x1536.png 1086w, https:\/\/www.ufpb.br\/cga\/wp-content\/uploads\/sites\/79\/sites\/365\/2025\/11\/CARTAZ-Tipo-de-residuos_20251010.png 1414w\" sizes=\"auto, (max-width: 724px) 100vw, 724px\" \/><\/figure><div class=\"wp-block-media-text__content\">\n<p class=\"has-medium-font-size\">No Campus I, fazemos a diferencia\u00e7\u00e3o dos cont\u00eaineres distribuidos pelos centros e vias:<\/p>\n\n\n\n<ul class=\"wp-block-list\">\n<li class=\"has-medium-font-size\">Os cont\u00eaineres azuis e pretos s\u00e3o utilizados para lixo comum e org\u00e2nico;<\/li>\n\n\n\n<li class=\"has-medium-font-size\">Os verdes s\u00e3o destinados a coleta seletiva. <\/li>\n<\/ul>\n\n\n\n<p class=\"has-medium-font-size\">Ent\u00e3o, se voc\u00ea for descartar papel, papel\u00e3o, pl\u00e1sticos, metais e vidros deve coloc\u00e1-los nos cont\u00eaineres verdes.<\/p>\n\n\n\n<figure class=\"wp-block-image size-large is-resized\"><img loading=\"lazy\" decoding=\"async\" width=\"1024\" height=\"724\" src=\"http:\/\/www.ufpb.br\/cga\/wp-content\/uploads\/sites\/79\/sites\/365\/2025\/09\/ADESIVO-CONTEINER-RECICLAVEL-1-1024x724.jpg\" alt=\"\" class=\"wp-image-316\" style=\"width:337px;height:auto\" srcset=\"https:\/\/www.ufpb.br\/cga\/wp-content\/uploads\/sites\/79\/sites\/365\/2025\/09\/ADESIVO-CONTEINER-RECICLAVEL-1-1024x724.jpg 1024w, https:\/\/www.ufpb.br\/cga\/wp-content\/uploads\/sites\/79\/sites\/365\/2025\/09\/ADESIVO-CONTEINER-RECICLAVEL-1-300x212.jpg 300w, https:\/\/www.ufpb.br\/cga\/wp-content\/uploads\/sites\/79\/sites\/365\/2025\/09\/ADESIVO-CONTEINER-RECICLAVEL-1-768x543.jpg 768w, https:\/\/www.ufpb.br\/cga\/wp-content\/uploads\/sites\/79\/sites\/365\/2025\/09\/ADESIVO-CONTEINER-RECICLAVEL-1-1536x1086.jpg 1536w, https:\/\/www.ufpb.br\/cga\/wp-content\/uploads\/sites\/79\/sites\/365\/2025\/09\/ADESIVO-CONTEINER-RECICLAVEL-1.jpg 2000w\" sizes=\"auto, (max-width: 1024px) 100vw, 1024px\" \/><\/figure>\n<\/div><\/div>\n<\/div><\/div>\n<\/div>\n<\/div>\n\n\n\n<p class=\"has-medium-font-size\"><strong>Monitoramento dos containers de cada setor:<\/strong>&nbsp;O monitoramento \u00e9 realizado com o intuito de identificar se os res\u00edduos est\u00e3o sendo separados corretamente ou se existe a mistura dos materiais. Contamos com a ajuda da equipe da Superintendencia de Servi\u00e7os Gerais (SSG), a qual orienta seus colaboradores terceirizados sobre a import\u00e2ncia desse Programa.<\/p>\n\n\n\n<p class=\"has-medium-font-size\"><a href=\"https:\/\/www.ufpb.br\/cga\/wp-content\/uploads\/sites\/79\/sites\/365\/2025\/11\/10.2025-Rel.-Coleta-seletiva-.pdf\">Relat\u00f3rio Coleta Seletiva Campus I<\/a><\/p>\n\n\n\n<p class=\"has-medium-font-size\"><a href=\"https:\/\/www.ufpb.br\/cga\/wp-content\/uploads\/sites\/79\/sites\/365\/2025\/11\/Campus-III_coleta-seletiva_2024_2025.pdf\">Relat\u00f3rio Coleta Seletiva Campus III<\/a><\/p>\n\n\n\n<div class=\"wp-block-media-text is-stacked-on-mobile\"><figure class=\"wp-block-media-text__media\"><img loading=\"lazy\" decoding=\"async\" width=\"1024\" height=\"768\" src=\"http:\/\/www.ufpb.br\/cga\/wp-content\/uploads\/sites\/79\/sites\/365\/2025\/09\/WhatsApp-Image-2023-09-03-at-10.58.28-3-1024x768.jpeg\" alt=\"\" class=\"wp-image-206 size-full\" srcset=\"https:\/\/www.ufpb.br\/cga\/wp-content\/uploads\/sites\/79\/sites\/365\/2025\/09\/WhatsApp-Image-2023-09-03-at-10.58.28-3-1024x768.jpeg 1024w, https:\/\/www.ufpb.br\/cga\/wp-content\/uploads\/sites\/79\/sites\/365\/2025\/09\/WhatsApp-Image-2023-09-03-at-10.58.28-3-300x225.jpeg 300w, https:\/\/www.ufpb.br\/cga\/wp-content\/uploads\/sites\/79\/sites\/365\/2025\/09\/WhatsApp-Image-2023-09-03-at-10.58.28-3-768x576.jpeg 768w, https:\/\/www.ufpb.br\/cga\/wp-content\/uploads\/sites\/79\/sites\/365\/2025\/09\/WhatsApp-Image-2023-09-03-at-10.58.28-3-1536x1152.jpeg 1536w, https:\/\/www.ufpb.br\/cga\/wp-content\/uploads\/sites\/79\/sites\/365\/2025\/09\/WhatsApp-Image-2023-09-03-at-10.58.28-3.jpeg 1600w\" sizes=\"auto, (max-width: 1024px) 100vw, 1024px\" \/><\/figure><div class=\"wp-block-media-text__content\">\n<p class=\"has-black-color has-text-color has-link-color has-medium-font-size wp-elements-743ec06635617298f0c714a9db899209\">Nos conteineres verdes n\u00e3o devemos colocar isopor, madeira, eletroeletr\u00f4nicos, papel higi\u00eanico, restos de comida nem lixo comum.<\/p>\n<\/div><\/div>\n\n\n\n<div class=\"wp-block-media-text has-media-on-the-right is-stacked-on-mobile\"><div class=\"wp-block-media-text__content\">\n<p class=\"has-medium-font-size\">A  Cooperativa dos catadores de reciclagem de Marcos Moura (COOREMM) \u00e9 parceira nesse projeto. Fa\u00e7a a sua parte e coloque o lixo recicl\u00e1vel dentro dos conteineres verdes com inscri\u00e7\u00e3o: RECICL\u00c1VEIS<\/p>\n\n\n\n<p class=\"has-text-align-center\"><a href=\"https:\/\/www.instagram.com\/cooremm\/#\">Conhe\u00e7a a COOREMM<\/a><\/p>\n\n\n\n<p><\/p>\n<\/div><figure class=\"wp-block-media-text__media\"><img loading=\"lazy\" decoding=\"async\" width=\"180\" height=\"180\" src=\"http:\/\/www.ufpb.br\/cga\/wp-content\/uploads\/sites\/79\/sites\/365\/2025\/09\/COOREMM.png\" alt=\"\" class=\"wp-image-381 size-full\" srcset=\"https:\/\/www.ufpb.br\/cga\/wp-content\/uploads\/sites\/79\/sites\/365\/2025\/09\/COOREMM.png 180w, https:\/\/www.ufpb.br\/cga\/wp-content\/uploads\/sites\/79\/sites\/365\/2025\/09\/COOREMM-150x150.png 150w\" sizes=\"auto, (max-width: 180px) 100vw, 180px\" \/><\/figure><\/div>\n\n\n\n<p><strong>Coleta de Dados:<\/strong>&nbsp;A cooperativa coleta os res\u00edduos, contabiliza e registra os dados quantitativos e qualitativos dos materiais recicl\u00e1veis que foram coletados e depois fornecem esses dados a nossa equipe.<\/p>\n\n\n\n<figure class=\"wp-block-image size-full\"><img loading=\"lazy\" decoding=\"async\" width=\"1011\" height=\"271\" src=\"https:\/\/www.ufpb.br\/cga\/wp-content\/uploads\/sites\/79\/sites\/365\/2025\/10\/image-15.png\" alt=\"\" class=\"wp-image-761\" srcset=\"https:\/\/www.ufpb.br\/cga\/wp-content\/uploads\/sites\/79\/sites\/365\/2025\/10\/image-15.png 1011w, https:\/\/www.ufpb.br\/cga\/wp-content\/uploads\/sites\/79\/sites\/365\/2025\/10\/image-15-300x80.png 300w, https:\/\/www.ufpb.br\/cga\/wp-content\/uploads\/sites\/79\/sites\/365\/2025\/10\/image-15-768x206.png 768w\" sizes=\"auto, (max-width: 1011px) 100vw, 1011px\" \/><\/figure>\n\n\n\n<h2 class=\"wp-block-heading\"><div class=\"linha-header\"><strong>Equipe&nbsp;<\/strong><\/div><\/h2>\n\n\n\n<p class=\" \"><strong>Coordenador:<\/strong>&nbsp;Elis\u00e2ngela Maria Rodrigues Rocha<\/p>\n\n\n\n<p><strong>Bolsista:<\/strong> Maria&nbsp;Heloisa&nbsp;Alves Braga da Silva<\/p>\n\n\n\n<p class=\" \"><strong>Volunt\u00e1rios:<\/strong><\/p>\n\n\n\n<p class=\" \">Iasminy&nbsp;Soares da Silva Oliveira<\/p>\n\n\n\n<p>Diego Falc\u00e3o de Carvalho<\/p>\n\n\n\n<p class=\" \">Tayane&nbsp;Helena Malheiros Silva<\/p>\n\n\n<div class=\"wp-block-image\">\n<figure class=\"aligncenter size-full is-resized\"><img loading=\"lazy\" decoding=\"async\" width=\"512\" height=\"512\" src=\"http:\/\/www.ufpb.br\/cga\/wp-content\/uploads\/sites\/79\/sites\/365\/2025\/09\/cropped-Banner-para-loja-de-eletronicos-smartphone-desconto-preto-e-vermelho-1920-_20250910_063234_0000-1-scaled-1.png\" alt=\"\" class=\"wp-image-362\" style=\"width:197px;height:auto\" srcset=\"https:\/\/www.ufpb.br\/cga\/wp-content\/uploads\/sites\/79\/sites\/365\/2025\/09\/cropped-Banner-para-loja-de-eletronicos-smartphone-desconto-preto-e-vermelho-1920-_20250910_063234_0000-1-scaled-1.png 512w, https:\/\/www.ufpb.br\/cga\/wp-content\/uploads\/sites\/79\/sites\/365\/2025\/09\/cropped-Banner-para-loja-de-eletronicos-smartphone-desconto-preto-e-vermelho-1920-_20250910_063234_0000-1-scaled-1-300x300.png 300w, https:\/\/www.ufpb.br\/cga\/wp-content\/uploads\/sites\/79\/sites\/365\/2025\/09\/cropped-Banner-para-loja-de-eletronicos-smartphone-desconto-preto-e-vermelho-1920-_20250910_063234_0000-1-scaled-1-150x150.png 150w, https:\/\/www.ufpb.br\/cga\/wp-content\/uploads\/sites\/79\/sites\/365\/2025\/09\/cropped-Banner-para-loja-de-eletronicos-smartphone-desconto-preto-e-vermelho-1920-_20250910_063234_0000-1-scaled-1-270x270.png 270w, https:\/\/www.ufpb.br\/cga\/wp-content\/uploads\/sites\/79\/sites\/365\/2025\/09\/cropped-Banner-para-loja-de-eletronicos-smartphone-desconto-preto-e-vermelho-1920-_20250910_063234_0000-1-scaled-1-192x192.png 192w, https:\/\/www.ufpb.br\/cga\/wp-content\/uploads\/sites\/79\/sites\/365\/2025\/09\/cropped-Banner-para-loja-de-eletronicos-smartphone-desconto-preto-e-vermelho-1920-_20250910_063234_0000-1-scaled-1-180x180.png 180w, https:\/\/www.ufpb.br\/cga\/wp-content\/uploads\/sites\/79\/sites\/365\/2025\/09\/cropped-Banner-para-loja-de-eletronicos-smartphone-desconto-preto-e-vermelho-1920-_20250910_063234_0000-1-scaled-1-32x32.png 32w\" sizes=\"auto, (max-width: 512px) 100vw, 512px\" \/><\/figure>\n<\/div>\n\n\n<p><\/p>\n","protected":false},"excerpt":{"rendered":"<p>A Coleta Seletiva foi implantada na Universidade Federal da Para\u00edba desde 2011, motivada pelo Decreto [&hellip;]<\/p>\n","protected":false},"author":47,"featured_media":0,"parent":0,"menu_order":0,"comment_status":"closed","ping_status":"closed","template":"","meta":{"footnotes":""},"class_list":["post-26","page","type-page","status-publish","hentry"],"_links":{"self":[{"href":"https:\/\/www.ufpb.br\/cga\/wp-json\/wp\/v2\/pages\/26","targetHints":{"allow":["GET"]}}],"collection":[{"href":"https:\/\/www.ufpb.br\/cga\/wp-json\/wp\/v2\/pages"}],"about":[{"href":"https:\/\/www.ufpb.br\/cga\/wp-json\/wp\/v2\/types\/page"}],"author":[{"embeddable":true,"href":"https:\/\/www.ufpb.br\/cga\/wp-json\/wp\/v2\/users\/47"}],"replies":[{"embeddable":true,"href":"https:\/\/www.ufpb.br\/cga\/wp-json\/wp\/v2\/comments?post=26"}],"version-history":[{"count":29,"href":"https:\/\/www.ufpb.br\/cga\/wp-json\/wp\/v2\/pages\/26\/revisions"}],"predecessor-version":[{"id":1177,"href":"https:\/\/www.ufpb.br\/cga\/wp-json\/wp\/v2\/pages\/26\/revisions\/1177"}],"wp:attachment":[{"href":"https:\/\/www.ufpb.br\/cga\/wp-json\/wp\/v2\/media?parent=26"}],"curies":[{"name":"wp","href":"https:\/\/api.w.org\/{rel}","templated":true}]}}