{"id":29,"date":"2025-09-08T18:44:38","date_gmt":"2025-09-08T21:44:38","guid":{"rendered":"https:\/\/www.ufpb.br\/cga\/?page_id=29"},"modified":"2026-01-16T22:56:29","modified_gmt":"2026-01-17T01:56:29","slug":"compostagem","status":"publish","type":"page","link":"https:\/\/www.ufpb.br\/cga\/compostagem\/","title":{"rendered":"Compostagem"},"content":{"rendered":"\n<p class=\"has-medium-font-size\">Conhe\u00e7a mais sobre o Programa de Compostagem<\/p>\n\n\n<div class=\"wp-block-image\">\n<figure class=\"aligncenter size-large\"><img loading=\"lazy\" decoding=\"async\" width=\"1024\" height=\"461\" src=\"http:\/\/www.ufpb.br\/cga\/wp-content\/uploads\/sites\/79\/sites\/365\/2025\/09\/WhatsApp-Image-2025-08-01-at-14.44.57-1-1024x461.jpeg\" alt=\"\" class=\"wp-image-137\" srcset=\"https:\/\/www.ufpb.br\/cga\/wp-content\/uploads\/sites\/79\/sites\/365\/2025\/09\/WhatsApp-Image-2025-08-01-at-14.44.57-1-1024x461.jpeg 1024w, https:\/\/www.ufpb.br\/cga\/wp-content\/uploads\/sites\/79\/sites\/365\/2025\/09\/WhatsApp-Image-2025-08-01-at-14.44.57-1-300x135.jpeg 300w, https:\/\/www.ufpb.br\/cga\/wp-content\/uploads\/sites\/79\/sites\/365\/2025\/09\/WhatsApp-Image-2025-08-01-at-14.44.57-1-768x346.jpeg 768w, https:\/\/www.ufpb.br\/cga\/wp-content\/uploads\/sites\/79\/sites\/365\/2025\/09\/WhatsApp-Image-2025-08-01-at-14.44.57-1-1536x691.jpeg 1536w, https:\/\/www.ufpb.br\/cga\/wp-content\/uploads\/sites\/79\/sites\/365\/2025\/09\/WhatsApp-Image-2025-08-01-at-14.44.57-1.jpeg 1600w\" sizes=\"auto, (max-width: 1024px) 100vw, 1024px\" \/><\/figure>\n<\/div>\n\n\n<p class=\"has-text-align-left has-medium-font-size\">O Programa de Compostagem foi criado com o objetivo de acondicionamento e reutiliza\u00e7\u00e3o do grande volume de res\u00edduo de folhas e galhos coletados (Serapilheira) na UFPB, em \u00e1reas cercadas, denominadas de leiras de compostagem, aplicando dessa forma, um tratamento mais eficiente que o tradicional. Antes, todo o res\u00edduo coletado era disposto em para o aterro sanit\u00e1rio. <\/p>\n\n\n\n<p class=\"has-medium-font-size\">Com esse esfor\u00e7o, transformando o &#8216;lixo&#8217; em um produto para nossa comunidade, a Comiss\u00e3o de Gest\u00e3o Ambiental da Universidade Federal da Para\u00edba (UFPB) demonstra seu compromisso com o Objetivo de Desenvolvimento Sustent\u00e1vel 12 (ODS 12), que visa garantir padr\u00f5es de produ\u00e7\u00e3o e consumo sustent\u00e1veis, promovendo a efici\u00eancia no uso de recursos naturais e o manejo respons\u00e1vel de res\u00edduos.<\/p>\n\n\n<div class=\"wp-block-image\">\n<figure class=\"aligncenter size-full is-resized\"><img loading=\"lazy\" decoding=\"async\" width=\"640\" height=\"635\" src=\"https:\/\/www.ufpb.br\/cga\/wp-content\/uploads\/sites\/79\/sites\/365\/2025\/11\/image-2.png\" alt=\"\" class=\"wp-image-1002\" style=\"width:182px;height:auto\" srcset=\"https:\/\/www.ufpb.br\/cga\/wp-content\/uploads\/sites\/79\/sites\/365\/2025\/11\/image-2.png 640w, https:\/\/www.ufpb.br\/cga\/wp-content\/uploads\/sites\/79\/sites\/365\/2025\/11\/image-2-300x298.png 300w, https:\/\/www.ufpb.br\/cga\/wp-content\/uploads\/sites\/79\/sites\/365\/2025\/11\/image-2-150x150.png 150w\" sizes=\"auto, (max-width: 640px) 100vw, 640px\" \/><figcaption class=\"wp-element-caption\">Fonte: gtagenda2030<\/figcaption><\/figure>\n<\/div>\n\n\n<h2 class=\"wp-block-heading\"><div class=\"linha-header\"><strong>Objetivos<\/strong> do Programa de Compostagem UFPB<\/div><\/h2>\n\n\n\n<ul class=\"wp-block-list\">\n<li>Produzir um documento p\u00fablico referente aos benef\u00edcios das a\u00e7\u00f5es desenvolvidas para a comunidade acad\u00eamica e os usu\u00e1rios da UFPB;<\/li>\n\n\n\n<li>Melhorar a qualidade do adubo produzido atrav\u00e9s da retirada de res\u00edduos s\u00f3lidos indesejados e do monitoramento do trabalho dos terceirizados;<\/li>\n\n\n\n<li>Realizar a\u00e7\u00f5es de conscientiza\u00e7\u00e3o e de educa\u00e7\u00e3o ambiental constantemente, atrav\u00e9s de m\u00eddias sociais (site da CGA, instagram, etc), com os discentes, docentes, t\u00e9cnicos e demais funcion\u00e1rios;<\/li>\n\n\n\n<li>Fornecer adubo para fins educacionais, sustent\u00e1veis e n\u00e3o lucrativos;<\/li>\n\n\n\n<li>Monitorar, atrav\u00e9s do contato com os agentes de limpeza, as composteiras que comp\u00f5em o sistema de compostagem<\/li>\n\n\n\n<li>Registrar os dados de monitoramento para controle das composteiras.<\/li>\n<\/ul>\n\n\n\n<p class=\"has-text-align-left has-medium-font-size\">        O res\u00edduo org\u00e2nico da varri\u00e7\u00e3o dos logradouros e podas das \u00e1rvores \u00e9 transportado e depositado no interior das composteiras, onde, ao final de 14 meses, conclui o processo de compostagem, transformando-se em h\u00famus, um fertilizante e regenerador de solos. Como n\u00e3o h\u00e1 recursos e equipamentos para realizar a revirada peri\u00f3dica da serapilheira, a oxigena\u00e7\u00e3o \u00e9 reduzida, retardando o processo, cuja dura\u00e7\u00e3o \u00e9 estendida quando comparada aos casos em que h\u00e1 revolvimento.<\/p>\n\n\n<div class=\"wp-block-image\">\n<figure class=\"aligncenter size-large is-resized\"><img loading=\"lazy\" decoding=\"async\" width=\"1024\" height=\"683\" src=\"http:\/\/www.ufpb.br\/cga\/wp-content\/uploads\/sites\/79\/sites\/365\/2025\/10\/maos-de-vista-lateral-segurando-terra-para-vasos-1024x683.jpg\" alt=\"\" class=\"wp-image-721\" style=\"width:428px;height:auto\" srcset=\"https:\/\/www.ufpb.br\/cga\/wp-content\/uploads\/sites\/79\/sites\/365\/2025\/10\/maos-de-vista-lateral-segurando-terra-para-vasos-1024x683.jpg 1024w, https:\/\/www.ufpb.br\/cga\/wp-content\/uploads\/sites\/79\/sites\/365\/2025\/10\/maos-de-vista-lateral-segurando-terra-para-vasos-300x200.jpg 300w, https:\/\/www.ufpb.br\/cga\/wp-content\/uploads\/sites\/79\/sites\/365\/2025\/10\/maos-de-vista-lateral-segurando-terra-para-vasos-768x512.jpg 768w, https:\/\/www.ufpb.br\/cga\/wp-content\/uploads\/sites\/79\/sites\/365\/2025\/10\/maos-de-vista-lateral-segurando-terra-para-vasos-1536x1024.jpg 1536w, https:\/\/www.ufpb.br\/cga\/wp-content\/uploads\/sites\/79\/sites\/365\/2025\/10\/maos-de-vista-lateral-segurando-terra-para-vasos-2048x1365.jpg 2048w, https:\/\/www.ufpb.br\/cga\/wp-content\/uploads\/sites\/79\/sites\/365\/2025\/10\/maos-de-vista-lateral-segurando-terra-para-vasos-272x182.jpg 272w\" sizes=\"auto, (max-width: 1024px) 100vw, 1024px\" \/><figcaption class=\"wp-element-caption\">Fonte: Freepik<\/figcaption><\/figure>\n<\/div>\n\n\n<h2 class=\"wp-block-heading\"><div class=\"linha-header\"><strong>Fundamentos<\/strong><\/div><\/h2>\n\n\n\n<p class=\"has-medium-font-size\">A Lei Federal N\u00ba 12305\/2010 instituiu a Pol\u00edtica Nacional de Res\u00edduos S\u00f3lidos (PNRS). De acordo com a referida pol\u00edtica, a compostagem \u00e9 uma das formas de destina\u00e7\u00e3o ambientalmente adequada para os res\u00edduos org\u00e2nicos, como os restos aliment\u00edcios, folhas e galhos. Al\u00e9m disso, Segundo Vital (2004), a produ\u00e7\u00e3o de serapilheira em floresta tropical semidecidual \u00e9 de 10,65 t\/ha\/ano, o que caracteriza 29,2 kg\/ha\/dia. Diante do exposto, a UFPB apresenta um potencial significativo de volumes do material, uma vez que, dentro da institui\u00e7\u00e3o, existem cerca de 14 fragmentos de mata atl\u00e2ntica, al\u00e9m de jardins e \u00e1rvores distribu\u00eddos pelo campus.<\/p>\n\n\n\n<h2 class=\"wp-block-heading\"><div class=\"linha-header\">A\u00e7\u00f5es<\/div><\/h2>\n\n\n\n<p class=\"has-medium-font-size\"><strong>Monitoramento das composteiras:<\/strong>&nbsp;O monitoramento das composteiras est\u00e1 sendo realizado pelo bolsista Diego Falc\u00e3o e Iasmine Soares, volunt\u00e1ria respons\u00e1vel pelo projeto. S\u00e3o gerados registros fotogr\u00e1ficos e levantamento de condi\u00e7\u00f5es das composteiras, disposi\u00e7\u00e3o de res\u00edduos nas mesmas e volume.<\/p>\n\n\n\n<p class=\"has-medium-font-size\"><a href=\"https:\/\/www.ufpb.br\/cga\/wp-content\/uploads\/sites\/79\/sites\/365\/2025\/11\/Relatorio-Compostagem-10.2025.pdf\">Relat\u00f3rio S\u00edntese da Compostagem<\/a><\/p>\n\n\n\n<p class=\"has-medium-font-size\"><a href=\"https:\/\/www.ufpb.br\/cga\/wp-content\/uploads\/sites\/79\/sites\/365\/2025\/11\/Campus-III-Relatorio_Compostagem_2024_2025.-1.pdf\">Relat\u00f3rio compostagem Campus III<\/a><\/p>\n\n\n\n<figure class=\"wp-block-image size-full\"><img loading=\"lazy\" decoding=\"async\" width=\"789\" height=\"556\" src=\"https:\/\/www.ufpb.br\/cga\/wp-content\/uploads\/sites\/79\/sites\/365\/2025\/09\/composteiras-1.png\" alt=\"\" class=\"wp-image-323\" srcset=\"https:\/\/www.ufpb.br\/cga\/wp-content\/uploads\/sites\/79\/sites\/365\/2025\/09\/composteiras-1.png 789w, https:\/\/www.ufpb.br\/cga\/wp-content\/uploads\/sites\/79\/sites\/365\/2025\/09\/composteiras-1-300x211.png 300w, https:\/\/www.ufpb.br\/cga\/wp-content\/uploads\/sites\/79\/sites\/365\/2025\/09\/composteiras-1-768x541.png 768w\" sizes=\"auto, (max-width: 789px) 100vw, 789px\" \/><\/figure>\n\n\n\n<p class=\"has-medium-font-size\"><strong>Educa\u00e7\u00e3o Ambiental Virtual:&nbsp;<\/strong>A produ\u00e7\u00e3o de material informativo tem o intuito de sensibilizar a comunidade acad\u00eamica e a sociedade atrav\u00e9s da educa\u00e7\u00e3o ambiental. As produ\u00e7\u00f5es s\u00e3o feitas nas estruturas de p\u00f4steres, panfletos, cartilhas e v\u00eddeos, para serem divulgados nas redes sociais de maior visibilidade, como Instagram (<a href=\"https:\/\/www.instagram.com\/cgaufpb\/\" target=\"_blank\" rel=\"noreferrer noopener\">@cgaufpb<\/a>) e Whatsapp.<\/p>\n\n\n\n<p class=\"has-medium-font-size\"><strong>Recupera\u00e7\u00e3o de \u00e1reas degradadas:&nbsp;<\/strong>Esta atividade consiste em: n\u00e3o remover a serapilheira de \u00e1reas com o solo exposto, para que o material se incorpore ao solo, enriquecendo-o; aplica\u00e7\u00e3o do composto produzido nas composteiras, nas \u00e1reas degradadas; plantio de grama.<\/p>\n\n\n\n<p class=\"has-medium-font-size\"><strong>Elabora\u00e7\u00e3o de um manual explicativo a respeito da compostagem:&nbsp;<\/strong>Visando explanar ao p\u00fablico como \u00e9 realizado o processo de compostagem, foi elaborado um&nbsp;<a href=\"https:\/\/www.ufpb.br\/cga\/wp-content\/uploads\/sites\/79\/sites\/365\/2025\/09\/manual-de-compostagem.pdf\">manual explicativo<\/a>&nbsp;sobre o assunto. \u00c9 um material com conte\u00fado simplificado, para que todos possam compreender e utiliz\u00e1-lo, ficando por dentro dos assuntos mais importantes da compostagem. Al\u00e9m dos principais pontos sobre a compostagem, tamb\u00e9m inclu\u00edmos assuntos sobre: compostagem dom\u00e9stica; mapa do campus I da UFPB, localizando nossas composteiras; ciclo da mat\u00e9ria org\u00e2nica; e outros temas.<\/p>\n\n\n\n<p class=\"has-medium-font-size\">Para mais informa\u00e7\u00f5es sobre compostagem, a EMBRAPA disponibiliza v\u00e1rios materiais e cursos sobre o tema.<br><a href=\"https:\/\/www.embrapa.br\/hortalica-nao-e-so-salada\/secoes\/compostagem\" data-type=\"link\" data-id=\"https:\/\/www.embrapa.br\/hortalica-nao-e-so-salada\/secoes\/compostagem\">Compostagem &#8211; Portal Embrapa<\/a><\/p>\n\n\n\n<p class=\"has-medium-font-size\"><a href=\"https:\/\/ava.sede.embrapa.br\/enrol\/index.php?id=101\">Curso de compostagem &#8211; Embrapa<\/a><\/p>\n\n\n<div class=\"wp-block-image\">\n<figure class=\"aligncenter size-full\"><img loading=\"lazy\" decoding=\"async\" width=\"446\" height=\"288\" src=\"https:\/\/www.ufpb.br\/cga\/wp-content\/uploads\/sites\/79\/sites\/365\/2025\/11\/image-1.png\" alt=\"\" class=\"wp-image-995\" srcset=\"https:\/\/www.ufpb.br\/cga\/wp-content\/uploads\/sites\/79\/sites\/365\/2025\/11\/image-1.png 446w, https:\/\/www.ufpb.br\/cga\/wp-content\/uploads\/sites\/79\/sites\/365\/2025\/11\/image-1-300x194.png 300w\" sizes=\"auto, (max-width: 446px) 100vw, 446px\" \/><\/figure>\n<\/div>\n\n\n<p class=\"has-medium-font-size\"><\/p>\n\n\n\n<p class=\"has-medium-font-size\"><strong>Doa\u00e7\u00f5es de adubo atrav\u00e9s de formul\u00e1rio elaborado pela equipe: &nbsp;<\/strong>O adubo produzido pelo Projeto de Compostagem na UFPB \u00e9 utilizado em atividades internas e doado a institui\u00e7\u00f5es e pessoas f\u00edsicas que n\u00e3o possuam interesses econ\u00f4micos para o composto. Com isso, foi elaborado um&nbsp;<a href=\"https:\/\/docs.google.com\/forms\/d\/e\/1FAIpQLScPI-6hkR6KSYn43QzjepUoLaDGn_Lai4LgaG5ZF-tN-2-c3w\/viewform\" target=\"_blank\" rel=\"noreferrer noopener\">formul\u00e1rio online<\/a>, atrav\u00e9s da plataforma Google Forms, para que os interessados possam solicitar o adubo. O formul\u00e1rio tamb\u00e9m pode ser acessado atrav\u00e9s da p\u00e1gina do Instagram:&nbsp;<a href=\"https:\/\/www.instagram.com\/p\/DPm5Y65Edbg\/\" data-type=\"link\" data-id=\"https:\/\/www.instagram.com\/cgaufpb\" target=\"_blank\" rel=\"noreferrer noopener\">@cgaufpb<\/a>, ou no QRcode abaixo.<\/p>\n\n\n<div class=\"wp-block-image\">\n<figure class=\"aligncenter size-full is-resized\"><img loading=\"lazy\" decoding=\"async\" width=\"1020\" height=\"1020\" src=\"https:\/\/www.ufpb.br\/cga\/wp-content\/uploads\/sites\/79\/sites\/365\/2025\/10\/image-40.png\" alt=\"\" class=\"wp-image-933\" style=\"width:378px;height:auto\" srcset=\"https:\/\/www.ufpb.br\/cga\/wp-content\/uploads\/sites\/79\/sites\/365\/2025\/10\/image-40.png 1020w, https:\/\/www.ufpb.br\/cga\/wp-content\/uploads\/sites\/79\/sites\/365\/2025\/10\/image-40-300x300.png 300w, https:\/\/www.ufpb.br\/cga\/wp-content\/uploads\/sites\/79\/sites\/365\/2025\/10\/image-40-150x150.png 150w, https:\/\/www.ufpb.br\/cga\/wp-content\/uploads\/sites\/79\/sites\/365\/2025\/10\/image-40-768x768.png 768w\" sizes=\"auto, (max-width: 1020px) 100vw, 1020px\" \/><\/figure>\n<\/div>\n\n\n<h2 class=\"wp-block-heading\"><div class=\"linha-header\">Equipe<\/div><\/h2>\n\n\n\n<p><strong>Coordenador:&nbsp;<\/strong>Elis\u00e2ngela Maria Rodrigues Rocha&nbsp;(Centro de Tecnologia, Departamento de Engenharia Civil e Ambiental);<\/p>\n\n\n\n<p><strong>Bolsista:&nbsp;<\/strong>Maria Heloisa<strong> <\/strong>Alves Braga da Silva <\/p>\n\n\n\n<p><strong>Volunt\u00e1rios:&nbsp;<\/strong>&nbsp;Iasminy Soares da Silva Oliveira,&nbsp;Diego Falc\u00e3o de Carvalho e <br>Tayane&nbsp;Helena Malheiros Silva<\/p>\n\n\n<div class=\"wp-block-image\">\n<figure class=\"aligncenter size-full is-resized\"><img loading=\"lazy\" decoding=\"async\" width=\"512\" height=\"512\" src=\"http:\/\/www.ufpb.br\/cga\/wp-content\/uploads\/sites\/79\/sites\/365\/2025\/09\/cropped-Banner-para-loja-de-eletronicos-smartphone-desconto-preto-e-vermelho-1920-_20250910_063234_0000-1-scaled-1.png\" alt=\"\" class=\"wp-image-362\" style=\"width:193px;height:auto\" srcset=\"https:\/\/www.ufpb.br\/cga\/wp-content\/uploads\/sites\/79\/sites\/365\/2025\/09\/cropped-Banner-para-loja-de-eletronicos-smartphone-desconto-preto-e-vermelho-1920-_20250910_063234_0000-1-scaled-1.png 512w, https:\/\/www.ufpb.br\/cga\/wp-content\/uploads\/sites\/79\/sites\/365\/2025\/09\/cropped-Banner-para-loja-de-eletronicos-smartphone-desconto-preto-e-vermelho-1920-_20250910_063234_0000-1-scaled-1-300x300.png 300w, https:\/\/www.ufpb.br\/cga\/wp-content\/uploads\/sites\/79\/sites\/365\/2025\/09\/cropped-Banner-para-loja-de-eletronicos-smartphone-desconto-preto-e-vermelho-1920-_20250910_063234_0000-1-scaled-1-150x150.png 150w, https:\/\/www.ufpb.br\/cga\/wp-content\/uploads\/sites\/79\/sites\/365\/2025\/09\/cropped-Banner-para-loja-de-eletronicos-smartphone-desconto-preto-e-vermelho-1920-_20250910_063234_0000-1-scaled-1-270x270.png 270w, https:\/\/www.ufpb.br\/cga\/wp-content\/uploads\/sites\/79\/sites\/365\/2025\/09\/cropped-Banner-para-loja-de-eletronicos-smartphone-desconto-preto-e-vermelho-1920-_20250910_063234_0000-1-scaled-1-192x192.png 192w, https:\/\/www.ufpb.br\/cga\/wp-content\/uploads\/sites\/79\/sites\/365\/2025\/09\/cropped-Banner-para-loja-de-eletronicos-smartphone-desconto-preto-e-vermelho-1920-_20250910_063234_0000-1-scaled-1-180x180.png 180w, https:\/\/www.ufpb.br\/cga\/wp-content\/uploads\/sites\/79\/sites\/365\/2025\/09\/cropped-Banner-para-loja-de-eletronicos-smartphone-desconto-preto-e-vermelho-1920-_20250910_063234_0000-1-scaled-1-32x32.png 32w\" sizes=\"auto, (max-width: 512px) 100vw, 512px\" \/><\/figure>\n<\/div>","protected":false},"excerpt":{"rendered":"<p>Conhe\u00e7a mais sobre o Programa de Compostagem O Programa de Compostagem foi criado com o [&hellip;]<\/p>\n","protected":false},"author":47,"featured_media":0,"parent":0,"menu_order":0,"comment_status":"closed","ping_status":"closed","template":"","meta":{"footnotes":""},"class_list":["post-29","page","type-page","status-publish","hentry"],"_links":{"self":[{"href":"https:\/\/www.ufpb.br\/cga\/wp-json\/wp\/v2\/pages\/29","targetHints":{"allow":["GET"]}}],"collection":[{"href":"https:\/\/www.ufpb.br\/cga\/wp-json\/wp\/v2\/pages"}],"about":[{"href":"https:\/\/www.ufpb.br\/cga\/wp-json\/wp\/v2\/types\/page"}],"author":[{"embeddable":true,"href":"https:\/\/www.ufpb.br\/cga\/wp-json\/wp\/v2\/users\/47"}],"replies":[{"embeddable":true,"href":"https:\/\/www.ufpb.br\/cga\/wp-json\/wp\/v2\/comments?post=29"}],"version-history":[{"count":38,"href":"https:\/\/www.ufpb.br\/cga\/wp-json\/wp\/v2\/pages\/29\/revisions"}],"predecessor-version":[{"id":1344,"href":"https:\/\/www.ufpb.br\/cga\/wp-json\/wp\/v2\/pages\/29\/revisions\/1344"}],"wp:attachment":[{"href":"https:\/\/www.ufpb.br\/cga\/wp-json\/wp\/v2\/media?parent=29"}],"curies":[{"name":"wp","href":"https:\/\/api.w.org\/{rel}","templated":true}]}}