{"id":40,"date":"2025-09-08T18:47:01","date_gmt":"2025-09-08T21:47:01","guid":{"rendered":"https:\/\/www.ufpb.br\/cga\/?page_id=40"},"modified":"2026-03-25T18:23:51","modified_gmt":"2026-03-25T21:23:51","slug":"consumo-consciente","status":"publish","type":"page","link":"https:\/\/www.ufpb.br\/cga\/consumo-consciente\/","title":{"rendered":"Consumo Consciente"},"content":{"rendered":"<div class=\"wp-block-image\">\n<figure class=\"aligncenter size-full\"><img loading=\"lazy\" decoding=\"async\" width=\"600\" height=\"315\" src=\"https:\/\/www.ufpb.br\/cga\/wp-content\/uploads\/sites\/79\/sites\/365\/2025\/10\/image-10.png\" alt=\"\" class=\"wp-image-711\" srcset=\"https:\/\/www.ufpb.br\/cga\/wp-content\/uploads\/sites\/79\/sites\/365\/2025\/10\/image-10.png 600w, https:\/\/www.ufpb.br\/cga\/wp-content\/uploads\/sites\/79\/sites\/365\/2025\/10\/image-10-300x158.png 300w\" sizes=\"auto, (max-width: 600px) 100vw, 600px\" \/><\/figure>\n<\/div>\n\n\n<p>Fonte da imagem: pensador.com<\/p>\n\n\n\n<p class=\"has-medium-font-size\">A CGA \u00e9 parceira da Comiss\u00e3o de Log\u00edstica Sustent\u00e1vel no acompanhamento e gest\u00e3o de alguns dos eixos do <a href=\"https:\/\/www.ufpb.br\/cga\/pls\/\">Plano de Log\u00edstica Sustent\u00e1vel da UFPB<\/a> (PLS). Monitoramos a sustentabilidade universit\u00e1ria atrav\u00e9s do acompanhamento do desempenho de mais de 40 indicadores relativos ao consumo de energia e \u00e1gua, ao deslocamento da frota, ao programa de coleta seletiva, compostagem, aos processos de compras e contrata\u00e7\u00f5es, \u00e0s a\u00e7\u00f5es de melhoria da qualidade de vida no ambiente de trabalho, entre outros.<\/p>\n\n\n\n<p class=\"has-medium-font-size\">Dentre nossas campanhas, destacam-se as pela redu\u00e7\u00e3o de consumo de copos descart\u00e1veis, papel e impres\u00f5es,  S\u00e3o procedimentos para o uso racional de papel nos \u00f3rg\u00e3os p\u00fablicos:<\/p>\n\n\n\n<ul id=\"yui_3_18_1_1_1767018204533_59\" class=\"wp-block-list\">\n<li class=\"has-medium-font-size\">Utilizar frente e verso das folhas, sempre que poss\u00edvel;<\/li>\n\n\n\n<li class=\"has-medium-font-size\">Utilizar sistema eletr\u00f4nico de processos;<\/li>\n\n\n\n<li class=\"has-medium-font-size\">Adotar ilhas de impress\u00e3o;<\/li>\n\n\n\n<li class=\"has-medium-font-size\">Configurar os computadores para impress\u00e3o frente e verso dos documentos;<\/li>\n\n\n\n<li class=\"has-medium-font-size\">Confeccionar blocos de anota\u00e7\u00e3o com os pap\u00e9is utilizados apenas de um lado;<\/li>\n\n\n\n<li class=\"has-medium-font-size\">Realizar campanhas de conscientiza\u00e7\u00e3o;<\/li>\n\n\n\n<li class=\"has-medium-font-size\">Reduzir a aquisi\u00e7\u00e3o de resmas de papel;<\/li>\n<\/ul>\n\n\n\n<p><\/p>\n\n\n\n<p class=\"has-medium-font-size\">Uma das bases do consumo consciente \u00e9 o princ\u00edpio dos 3Rs: Reduzir, Reutilizar e Reciclar. A aplica\u00e7\u00e3o desses princ\u00edpios busca diminuir o desperd\u00edcio, prolongar a vida \u00fatil dos itens e dar um destino correto aos res\u00edduos.&nbsp;<\/p>\n\n\n<div class=\"wp-block-image\">\n<figure class=\"aligncenter size-full\"><img loading=\"lazy\" decoding=\"async\" width=\"645\" height=\"633\" src=\"http:\/\/www.ufpb.br\/cga\/wp-content\/uploads\/sites\/79\/sites\/365\/2025\/09\/3Rs.png\" alt=\"\" class=\"wp-image-228\" srcset=\"https:\/\/www.ufpb.br\/cga\/wp-content\/uploads\/sites\/79\/sites\/365\/2025\/09\/3Rs.png 645w, https:\/\/www.ufpb.br\/cga\/wp-content\/uploads\/sites\/79\/sites\/365\/2025\/09\/3Rs-300x294.png 300w\" sizes=\"auto, (max-width: 645px) 100vw, 645px\" \/><\/figure>\n<\/div>\n\n\n<p class=\"has-medium-font-size\"><strong>Como praticar o consumo consciente<\/strong><\/p>\n\n\n\n<ul class=\"wp-block-list\">\n<li class=\"has-medium-font-size\"><strong>Evite o consumo de papel:<\/strong> S\u00f3 imprima o que for imprescind\u00edvel, crie o h\u00e1bito de manter seus arquivos e documentos em m\u00eddias digitais, n\u00e3o esque\u00e7a dos backups.<\/li>\n\n\n\n<li class=\"has-medium-font-size\"><strong>Adote um copo ou um squeeze: <\/strong>Quando sair de casa ou no trabalho, tenha sempre em m\u00e3os sua caneca ou garrafinha. Evite o uso de copos descart\u00e1veis e oriente seus colegas.<\/li>\n\n\n\n<li class=\"has-medium-font-size\"><strong>Evite embalagens desnecess\u00e1rias:<\/strong> Opte por produtos com menos embalagem ou sem embalagem sempre que poss\u00edvel, especialmente pl\u00e1sticos de uso \u00fanico.&nbsp;<\/li>\n\n\n\n<li class=\"has-medium-font-size\"><strong>Planeje suas compras:<\/strong> Compre apenas o que realmente precisa, evitando itens sup\u00e9rfluos. Quando for presentear algu\u00e9m, opte pela criatividade e originalidade.&nbsp;<\/li>\n\n\n\n<li class=\"has-medium-font-size\"><strong>Verifique a origem dos produtos:<\/strong> Prefira produtos de agricultores, artes\u00e3os locais e empresas que adotam pr\u00e1ticas de sustentabilidade.&nbsp;<\/li>\n\n\n\n<li class=\"has-medium-font-size\"><strong>Priorize o transporte sustent\u00e1vel:<\/strong> Utilize transportes p\u00fablicos e compartilhados para reduzir a polui\u00e7\u00e3o.&nbsp;Use bicicleta ou caminhe sempre que poss\u00edvel, sua saude agradece! <\/li>\n\n\n\n<li class=\"has-medium-font-size\"><strong>Recicle e reutilize: <\/strong>N\u00e3o descarte itens quebrados ou sem uso imediatamente.&nbsp;Tente consert\u00e1-los e recicle o que for poss\u00edvel.&nbsp;<\/li>\n\n\n\n<li class=\"has-medium-font-size\"><strong>Apoie o mercado de segunda m\u00e3o:<\/strong>Visite brech\u00f3s, sebos e plataformas de vendas de itens usados para dar uma nova vida a eles.&nbsp;<\/li>\n\n\n\n<li class=\"has-medium-font-size\"><strong>Valorize empresas respons\u00e1veis:<\/strong> Pesquise sobre as pr\u00e1ticas das empresas em rela\u00e7\u00e3o aos seus funcion\u00e1rios, \u00e0 sociedade e ao meio ambiente antes de comprar.&nbsp;<\/li>\n\n\n\n<li class=\"has-medium-font-size\"><strong>Reduza o desperd\u00edcio de energia e \u00e1gua:<\/strong> Desligue as luzes quando sair de um ambiente, feche a torneira quando n\u00e3o estiver usando. Use os recursos naturais de forma consciente. <a href=\"https:\/\/ava-educamb.mma.gov.br\/pluginfile.php\/36\/mod_book\/chapter\/67\/MANUAL_DE_ECONOMIA_DE_ENERGIA_Uso_Susten.pdf\" target=\"_blank\" rel=\"noreferrer noopener\">Manual de economia de energia<\/a><\/li>\n\n\n\n<li class=\"has-medium-font-size\"><strong>Divulgue o consumo consciente:<\/strong> Incentive amigos e familiares a adotarem pr\u00e1ticas sustent\u00e1veis para aumentar o impacto positivo.&nbsp;<\/li>\n<\/ul>\n\n\n\n<p class=\"has-medium-font-size\"><strong>Vamos come\u00e7ar a mudar nossos h\u00e1bitos?<\/strong><\/p>\n\n\n<div class=\"wp-block-image\">\n<figure class=\"aligncenter size-full is-resized\"><img loading=\"lazy\" decoding=\"async\" width=\"800\" height=\"600\" src=\"https:\/\/www.ufpb.br\/cga\/wp-content\/uploads\/sites\/79\/sites\/365\/2025\/10\/image-11.png\" alt=\"\" class=\"wp-image-713\" style=\"width:460px;height:auto\" srcset=\"https:\/\/www.ufpb.br\/cga\/wp-content\/uploads\/sites\/79\/sites\/365\/2025\/10\/image-11.png 800w, https:\/\/www.ufpb.br\/cga\/wp-content\/uploads\/sites\/79\/sites\/365\/2025\/10\/image-11-300x225.png 300w, https:\/\/www.ufpb.br\/cga\/wp-content\/uploads\/sites\/79\/sites\/365\/2025\/10\/image-11-768x576.png 768w\" sizes=\"auto, (max-width: 800px) 100vw, 800px\" \/><\/figure>\n<\/div>\n\n\n<p>Fonte da imagem: belasmensagens<\/p>\n\n\n\n<p class=\"has-medium-font-size\">Pequenos h\u00e1bitos cotidianos, que podem e devem ser praticados em nossas casas tamb\u00e9m, podem fazer a diferen\u00e7a. A CGA t\u00eam incentivado a ado\u00e7\u00e3o das seguintes pr\u00e1ticas:<\/p>\n\n\n\n<ul class=\"wp-block-list\">\n<li class=\"has-medium-font-size\">orientar sobre o uso de copos e garrafinhas retorn\u00e1veis;<\/li>\n\n\n\n<li class=\"has-medium-font-size\">campanha com foco na <strong>diminui\u00e7\u00e3o do consumo<\/strong> de papel impresso.<\/li>\n\n\n\n<li class=\"has-medium-font-size\"><strong>separa\u00e7\u00e3o dos res\u00edduos<\/strong> recicl\u00e1veis: papel e papel\u00e3o, pl\u00e1sticos, metal e vidro, com posterior <strong>doa\u00e7\u00e3o<\/strong> para entidades de catadores.<\/li>\n\n\n\n<li class=\"has-medium-font-size\">realizar a <strong>compostagem<\/strong> dos res\u00edduos org\u00e2nicos como folhas, restos de alimento<\/li>\n\n\n\n<li class=\"has-medium-font-size\"><strong>apagar a luz <\/strong>ao sair do ambiente (salas e banheiros, por exemplo), desligar o monitor do computador;<\/li>\n\n\n\n<li class=\"has-medium-font-size\"><strong>fechar a torneira<\/strong> quando n\u00e3o estiver usando;<\/li>\n\n\n\n<li class=\"has-medium-font-size\"><strong>usar a escada<\/strong>, pois faz bem \u00e0 sa\u00fade e economiza energia;<\/li>\n\n\n\n<li class=\"has-medium-font-size\">fechar portas e janelas ao ligar o ar condicionado, ou manter as janelas abertas e o ar condicionado desligado, para ventila\u00e7\u00e3o natural e economia de energia;<\/li>\n<\/ul>\n\n\n<div class=\"wp-block-image\">\n<figure class=\"aligncenter size-full is-resized\"><img loading=\"lazy\" decoding=\"async\" width=\"640\" height=\"635\" src=\"https:\/\/www.ufpb.br\/cga\/wp-content\/uploads\/sites\/79\/sites\/365\/2025\/10\/image-9.png\" alt=\"\" class=\"wp-image-709\" style=\"width:194px;height:auto\" srcset=\"https:\/\/www.ufpb.br\/cga\/wp-content\/uploads\/sites\/79\/sites\/365\/2025\/10\/image-9.png 640w, https:\/\/www.ufpb.br\/cga\/wp-content\/uploads\/sites\/79\/sites\/365\/2025\/10\/image-9-300x298.png 300w, https:\/\/www.ufpb.br\/cga\/wp-content\/uploads\/sites\/79\/sites\/365\/2025\/10\/image-9-150x150.png 150w\" sizes=\"auto, (max-width: 640px) 100vw, 640px\" \/><\/figure>\n<\/div>\n\n\n<p class=\"has-text-align-center\">Fonte da imagem: gtagenda2030<\/p>\n\n\n\n<h2 class=\"wp-block-heading\"><div class=\"linha-header\">Consumo Consciente e a Agenda 2030 (ODS 12)<\/div><\/h2>\n\n\n\n<p class=\"has-medium-font-size\">O <strong>Consumo Consciente<\/strong> \u00e9 um pilar estrat\u00e9gico para a atua\u00e7\u00e3o da CGA-UFPB e est\u00e1 diretamente alinhado com a <strong>Agenda 2030<\/strong> da Organiza\u00e7\u00e3o das Na\u00e7\u00f5es Unidas (ONU), especialmente com o <strong>Objetivo de Desenvolvimento Sustent\u00e1vel (ODS) 12: Produ\u00e7\u00e3o e Consumo Respons\u00e1veis<\/strong>.<\/p>\n\n\n\n<p class=\"has-medium-font-size\">Este ODS visa garantir que a produ\u00e7\u00e3o e o consumo de bens e servi\u00e7os sejam realizados de maneira a <strong>preservar os recursos naturais e o meio ambiente para as futuras gera\u00e7\u00f5es<\/strong>. O consumo consciente, por sua vez, \u00e9 a ferramenta essencial que permite a indiv\u00edduos, empresas e governos alcan\u00e7ar as metas globais propostas.<\/p>\n\n\n\n<h3 class=\"wp-block-heading\">ODS 12: Produ\u00e7\u00e3o e Consumo Respons\u00e1veis<\/h3>\n\n\n\n<p class=\"has-medium-font-size\">O objetivo central deste ODS \u00e9 reverter os padr\u00f5es atuais insustent\u00e1veis de produ\u00e7\u00e3o e consumo, que resultam em escassez de recursos e degrada\u00e7\u00e3o ambiental.<\/p>\n\n\n\n<p class=\"has-medium-font-size\"><strong>As metas do ODS 12, que guiam nossas a\u00e7\u00f5es, incluem:<\/strong><\/p>\n\n\n\n<ul class=\"wp-block-list\">\n<li><strong>Redu\u00e7\u00e3o do Desperd\u00edcio:<\/strong>\n<ul class=\"wp-block-list\">\n<li>Diminuir pela metade o desperd\u00edcio global de alimentos <em>per capita<\/em> (at\u00e9 2030).<\/li>\n\n\n\n<li>Reduzir substancialmente a gera\u00e7\u00e3o de res\u00edduos por meio da preven\u00e7\u00e3o, redu\u00e7\u00e3o, reciclagem e reuso.<\/li>\n<\/ul>\n<\/li>\n\n\n\n<li><strong>Gest\u00e3o Sustent\u00e1vel de Recursos:<\/strong>\n<ul class=\"wp-block-list\">\n<li>Assegurar o uso eficiente dos recursos naturais.<\/li>\n\n\n\n<li>Garantir a gest\u00e3o ambientalmente saud\u00e1vel de produtos qu\u00edmicos e de todos os res\u00edduos.<\/li>\n<\/ul>\n<\/li>\n\n\n\n<li><strong>Ado\u00e7\u00e3o de Pr\u00e1ticas Sustent\u00e1veis:<\/strong>\n<ul class=\"wp-block-list\">\n<li>Promover pr\u00e1ticas de compras p\u00fablicas sustent\u00e1veis.<\/li>\n\n\n\n<li>Incentivar empresas (e a pr\u00f3pria universidade) a adotar modelos e pr\u00e1ticas mais respons\u00e1veis em suas opera\u00e7\u00f5es.<\/li>\n<\/ul>\n<\/li>\n\n\n\n<li><strong>Conscientiza\u00e7\u00e3o e Informa\u00e7\u00e3o:<\/strong>\n<ul class=\"wp-block-list\">\n<li>Garantir que as pessoas em todos os lugares tenham acesso \u00e0 informa\u00e7\u00e3o e \u00e0 conscientiza\u00e7\u00e3o necess\u00e1rias para tomar decis\u00f5es de consumo mais respons\u00e1veis e em harmonia com a natureza.<\/li>\n<\/ul>\n<\/li>\n<\/ul>\n\n\n\n<hr class=\"wp-block-separator has-alpha-channel-opacity\" \/>\n\n\n\n<p class=\"has-text-align-center has-large-font-size\"><strong>A sociedade de consumo prospera enquanto consegue tornar perp\u00e9tua a n\u00e3o-satisfa\u00e7\u00e3o de seus membros (e assim, em seus pr\u00f3prios termos, a infelicidade deles).<\/strong><\/p>\n\n\n\n<p class=\"has-text-align-right has-medium-font-size\">Zygmund Bauman<\/p>\n\n\n<div class=\"wp-block-image\">\n<figure class=\"aligncenter size-full is-resized\"><img loading=\"lazy\" decoding=\"async\" width=\"150\" height=\"150\" src=\"http:\/\/www.ufpb.br\/cga\/wp-content\/uploads\/sites\/79\/sites\/365\/2026\/01\/image-20.png\" alt=\"\" class=\"wp-image-1381\" style=\"width:280px;height:auto\" \/><\/figure>\n<\/div>","protected":false},"excerpt":{"rendered":"<p>Fonte da imagem: pensador.com A CGA \u00e9 parceira da Comiss\u00e3o de Log\u00edstica Sustent\u00e1vel no acompanhamento [&hellip;]<\/p>\n","protected":false},"author":47,"featured_media":0,"parent":0,"menu_order":0,"comment_status":"closed","ping_status":"closed","template":"","meta":{"footnotes":""},"class_list":["post-40","page","type-page","status-publish","hentry"],"_links":{"self":[{"href":"https:\/\/www.ufpb.br\/cga\/wp-json\/wp\/v2\/pages\/40","targetHints":{"allow":["GET"]}}],"collection":[{"href":"https:\/\/www.ufpb.br\/cga\/wp-json\/wp\/v2\/pages"}],"about":[{"href":"https:\/\/www.ufpb.br\/cga\/wp-json\/wp\/v2\/types\/page"}],"author":[{"embeddable":true,"href":"https:\/\/www.ufpb.br\/cga\/wp-json\/wp\/v2\/users\/47"}],"replies":[{"embeddable":true,"href":"https:\/\/www.ufpb.br\/cga\/wp-json\/wp\/v2\/comments?post=40"}],"version-history":[{"count":18,"href":"https:\/\/www.ufpb.br\/cga\/wp-json\/wp\/v2\/pages\/40\/revisions"}],"predecessor-version":[{"id":1749,"href":"https:\/\/www.ufpb.br\/cga\/wp-json\/wp\/v2\/pages\/40\/revisions\/1749"}],"wp:attachment":[{"href":"https:\/\/www.ufpb.br\/cga\/wp-json\/wp\/v2\/media?parent=40"}],"curies":[{"name":"wp","href":"https:\/\/api.w.org\/{rel}","templated":true}]}}