{"id":42,"date":"2025-09-08T18:48:15","date_gmt":"2025-09-08T21:48:15","guid":{"rendered":"https:\/\/www.ufpb.br\/cga\/?page_id=42"},"modified":"2025-11-07T12:11:07","modified_gmt":"2025-11-07T15:11:07","slug":"gestao-de-aguas","status":"publish","type":"page","link":"https:\/\/www.ufpb.br\/cga\/gestao-de-aguas\/","title":{"rendered":"Gest\u00e3o de \u00c1guas"},"content":{"rendered":"\n<figure class=\"wp-block-image size-full\"><img loading=\"lazy\" decoding=\"async\" width=\"768\" height=\"262\" src=\"http:\/\/www.ufpb.br\/cga\/wp-content\/uploads\/sites\/79\/sites\/365\/2025\/09\/4e650c53-7c75-4eec-9cfe-217f5ca04c50-1.png\" alt=\"\" class=\"wp-image-43\" srcset=\"https:\/\/www.ufpb.br\/cga\/wp-content\/uploads\/sites\/79\/sites\/365\/2025\/09\/4e650c53-7c75-4eec-9cfe-217f5ca04c50-1.png 768w, https:\/\/www.ufpb.br\/cga\/wp-content\/uploads\/sites\/79\/sites\/365\/2025\/09\/4e650c53-7c75-4eec-9cfe-217f5ca04c50-1-300x102.png 300w\" sizes=\"auto, (max-width: 768px) 100vw, 768px\" \/><\/figure>\n\n\n\n<p><\/p>\n\n\n\n<p class=\"has-medium-font-size\">Diante da urg\u00eancia imposta pela crise h\u00eddrica global, a Comiss\u00e3o de Gest\u00e3o Ambiental da Universidade Federal da Para\u00edba (UFPB) demonstra seu compromisso com a <strong>ODS 6 \u2013 \u00c1gua Pot\u00e1vel e Saneamento<\/strong>, que visa &#8220;assegurar a disponibilidade e gest\u00e3o sustent\u00e1vel da \u00e1gua e saneamento para todos&#8221;.<\/p>\n\n\n<div class=\"wp-block-image\">\n<figure class=\"aligncenter size-full is-resized\"><img loading=\"lazy\" decoding=\"async\" width=\"640\" height=\"638\" src=\"https:\/\/www.ufpb.br\/cga\/wp-content\/uploads\/sites\/79\/sites\/365\/2025\/10\/image-16.png\" alt=\"\" class=\"wp-image-770\" style=\"width:201px;height:auto\" srcset=\"https:\/\/www.ufpb.br\/cga\/wp-content\/uploads\/sites\/79\/sites\/365\/2025\/10\/image-16.png 640w, https:\/\/www.ufpb.br\/cga\/wp-content\/uploads\/sites\/79\/sites\/365\/2025\/10\/image-16-300x300.png 300w, https:\/\/www.ufpb.br\/cga\/wp-content\/uploads\/sites\/79\/sites\/365\/2025\/10\/image-16-150x150.png 150w\" sizes=\"auto, (max-width: 640px) 100vw, 640px\" \/><\/figure>\n<\/div>\n\n\n<p class=\"has-text-align-center has-small-font-size\">Fonte da imagem: gtagenda2030<\/p>\n\n\n\n<p><\/p>\n\n\n\n<p class=\"has-medium-font-size\">Para contribuir ativamente com a Meta 6.4 (aumento substancial da efici\u00eancia do uso da \u00e1gua), a Comiss\u00e3o instituiu o Programa &#8220;Cada gota \u00e9 importante&#8221;. Este programa, que atua em conformidade com o Plano de Log\u00edstica Sustent\u00e1vel (PLS) da UFPB, foca na gest\u00e3o eficiente e sustent\u00e1vel da \u00e1gua em quatro dimens\u00f5es:<\/p>\n\n\n\n<p>Dimens\u00e3o 1 &#8211; quantificar e monitorar o uso e desperd\u00edcios;<\/p>\n\n\n\n<p>Dimens\u00e3o 2 &#8211; promover a redu\u00e7\u00e3o do uso; e<\/p>\n\n\n\n<p>Dimens\u00e3o 3 &#8211; desenvolver e implementar um sistema de reutiliza\u00e7\u00e3o de \u00e1guas e aproveitamento de \u00e1guas pluviais.<\/p>\n\n\n\n<p>Dimens\u00e3o 4 &#8211; campanhas de educa\u00e7\u00e3o ambiental. <\/p>\n\n\n\n<h2 class=\"wp-block-heading\"><div class=\"linha-header\"><strong>Objetivo Estrat\u00e9gico<\/strong><\/div><\/h2>\n\n\n\n<p class=\" \">Estabelecer pr\u00e1ticas de sustentabilidade e de uso racional para consumo de \u00e1gua e gera\u00e7\u00e3o de esgoto.<\/p>\n\n\n\n<h2 class=\"wp-block-heading\"><div class=\"linha-header\"><strong>Objetivos Espec\u00edficos<\/strong><\/div><\/h2>\n\n\n\n<ul class=\"wp-block-list\">\n<li>Monitorar o consumo e o gasto relacionados a \u00e1gua dos campi da UFPB.<\/li>\n\n\n\n<li>Mostrar a import\u00e2ncia do recurso natural \u2013 \u00e1gua.<\/li>\n\n\n\n<li>Apresentar a relev\u00e2ncia da gest\u00e3o de \u00e1guas.<\/li>\n\n\n\n<li>Contribuir com o uso sustent\u00e1vel da \u00e1gua.<\/li>\n\n\n\n<li>Estimular o combate ao desperd\u00edcio da \u00e1gua.<\/li>\n<\/ul>\n\n\n\n<h2 class=\"wp-block-heading\"><div class=\"linha-header\"><strong>Fundamentos<\/strong>&nbsp;<\/div><\/h2>\n\n\n\n<p class=\"has-medium-font-size\">A \u00e1gua \u00e9 um bem de dom\u00ednio p\u00fablico, um recurso natural limitado, dotado de valor econ\u00f4mico, sendo a responsabilidade da coletividade assegurar \u00e0 atual e \u00e0s futuras gera\u00e7\u00f5es a necess\u00e1ria disponibilidade de \u00e1gua, em padr\u00f5es de qualidade adequados aos seus respectivos usos.<\/p>\n\n\n\n<p class=\"has-medium-font-size\">O projeto <strong>Cada gota \u00e9 importante<\/strong> faz parte de uma das a\u00e7\u00f5es da Comiss\u00e3o de Gest\u00e3o Ambiental (CGA), busca promover a redu\u00e7\u00e3o do uso e o combate ao desperd\u00edcio de \u00e1gua, al\u00e9m de campanha de educa\u00e7\u00e3o ambiental. O projeto tem como finalidade o n\u00e3o desperd\u00edcio e uso racional da \u00e1gua no campus.<\/p>\n\n\n\n<p class=\"has-medium-font-size\">Dicas para economia de \u00e1gua que podem ser aplicados nos banheiros, como tamb\u00e9m em qualquer ambiente onde tenham equipamentos hidrossanit\u00e1rios. S\u00e3o 10 dicas ao todo, que s\u00e3o:&nbsp;&nbsp;<\/p>\n\n\n\n<ol start=\"1\" class=\"wp-block-list\">\n<li>limpe antes de lavar;<\/li>\n\n\n\n<li>n\u00e3o abrir a torneira mais que o necess\u00e1rio;<\/li>\n\n\n\n<li>feche a torneira ao ensaboar a lou\u00e7a, no banho tamb\u00e9m;<\/li>\n\n\n\n<li>feche bem a torneira ap\u00f3s usa-la, mas n\u00e3o com for\u00e7a excessiva;<\/li>\n\n\n\n<li>fique atento se a torneira n\u00e3o est\u00e1 pingando ap\u00f3s fech\u00e1-la;<\/li>\n\n\n\n<li>n\u00e3o d\u00ea descarga \u00e0 toa, acione somente quando houver necessidade;<\/li>\n\n\n\n<li>n\u00e3o jogue lixo no vaso sanit\u00e1rio, nem em bueiros;<\/li>\n\n\n\n<li>mantenha sempre os ambientes limpos;<\/li>\n\n\n\n<li>aten\u00e7\u00e3o a vazamentos, mesmo os pequenos; e<\/li>\n\n\n\n<li>solicite o reparo dos aparelhos entrando em contato com o setor respons\u00e1vel sempre que constatar vazamentos<\/li>\n<\/ol>\n\n\n\n<p>Essas dicas podem ser adotadas em nossas casas tamb\u00e9m.<\/p>\n\n\n\n<p class=\" \">Al\u00e9m disso, o projeto prop\u00f5e que os discentes, docentes e demais usu\u00e1rios, tornem-se um agente ativo na a\u00e7\u00e3o contra o desperd\u00edcio de \u00e1gua no campus, disponibilizando os contatos do setor respons\u00e1vel da manuten\u00e7\u00e3o, para que sempre que constatarem vazamento ou defeito em algum equipamento hidrossanit\u00e1rios fa\u00e7am um chamado para a manuten\u00e7\u00e3o dos mesmos o mais r\u00e1pido poss\u00edvel.<\/p>\n\n\n\n<h2 class=\"wp-block-heading\"><div class=\"linha-header\">A\u00e7\u00f5es<\/div><\/h2>\n\n\n\n<p><strong>Monitoramento do consumo e gasto de \u00e1guas dos campi da UFPB<\/strong><\/p>\n\n\n<div class=\"wp-block-image\">\n<figure class=\"aligncenter size-large is-resized\"><img loading=\"lazy\" decoding=\"async\" width=\"724\" height=\"1024\" src=\"http:\/\/www.ufpb.br\/cga\/wp-content\/uploads\/sites\/79\/sites\/365\/2025\/09\/Cartaz-cada-gota-e-importante--724x1024.jpg\" alt=\"\" class=\"wp-image-202\" style=\"width:318px;height:auto\" srcset=\"https:\/\/www.ufpb.br\/cga\/wp-content\/uploads\/sites\/79\/sites\/365\/2025\/09\/Cartaz-cada-gota-e-importante--724x1024.jpg 724w, https:\/\/www.ufpb.br\/cga\/wp-content\/uploads\/sites\/79\/sites\/365\/2025\/09\/Cartaz-cada-gota-e-importante--212x300.jpg 212w, https:\/\/www.ufpb.br\/cga\/wp-content\/uploads\/sites\/79\/sites\/365\/2025\/09\/Cartaz-cada-gota-e-importante--768x1086.jpg 768w, https:\/\/www.ufpb.br\/cga\/wp-content\/uploads\/sites\/79\/sites\/365\/2025\/09\/Cartaz-cada-gota-e-importante--1086x1536.jpg 1086w, https:\/\/www.ufpb.br\/cga\/wp-content\/uploads\/sites\/79\/sites\/365\/2025\/09\/Cartaz-cada-gota-e-importante-.jpg 1414w\" sizes=\"auto, (max-width: 724px) 100vw, 724px\" \/><\/figure>\n<\/div>\n\n\n<p class=\" \">&nbsp;<\/p>\n\n\n\n<p class=\"has-text-align-center has-large-font-size\">Contamos com voc\u00ea. <\/p>\n\n\n\n<p class=\"has-text-align-center has-large-font-size\">N\u00e3o esque\u00e7a, cada gota \u00e9 importante!<\/p>\n\n\n<div class=\"wp-block-image\">\n<figure class=\"aligncenter size-full is-resized\"><img loading=\"lazy\" decoding=\"async\" width=\"512\" height=\"512\" src=\"http:\/\/www.ufpb.br\/cga\/wp-content\/uploads\/sites\/79\/sites\/365\/2025\/09\/cropped-Banner-para-loja-de-eletronicos-smartphone-desconto-preto-e-vermelho-1920-_20250910_063234_0000-1-scaled-1.png\" alt=\"\" class=\"wp-image-362\" style=\"width:191px;height:auto\" srcset=\"https:\/\/www.ufpb.br\/cga\/wp-content\/uploads\/sites\/79\/sites\/365\/2025\/09\/cropped-Banner-para-loja-de-eletronicos-smartphone-desconto-preto-e-vermelho-1920-_20250910_063234_0000-1-scaled-1.png 512w, https:\/\/www.ufpb.br\/cga\/wp-content\/uploads\/sites\/79\/sites\/365\/2025\/09\/cropped-Banner-para-loja-de-eletronicos-smartphone-desconto-preto-e-vermelho-1920-_20250910_063234_0000-1-scaled-1-300x300.png 300w, https:\/\/www.ufpb.br\/cga\/wp-content\/uploads\/sites\/79\/sites\/365\/2025\/09\/cropped-Banner-para-loja-de-eletronicos-smartphone-desconto-preto-e-vermelho-1920-_20250910_063234_0000-1-scaled-1-150x150.png 150w, https:\/\/www.ufpb.br\/cga\/wp-content\/uploads\/sites\/79\/sites\/365\/2025\/09\/cropped-Banner-para-loja-de-eletronicos-smartphone-desconto-preto-e-vermelho-1920-_20250910_063234_0000-1-scaled-1-270x270.png 270w, https:\/\/www.ufpb.br\/cga\/wp-content\/uploads\/sites\/79\/sites\/365\/2025\/09\/cropped-Banner-para-loja-de-eletronicos-smartphone-desconto-preto-e-vermelho-1920-_20250910_063234_0000-1-scaled-1-192x192.png 192w, https:\/\/www.ufpb.br\/cga\/wp-content\/uploads\/sites\/79\/sites\/365\/2025\/09\/cropped-Banner-para-loja-de-eletronicos-smartphone-desconto-preto-e-vermelho-1920-_20250910_063234_0000-1-scaled-1-180x180.png 180w, https:\/\/www.ufpb.br\/cga\/wp-content\/uploads\/sites\/79\/sites\/365\/2025\/09\/cropped-Banner-para-loja-de-eletronicos-smartphone-desconto-preto-e-vermelho-1920-_20250910_063234_0000-1-scaled-1-32x32.png 32w\" sizes=\"auto, (max-width: 512px) 100vw, 512px\" \/><\/figure>\n<\/div>","protected":false},"excerpt":{"rendered":"<p>Diante da urg\u00eancia imposta pela crise h\u00eddrica global, a Comiss\u00e3o de Gest\u00e3o Ambiental da Universidade [&hellip;]<\/p>\n","protected":false},"author":47,"featured_media":586,"parent":0,"menu_order":0,"comment_status":"closed","ping_status":"closed","template":"","meta":{"footnotes":""},"class_list":["post-42","page","type-page","status-publish","has-post-thumbnail","hentry"],"_links":{"self":[{"href":"https:\/\/www.ufpb.br\/cga\/wp-json\/wp\/v2\/pages\/42","targetHints":{"allow":["GET"]}}],"collection":[{"href":"https:\/\/www.ufpb.br\/cga\/wp-json\/wp\/v2\/pages"}],"about":[{"href":"https:\/\/www.ufpb.br\/cga\/wp-json\/wp\/v2\/types\/page"}],"author":[{"embeddable":true,"href":"https:\/\/www.ufpb.br\/cga\/wp-json\/wp\/v2\/users\/47"}],"replies":[{"embeddable":true,"href":"https:\/\/www.ufpb.br\/cga\/wp-json\/wp\/v2\/comments?post=42"}],"version-history":[{"count":12,"href":"https:\/\/www.ufpb.br\/cga\/wp-json\/wp\/v2\/pages\/42\/revisions"}],"predecessor-version":[{"id":1015,"href":"https:\/\/www.ufpb.br\/cga\/wp-json\/wp\/v2\/pages\/42\/revisions\/1015"}],"wp:featuredmedia":[{"embeddable":true,"href":"https:\/\/www.ufpb.br\/cga\/wp-json\/wp\/v2\/media\/586"}],"wp:attachment":[{"href":"https:\/\/www.ufpb.br\/cga\/wp-json\/wp\/v2\/media?parent=42"}],"curies":[{"name":"wp","href":"https:\/\/api.w.org\/{rel}","templated":true}]}}