{"id":45,"date":"2025-09-08T18:49:09","date_gmt":"2025-09-08T21:49:09","guid":{"rendered":"https:\/\/www.ufpb.br\/cga\/?page_id=45"},"modified":"2025-11-28T14:17:14","modified_gmt":"2025-11-28T17:17:14","slug":"gestao-de-areas-verdes","status":"publish","type":"page","link":"https:\/\/www.ufpb.br\/cga\/gestao-de-areas-verdes\/","title":{"rendered":"Gest\u00e3o de \u00e1reas verdes e Restaura\u00e7\u00e3o florestal"},"content":{"rendered":"\n<figure class=\"wp-block-image size-full is-resized\"><img loading=\"lazy\" decoding=\"async\" width=\"396\" height=\"258\" src=\"https:\/\/www.ufpb.br\/cga\/wp-content\/uploads\/sites\/79\/sites\/365\/2025\/11\/image-9.png\" alt=\"\" class=\"wp-image-1035\" style=\"width:740px;height:auto\" srcset=\"https:\/\/www.ufpb.br\/cga\/wp-content\/uploads\/sites\/79\/sites\/365\/2025\/11\/image-9.png 396w, https:\/\/www.ufpb.br\/cga\/wp-content\/uploads\/sites\/79\/sites\/365\/2025\/11\/image-9-300x195.png 300w\" sizes=\"auto, (max-width: 396px) 100vw, 396px\" \/><figcaption class=\"wp-element-caption\">Foto: Pedro Carrilho<\/figcaption><\/figure>\n\n\n\n<p class=\"has-medium-font-size\">Com a destrui\u00e7\u00e3o da Mata Atl\u00e2ntica, em grande parte j\u00e1 consumada pela expans\u00e3o urbana, pouco tem restado das \u00e1reas verdes e da biodiversidade regional. Este fato gera preocupa\u00e7\u00e3o e atribui uma import\u00e2ncia ainda maior aos fragmentos de mata que existem no Campus I da Universidade Federal da Para\u00edba, pois estes dever\u00e3o permanecer, ao lado da Mata do Buraquinho, como os \u00fanicos remanescentes da Mata Atl\u00e2ntica existentes em Jo\u00e3o Pessoa \u2013 PB. Alguns outros fragmentos ainda existem, mas s\u00e3o em geral muito pequenos, com \u00e1rea inferior a 2ha e frequentemente j\u00e1 se encontram bastante transformados pelo ser humano, portanto, sem muito valor para a conserva\u00e7\u00e3o.<\/p>\n\n\n\n<p class=\"has-medium-font-size\"><\/p>\n\n\n\n<p class=\"has-medium-font-size\"><strong>Projeto Rotas da Mata Atl\u00e2ntica<\/strong><\/p>\n\n\n\n<div class=\"wp-block-media-text is-stacked-on-mobile\" style=\"grid-template-columns:60% auto\"><figure class=\"wp-block-media-text__media\"><img loading=\"lazy\" decoding=\"async\" width=\"441\" height=\"633\" src=\"https:\/\/www.ufpb.br\/cga\/wp-content\/uploads\/sites\/79\/sites\/365\/2025\/11\/image-7.png\" alt=\"\" class=\"wp-image-1033 size-full\" srcset=\"https:\/\/www.ufpb.br\/cga\/wp-content\/uploads\/sites\/79\/sites\/365\/2025\/11\/image-7.png 441w, https:\/\/www.ufpb.br\/cga\/wp-content\/uploads\/sites\/79\/sites\/365\/2025\/11\/image-7-209x300.png 209w\" sizes=\"auto, (max-width: 441px) 100vw, 441px\" \/><\/figure><div class=\"wp-block-media-text__content\">\n<p class=\"has-medium-font-size\">Um projeto da UFPB, que deve sair do papel at\u00e9 2028, o \u2018Rotas da Mata Atl\u00e2ntica\u2019 \u00e9 um projeto de extens\u00e3o que foi criado em 2013, objetiva a conscientiza\u00e7\u00e3o ambiental da comunidade acad\u00eamica e adjacente sobre a import\u00e2ncia da Mata Atl\u00e2ntica para a nossa qualidade de vida e bem estar.&nbsp; <\/p>\n\n\n\n<p class=\"has-medium-font-size\">O projeto inclui a cria\u00e7\u00e3o de <strong>trilhas para pedestres<\/strong> ao redor e dentre os remanescentes de Mata Atl\u00e2ntica do campus. Complementarmente, seriam instaladas <strong>placas informativas<\/strong> (tanto de localiza\u00e7\u00e3o quanto de cunho ambiental) em locais estrat\u00e9gicos de socializa\u00e7\u00e3o para orientar e educar os usu\u00e1rios quanto a biodiversidade encontrada no Campus I.<\/p>\n<\/div><\/div>\n\n\n\n<p class=\"has-medium-font-size\"><strong>Restaura\u00e7\u00e3o Florestal<\/strong><\/p>\n\n\n\n<p class=\"has-medium-font-size\">A&nbsp;<strong>Gest\u00e3o de \u00c1reas Verdes<\/strong> da UFPB&nbsp;visa a recupera\u00e7\u00e3o, conserva\u00e7\u00e3o e manuten\u00e7\u00e3o das \u00e1reas de mata remanescentes, onde ser\u00e3o disciplinados os m\u00faltiplos usos capazes de serem desenvolvidos nessas \u00e1reas, sem comprometer a sua integridade e conserva\u00e7\u00e3o para as gera\u00e7\u00f5es futuras.<\/p>\n\n\n<div class=\"wp-block-image\">\n<figure class=\"aligncenter size-large is-resized\"><img loading=\"lazy\" decoding=\"async\" width=\"1024\" height=\"549\" src=\"http:\/\/www.ufpb.br\/cga\/wp-content\/uploads\/sites\/79\/sites\/365\/2025\/10\/image-7-1024x549.png\" alt=\"\" class=\"wp-image-595\" style=\"width:481px;height:auto\" srcset=\"https:\/\/www.ufpb.br\/cga\/wp-content\/uploads\/sites\/79\/sites\/365\/2025\/10\/image-7-1024x549.png 1024w, https:\/\/www.ufpb.br\/cga\/wp-content\/uploads\/sites\/79\/sites\/365\/2025\/10\/image-7-300x161.png 300w, https:\/\/www.ufpb.br\/cga\/wp-content\/uploads\/sites\/79\/sites\/365\/2025\/10\/image-7-768x412.png 768w, https:\/\/www.ufpb.br\/cga\/wp-content\/uploads\/sites\/79\/sites\/365\/2025\/10\/image-7.png 1312w\" sizes=\"auto, (max-width: 1024px) 100vw, 1024px\" \/><\/figure>\n<\/div>\n\n\n<p><\/p>\n\n\n\n<p class=\"has-medium-font-size\"><br>\u00c1reas verdes muitas vezes s\u00e3o associadas \u00e0 sustentabilidade e \u00f3tima qualidade de vida.\u00a0Assim, com o objetivo de promover a\u00e7\u00f5es educativas e de reflorestamento, desenvolveu-se uma estrat\u00e9gia de reflorestamento em conjunto com os estudantes da institui\u00e7\u00e3o denominado \u2018Trote verde\u2019, onde o foco \u00e9 trazer a participa\u00e7\u00e3o estudantil, em especial os novos integrantes, ou \u201cferas\u201d. Em meio ao plantio de mudas nativas, conversamos com o grupo com o intuito de promover uma sensibiliza\u00e7\u00e3o ambiental e mostrar a import\u00e2ncia de uma boa gest\u00e3o e manejo dos recursos naturais.\u00a0\u00a0<\/p>\n\n\n\n<p><\/p>\n\n\n\n<p class=\"has-medium-font-size\">O objetivo do programa \u00e9 resgatar o bioma mata atl\u00e2ntica nos fragmentos de floresta localizados no campus I \u2013 UFPB, de modo a garantir a manuten\u00e7\u00e3o dos servi\u00e7os e processos ecol\u00f3gicos prestados pelo bioma buscando se assemelhar ao ambiente original (como se poss\u00edvel fosse) anterior ao processo de urbaniza\u00e7\u00e3o, como:<\/p>\n\n\n\n<ul class=\"wp-block-list\">\n<li>poliniza\u00e7\u00e3o e dispers\u00e3o de sementes; <\/li>\n\n\n\n<li>migra\u00e7\u00e3o entre fragmentos de mata por meio de corredores e trampolins ecol\u00f3gicos; <\/li>\n\n\n\n<li>manuten\u00e7\u00e3o do ciclo de nutrientes e teias tr\u00f3ficas;<\/li>\n\n\n\n<li>prote\u00e7\u00e3o e estabiliza\u00e7\u00e3o de recursos h\u00eddricos; <\/li>\n<\/ul>\n\n\n<div class=\"wp-block-image\">\n<figure class=\"aligncenter size-large is-resized\"><img loading=\"lazy\" decoding=\"async\" width=\"1024\" height=\"768\" src=\"http:\/\/www.ufpb.br\/cga\/wp-content\/uploads\/sites\/79\/sites\/365\/2025\/10\/WhatsApp-Image-2025-10-14-at-8.15.39-AM-1024x768.jpeg\" alt=\"\" class=\"wp-image-767\" style=\"width:356px;height:auto\" srcset=\"https:\/\/www.ufpb.br\/cga\/wp-content\/uploads\/sites\/79\/sites\/365\/2025\/10\/WhatsApp-Image-2025-10-14-at-8.15.39-AM-1024x768.jpeg 1024w, https:\/\/www.ufpb.br\/cga\/wp-content\/uploads\/sites\/79\/sites\/365\/2025\/10\/WhatsApp-Image-2025-10-14-at-8.15.39-AM-300x225.jpeg 300w, https:\/\/www.ufpb.br\/cga\/wp-content\/uploads\/sites\/79\/sites\/365\/2025\/10\/WhatsApp-Image-2025-10-14-at-8.15.39-AM-768x576.jpeg 768w, https:\/\/www.ufpb.br\/cga\/wp-content\/uploads\/sites\/79\/sites\/365\/2025\/10\/WhatsApp-Image-2025-10-14-at-8.15.39-AM-1536x1152.jpeg 1536w, https:\/\/www.ufpb.br\/cga\/wp-content\/uploads\/sites\/79\/sites\/365\/2025\/10\/WhatsApp-Image-2025-10-14-at-8.15.39-AM.jpeg 1600w\" sizes=\"auto, (max-width: 1024px) 100vw, 1024px\" \/><figcaption class=\"wp-element-caption\">Fonte: Douglas Castro<\/figcaption><\/figure>\n<\/div>\n\n<div class=\"wp-block-image\">\n<figure class=\"aligncenter size-full is-resized\"><img loading=\"lazy\" decoding=\"async\" width=\"512\" height=\"512\" src=\"http:\/\/www.ufpb.br\/cga\/wp-content\/uploads\/sites\/79\/sites\/365\/2025\/09\/cropped-Banner-para-loja-de-eletronicos-smartphone-desconto-preto-e-vermelho-1920-_20250910_063234_0000-1-scaled-1.png\" alt=\"\" class=\"wp-image-362\" style=\"width:176px;height:auto\" srcset=\"https:\/\/www.ufpb.br\/cga\/wp-content\/uploads\/sites\/79\/sites\/365\/2025\/09\/cropped-Banner-para-loja-de-eletronicos-smartphone-desconto-preto-e-vermelho-1920-_20250910_063234_0000-1-scaled-1.png 512w, https:\/\/www.ufpb.br\/cga\/wp-content\/uploads\/sites\/79\/sites\/365\/2025\/09\/cropped-Banner-para-loja-de-eletronicos-smartphone-desconto-preto-e-vermelho-1920-_20250910_063234_0000-1-scaled-1-300x300.png 300w, https:\/\/www.ufpb.br\/cga\/wp-content\/uploads\/sites\/79\/sites\/365\/2025\/09\/cropped-Banner-para-loja-de-eletronicos-smartphone-desconto-preto-e-vermelho-1920-_20250910_063234_0000-1-scaled-1-150x150.png 150w, https:\/\/www.ufpb.br\/cga\/wp-content\/uploads\/sites\/79\/sites\/365\/2025\/09\/cropped-Banner-para-loja-de-eletronicos-smartphone-desconto-preto-e-vermelho-1920-_20250910_063234_0000-1-scaled-1-270x270.png 270w, https:\/\/www.ufpb.br\/cga\/wp-content\/uploads\/sites\/79\/sites\/365\/2025\/09\/cropped-Banner-para-loja-de-eletronicos-smartphone-desconto-preto-e-vermelho-1920-_20250910_063234_0000-1-scaled-1-192x192.png 192w, https:\/\/www.ufpb.br\/cga\/wp-content\/uploads\/sites\/79\/sites\/365\/2025\/09\/cropped-Banner-para-loja-de-eletronicos-smartphone-desconto-preto-e-vermelho-1920-_20250910_063234_0000-1-scaled-1-180x180.png 180w, https:\/\/www.ufpb.br\/cga\/wp-content\/uploads\/sites\/79\/sites\/365\/2025\/09\/cropped-Banner-para-loja-de-eletronicos-smartphone-desconto-preto-e-vermelho-1920-_20250910_063234_0000-1-scaled-1-32x32.png 32w\" sizes=\"auto, (max-width: 512px) 100vw, 512px\" \/><\/figure>\n<\/div>\n\n\n<p><\/p>\n","protected":false},"excerpt":{"rendered":"<p>Com a destrui\u00e7\u00e3o da Mata Atl\u00e2ntica, em grande parte j\u00e1 consumada pela expans\u00e3o urbana, pouco [&hellip;]<\/p>\n","protected":false},"author":47,"featured_media":0,"parent":0,"menu_order":0,"comment_status":"closed","ping_status":"closed","template":"","meta":{"footnotes":""},"class_list":["post-45","page","type-page","status-publish","hentry"],"_links":{"self":[{"href":"https:\/\/www.ufpb.br\/cga\/wp-json\/wp\/v2\/pages\/45","targetHints":{"allow":["GET"]}}],"collection":[{"href":"https:\/\/www.ufpb.br\/cga\/wp-json\/wp\/v2\/pages"}],"about":[{"href":"https:\/\/www.ufpb.br\/cga\/wp-json\/wp\/v2\/types\/page"}],"author":[{"embeddable":true,"href":"https:\/\/www.ufpb.br\/cga\/wp-json\/wp\/v2\/users\/47"}],"replies":[{"embeddable":true,"href":"https:\/\/www.ufpb.br\/cga\/wp-json\/wp\/v2\/comments?post=45"}],"version-history":[{"count":8,"href":"https:\/\/www.ufpb.br\/cga\/wp-json\/wp\/v2\/pages\/45\/revisions"}],"predecessor-version":[{"id":1181,"href":"https:\/\/www.ufpb.br\/cga\/wp-json\/wp\/v2\/pages\/45\/revisions\/1181"}],"wp:attachment":[{"href":"https:\/\/www.ufpb.br\/cga\/wp-json\/wp\/v2\/media?parent=45"}],"curies":[{"name":"wp","href":"https:\/\/api.w.org\/{rel}","templated":true}]}}