{"id":457,"date":"2025-09-26T16:50:35","date_gmt":"2025-09-26T19:50:35","guid":{"rendered":"https:\/\/www.ufpb.br\/cga\/?page_id=457"},"modified":"2026-02-06T12:50:49","modified_gmt":"2026-02-06T15:50:49","slug":"palestras-e-sensibilizacao-ambiental","status":"publish","type":"page","link":"https:\/\/www.ufpb.br\/cga\/palestras-e-sensibilizacao-ambiental\/","title":{"rendered":"Palestras sobre temas de sustentabilidade ambiental"},"content":{"rendered":"\n<div class=\"wp-block-media-text is-stacked-on-mobile\" style=\"grid-template-columns:44% auto\"><figure class=\"wp-block-media-text__media\"><img loading=\"lazy\" decoding=\"async\" width=\"576\" height=\"1024\" src=\"http:\/\/www.ufpb.br\/cga\/wp-content\/uploads\/sites\/79\/sites\/365\/2025\/10\/IMG_20250605_142750637_HDR_AE-576x1024.jpg\" alt=\"\" class=\"wp-image-644 size-full\" srcset=\"https:\/\/www.ufpb.br\/cga\/wp-content\/uploads\/sites\/79\/sites\/365\/2025\/10\/IMG_20250605_142750637_HDR_AE-576x1024.jpg 576w, https:\/\/www.ufpb.br\/cga\/wp-content\/uploads\/sites\/79\/sites\/365\/2025\/10\/IMG_20250605_142750637_HDR_AE-169x300.jpg 169w, https:\/\/www.ufpb.br\/cga\/wp-content\/uploads\/sites\/79\/sites\/365\/2025\/10\/IMG_20250605_142750637_HDR_AE-768x1365.jpg 768w, https:\/\/www.ufpb.br\/cga\/wp-content\/uploads\/sites\/79\/sites\/365\/2025\/10\/IMG_20250605_142750637_HDR_AE-864x1536.jpg 864w, https:\/\/www.ufpb.br\/cga\/wp-content\/uploads\/sites\/79\/sites\/365\/2025\/10\/IMG_20250605_142750637_HDR_AE-1153x2048.jpg 1153w, https:\/\/www.ufpb.br\/cga\/wp-content\/uploads\/sites\/79\/sites\/365\/2025\/10\/IMG_20250605_142750637_HDR_AE-scaled.jpg 1441w\" sizes=\"auto, (max-width: 576px) 100vw, 576px\" \/><\/figure><div class=\"wp-block-media-text__content\">\n<p class=\"has-medium-font-size\"><br><strong>Arrai\u00e1 Ambiental e Sustent\u00e1vel<\/strong>: promovido pelo Programa de Pos-gradua\u00e7\u00e3o em Engenharia Civil e Ambiental \u2013 PPGECAM em parceria com a CGA<\/p>\n<\/div><\/div>\n\n\n\n<div class=\"wp-block-media-text has-media-on-the-right is-stacked-on-mobile\" style=\"grid-template-columns:auto 56%\"><div class=\"wp-block-media-text__content\">\n<p class=\"has-medium-font-size\"><br><strong>Forma\u00e7\u00e3o dos Agentes comunit\u00e1rio de Saude<\/strong> &#8211; ACSs e Agentes Comunitarios de Edemias \u2013 ACEs realizado na Escola Am\u00e9rico Falc\u00e3o<\/p>\n<\/div><figure class=\"wp-block-media-text__media\"><img loading=\"lazy\" decoding=\"async\" width=\"1024\" height=\"768\" src=\"http:\/\/www.ufpb.br\/cga\/wp-content\/uploads\/sites\/79\/sites\/365\/2025\/10\/IMG-20250829-WA0041-1024x768.jpg\" alt=\"\" class=\"wp-image-646 size-full\" srcset=\"https:\/\/www.ufpb.br\/cga\/wp-content\/uploads\/sites\/79\/sites\/365\/2025\/10\/IMG-20250829-WA0041-1024x768.jpg 1024w, https:\/\/www.ufpb.br\/cga\/wp-content\/uploads\/sites\/79\/sites\/365\/2025\/10\/IMG-20250829-WA0041-300x225.jpg 300w, https:\/\/www.ufpb.br\/cga\/wp-content\/uploads\/sites\/79\/sites\/365\/2025\/10\/IMG-20250829-WA0041-768x576.jpg 768w, https:\/\/www.ufpb.br\/cga\/wp-content\/uploads\/sites\/79\/sites\/365\/2025\/10\/IMG-20250829-WA0041-1536x1152.jpg 1536w, https:\/\/www.ufpb.br\/cga\/wp-content\/uploads\/sites\/79\/sites\/365\/2025\/10\/IMG-20250829-WA0041.jpg 1600w\" sizes=\"auto, (max-width: 1024px) 100vw, 1024px\" \/><\/figure><\/div>\n\n\n\n<div class=\"wp-block-media-text is-stacked-on-mobile\" style=\"grid-template-columns:42% auto\"><figure class=\"wp-block-media-text__media\"><img loading=\"lazy\" decoding=\"async\" width=\"576\" height=\"1024\" src=\"http:\/\/www.ufpb.br\/cga\/wp-content\/uploads\/sites\/79\/sites\/365\/2025\/10\/IMG_20250613_101246196_HDR_AE-576x1024.jpg\" alt=\"\" class=\"wp-image-645 size-full\" srcset=\"https:\/\/www.ufpb.br\/cga\/wp-content\/uploads\/sites\/79\/sites\/365\/2025\/10\/IMG_20250613_101246196_HDR_AE-576x1024.jpg 576w, https:\/\/www.ufpb.br\/cga\/wp-content\/uploads\/sites\/79\/sites\/365\/2025\/10\/IMG_20250613_101246196_HDR_AE-169x300.jpg 169w, https:\/\/www.ufpb.br\/cga\/wp-content\/uploads\/sites\/79\/sites\/365\/2025\/10\/IMG_20250613_101246196_HDR_AE-768x1365.jpg 768w, https:\/\/www.ufpb.br\/cga\/wp-content\/uploads\/sites\/79\/sites\/365\/2025\/10\/IMG_20250613_101246196_HDR_AE-864x1536.jpg 864w, https:\/\/www.ufpb.br\/cga\/wp-content\/uploads\/sites\/79\/sites\/365\/2025\/10\/IMG_20250613_101246196_HDR_AE-1153x2048.jpg 1153w, https:\/\/www.ufpb.br\/cga\/wp-content\/uploads\/sites\/79\/sites\/365\/2025\/10\/IMG_20250613_101246196_HDR_AE-scaled.jpg 1441w\" sizes=\"auto, (max-width: 576px) 100vw, 576px\" \/><\/figure><div class=\"wp-block-media-text__content\">\n<p class=\"has-medium-font-size\"><br>Sensibiliza\u00e7\u00e3o ambiental na<strong> Feira Agroecol\u00f3gica <\/strong>da UFPB \u2013 Centro de Viv\u00eancias<\/p>\n<\/div><\/div>\n\n\n\n<div class=\"wp-block-media-text has-media-on-the-right is-stacked-on-mobile\" style=\"grid-template-columns:auto 66%\"><div class=\"wp-block-media-text__content\">\n<p class=\"has-medium-font-size\">CGA em parceria com o projeto TREE. Palestra no Projeto <strong>EcoMulungu<\/strong>, na C\u00e2mara Municipal de Mulungu. O tema foi \u201cEletroeletr\u00f4nicos e Sustentabilidade: Desafios e Solu\u00e7\u00f5es\u201d<\/p>\n<\/div><figure class=\"wp-block-media-text__media\"><img loading=\"lazy\" decoding=\"async\" width=\"1024\" height=\"576\" src=\"https:\/\/www.ufpb.br\/cga\/wp-content\/uploads\/sites\/79\/sites\/365\/2025\/11\/EcoMulungu-2025-10-09-1-1-1024x576.jpeg\" alt=\"\" class=\"wp-image-987 size-full\" srcset=\"https:\/\/www.ufpb.br\/cga\/wp-content\/uploads\/sites\/79\/sites\/365\/2025\/11\/EcoMulungu-2025-10-09-1-1-1024x576.jpeg 1024w, https:\/\/www.ufpb.br\/cga\/wp-content\/uploads\/sites\/79\/sites\/365\/2025\/11\/EcoMulungu-2025-10-09-1-1-300x169.jpeg 300w, https:\/\/www.ufpb.br\/cga\/wp-content\/uploads\/sites\/79\/sites\/365\/2025\/11\/EcoMulungu-2025-10-09-1-1-768x432.jpeg 768w, https:\/\/www.ufpb.br\/cga\/wp-content\/uploads\/sites\/79\/sites\/365\/2025\/11\/EcoMulungu-2025-10-09-1-1.jpeg 1280w\" sizes=\"auto, (max-width: 1024px) 100vw, 1024px\" \/><\/figure><\/div>\n\n\n\n<p class=\"has-medium-font-size\">Estamos \u00e0 disposi\u00e7\u00e3o para conversar com voc\u00ea sobre nossos programas e nossos parceiros. <a href=\"https:\/\/www.ufpb.br\/cga\/contato\/\">Entre em contato<\/a> e marque uma visita.<\/p>\n\n\n<div class=\"wp-block-image\">\n<figure class=\"aligncenter size-full is-resized\"><img loading=\"lazy\" decoding=\"async\" width=\"512\" height=\"512\" src=\"http:\/\/www.ufpb.br\/cga\/wp-content\/uploads\/sites\/79\/sites\/365\/2025\/09\/cropped-Banner-para-loja-de-eletronicos-smartphone-desconto-preto-e-vermelho-1920-_20250910_063234_0000-1-scaled-1.png\" alt=\"\" class=\"wp-image-362\" style=\"width:179px;height:auto\" srcset=\"https:\/\/www.ufpb.br\/cga\/wp-content\/uploads\/sites\/79\/sites\/365\/2025\/09\/cropped-Banner-para-loja-de-eletronicos-smartphone-desconto-preto-e-vermelho-1920-_20250910_063234_0000-1-scaled-1.png 512w, https:\/\/www.ufpb.br\/cga\/wp-content\/uploads\/sites\/79\/sites\/365\/2025\/09\/cropped-Banner-para-loja-de-eletronicos-smartphone-desconto-preto-e-vermelho-1920-_20250910_063234_0000-1-scaled-1-300x300.png 300w, https:\/\/www.ufpb.br\/cga\/wp-content\/uploads\/sites\/79\/sites\/365\/2025\/09\/cropped-Banner-para-loja-de-eletronicos-smartphone-desconto-preto-e-vermelho-1920-_20250910_063234_0000-1-scaled-1-150x150.png 150w, https:\/\/www.ufpb.br\/cga\/wp-content\/uploads\/sites\/79\/sites\/365\/2025\/09\/cropped-Banner-para-loja-de-eletronicos-smartphone-desconto-preto-e-vermelho-1920-_20250910_063234_0000-1-scaled-1-270x270.png 270w, https:\/\/www.ufpb.br\/cga\/wp-content\/uploads\/sites\/79\/sites\/365\/2025\/09\/cropped-Banner-para-loja-de-eletronicos-smartphone-desconto-preto-e-vermelho-1920-_20250910_063234_0000-1-scaled-1-192x192.png 192w, https:\/\/www.ufpb.br\/cga\/wp-content\/uploads\/sites\/79\/sites\/365\/2025\/09\/cropped-Banner-para-loja-de-eletronicos-smartphone-desconto-preto-e-vermelho-1920-_20250910_063234_0000-1-scaled-1-180x180.png 180w, https:\/\/www.ufpb.br\/cga\/wp-content\/uploads\/sites\/79\/sites\/365\/2025\/09\/cropped-Banner-para-loja-de-eletronicos-smartphone-desconto-preto-e-vermelho-1920-_20250910_063234_0000-1-scaled-1-32x32.png 32w\" sizes=\"auto, (max-width: 512px) 100vw, 512px\" \/><\/figure>\n<\/div>\n\n\n<p><\/p>\n","protected":false},"excerpt":{"rendered":"<p>Arrai\u00e1 Ambiental e Sustent\u00e1vel: promovido pelo Programa de Pos-gradua\u00e7\u00e3o em Engenharia Civil e Ambiental \u2013 [&hellip;]<\/p>\n","protected":false},"author":397,"featured_media":0,"parent":0,"menu_order":0,"comment_status":"closed","ping_status":"closed","template":"","meta":{"footnotes":""},"class_list":["post-457","page","type-page","status-publish","hentry"],"_links":{"self":[{"href":"https:\/\/www.ufpb.br\/cga\/wp-json\/wp\/v2\/pages\/457","targetHints":{"allow":["GET"]}}],"collection":[{"href":"https:\/\/www.ufpb.br\/cga\/wp-json\/wp\/v2\/pages"}],"about":[{"href":"https:\/\/www.ufpb.br\/cga\/wp-json\/wp\/v2\/types\/page"}],"author":[{"embeddable":true,"href":"https:\/\/www.ufpb.br\/cga\/wp-json\/wp\/v2\/users\/397"}],"replies":[{"embeddable":true,"href":"https:\/\/www.ufpb.br\/cga\/wp-json\/wp\/v2\/comments?post=457"}],"version-history":[{"count":7,"href":"https:\/\/www.ufpb.br\/cga\/wp-json\/wp\/v2\/pages\/457\/revisions"}],"predecessor-version":[{"id":988,"href":"https:\/\/www.ufpb.br\/cga\/wp-json\/wp\/v2\/pages\/457\/revisions\/988"}],"wp:attachment":[{"href":"https:\/\/www.ufpb.br\/cga\/wp-json\/wp\/v2\/media?parent=457"}],"curies":[{"name":"wp","href":"https:\/\/api.w.org\/{rel}","templated":true}]}}