{"id":52,"date":"2025-09-08T18:50:20","date_gmt":"2025-09-08T21:50:20","guid":{"rendered":"https:\/\/www.ufpb.br\/cga\/?page_id=52"},"modified":"2025-11-07T18:39:07","modified_gmt":"2025-11-07T21:39:07","slug":"monitoramento-de-preguicas","status":"publish","type":"page","link":"https:\/\/www.ufpb.br\/cga\/monitoramento-de-preguicas\/","title":{"rendered":"Monitoramento de Pregui\u00e7as"},"content":{"rendered":"\n<p><\/p>\n\n\n<div class=\"wp-block-image\">\n<figure class=\"aligncenter size-full is-resized\"><img loading=\"lazy\" decoding=\"async\" width=\"672\" height=\"607\" src=\"https:\/\/www.ufpb.br\/cga\/wp-content\/uploads\/sites\/79\/sites\/365\/2025\/10\/image-36.png\" alt=\"\" class=\"wp-image-916\" style=\"width:412px;height:auto\" srcset=\"https:\/\/www.ufpb.br\/cga\/wp-content\/uploads\/sites\/79\/sites\/365\/2025\/10\/image-36.png 672w, https:\/\/www.ufpb.br\/cga\/wp-content\/uploads\/sites\/79\/sites\/365\/2025\/10\/image-36-300x271.png 300w\" sizes=\"auto, (max-width: 672px) 100vw, 672px\" \/><\/figure>\n<\/div>\n\n\n<p><\/p>\n\n\n\n<p class=\"has-medium-font-size\">O monitoramento do bicho-pregui\u00e7a (<em>Bradypus variegatus<\/em>) na Universidade Federal da Para\u00edba (UFPB), especialmente no Campus I em Jo\u00e3o Pessoa, \u00e9 uma atividade importante devido \u00e0 presen\u00e7a significativa desses animais nos remanescentes de Mata Atl\u00e2ntica da universidade. A UFPB desenvolve a\u00e7\u00f5es e pesquisas focadas no manejo e conserva\u00e7\u00e3o dessa esp\u00e9cie, que \u00e9 considerada uma &#8220;esp\u00e9cie bandeira&#8221; no campus. <\/p>\n\n\n\n<figure class=\"wp-block-gallery aligncenter has-nested-images columns-default is-cropped wp-block-gallery-1 is-layout-flex wp-block-gallery-is-layout-flex\">\n<figure class=\"wp-block-image size-full\"><img loading=\"lazy\" decoding=\"async\" width=\"301\" height=\"403\" data-id=\"915\" src=\"https:\/\/www.ufpb.br\/cga\/wp-content\/uploads\/sites\/79\/sites\/365\/2025\/10\/image-35.png\" alt=\"\" class=\"wp-image-915\" srcset=\"https:\/\/www.ufpb.br\/cga\/wp-content\/uploads\/sites\/79\/sites\/365\/2025\/10\/image-35.png 301w, https:\/\/www.ufpb.br\/cga\/wp-content\/uploads\/sites\/79\/sites\/365\/2025\/10\/image-35-224x300.png 224w\" sizes=\"auto, (max-width: 301px) 100vw, 301px\" \/><\/figure>\n\n\n\n<figure class=\"wp-block-image size-full\"><img loading=\"lazy\" decoding=\"async\" width=\"900\" height=\"1600\" data-id=\"920\" src=\"https:\/\/www.ufpb.br\/cga\/wp-content\/uploads\/sites\/79\/sites\/365\/2025\/10\/WhatsApp-Image-2025-07-31-at-17.12.32.jpeg\" alt=\"\" class=\"wp-image-920\" srcset=\"https:\/\/www.ufpb.br\/cga\/wp-content\/uploads\/sites\/79\/sites\/365\/2025\/10\/WhatsApp-Image-2025-07-31-at-17.12.32.jpeg 900w, https:\/\/www.ufpb.br\/cga\/wp-content\/uploads\/sites\/79\/sites\/365\/2025\/10\/WhatsApp-Image-2025-07-31-at-17.12.32-169x300.jpeg 169w, https:\/\/www.ufpb.br\/cga\/wp-content\/uploads\/sites\/79\/sites\/365\/2025\/10\/WhatsApp-Image-2025-07-31-at-17.12.32-576x1024.jpeg 576w, https:\/\/www.ufpb.br\/cga\/wp-content\/uploads\/sites\/79\/sites\/365\/2025\/10\/WhatsApp-Image-2025-07-31-at-17.12.32-768x1365.jpeg 768w, https:\/\/www.ufpb.br\/cga\/wp-content\/uploads\/sites\/79\/sites\/365\/2025\/10\/WhatsApp-Image-2025-07-31-at-17.12.32-864x1536.jpeg 864w\" sizes=\"auto, (max-width: 900px) 100vw, 900px\" \/><\/figure>\n<\/figure>\n\n\n\n<p class=\"has-medium-font-size\"><strong>Riscos e Amea\u00e7as:<\/strong> Os bichos-pregui\u00e7a nos fragmentos da UFPB enfrentam problemas como <strong>atropelamentos, morte por queda<\/strong> durante a travessia entre fragmentos, e intera\u00e7\u00f5es negativas com humanos e animais dom\u00e9sticos. Infelizmente, no momento n\u00e3o temos atuado nesse programa. Mas disponibilizamos materiais para quem tenha interesse em aprofundar no assunto.<\/p>\n\n\n\n<p class=\"has-medium-font-size\"><a href=\"https:\/\/docs.google.com\/document\/d\/1lGjCte0ymsjfUcRnWiYQgd6TIjMbYYjS\/edit?usp=sharing&amp;ouid=117301979211080487095&amp;rtpof=true&amp;sd=true\" target=\"_blank\" rel=\"noreferrer noopener\">Relat\u00f3rio Final 2017<\/a><\/p>\n\n\n\n<p class=\"has-medium-font-size\"><a href=\"https:\/\/www.ufpb.br\/cga\/wp-content\/uploads\/sites\/79\/sites\/365\/2025\/09\/Cartilha-Bicho-Preguica.pdf\" data-type=\"attachment\" data-id=\"88\" target=\"_blank\" rel=\"noreferrer noopener\">Cartilha Bicho-Pregui\u00e7a<\/a><\/p>\n\n\n\n<figure class=\"wp-block-image size-full is-resized\"><img loading=\"lazy\" decoding=\"async\" width=\"433\" height=\"499\" src=\"https:\/\/www.ufpb.br\/cga\/wp-content\/uploads\/sites\/79\/sites\/365\/2025\/10\/image-37.png\" alt=\"\" class=\"wp-image-917\" style=\"width:740px;height:auto\" srcset=\"https:\/\/www.ufpb.br\/cga\/wp-content\/uploads\/sites\/79\/sites\/365\/2025\/10\/image-37.png 433w, https:\/\/www.ufpb.br\/cga\/wp-content\/uploads\/sites\/79\/sites\/365\/2025\/10\/image-37-260x300.png 260w\" sizes=\"auto, (max-width: 433px) 100vw, 433px\" \/><\/figure>\n\n\n\n<h2 class=\"wp-block-heading has-medium-font-size\"><div class=\"linha-header\"><strong>Curiosidades<\/strong><\/div><\/h2>\n\n\n\n<p class=\"has-medium-font-size\">O&nbsp;<strong>bicho-pregui\u00e7a<\/strong>, devido, principalmente, aos seus lentos movimentos, \u00e9 um animal que desperta fasc\u00ednio e curiosidade. A seguir, trazemos alguns&nbsp;<strong>fatos curiosos&nbsp;<\/strong>sobre esse animal:<\/p>\n\n\n\n<ul class=\"wp-block-list\">\n<li class=\"has-medium-font-size\">o bicho-pregui\u00e7a dorme cerca de 20 horas por dia;<\/li>\n\n\n\n<li class=\"has-medium-font-size\">alguns esp\u00e9cimes apresentam uma pelagem em tom marrom-esverdeado, e isso se deve \u00e0 presen\u00e7a de organismos clorofilados, como algas verdes e cianobact\u00e9rias, que ali vivem em simbiose com esse animal;<\/li>\n\n\n\n<li class=\"has-medium-font-size\">o bicho-pregui\u00e7a \u00e9 um \u00f3timo nadador, mas n\u00e3o precisa jogar ele na \u00e1gua;<\/li>\n\n\n\n<li class=\"has-medium-font-size\">o bicho-pregui\u00e7a s\u00f3 desce da \u00e1rvore para fazer suas necessidades fisiol\u00f3gicas (o que pode acontecer uma vez por semana) ou para ir para outra \u00e1rvore.<\/li>\n<\/ul>\n\n\n\n<p><\/p>\n\n\n<div class=\"wp-block-image\">\n<figure class=\"aligncenter size-full is-resized\"><img loading=\"lazy\" decoding=\"async\" width=\"512\" height=\"512\" src=\"http:\/\/www.ufpb.br\/cga\/wp-content\/uploads\/sites\/79\/sites\/365\/2025\/09\/cropped-Banner-para-loja-de-eletronicos-smartphone-desconto-preto-e-vermelho-1920-_20250910_063234_0000-1-scaled-1.png\" alt=\"\" class=\"wp-image-362\" style=\"width:176px;height:auto\" srcset=\"https:\/\/www.ufpb.br\/cga\/wp-content\/uploads\/sites\/79\/sites\/365\/2025\/09\/cropped-Banner-para-loja-de-eletronicos-smartphone-desconto-preto-e-vermelho-1920-_20250910_063234_0000-1-scaled-1.png 512w, https:\/\/www.ufpb.br\/cga\/wp-content\/uploads\/sites\/79\/sites\/365\/2025\/09\/cropped-Banner-para-loja-de-eletronicos-smartphone-desconto-preto-e-vermelho-1920-_20250910_063234_0000-1-scaled-1-300x300.png 300w, https:\/\/www.ufpb.br\/cga\/wp-content\/uploads\/sites\/79\/sites\/365\/2025\/09\/cropped-Banner-para-loja-de-eletronicos-smartphone-desconto-preto-e-vermelho-1920-_20250910_063234_0000-1-scaled-1-150x150.png 150w, https:\/\/www.ufpb.br\/cga\/wp-content\/uploads\/sites\/79\/sites\/365\/2025\/09\/cropped-Banner-para-loja-de-eletronicos-smartphone-desconto-preto-e-vermelho-1920-_20250910_063234_0000-1-scaled-1-270x270.png 270w, https:\/\/www.ufpb.br\/cga\/wp-content\/uploads\/sites\/79\/sites\/365\/2025\/09\/cropped-Banner-para-loja-de-eletronicos-smartphone-desconto-preto-e-vermelho-1920-_20250910_063234_0000-1-scaled-1-192x192.png 192w, https:\/\/www.ufpb.br\/cga\/wp-content\/uploads\/sites\/79\/sites\/365\/2025\/09\/cropped-Banner-para-loja-de-eletronicos-smartphone-desconto-preto-e-vermelho-1920-_20250910_063234_0000-1-scaled-1-180x180.png 180w, https:\/\/www.ufpb.br\/cga\/wp-content\/uploads\/sites\/79\/sites\/365\/2025\/09\/cropped-Banner-para-loja-de-eletronicos-smartphone-desconto-preto-e-vermelho-1920-_20250910_063234_0000-1-scaled-1-32x32.png 32w\" sizes=\"auto, (max-width: 512px) 100vw, 512px\" \/><\/figure>\n<\/div>","protected":false},"excerpt":{"rendered":"<p>O monitoramento do bicho-pregui\u00e7a (Bradypus variegatus) na Universidade Federal da Para\u00edba (UFPB), especialmente no Campus [&hellip;]<\/p>\n","protected":false},"author":47,"featured_media":0,"parent":0,"menu_order":0,"comment_status":"closed","ping_status":"closed","template":"","meta":{"footnotes":""},"class_list":["post-52","page","type-page","status-publish","hentry"],"_links":{"self":[{"href":"https:\/\/www.ufpb.br\/cga\/wp-json\/wp\/v2\/pages\/52","targetHints":{"allow":["GET"]}}],"collection":[{"href":"https:\/\/www.ufpb.br\/cga\/wp-json\/wp\/v2\/pages"}],"about":[{"href":"https:\/\/www.ufpb.br\/cga\/wp-json\/wp\/v2\/types\/page"}],"author":[{"embeddable":true,"href":"https:\/\/www.ufpb.br\/cga\/wp-json\/wp\/v2\/users\/47"}],"replies":[{"embeddable":true,"href":"https:\/\/www.ufpb.br\/cga\/wp-json\/wp\/v2\/comments?post=52"}],"version-history":[{"count":6,"href":"https:\/\/www.ufpb.br\/cga\/wp-json\/wp\/v2\/pages\/52\/revisions"}],"predecessor-version":[{"id":1086,"href":"https:\/\/www.ufpb.br\/cga\/wp-json\/wp\/v2\/pages\/52\/revisions\/1086"}],"wp:attachment":[{"href":"https:\/\/www.ufpb.br\/cga\/wp-json\/wp\/v2\/media?parent=52"}],"curies":[{"name":"wp","href":"https:\/\/api.w.org\/{rel}","templated":true}]}}