{"id":54,"date":"2025-09-08T18:50:47","date_gmt":"2025-09-08T21:50:47","guid":{"rendered":"https:\/\/www.ufpb.br\/cga\/?page_id=54"},"modified":"2025-11-07T18:31:18","modified_gmt":"2025-11-07T21:31:18","slug":"residuos-da-construcao-civil","status":"publish","type":"page","link":"https:\/\/www.ufpb.br\/cga\/residuos-da-construcao-civil\/","title":{"rendered":"Res\u00edduos da Constru\u00e7\u00e3o Civil"},"content":{"rendered":"<div class=\"wp-block-image\">\n<figure class=\"aligncenter size-full is-resized\"><img loading=\"lazy\" decoding=\"async\" width=\"467\" height=\"414\" src=\"https:\/\/www.ufpb.br\/cga\/wp-content\/uploads\/sites\/79\/sites\/365\/2025\/11\/image-11.png\" alt=\"\" class=\"wp-image-1081\" style=\"width:366px;height:auto\" srcset=\"https:\/\/www.ufpb.br\/cga\/wp-content\/uploads\/sites\/79\/sites\/365\/2025\/11\/image-11.png 467w, https:\/\/www.ufpb.br\/cga\/wp-content\/uploads\/sites\/79\/sites\/365\/2025\/11\/image-11-300x266.png 300w\" sizes=\"auto, (max-width: 467px) 100vw, 467px\" \/><figcaption class=\"wp-element-caption\">Fonte: Freepik<\/figcaption><\/figure>\n<\/div>\n\n\n<p class=\"has-medium-font-size\">O setor da constru\u00e7\u00e3o civil, al\u00e9m de ser um dos maiores da economia, produz os bens de maiores dimens\u00f5es f\u00edsicas do planeta, tornando-se consequentemente o maior consumidor de recursos naturais de qualquer economia. Os res\u00edduos da constru\u00e7\u00e3o civil s\u00e3o respons\u00e1veis por mais da metade do volume de res\u00edduos s\u00f3lidos gerados em meio urbano. Diante disso, a Comiss\u00e3o de Gest\u00e3o Ambiental v\u00ea a necessidade de agir sobre tal problema nos ambientes internos do Campus I da Universidade Federal Para\u00edba com o projeto Res\u00edduos da Constru\u00e7\u00e3o Civil.<\/p>\n\n\n\n<h2 class=\"wp-block-heading\"><div class=\"linha-header\">Objetivo<\/div><\/h2>\n\n\n\n<p class=\"has-medium-font-size\">O projeto visa \u00e0 sustentabilidade e \u00e0 ecoefici\u00eancia no processo de adequa\u00e7\u00e3o ambiental no Campus I da UFPB.&nbsp;Nosso objetivo \u00e9 aprimorar a log\u00edstica na estrat\u00e9gia de transporte, uso e reintegra\u00e7\u00e3o dos res\u00edduos provenientes das obras realizadas dentro do Campus.<\/p>\n\n\n\n<h2 class=\"wp-block-heading has-medium-font-size\"><div class=\"linha-header\">Fundamentos<\/div><\/h2>\n\n\n\n<p class=\"has-medium-font-size\">A Lei Federal N\u00ba 12305\/2010 estabeleceu a Pol\u00edtica Nacional de Res\u00edduos S\u00f3lidos (PNRS), ressaltando a import\u00e2ncia da gest\u00e3o apropriada dos Res\u00edduos da Constru\u00e7\u00e3o Civil (RCC). Nesse contexto, a reutiliza\u00e7\u00e3o de materiais e a reciclagem se destacam como estrat\u00e9gias ambientalmente adequadas para lidar com os res\u00edduos gerados por atividades construtivas, incluindo concreto, tijolos e metais. De acordo com estudos de Melo et al. (2018), a ado\u00e7\u00e3o de pr\u00e1ticas sustent\u00e1veis na constru\u00e7\u00e3o civil pode significativamente reduzir a demanda por novos recursos, contribuindo para a conserva\u00e7\u00e3o do meio ambiente. Considerando-se isso, a Universidade Federal da Para\u00edba (UFPB) reconhece a relev\u00e2ncia de um programa eficaz de gerenciamento de RCC para minimizar impactos ambientais, otimizar a reutiliza\u00e7\u00e3o de materiais e promover a consci\u00eancia ambiental entre estudantes e funcion\u00e1rios. A presen\u00e7a de m\u00faltiplas \u00e1reas de constru\u00e7\u00e3o e reforma no campus da UFPB demonstra a necessidade de a\u00e7\u00f5es coordenadas para uma gest\u00e3o respons\u00e1vel dos res\u00edduos gerados, alinhada com os princ\u00edpios da PNRS e direcionada para um ambiente mais sustent\u00e1vel.<\/p>\n\n\n\n<h2 class=\"wp-block-heading\"><div class=\"linha-header\">A\u00e7\u00f5es<\/div><\/h2>\n\n\n\n<p class=\"has-medium-font-size\">Implementamos o treinamento referente ao processo de separa\u00e7\u00e3o dos res\u00edduos da constru\u00e7\u00e3o civil nas equipes terceirizadas, realizamos inspe\u00e7\u00f5es peri\u00f3dicas das obras e incentivamos a pr\u00e1tica da reciclagem nos projetos do Campus I da UFPB. Isso \u00e9 feito por meio da utiliza\u00e7\u00e3o dos res\u00edduos agregados, que s\u00e3o reintroduzidos no sistema de edifica\u00e7\u00e3o do pr\u00f3prio Campus. Al\u00e9m disso, elaboramos um mapeamento dos vest\u00edgios das obras em torno de todo o Campus I, catalogando-os e estabelecendo uma estrutura\u00e7\u00e3o mais eficaz para o gerenciamento dos res\u00edduos remanescentes.<\/p>\n\n\n\n<figure class=\"wp-block-gallery has-nested-images columns-default is-cropped wp-block-gallery-1 is-layout-flex wp-block-gallery-is-layout-flex\">\n<figure class=\"wp-block-image size-large\"><img loading=\"lazy\" decoding=\"async\" width=\"1024\" height=\"683\" data-id=\"1079\" src=\"https:\/\/www.ufpb.br\/cga\/wp-content\/uploads\/sites\/79\/sites\/365\/2025\/11\/lixo-canteiro-de-obras-1024x683.jpg\" alt=\"\" class=\"wp-image-1079\" srcset=\"https:\/\/www.ufpb.br\/cga\/wp-content\/uploads\/sites\/79\/sites\/365\/2025\/11\/lixo-canteiro-de-obras-1024x683.jpg 1024w, https:\/\/www.ufpb.br\/cga\/wp-content\/uploads\/sites\/79\/sites\/365\/2025\/11\/lixo-canteiro-de-obras-300x200.jpg 300w, https:\/\/www.ufpb.br\/cga\/wp-content\/uploads\/sites\/79\/sites\/365\/2025\/11\/lixo-canteiro-de-obras-768x512.jpg 768w, https:\/\/www.ufpb.br\/cga\/wp-content\/uploads\/sites\/79\/sites\/365\/2025\/11\/lixo-canteiro-de-obras-1536x1024.jpg 1536w, https:\/\/www.ufpb.br\/cga\/wp-content\/uploads\/sites\/79\/sites\/365\/2025\/11\/lixo-canteiro-de-obras-2048x1365.jpg 2048w, https:\/\/www.ufpb.br\/cga\/wp-content\/uploads\/sites\/79\/sites\/365\/2025\/11\/lixo-canteiro-de-obras-272x182.jpg 272w\" sizes=\"auto, (max-width: 1024px) 100vw, 1024px\" \/><\/figure>\n\n\n\n<figure class=\"wp-block-image size-large\"><img loading=\"lazy\" decoding=\"async\" width=\"1024\" height=\"768\" data-id=\"1080\" src=\"https:\/\/www.ufpb.br\/cga\/wp-content\/uploads\/sites\/79\/sites\/365\/2025\/11\/WhatsApp-Image-2025-10-13-at-2.39.48-PM-1024x768.jpeg\" alt=\"\" class=\"wp-image-1080\" srcset=\"https:\/\/www.ufpb.br\/cga\/wp-content\/uploads\/sites\/79\/sites\/365\/2025\/11\/WhatsApp-Image-2025-10-13-at-2.39.48-PM-1024x768.jpeg 1024w, https:\/\/www.ufpb.br\/cga\/wp-content\/uploads\/sites\/79\/sites\/365\/2025\/11\/WhatsApp-Image-2025-10-13-at-2.39.48-PM-300x225.jpeg 300w, https:\/\/www.ufpb.br\/cga\/wp-content\/uploads\/sites\/79\/sites\/365\/2025\/11\/WhatsApp-Image-2025-10-13-at-2.39.48-PM-768x576.jpeg 768w, https:\/\/www.ufpb.br\/cga\/wp-content\/uploads\/sites\/79\/sites\/365\/2025\/11\/WhatsApp-Image-2025-10-13-at-2.39.48-PM-1536x1152.jpeg 1536w, https:\/\/www.ufpb.br\/cga\/wp-content\/uploads\/sites\/79\/sites\/365\/2025\/11\/WhatsApp-Image-2025-10-13-at-2.39.48-PM.jpeg 1600w\" sizes=\"auto, (max-width: 1024px) 100vw, 1024px\" \/><\/figure>\n<\/figure>\n\n\n\n<h2 class=\"wp-block-heading\"><div class=\"linha-header\">Equipe:<\/div><\/h2>\n\n\n\n<p><\/p>\n\n\n<div class=\"wp-block-image\">\n<figure class=\"aligncenter size-full is-resized\"><img loading=\"lazy\" decoding=\"async\" width=\"512\" height=\"512\" src=\"http:\/\/www.ufpb.br\/cga\/wp-content\/uploads\/sites\/79\/sites\/365\/2025\/09\/cropped-Banner-para-loja-de-eletronicos-smartphone-desconto-preto-e-vermelho-1920-_20250910_063234_0000-1-scaled-1.png\" alt=\"\" class=\"wp-image-362\" style=\"width:172px;height:auto\" srcset=\"https:\/\/www.ufpb.br\/cga\/wp-content\/uploads\/sites\/79\/sites\/365\/2025\/09\/cropped-Banner-para-loja-de-eletronicos-smartphone-desconto-preto-e-vermelho-1920-_20250910_063234_0000-1-scaled-1.png 512w, https:\/\/www.ufpb.br\/cga\/wp-content\/uploads\/sites\/79\/sites\/365\/2025\/09\/cropped-Banner-para-loja-de-eletronicos-smartphone-desconto-preto-e-vermelho-1920-_20250910_063234_0000-1-scaled-1-300x300.png 300w, https:\/\/www.ufpb.br\/cga\/wp-content\/uploads\/sites\/79\/sites\/365\/2025\/09\/cropped-Banner-para-loja-de-eletronicos-smartphone-desconto-preto-e-vermelho-1920-_20250910_063234_0000-1-scaled-1-150x150.png 150w, https:\/\/www.ufpb.br\/cga\/wp-content\/uploads\/sites\/79\/sites\/365\/2025\/09\/cropped-Banner-para-loja-de-eletronicos-smartphone-desconto-preto-e-vermelho-1920-_20250910_063234_0000-1-scaled-1-270x270.png 270w, https:\/\/www.ufpb.br\/cga\/wp-content\/uploads\/sites\/79\/sites\/365\/2025\/09\/cropped-Banner-para-loja-de-eletronicos-smartphone-desconto-preto-e-vermelho-1920-_20250910_063234_0000-1-scaled-1-192x192.png 192w, https:\/\/www.ufpb.br\/cga\/wp-content\/uploads\/sites\/79\/sites\/365\/2025\/09\/cropped-Banner-para-loja-de-eletronicos-smartphone-desconto-preto-e-vermelho-1920-_20250910_063234_0000-1-scaled-1-180x180.png 180w, https:\/\/www.ufpb.br\/cga\/wp-content\/uploads\/sites\/79\/sites\/365\/2025\/09\/cropped-Banner-para-loja-de-eletronicos-smartphone-desconto-preto-e-vermelho-1920-_20250910_063234_0000-1-scaled-1-32x32.png 32w\" sizes=\"auto, (max-width: 512px) 100vw, 512px\" \/><\/figure>\n<\/div>","protected":false},"excerpt":{"rendered":"<p>O setor da constru\u00e7\u00e3o civil, al\u00e9m de ser um dos maiores da economia, produz os [&hellip;]<\/p>\n","protected":false},"author":47,"featured_media":0,"parent":0,"menu_order":0,"comment_status":"closed","ping_status":"closed","template":"","meta":{"footnotes":""},"class_list":["post-54","page","type-page","status-publish","hentry"],"_links":{"self":[{"href":"https:\/\/www.ufpb.br\/cga\/wp-json\/wp\/v2\/pages\/54","targetHints":{"allow":["GET"]}}],"collection":[{"href":"https:\/\/www.ufpb.br\/cga\/wp-json\/wp\/v2\/pages"}],"about":[{"href":"https:\/\/www.ufpb.br\/cga\/wp-json\/wp\/v2\/types\/page"}],"author":[{"embeddable":true,"href":"https:\/\/www.ufpb.br\/cga\/wp-json\/wp\/v2\/users\/47"}],"replies":[{"embeddable":true,"href":"https:\/\/www.ufpb.br\/cga\/wp-json\/wp\/v2\/comments?post=54"}],"version-history":[{"count":2,"href":"https:\/\/www.ufpb.br\/cga\/wp-json\/wp\/v2\/pages\/54\/revisions"}],"predecessor-version":[{"id":1082,"href":"https:\/\/www.ufpb.br\/cga\/wp-json\/wp\/v2\/pages\/54\/revisions\/1082"}],"wp:attachment":[{"href":"https:\/\/www.ufpb.br\/cga\/wp-json\/wp\/v2\/media?parent=54"}],"curies":[{"name":"wp","href":"https:\/\/api.w.org\/{rel}","templated":true}]}}