{"id":638,"date":"2025-10-13T10:59:50","date_gmt":"2025-10-13T13:59:50","guid":{"rendered":"https:\/\/www.ufpb.br\/cga\/?page_id=638"},"modified":"2025-11-10T14:05:28","modified_gmt":"2025-11-10T17:05:28","slug":"comunicacao","status":"publish","type":"page","link":"https:\/\/www.ufpb.br\/cga\/comunicacao\/","title":{"rendered":"Comunica\u00e7\u00e3o e Articula\u00e7\u00e3o da Pol\u00edtica Ambiental"},"content":{"rendered":"<div class=\"wp-block-image\">\n<figure class=\"aligncenter size-full is-resized\"><img loading=\"lazy\" decoding=\"async\" width=\"1024\" height=\"683\" src=\"https:\/\/www.ufpb.br\/cga\/wp-content\/uploads\/sites\/79\/sites\/365\/2025\/11\/image-10.png\" alt=\"\" class=\"wp-image-1048\" style=\"width:408px;height:auto\" srcset=\"https:\/\/www.ufpb.br\/cga\/wp-content\/uploads\/sites\/79\/sites\/365\/2025\/11\/image-10.png 1024w, https:\/\/www.ufpb.br\/cga\/wp-content\/uploads\/sites\/79\/sites\/365\/2025\/11\/image-10-300x200.png 300w, https:\/\/www.ufpb.br\/cga\/wp-content\/uploads\/sites\/79\/sites\/365\/2025\/11\/image-10-768x512.png 768w, https:\/\/www.ufpb.br\/cga\/wp-content\/uploads\/sites\/79\/sites\/365\/2025\/11\/image-10-272x182.png 272w\" sizes=\"auto, (max-width: 1024px) 100vw, 1024px\" \/><\/figure>\n<\/div>\n\n\n<p><\/p>\n\n\n\n<p class=\"has-medium-font-size\">A comunica\u00e7\u00e3o digital, assim como as campanhas feitas pelos alunos diretamente nos campis, por meio de panfletagem ou conversas, \u00e9 importante para favorecer a reverbera\u00e7\u00e3o dos princ\u00edpios, os quais o projeto possui como foco.<\/p>\n\n\n\n<p class=\"has-medium-font-size\">A utiliza\u00e7\u00e3o de redes sociais e de artes digitais para cria\u00e7\u00e3o de banners e cartazes fez com que cada frente de trabalho conseguisse divulgar os resultados das suas a\u00e7\u00f5es e promover a educa\u00e7\u00e3o ambiental com um maior alcance e engajamento.<\/p>\n\n\n\n<figure class=\"wp-block-image size-full is-style-default\"><img loading=\"lazy\" decoding=\"async\" width=\"951\" height=\"729\" src=\"https:\/\/www.ufpb.br\/cga\/wp-content\/uploads\/sites\/79\/sites\/365\/2025\/10\/image-33.png\" alt=\"\" class=\"wp-image-908\" srcset=\"https:\/\/www.ufpb.br\/cga\/wp-content\/uploads\/sites\/79\/sites\/365\/2025\/10\/image-33.png 951w, https:\/\/www.ufpb.br\/cga\/wp-content\/uploads\/sites\/79\/sites\/365\/2025\/10\/image-33-300x230.png 300w, https:\/\/www.ufpb.br\/cga\/wp-content\/uploads\/sites\/79\/sites\/365\/2025\/10\/image-33-768x589.png 768w\" sizes=\"auto, (max-width: 951px) 100vw, 951px\" \/><\/figure>\n\n\n\n<p><\/p>\n\n\n\n<p class=\"has-medium-font-size\">Atualmente nossa conta no instagram j\u00e1 tem quase 3000 seguidores. Entendemos que os n\u00fameros representam pessoas que amam a natureza, e que, por meio de nossas redes sociais t\u00eam acesso \u00e0 informa\u00e7\u00f5es e \u00e0 consci\u00eancia ambiental que pretendemos propagar. A divulga\u00e7\u00e3o das a\u00e7\u00f5es produz nas comunidades interna e externa uma motiva\u00e7\u00e3o para adotar em seu cotidiano os princ\u00edpios e pr\u00e1ticas defendidos pela Comiss\u00e3o. <\/p>\n\n\n\n<p class=\"has-medium-font-size\">Nossa equipe de comunica\u00e7\u00e3o tranbalha com:<\/p>\n\n\n\n<ul class=\"wp-block-list\">\n<li class=\"has-medium-font-size\">Utiliza\u00e7\u00e3o das ferramentas Canva, Adobe Photoshop e <a href=\"https:\/\/www.instagram.com\/cgaufpb\/\">Instagram<\/a>.<\/li>\n\n\n\n<li class=\"has-medium-font-size\">Publica\u00e7\u00e3o de not\u00edcias na p\u00e1gina: https:\/\/www.ufpb.br\/cga\/<\/li>\n\n\n\n<li class=\"has-medium-font-size\">Elabora\u00e7\u00e3o de um Plano de Publica\u00e7\u00f5es no Instagram a cada m\u00eas, contemplando as frentes de trabalho da CGA, projetos parceiros, datas comemorativas ou de reflex\u00e3o pouco difundidas e divulga\u00e7\u00e3o de eventos.<\/li>\n\n\n\n<li class=\"has-medium-font-size\">Comunica\u00e7\u00e3o com pessoas f\u00edsicas, jur\u00eddicas, entidades e escolas, com <a href=\"https:\/\/www.ufpb.br\/cga\/palestras-e-sensibilizacao-ambiental\/\" target=\"_blank\" rel=\"noreferrer noopener\">palestras<\/a>, apoio e parcerias com projetos ambientais e setores administrativos da UFPB<\/li>\n<\/ul>\n\n\n\n<p class=\"has-medium-font-size\">Al\u00e9m do instagram, a nossa p\u00e1gina contribui tamb\u00e9m para a dissemina\u00e7\u00e3o de not\u00edcias e conhecimentos relacionados \u00e0 sustentabilidade ambiental.<\/p>\n\n\n\n<figure class=\"wp-block-image size-full\"><img loading=\"lazy\" decoding=\"async\" width=\"827\" height=\"652\" src=\"https:\/\/www.ufpb.br\/cga\/wp-content\/uploads\/sites\/79\/sites\/365\/2025\/10\/image-34.png\" alt=\"\" class=\"wp-image-909\" srcset=\"https:\/\/www.ufpb.br\/cga\/wp-content\/uploads\/sites\/79\/sites\/365\/2025\/10\/image-34.png 827w, https:\/\/www.ufpb.br\/cga\/wp-content\/uploads\/sites\/79\/sites\/365\/2025\/10\/image-34-300x237.png 300w, https:\/\/www.ufpb.br\/cga\/wp-content\/uploads\/sites\/79\/sites\/365\/2025\/10\/image-34-768x605.png 768w\" sizes=\"auto, (max-width: 827px) 100vw, 827px\" \/><\/figure>\n\n\n\n<p><\/p>\n\n\n\n<h2 class=\"wp-block-heading\"><div class=\"linha-header\"><strong>Equipe:&nbsp;<\/strong><\/div><\/h2>\n\n\n\n<p class=\"has-medium-font-size\"><strong>Coordenador:<\/strong>&nbsp;Elis\u00e2ngela Maria Rodrigues Rocha<\/p>\n\n\n\n<p class=\"has-medium-font-size\"><strong>Bolsista:<\/strong>&nbsp;Maria Eduarda Guedes Pereira<\/p>\n\n\n\n<p class=\"has-medium-font-size\"><strong>Volunt\u00e1rios:<\/strong> <\/p>\n\n\n\n<p class=\"has-medium-font-size\">Let\u00edcia Viana da Silva<\/p>\n\n\n\n<p class=\"has-medium-font-size\">Maria Eduarda Godinho Braga<\/p>\n\n\n<div class=\"wp-block-image\">\n<figure class=\"aligncenter size-full is-resized\"><img loading=\"lazy\" decoding=\"async\" width=\"512\" height=\"512\" src=\"http:\/\/www.ufpb.br\/cga\/wp-content\/uploads\/sites\/79\/sites\/365\/2025\/09\/cropped-Banner-para-loja-de-eletronicos-smartphone-desconto-preto-e-vermelho-1920-_20250910_063234_0000-1-scaled-1.png\" alt=\"\" class=\"wp-image-362\" style=\"width:193px;height:auto\" srcset=\"https:\/\/www.ufpb.br\/cga\/wp-content\/uploads\/sites\/79\/sites\/365\/2025\/09\/cropped-Banner-para-loja-de-eletronicos-smartphone-desconto-preto-e-vermelho-1920-_20250910_063234_0000-1-scaled-1.png 512w, https:\/\/www.ufpb.br\/cga\/wp-content\/uploads\/sites\/79\/sites\/365\/2025\/09\/cropped-Banner-para-loja-de-eletronicos-smartphone-desconto-preto-e-vermelho-1920-_20250910_063234_0000-1-scaled-1-300x300.png 300w, https:\/\/www.ufpb.br\/cga\/wp-content\/uploads\/sites\/79\/sites\/365\/2025\/09\/cropped-Banner-para-loja-de-eletronicos-smartphone-desconto-preto-e-vermelho-1920-_20250910_063234_0000-1-scaled-1-150x150.png 150w, https:\/\/www.ufpb.br\/cga\/wp-content\/uploads\/sites\/79\/sites\/365\/2025\/09\/cropped-Banner-para-loja-de-eletronicos-smartphone-desconto-preto-e-vermelho-1920-_20250910_063234_0000-1-scaled-1-270x270.png 270w, https:\/\/www.ufpb.br\/cga\/wp-content\/uploads\/sites\/79\/sites\/365\/2025\/09\/cropped-Banner-para-loja-de-eletronicos-smartphone-desconto-preto-e-vermelho-1920-_20250910_063234_0000-1-scaled-1-192x192.png 192w, https:\/\/www.ufpb.br\/cga\/wp-content\/uploads\/sites\/79\/sites\/365\/2025\/09\/cropped-Banner-para-loja-de-eletronicos-smartphone-desconto-preto-e-vermelho-1920-_20250910_063234_0000-1-scaled-1-180x180.png 180w, https:\/\/www.ufpb.br\/cga\/wp-content\/uploads\/sites\/79\/sites\/365\/2025\/09\/cropped-Banner-para-loja-de-eletronicos-smartphone-desconto-preto-e-vermelho-1920-_20250910_063234_0000-1-scaled-1-32x32.png 32w\" sizes=\"auto, (max-width: 512px) 100vw, 512px\" \/><\/figure>\n<\/div>","protected":false},"excerpt":{"rendered":"<p>A comunica\u00e7\u00e3o digital, assim como as campanhas feitas pelos alunos diretamente nos campis, por meio [&hellip;]<\/p>\n","protected":false},"author":397,"featured_media":0,"parent":0,"menu_order":0,"comment_status":"closed","ping_status":"closed","template":"","meta":{"footnotes":""},"class_list":["post-638","page","type-page","status-publish","hentry"],"_links":{"self":[{"href":"https:\/\/www.ufpb.br\/cga\/wp-json\/wp\/v2\/pages\/638","targetHints":{"allow":["GET"]}}],"collection":[{"href":"https:\/\/www.ufpb.br\/cga\/wp-json\/wp\/v2\/pages"}],"about":[{"href":"https:\/\/www.ufpb.br\/cga\/wp-json\/wp\/v2\/types\/page"}],"author":[{"embeddable":true,"href":"https:\/\/www.ufpb.br\/cga\/wp-json\/wp\/v2\/users\/397"}],"replies":[{"embeddable":true,"href":"https:\/\/www.ufpb.br\/cga\/wp-json\/wp\/v2\/comments?post=638"}],"version-history":[{"count":13,"href":"https:\/\/www.ufpb.br\/cga\/wp-json\/wp\/v2\/pages\/638\/revisions"}],"predecessor-version":[{"id":1118,"href":"https:\/\/www.ufpb.br\/cga\/wp-json\/wp\/v2\/pages\/638\/revisions\/1118"}],"wp:attachment":[{"href":"https:\/\/www.ufpb.br\/cga\/wp-json\/wp\/v2\/media?parent=638"}],"curies":[{"name":"wp","href":"https:\/\/api.w.org\/{rel}","templated":true}]}}