{"id":66,"date":"2025-09-08T18:55:48","date_gmt":"2025-09-08T21:55:48","guid":{"rendered":"https:\/\/www.ufpb.br\/cga\/?page_id=66"},"modified":"2025-09-08T21:05:19","modified_gmt":"2025-09-09T00:05:19","slug":"manuais-dos-projetos","status":"publish","type":"page","link":"https:\/\/www.ufpb.br\/cga\/manuais-dos-projetos\/","title":{"rendered":"Manuais dos Projetos"},"content":{"rendered":"\n<p><strong>Manual de Coleta Seletiva<\/strong><\/p>\n\n\n\n<p>Manuais contendo informa\u00e7\u00f5es, instru\u00e7\u00f5es e a forma como s\u00e3o realizadas as a\u00e7\u00f5es ambientais na UFPB atrav\u00e9s dos projetos parceiros da CGA.<\/p>\n\n\n\n<p>Este manual foi desenvolvido visando auxiliar na gest\u00e3o de res\u00edduos da UFPB e divulgar as a\u00e7\u00f5es desenvolvidas pela\u00a0CGA, no \u00e2mbito da coleta seletiva.\u00a0<\/p>\n\n\n\n<div class=\"wp-block-file\"><a id=\"wp-block-file--media-6cd88219-4904-46e9-a7c1-e4ac8cefcac8\" href=\"https:\/\/www.ufpb.br\/cga\/wp-content\/uploads\/sites\/79\/sites\/365\/2025\/09\/ManualdeColetaSeletiva.pdf\">Manual de Coleta Seletiva<\/a><a href=\"https:\/\/www.ufpb.br\/cga\/wp-content\/uploads\/sites\/79\/sites\/365\/2025\/09\/ManualdeColetaSeletiva.pdf\" class=\"wp-block-file__button wp-element-button\" download aria-describedby=\"wp-block-file--media-6cd88219-4904-46e9-a7c1-e4ac8cefcac8\">Baixar<\/a><\/div>\n\n\n\n<p class=\" \">\u00a0<\/p>\n\n\n\n<p><strong>Manual de Compostagem<\/strong><\/p>\n\n\n\n<p class=\" \">Este manual possui o objetivo de transmitir ao p\u00fablico informa\u00e7\u00f5es sobre a pr\u00e1tica, o processo e os benef\u00edcios da compostagem, al\u00e9m de mostrar como \u00e9 o Sistema de Compostagem da Universidade Federal da Para\u00edba (UFPB), regido pela Comiss\u00e3o de Gest\u00e3o Ambiental da UFPB.<a href=\"http:\/\/plone.ufpb.br\/cga\/contents\/documentos\/manual-de-compostagem.pdf\">\u00a0<\/a><\/p>\n\n\n\n<div class=\"wp-block-file\"><a id=\"wp-block-file--media-b635d71f-06a5-4074-9a1a-700660359547\" href=\"https:\/\/www.ufpb.br\/cga\/wp-content\/uploads\/sites\/79\/sites\/365\/2025\/09\/manual-de-compostagem.pdf\"><strong>Manual de Compostagem<\/strong><\/a><a href=\"https:\/\/www.ufpb.br\/cga\/wp-content\/uploads\/sites\/79\/sites\/365\/2025\/09\/manual-de-compostagem.pdf\" class=\"wp-block-file__button wp-element-button\" download aria-describedby=\"wp-block-file--media-b635d71f-06a5-4074-9a1a-700660359547\">Baixar<\/a><\/div>\n\n\n\n<p class=\" \">&nbsp;<\/p>\n\n\n\n<p><strong>Manual de Res\u00edduos Qu\u00edmicos<\/strong><\/p>\n\n\n\n<p class=\" \">Este manual foi desenvolvido para auxiliar a gest\u00e3o de res\u00edduos qu\u00edmicos da\u00a0UFPB de forma correta e que atende \u00e0s demandas da Pol\u00edtica Nacional de Res\u00edduos S\u00f3lidos.\u00a0<\/p>\n\n\n\n<div class=\"wp-block-file\"><a id=\"wp-block-file--media-364223f5-3c72-4eee-906c-90d479014b67\" href=\"https:\/\/www.ufpb.br\/cga\/wp-content\/uploads\/sites\/79\/sites\/365\/2025\/09\/manual-de-residuos-quimicos.pdf\"><strong>Manual de Res\u00edduos Qu\u00edmicos<\/strong><\/a><a href=\"https:\/\/www.ufpb.br\/cga\/wp-content\/uploads\/sites\/79\/sites\/365\/2025\/09\/manual-de-residuos-quimicos.pdf\" class=\"wp-block-file__button wp-element-button\" download aria-describedby=\"wp-block-file--media-364223f5-3c72-4eee-906c-90d479014b67\">Baixar<\/a><\/div>\n\n\n\n<p><\/p>\n\n\n\n<p><\/p>\n\n\n\n<p class=\" \">\u00a0<\/p>\n\n\n\n<p class=\" \"><strong>Manual Consumo Consciente de Energia El\u00e9trica<\/strong><\/p>\n\n\n\n<p class=\" \">Este manual possui o objetivo de conscientizar sobre o uso de energia el\u00e9trica, informando desde a sua gera\u00e7\u00e3o e distribui\u00e7\u00e3o at\u00e9 o uso nas nossas resid\u00eancias, dando dicas pontuais sobre como economizar energia, como s\u00e3o calculadas as tarifas e divulgando um software que permite calcular previamente um valor aproximado de quanto vir\u00e1 a conta no final do m\u00eas de acordo com o uso, auxiliando no planejamento dom\u00e9stico.\u00a0<\/p>\n\n\n\n<div class=\"wp-block-file\"><a id=\"wp-block-file--media-91768405-24b3-4700-a0fd-f6be93ae936b\" href=\"https:\/\/www.ufpb.br\/cga\/wp-content\/uploads\/sites\/79\/sites\/365\/2025\/09\/Manualdeconsumoconsciente_energiaeletrica.pdf\"><strong><strong>Manual Consumo Consciente de Energia El\u00e9trica<\/strong><\/strong><\/a><a href=\"https:\/\/www.ufpb.br\/cga\/wp-content\/uploads\/sites\/79\/sites\/365\/2025\/09\/Manualdeconsumoconsciente_energiaeletrica.pdf\" class=\"wp-block-file__button wp-element-button\" download aria-describedby=\"wp-block-file--media-91768405-24b3-4700-a0fd-f6be93ae936b\">Baixar<\/a><\/div>\n\n\n\n<p class=\" \">\u00a0<\/p>\n\n\n\n<p>\u00a0<\/p>\n\n\n\n<p><strong>Manual da L\u00e2mpada Fluorescentes<\/strong><\/p>\n\n\n\n<p class=\" \">Este manual foi desenvolvido com o objetivo de conscientizar a respeito do descarte das l\u00e2mpadas fluorescentes. Nele \u00e9 poss\u00edvel conferir os pontos de coleta espalhados pelo Campus I da UFPB.\u00a0<\/p>\n\n\n\n<div class=\"wp-block-file\"><a id=\"wp-block-file--media-3d41581e-f868-4cb4-a9d7-b85db9bd94bf\" href=\"https:\/\/www.ufpb.br\/cga\/wp-content\/uploads\/sites\/79\/sites\/365\/2025\/09\/ManualLmpadasFluorescentes.pdf\">\u00a0<strong>Manual da L\u00e2mpada Fluorescentes<\/strong><\/a><a href=\"https:\/\/www.ufpb.br\/cga\/wp-content\/uploads\/sites\/79\/sites\/365\/2025\/09\/ManualLmpadasFluorescentes.pdf\" class=\"wp-block-file__button wp-element-button\" download aria-describedby=\"wp-block-file--media-3d41581e-f868-4cb4-a9d7-b85db9bd94bf\">Baixar<\/a><\/div>\n\n\n\n<p><\/p>\n\n\n\n<p><\/p>\n\n\n\n<p class=\" \"><strong>\u00a0Manual de Log\u00edstica Reversa de Res\u00edduos Eletrodom\u00e9sticos\u00a0<\/strong><\/p>\n\n\n\n<p class=\" \">O Manual de Log\u00edstica Reversa de Res\u00edduos Eletrodom\u00e9sticos orienta sobre o descarte adequado de cartuchos e toners, abordando a import\u00e2ncia da pr\u00e1tica. Empresas coletoras e contatos s\u00e3o fornecidos, junto com pontos de coleta na UFPB.\u00a0<\/p>\n\n\n\n<div class=\"wp-block-file\"><a id=\"wp-block-file--media-2fa8c0ba-01d2-4da7-a100-3aaa3b13679b\" href=\"https:\/\/www.ufpb.br\/cga\/wp-content\/uploads\/sites\/79\/sites\/365\/2025\/09\/ManualdaLogsticaReversadeResduosEletroeletrnicosCGA.pdf\">Manual de Log\u00edstica Reversa de Res\u00edduos Eletrodom\u00e9sticos\u00a0<\/a><a href=\"https:\/\/www.ufpb.br\/cga\/wp-content\/uploads\/sites\/79\/sites\/365\/2025\/09\/ManualdaLogsticaReversadeResduosEletroeletrnicosCGA.pdf\" class=\"wp-block-file__button wp-element-button\" download aria-describedby=\"wp-block-file--media-2fa8c0ba-01d2-4da7-a100-3aaa3b13679b\">Baixar<\/a><\/div>\n\n\n\n<p><\/p>\n\n\n\n<p><\/p>\n\n\n\n<p><a href=\"https:\/\/drive.google.com\/file\/d\/1dTicWYK7C6g515PPqT9yIfMRD9-6Ca7H\/view?usp=sharing\">https:\/\/drive.google.com\/file\/d\/1dTicWYK7C6g515PPqT9yIfMRD9-6Ca7H\/view?usp=sharing<\/a><\/p>\n\n\n\n<p><\/p>\n\n\n\n<p><strong>Cartilha do Programa Bicho-Pregui\u00e7a <\/strong><\/p>\n\n\n\n<p class=\" \">A Cartilha do Programa Bicho-Pregui\u00e7a promove a conscientiza\u00e7\u00e3o atrav\u00e9s da educa\u00e7\u00e3o ambiental, pautada na disponibiliza\u00e7\u00e3o de informa\u00e7\u00f5es acerca do animal t\u00e3o presente na UFPB.\u00a0<\/p>\n\n\n\n<p class=\" \"><\/p>\n\n\n\n<div class=\"wp-block-file\"><a id=\"wp-block-file--media-17e38bd9-bce0-4d0b-92aa-fe9b4999cd74\" href=\"https:\/\/www.ufpb.br\/cga\/wp-content\/uploads\/sites\/79\/sites\/365\/2025\/09\/Cartilha-Bicho-Preguica.pdf\">Cartilha Bicho-Pregui\u00e7a<\/a><a href=\"https:\/\/www.ufpb.br\/cga\/wp-content\/uploads\/sites\/79\/sites\/365\/2025\/09\/Cartilha-Bicho-Preguica.pdf\" class=\"wp-block-file__button wp-element-button\" download aria-describedby=\"wp-block-file--media-17e38bd9-bce0-4d0b-92aa-fe9b4999cd74\">Baixar<\/a><\/div>\n","protected":false},"excerpt":{"rendered":"<p>Manual de Coleta Seletiva Manuais contendo informa\u00e7\u00f5es, instru\u00e7\u00f5es e a forma como s\u00e3o realizadas as [&hellip;]<\/p>\n","protected":false},"author":47,"featured_media":0,"parent":0,"menu_order":0,"comment_status":"closed","ping_status":"closed","template":"","meta":{"footnotes":""},"class_list":["post-66","page","type-page","status-publish","hentry"],"_links":{"self":[{"href":"https:\/\/www.ufpb.br\/cga\/wp-json\/wp\/v2\/pages\/66","targetHints":{"allow":["GET"]}}],"collection":[{"href":"https:\/\/www.ufpb.br\/cga\/wp-json\/wp\/v2\/pages"}],"about":[{"href":"https:\/\/www.ufpb.br\/cga\/wp-json\/wp\/v2\/types\/page"}],"author":[{"embeddable":true,"href":"https:\/\/www.ufpb.br\/cga\/wp-json\/wp\/v2\/users\/47"}],"replies":[{"embeddable":true,"href":"https:\/\/www.ufpb.br\/cga\/wp-json\/wp\/v2\/comments?post=66"}],"version-history":[{"count":7,"href":"https:\/\/www.ufpb.br\/cga\/wp-json\/wp\/v2\/pages\/66\/revisions"}],"predecessor-version":[{"id":93,"href":"https:\/\/www.ufpb.br\/cga\/wp-json\/wp\/v2\/pages\/66\/revisions\/93"}],"wp:attachment":[{"href":"https:\/\/www.ufpb.br\/cga\/wp-json\/wp\/v2\/media?parent=66"}],"curies":[{"name":"wp","href":"https:\/\/api.w.org\/{rel}","templated":true}]}}