{"id":667,"date":"2025-10-14T13:09:36","date_gmt":"2025-10-14T16:09:36","guid":{"rendered":"https:\/\/www.ufpb.br\/cga\/?page_id=667"},"modified":"2026-03-16T10:07:44","modified_gmt":"2026-03-16T13:07:44","slug":"relatorios","status":"publish","type":"page","link":"https:\/\/www.ufpb.br\/cga\/relatorios\/","title":{"rendered":"Relat\u00f3rios"},"content":{"rendered":"<div class=\"wp-block-image\">\n<figure class=\"aligncenter size-full is-resized\"><img loading=\"lazy\" decoding=\"async\" width=\"593\" height=\"421\" src=\"https:\/\/www.ufpb.br\/cga\/wp-content\/uploads\/sites\/79\/sites\/365\/2025\/10\/image-13.png\" alt=\"\" class=\"wp-image-733\" style=\"width:399px;height:auto\" srcset=\"https:\/\/www.ufpb.br\/cga\/wp-content\/uploads\/sites\/79\/sites\/365\/2025\/10\/image-13.png 593w, https:\/\/www.ufpb.br\/cga\/wp-content\/uploads\/sites\/79\/sites\/365\/2025\/10\/image-13-300x213.png 300w\" sizes=\"auto, (max-width: 593px) 100vw, 593px\" \/><figcaption class=\"wp-element-caption\">fonte da imagem:Freepik<\/figcaption><\/figure>\n<\/div>\n\n\n<p class=\"has-text-align-left has-medium-font-size\"><strong>A\u00e7\u00f5es da atual gest\u00e3o:<\/strong><\/p>\n\n\n\n<ul class=\"wp-block-list\">\n<li><a href=\"https:\/\/www.ufpb.br\/cga\/wp-content\/uploads\/sites\/79\/sites\/365\/2025\/11\/RELATORIO_GERAL_ACOES_CGA_2024.pdf\" target=\"_blank\" rel=\"noreferrer noopener\">Relat\u00f3rio parcial 2025<\/a> &#8211; 100 dias<\/li>\n\n\n\n<li><a href=\"https:\/\/www.ufpb.br\/cga\/wp-content\/uploads\/sites\/79\/sites\/365\/2026\/01\/2025-Relatorio-de-Trabalhos-CGA-1.pdf\" target=\"_blank\" rel=\"noreferrer noopener\">Relat\u00f3rio de trabalho -2025<\/a><\/li>\n\n\n\n<li><a href=\"https:\/\/www.ufpb.br\/cga\/wp-content\/uploads\/sites\/79\/sites\/365\/2026\/01\/PGS_CGA-2026-2029.pdf\" target=\"_blank\" rel=\"noreferrer noopener\">Relat\u00f3rio Setorial &#8211; 2026-2029<\/a><\/li>\n<\/ul>\n\n\n\n<p class=\"has-medium-font-size\"><strong>A\u00e7\u00f5es realizadas at\u00e9 2024:<\/strong><\/p>\n\n\n\n<ul class=\"wp-block-list\">\n<li><a href=\"https:\/\/www.ufpb.br\/cga\/wp-content\/uploads\/sites\/79\/sites\/365\/2025\/11\/2013-2020-RELATORIO-GLOBAL-CGA-.pdf\" target=\"_blank\" rel=\"noreferrer noopener\">Relat\u00f3rio 2013-2020<\/a><\/li>\n\n\n\n<li><a href=\"https:\/\/www.ufpb.br\/cga\/wp-content\/uploads\/sites\/79\/sites\/365\/2025\/11\/2024-Relatorio-de-atividades-PROEX-1.pdf\" target=\"_blank\" rel=\"noreferrer noopener\">Relat\u00f3rio das atividades 2024<\/a><\/li>\n<\/ul>\n\n\n\n<p class=\"has-medium-font-size\"><\/p>\n\n\n\n<hr class=\"wp-block-separator has-alpha-channel-opacity\" \/>\n\n\n\n<p class=\"has-medium-font-size\"><strong>Compostagem:<\/strong><\/p>\n\n\n\n<figure class=\"wp-block-image size-large is-resized\"><img loading=\"lazy\" decoding=\"async\" width=\"1024\" height=\"683\" src=\"http:\/\/www.ufpb.br\/cga\/wp-content\/uploads\/sites\/79\/sites\/365\/2025\/10\/maos-de-vista-lateral-segurando-terra-para-vasos-1024x683.jpg\" alt=\"\" class=\"wp-image-721\" style=\"width:238px;height:auto\" srcset=\"https:\/\/www.ufpb.br\/cga\/wp-content\/uploads\/sites\/79\/sites\/365\/2025\/10\/maos-de-vista-lateral-segurando-terra-para-vasos-1024x683.jpg 1024w, https:\/\/www.ufpb.br\/cga\/wp-content\/uploads\/sites\/79\/sites\/365\/2025\/10\/maos-de-vista-lateral-segurando-terra-para-vasos-300x200.jpg 300w, https:\/\/www.ufpb.br\/cga\/wp-content\/uploads\/sites\/79\/sites\/365\/2025\/10\/maos-de-vista-lateral-segurando-terra-para-vasos-768x512.jpg 768w, https:\/\/www.ufpb.br\/cga\/wp-content\/uploads\/sites\/79\/sites\/365\/2025\/10\/maos-de-vista-lateral-segurando-terra-para-vasos-1536x1024.jpg 1536w, https:\/\/www.ufpb.br\/cga\/wp-content\/uploads\/sites\/79\/sites\/365\/2025\/10\/maos-de-vista-lateral-segurando-terra-para-vasos-2048x1365.jpg 2048w, https:\/\/www.ufpb.br\/cga\/wp-content\/uploads\/sites\/79\/sites\/365\/2025\/10\/maos-de-vista-lateral-segurando-terra-para-vasos-272x182.jpg 272w\" sizes=\"auto, (max-width: 1024px) 100vw, 1024px\" \/><figcaption class=\"wp-element-caption\">fonte da imagem:Freepik<\/figcaption><\/figure>\n\n\n\n<p class=\"has-medium-font-size\"><a href=\"http:\/\/www.ufpb.br\/cga\/wp-content\/uploads\/sites\/79\/sites\/365\/2025\/11\/Relatorio-Compostagem-10.2025.pdf\" target=\"_blank\" rel=\"noreferrer noopener\">Consolidado<\/a> &#8211; Programa de compostagem<\/p>\n\n\n\n<p class=\"has-medium-font-size\">Campus I<\/p>\n\n\n\n<ul class=\"wp-block-list\">\n<li class=\"has-medium-font-size\"><a href=\"https:\/\/www.ufpb.br\/cga\/wp-content\/uploads\/sites\/79\/sites\/365\/2026\/01\/Relatorio-Composteiras-2026_janeiro.pdf\" target=\"_blank\" rel=\"noreferrer noopener\">Relat\u00f3rio sobre a Situa\u00e7\u00e3o das Composteiras &#8211; Janeiro 2026 <\/a><\/li>\n<\/ul>\n\n\n\n<p class=\"has-medium-font-size\"><a href=\"https:\/\/www.ufpb.br\/cga\/wp-content\/uploads\/sites\/79\/sites\/365\/2026\/03\/probex_12-2025_CompostaCCA.pdf\" target=\"_blank\" rel=\"noreferrer noopener\">Campus II<\/a> &#8211; Relat\u00f3rio<\/p>\n\n\n\n<p class=\"has-medium-font-size\"><a href=\"http:\/\/www.ufpb.br\/cga\/wp-content\/uploads\/sites\/79\/sites\/365\/2025\/11\/Campus-III-Relatorio_Compostagem_2024_2025.-1.pdf\" target=\"_blank\" rel=\"noreferrer noopener\">Campus III<\/a> &#8211; Relat\u00f3rio<\/p>\n\n\n\n<p><\/p>\n\n\n\n<hr class=\"wp-block-separator has-alpha-channel-opacity\" \/>\n\n\n\n<p class=\"has-medium-font-size\"><strong>Coleta Seletiva:<\/strong><\/p>\n\n\n\n<figure class=\"wp-block-image size-large is-resized\"><img loading=\"lazy\" decoding=\"async\" width=\"1024\" height=\"681\" src=\"http:\/\/www.ufpb.br\/cga\/wp-content\/uploads\/sites\/79\/sites\/365\/2025\/10\/close-up-mulher-segurando-cesta-de-reciclagem-na-natureza-1024x681.jpg\" alt=\"\" class=\"wp-image-722\" style=\"width:246px;height:auto\" srcset=\"https:\/\/www.ufpb.br\/cga\/wp-content\/uploads\/sites\/79\/sites\/365\/2025\/10\/close-up-mulher-segurando-cesta-de-reciclagem-na-natureza-1024x681.jpg 1024w, https:\/\/www.ufpb.br\/cga\/wp-content\/uploads\/sites\/79\/sites\/365\/2025\/10\/close-up-mulher-segurando-cesta-de-reciclagem-na-natureza-300x200.jpg 300w, https:\/\/www.ufpb.br\/cga\/wp-content\/uploads\/sites\/79\/sites\/365\/2025\/10\/close-up-mulher-segurando-cesta-de-reciclagem-na-natureza-768x511.jpg 768w, https:\/\/www.ufpb.br\/cga\/wp-content\/uploads\/sites\/79\/sites\/365\/2025\/10\/close-up-mulher-segurando-cesta-de-reciclagem-na-natureza-1536x1022.jpg 1536w, https:\/\/www.ufpb.br\/cga\/wp-content\/uploads\/sites\/79\/sites\/365\/2025\/10\/close-up-mulher-segurando-cesta-de-reciclagem-na-natureza-2048x1363.jpg 2048w, https:\/\/www.ufpb.br\/cga\/wp-content\/uploads\/sites\/79\/sites\/365\/2025\/10\/close-up-mulher-segurando-cesta-de-reciclagem-na-natureza-272x182.jpg 272w\" sizes=\"auto, (max-width: 1024px) 100vw, 1024px\" \/><figcaption class=\"wp-element-caption\">fonte da imagem:Freepik<\/figcaption><\/figure>\n\n\n\n<p class=\"has-medium-font-size\"><a href=\"https:\/\/www.ufpb.br\/cga\/wp-content\/uploads\/sites\/79\/sites\/365\/2025\/11\/Rel.-Coleta-seletiva-10.2025-1.pdf\" target=\"_blank\" rel=\"noreferrer noopener\">Campus I<\/a><\/p>\n\n\n\n<p>Campus II<\/p>\n\n\n\n<p class=\"has-medium-font-size\"><a href=\"http:\/\/www.ufpb.br\/cga\/wp-content\/uploads\/sites\/79\/sites\/365\/2025\/11\/Campus-III_coleta-seletiva_2024_2025.pdf\" target=\"_blank\" rel=\"noreferrer noopener\">Campus III<\/a><\/p>\n\n\n\n<p class=\"has-medium-font-size\"><a href=\"http:\/\/www.ufpb.br\/cga\/wp-content\/uploads\/sites\/79\/sites\/365\/2025\/11\/Campus-III_Residuos-perigosos_2024_2025.pdf\" target=\"_blank\" rel=\"noreferrer noopener\">Res\u00edduos perigosos &#8211; Campus III<\/a><\/p>\n\n\n\n<p><\/p>\n\n\n\n<hr class=\"wp-block-separator has-alpha-channel-opacity\" \/>\n\n\n\n<p class=\"has-medium-font-size\"><strong>Eventos:<\/strong><\/p>\n\n\n\n<p class=\"has-medium-font-size\"><a href=\"https:\/\/www.ufpb.br\/cga\/wp-content\/uploads\/sites\/79\/sites\/365\/2025\/11\/Relatorio-I-FORUM-DE-SUSTENTABILIDADE.pdf\" target=\"_blank\" rel=\"noreferrer noopener\">I F\u00f3rum de Sustentabilidade da UFPB<\/a><\/p>\n\n\n\n<p><\/p>\n\n\n\n<hr class=\"wp-block-separator has-alpha-channel-opacity\" \/>\n\n\n\n<p class=\"has-medium-font-size\"><strong>A3P- Agenda Ambiental da Administra\u00e7\u00e3o P\u00fablica  <\/strong>&#8211; CCHSA e CAVN<\/p>\n\n\n\n<p class=\"has-medium-font-size\"><a href=\"https:\/\/www.ufpb.br\/cga\/wp-content\/uploads\/sites\/79\/sites\/365\/2025\/12\/1_Relatorio-Socio-Ambiental.pdf\" target=\"_blank\" rel=\"noreferrer noopener\">Diagn\u00f3stico Socioambiental<\/a><\/p>\n\n\n\n<p class=\"has-medium-font-size\"><a href=\"https:\/\/www.ufpb.br\/cga\/wp-content\/uploads\/sites\/79\/sites\/365\/2025\/12\/2_Relatorio-de-Monitoramento_2020-ate-2022.pdf\" target=\"_blank\" rel=\"noreferrer noopener\">Relat\u00f3rio de Monitoramento<\/a><\/p>\n\n\n\n<p><\/p>\n\n\n\n<hr class=\"wp-block-separator has-alpha-channel-opacity\" \/>\n\n\n\n<p class=\"has-medium-font-size\"><strong>PLS<\/strong><\/p>\n\n\n\n<figure class=\"wp-block-image size-full is-resized\"><img loading=\"lazy\" decoding=\"async\" width=\"290\" height=\"136\" src=\"https:\/\/www.ufpb.br\/cga\/wp-content\/uploads\/sites\/79\/sites\/365\/2025\/10\/image-12.png\" alt=\"\" class=\"wp-image-728\" style=\"width:249px;height:auto\" \/><\/figure>\n\n\n\n<p class=\"has-medium-font-size\"><a href=\"https:\/\/www.ufpb.br\/cga\/pls\/\">Relat\u00f3rios<\/a><\/p>\n\n\n\n<p><\/p>\n\n\n\n<hr class=\"wp-block-separator has-alpha-channel-opacity\" \/>\n\n\n\n<p class=\"has-medium-font-size\"><strong>DOCUMENTOS DE REFER\u00caNCIA<\/strong><\/p>\n\n\n\n<p class=\"has-medium-font-size\"><strong>Documentos institucionais da UFPB:<\/strong><\/p>\n\n\n\n<p class=\"has-medium-font-size\"><a href=\"https:\/\/www.ufpb.br\/cga\/wp-content\/uploads\/sites\/79\/sites\/365\/2025\/11\/PDI-2024-2028-publicacao.pdf\" target=\"_blank\" rel=\"noreferrer noopener\">PDI_2024-2028<\/a><\/p>\n\n\n\n<p class=\"has-medium-font-size\"><a href=\"https:\/\/sig-arq.ufpb.br\/arquivos\/2018052046db8b895282d30894eb80a5\/Runi17_2018.pdf\" target=\"_blank\" rel=\"noreferrer noopener\">Pol\u00edtica Ambiental<\/a><\/p>\n\n\n\n<p><\/p>\n\n\n\n<p class=\"has-medium-font-size\"><strong>Instrumentos de apoio ao PLS:&nbsp;<\/strong><\/p>\n\n\n\n<ul class=\"wp-block-list\">\n<li>Guia Nacional de Contrata\u00e7\u00f5es Sustent\u00e1veis (agosto\/2022) (<a href=\"https:\/\/reitoria.ufersa.edu.br\/wp-content\/uploads\/sites\/19\/2022\/09\/gncs_2022.pdf\" target=\"_blank\" rel=\"noreferrer noopener\">acesse aqui).<\/a><\/li>\n\n\n\n<li>Portaria SEGES\/ME n\u00ba 8.678, de 19 de julho de 2021. Disp\u00f5e sobre a governan\u00e7a das contrata\u00e7\u00f5es p\u00fablicas no \u00e2mbito da Administra\u00e7\u00e3o P\u00fablica federal direta, aut\u00e1rquica e fundacional (<a href=\"https:\/\/www.in.gov.br\/en\/web\/dou\/-\/portaria-seges\/me-n-8.678-de-19-de-julho-de-2021-332956169\" target=\"_blank\" rel=\"noreferrer noopener\">Link<\/a>).<\/li>\n\n\n\n<li><a href=\"https:\/\/www.ufpb.br\/cga\/wp-content\/uploads\/sites\/79\/sites\/365\/2025\/11\/DECRETO-No-10.531-DE-26-DE-OUTUBRO-DE-2020-Estrategia-Federal-de-Desenvolvimento-para-o-Brasil-2020-2031.pdf\" target=\"_blank\" rel=\"noreferrer noopener\">Estrat\u00e9gia Federal de Desenvolvimento para o Brasil (2020-2031)<\/a> <\/li>\n<\/ul>\n\n\n\n<p class=\"has-medium-font-size\"><strong>Instrumentos legais de gest\u00e3o ambiental no Brasil:<\/strong><\/p>\n\n\n\n<ul class=\"wp-block-list\">\n<li>Agenda Ambiental na Administra\u00e7\u00e3o P\u00fablica \u2013 A3P (<a href=\"http:\/\/a3p.mma.gov.br\/\" target=\"_blank\" rel=\"noreferrer noopener\">Link<\/a>).<\/li>\n\n\n\n<li>Programa Nacional de Conserva\u00e7\u00e3o de Energia El\u00e9trica 2019 (<a href=\"http:\/\/www.in.gov.br\/web\/dou\/-\/decreto-n-9.863-de-27-de-junho-de-2019-179415415\" target=\"_blank\" rel=\"noreferrer noopener\">Link<\/a>).<\/li>\n\n\n\n<li>Pol\u00edtica Nacional de Res\u00edduos S\u00f3lidos (<a href=\"http:\/\/www.planalto.gov.br\/ccivil_03\/_ato2007-2010\/2010\/lei\/l12305.htm\" target=\"_blank\" rel=\"noreferrer noopener\">Link<\/a>).<\/li>\n\n\n\n<li>Portaria do MPOG \u2013 Boas Pr\u00e1ticas de Gest\u00e3o e Uso de Energia El\u00e9trica e \u00c1gua (2015) (<a href=\"https:\/\/reitoria.ufersa.edu.br\/wp-content\/uploads\/sites\/19\/2019\/11\/Portaria-GM-23-de-2015-Boas-pra%CC%81ticas-de-gesta%CC%83o-e-uso-de-Energia-Ele%CC%81trica-e-de-A%CC%81gua.pdf\" target=\"_blank\" rel=\"noreferrer noopener\">portaria<\/a>).<\/li>\n\n\n\n<li>Lei de Prote\u00e7\u00e3o da Vegeta\u00e7\u00e3o Nativa (2012) (<a href=\"http:\/\/www.planalto.gov.br\/ccivil_03\/_ato2011-2014\/2012\/lei\/l12651.htm\" target=\"_blank\" rel=\"noreferrer noopener\">Link<\/a>).<\/li>\n\n\n\n<li>Pol\u00edtica Nacional do Meio Ambiente (1981) (<a href=\"http:\/\/www.planalto.gov.br\/ccivil_03\/leis\/l6938.htm\" target=\"_blank\" rel=\"noreferrer noopener\">Link<\/a>).<\/li>\n\n\n\n<li>Pol\u00edtica Nacional de Educa\u00e7\u00e3o Ambiental (1999) (<a href=\"http:\/\/www.planalto.gov.br\/ccivil_03\/leis\/l9795.htm\" target=\"_blank\" rel=\"noreferrer noopener\">Link<\/a>).<\/li>\n\n\n\n<li>Colet\u00e2nea Desafio da Sustentabilidade (PREMIOIDEIA\/MEC) (2015) (<a href=\"https:\/\/reitoria.ufersa.edu.br\/wp-content\/uploads\/sites\/19\/2015\/03\/coletanea-Desafio-da-Sustentabilidade.pdf\" target=\"_blank\" rel=\"noreferrer noopener\">Colet\u00e2nea Desafio da Sustentabilidade<\/a>)<\/li>\n<\/ul>\n\n\n\n<hr class=\"wp-block-separator has-alpha-channel-opacity\" \/>\n\n\n\n<p class=\"has-text-align-center has-large-font-size\">\u201cA mudan\u00e7a clim\u00e1tica n\u00e3o \u00e9 uma quest\u00e3o pol\u00edtica; \u00e9 uma quest\u00e3o de sobreviv\u00eancia.\u201d <\/p>\n\n\n\n<p class=\"has-text-align-right has-medium-font-size\">Barack Obama<\/p>\n\n\n<div class=\"wp-block-image\">\n<figure class=\"aligncenter size-full is-resized\"><img loading=\"lazy\" decoding=\"async\" width=\"150\" height=\"150\" src=\"http:\/\/www.ufpb.br\/cga\/wp-content\/uploads\/sites\/79\/sites\/365\/2026\/01\/image-20.png\" alt=\"\" class=\"wp-image-1381\" style=\"width:268px;height:auto\" \/><\/figure>\n<\/div>\n\n\n<p><\/p>\n","protected":false},"excerpt":{"rendered":"<p>A\u00e7\u00f5es da atual gest\u00e3o: A\u00e7\u00f5es realizadas at\u00e9 2024: Compostagem: Consolidado &#8211; Programa de compostagem Campus [&hellip;]<\/p>\n","protected":false},"author":397,"featured_media":0,"parent":0,"menu_order":0,"comment_status":"closed","ping_status":"closed","template":"","meta":{"footnotes":""},"class_list":["post-667","page","type-page","status-publish","hentry"],"_links":{"self":[{"href":"https:\/\/www.ufpb.br\/cga\/wp-json\/wp\/v2\/pages\/667","targetHints":{"allow":["GET"]}}],"collection":[{"href":"https:\/\/www.ufpb.br\/cga\/wp-json\/wp\/v2\/pages"}],"about":[{"href":"https:\/\/www.ufpb.br\/cga\/wp-json\/wp\/v2\/types\/page"}],"author":[{"embeddable":true,"href":"https:\/\/www.ufpb.br\/cga\/wp-json\/wp\/v2\/users\/397"}],"replies":[{"embeddable":true,"href":"https:\/\/www.ufpb.br\/cga\/wp-json\/wp\/v2\/comments?post=667"}],"version-history":[{"count":29,"href":"https:\/\/www.ufpb.br\/cga\/wp-json\/wp\/v2\/pages\/667\/revisions"}],"predecessor-version":[{"id":1648,"href":"https:\/\/www.ufpb.br\/cga\/wp-json\/wp\/v2\/pages\/667\/revisions\/1648"}],"wp:attachment":[{"href":"https:\/\/www.ufpb.br\/cga\/wp-json\/wp\/v2\/media?parent=667"}],"curies":[{"name":"wp","href":"https:\/\/api.w.org\/{rel}","templated":true}]}}