{"id":824,"date":"2025-10-22T17:34:49","date_gmt":"2025-10-22T20:34:49","guid":{"rendered":"https:\/\/www.ufpb.br\/cga\/?page_id=824"},"modified":"2026-04-09T17:33:23","modified_gmt":"2026-04-09T20:33:23","slug":"eixos-do-pls","status":"publish","type":"page","link":"https:\/\/www.ufpb.br\/cga\/eixos-do-pls\/","title":{"rendered":"Eixos do PLS"},"content":{"rendered":"\n<p class=\"has-medium-font-size\">Em setembro de 2025 realizamos o I F\u00f3rum de Sustentabilidade da UFPB. Foram dois dias de conversas, troca de experi\u00eancias e discuss\u00f5es sobre os principais temas enfrentados pela nossa comunidade acad\u00eamica quando o assunto \u00e9 sustentabilidade ambiental.<\/p>\n\n\n\n<p>Acompanhe aqui os dois dias:<\/p>\n\n\n\n<p><a href=\"https:\/\/www.ufpb.br\/cga\/eventos\/1o-dia-do-nosso-forum\/\" target=\"_blank\" rel=\"noreferrer noopener\">1\u00ba dia<\/a><\/p>\n\n\n\n<p><a href=\"https:\/\/www.ufpb.br\/cga\/eventos\/2o-dia-do-nosso-forum\/\" target=\"_blank\" rel=\"noreferrer noopener\">2\u00ba dia<\/a><\/p>\n\n\n\n<p class=\"has-medium-font-size\">O PLS-UFPB 2025-2029 estrutura as suas a\u00e7\u00f5es em seis eixos tem\u00e1ticos principais:<\/p>\n\n\n\n<ol class=\"wp-block-list\">\n<li>Promo\u00e7\u00e3o do consumo consciente de bens e servi\u00e7os.<\/li>\n\n\n\n<li>Otimiza\u00e7\u00e3o do uso e da ocupa\u00e7\u00e3o dos espa\u00e7os f\u00edsicos.<\/li>\n\n\n\n<li>Identifica\u00e7\u00e3o e aquisi\u00e7\u00e3o de produtos e servi\u00e7os de menor impacto ambiental.<\/li>\n\n\n\n<li>Fomento \u00e0 inova\u00e7\u00e3o e ao desenvolvimento de mercados sustent\u00e1veis.<\/li>\n\n\n\n<li>Inclus\u00e3o de neg\u00f3cios de impacto social e ambiental nas contrata\u00e7\u00f5es p\u00fablicas.<\/li>\n\n\n\n<li>Divulga\u00e7\u00e3o, conscientiza\u00e7\u00e3o e capacita\u00e7\u00e3o cont\u00ednuas.<\/li>\n<\/ol>\n\n\n\n<figure class=\"wp-block-image\"><img loading=\"lazy\" decoding=\"async\" width=\"867\" height=\"495\" src=\"http:\/\/www.ufpb.br\/cga\/wp-content\/uploads\/sites\/79\/sites\/365\/2025\/09\/EIXOS-PLS.png\" alt=\"\" class=\"wp-image-209\" srcset=\"https:\/\/www.ufpb.br\/cga\/wp-content\/uploads\/sites\/79\/sites\/365\/2025\/09\/EIXOS-PLS.png 867w, https:\/\/www.ufpb.br\/cga\/wp-content\/uploads\/sites\/79\/sites\/365\/2025\/09\/EIXOS-PLS-300x171.png 300w, https:\/\/www.ufpb.br\/cga\/wp-content\/uploads\/sites\/79\/sites\/365\/2025\/09\/EIXOS-PLS-768x438.png 768w\" sizes=\"auto, (max-width: 867px) 100vw, 867px\" \/><\/figure>\n\n\n\n<p class=\"has-medium-font-size\">Para cada eixo, o Plano estabelece metas claras, indicadores de desempenho e a\u00e7\u00f5es espec\u00edficas, acompanhadas por um sistema de monitoramento cont\u00ednuo. Este processo inclui revis\u00f5es peri\u00f3dicas e a publica\u00e7\u00e3o de relat\u00f3rios anuais de acompanhamento.<\/p>\n\n\n\n<p class=\"has-medium-font-size\">O PLS possui um escopo bem amplo e estrat\u00e9gico, pois \u00e9 um instrumento de governan\u00e7a que ir\u00e1 definir as diretrizes estrat\u00e9gicas para as contrata\u00e7\u00f5es e log\u00edstica no \u00e2mbito do \u00f3rg\u00e3o\/entidade, al\u00e9m de nortear a elabora\u00e7\u00e3o do plano de contrata\u00e7\u00f5es anual, dos estudos t\u00e9cnicos preliminares e dos anteprojetos, projetos b\u00e1sicos e termos de refer\u00eancia de cada contrata\u00e7\u00e3o.<\/p>\n\n\n\n<p class=\"has-medium-font-size\">A UFPB busca, por meio deste Plano, reduzir o impacto ambiental de suas opera\u00e7\u00f5es, promover o uso consciente dos recursos p\u00fablicos, realizar compras e contrata\u00e7\u00f5es sustent\u00e1veis e atuar como indutora de pr\u00e1ticas alinhadas ao desenvolvimento sustent\u00e1vel.<\/p>\n\n\n\n<p class=\"has-medium-font-size\">Alguns exemplos de bens que podem ser adquiridos atrav\u00e9s de licita\u00e7\u00f5es sustent\u00e1veis:<\/p>\n\n\n\n<ul class=\"wp-block-list\">\n<li>Ve\u00edculos flexfuel ou movidos a biodiesel;<\/li>\n\n\n\n<li>Alimentos org\u00e2nicos (merenda escolar, restaurantes populares ou institucionais);<\/li>\n\n\n\n<li>Madeira certificada (mobili\u00e1rio e constru\u00e7\u00e3o);<\/li>\n\n\n\n<li>Papel n\u00e3o clorado e reciclado (rotina di\u00e1ria, correspond\u00eancia e publica\u00e7\u00f5es);<\/li>\n\n\n\n<li>Pl\u00e1stico reciclado (mobili\u00e1rio e utens\u00edlios);<\/li>\n\n\n\n<li>Energia renov\u00e1vel;<\/li>\n\n\n\n<li>Equipamentos n\u00e3o poluentes ou com reduzido potencial poluente; L\u00e2mpadas LED com descarte adequado;<\/li>\n\n\n\n<li>Toner de impressoras e tintas de alto rendimento e que preveem a log\u00edstica reversa dos cartuchos no contrato.<\/li>\n<\/ul>\n\n\n\n<p class=\"has-medium-font-size\">Alguns procedimentos visando implantar as contrata\u00e7\u00f5es sustent\u00e1veis nos \u00f3rg\u00e3os p\u00fablicos:<\/p>\n\n\n\n<ul class=\"wp-block-list\">\n<li>Adquirir bens e materiais e contratar servi\u00e7os e obras com crit\u00e9rios sustent\u00e1veis;<\/li>\n\n\n\n<li>Realizar compras compartilhadas com outros \u00f3rg\u00e3os, quando poss\u00edvel;<\/li>\n\n\n\n<li>Realizar um planejamento de compras anual, especificando os itens sustent\u00e1veis&nbsp;similares a serem adquiridos;<\/li>\n\n\n\n<li>Reduzir a aquisi\u00e7\u00e3o de materiais permanentes que n\u00e3o atendam aos crit\u00e9rios de sustentabilidade;<\/li>\n\n\n\n<li>Seguir as diretrizes da&nbsp;<a href=\"https:\/\/www.gov.br\/compras\/pt-br\/acesso-a-informacao\/legislacao\/instrucoes-normativas\/instrucao-normativa-no-01-de-19-de-janeiro-de-2010\" target=\"_blank\" rel=\"noreferrer noopener\">Instru\u00e7\u00e3o Normativa SLTI\/MP n\u00ba 01\/2010<\/a>, que disp\u00f5e sobre os crit\u00e9rios de sustentabilidade ambiental na aquisi\u00e7\u00e3o de bens, contrata\u00e7\u00e3o de servi\u00e7os ou obras, que trata sobre os crit\u00e9rios de sustentabilidade ambiental nas compras da administra\u00e7\u00e3o p\u00fablica federal;<\/li>\n\n\n\n<li>Seguir as diretrizes da&nbsp;<a href=\"http:\/\/www.comprasnet.gov.br\/legislacao\/legislacaoDetalhe.asp?ctdCod=672\" target=\"_blank\" rel=\"noreferrer noopener\">Portaria SLTI\/MP n\u00ba 02\/2010<\/a>, que trata sobre crit\u00e9rios de sustentabilidade ambiental nas compras da Administra\u00e7\u00e3o P\u00fablica Federal;<\/li>\n\n\n\n<li>Adquirir equipamentos de climatiza\u00e7\u00e3o mec\u00e2nica, ou de novas tecnologias de resfriamento do ar, que utilizem energia el\u00e9trica, apenas nos ambientes onde for indispens\u00e1vel.<\/li>\n<\/ul>\n\n\n\n<hr class=\"wp-block-separator has-alpha-channel-opacity\" \/>\n\n\n\n<p class=\"has-text-align-center has-large-font-size\"><strong>\u201cPequenas a\u00e7\u00f5es individuais podem levar a grandes mudan\u00e7as coletivas.\u201d\u00a0<\/strong><\/p>\n\n\n<div class=\"wp-block-image\">\n<figure class=\"aligncenter size-full is-resized\"><img loading=\"lazy\" decoding=\"async\" width=\"512\" height=\"512\" src=\"http:\/\/www.ufpb.br\/cga\/wp-content\/uploads\/sites\/79\/sites\/365\/2025\/09\/cropped-Banner-para-loja-de-eletronicos-smartphone-desconto-preto-e-vermelho-1920-_20250910_063234_0000-1-scaled-1.png\" alt=\"\" class=\"wp-image-362\" style=\"width:161px;height:auto\" srcset=\"https:\/\/www.ufpb.br\/cga\/wp-content\/uploads\/sites\/79\/sites\/365\/2025\/09\/cropped-Banner-para-loja-de-eletronicos-smartphone-desconto-preto-e-vermelho-1920-_20250910_063234_0000-1-scaled-1.png 512w, https:\/\/www.ufpb.br\/cga\/wp-content\/uploads\/sites\/79\/sites\/365\/2025\/09\/cropped-Banner-para-loja-de-eletronicos-smartphone-desconto-preto-e-vermelho-1920-_20250910_063234_0000-1-scaled-1-300x300.png 300w, https:\/\/www.ufpb.br\/cga\/wp-content\/uploads\/sites\/79\/sites\/365\/2025\/09\/cropped-Banner-para-loja-de-eletronicos-smartphone-desconto-preto-e-vermelho-1920-_20250910_063234_0000-1-scaled-1-150x150.png 150w, https:\/\/www.ufpb.br\/cga\/wp-content\/uploads\/sites\/79\/sites\/365\/2025\/09\/cropped-Banner-para-loja-de-eletronicos-smartphone-desconto-preto-e-vermelho-1920-_20250910_063234_0000-1-scaled-1-270x270.png 270w, https:\/\/www.ufpb.br\/cga\/wp-content\/uploads\/sites\/79\/sites\/365\/2025\/09\/cropped-Banner-para-loja-de-eletronicos-smartphone-desconto-preto-e-vermelho-1920-_20250910_063234_0000-1-scaled-1-192x192.png 192w, https:\/\/www.ufpb.br\/cga\/wp-content\/uploads\/sites\/79\/sites\/365\/2025\/09\/cropped-Banner-para-loja-de-eletronicos-smartphone-desconto-preto-e-vermelho-1920-_20250910_063234_0000-1-scaled-1-180x180.png 180w, https:\/\/www.ufpb.br\/cga\/wp-content\/uploads\/sites\/79\/sites\/365\/2025\/09\/cropped-Banner-para-loja-de-eletronicos-smartphone-desconto-preto-e-vermelho-1920-_20250910_063234_0000-1-scaled-1-32x32.png 32w\" sizes=\"auto, (max-width: 512px) 100vw, 512px\" \/><\/figure>\n<\/div>","protected":false},"excerpt":{"rendered":"<p>Em setembro de 2025 realizamos o I F\u00f3rum de Sustentabilidade da UFPB. Foram dois dias [&hellip;]<\/p>\n","protected":false},"author":397,"featured_media":0,"parent":0,"menu_order":0,"comment_status":"closed","ping_status":"closed","template":"","meta":{"footnotes":""},"class_list":["post-824","page","type-page","status-publish","hentry"],"_links":{"self":[{"href":"https:\/\/www.ufpb.br\/cga\/wp-json\/wp\/v2\/pages\/824","targetHints":{"allow":["GET"]}}],"collection":[{"href":"https:\/\/www.ufpb.br\/cga\/wp-json\/wp\/v2\/pages"}],"about":[{"href":"https:\/\/www.ufpb.br\/cga\/wp-json\/wp\/v2\/types\/page"}],"author":[{"embeddable":true,"href":"https:\/\/www.ufpb.br\/cga\/wp-json\/wp\/v2\/users\/397"}],"replies":[{"embeddable":true,"href":"https:\/\/www.ufpb.br\/cga\/wp-json\/wp\/v2\/comments?post=824"}],"version-history":[{"count":10,"href":"https:\/\/www.ufpb.br\/cga\/wp-json\/wp\/v2\/pages\/824\/revisions"}],"predecessor-version":[{"id":1833,"href":"https:\/\/www.ufpb.br\/cga\/wp-json\/wp\/v2\/pages\/824\/revisions\/1833"}],"wp:attachment":[{"href":"https:\/\/www.ufpb.br\/cga\/wp-json\/wp\/v2\/media?parent=824"}],"curies":[{"name":"wp","href":"https:\/\/api.w.org\/{rel}","templated":true}]}}