{"id":826,"date":"2025-10-22T17:35:10","date_gmt":"2025-10-22T20:35:10","guid":{"rendered":"https:\/\/www.ufpb.br\/cga\/?page_id=826"},"modified":"2025-11-19T14:34:39","modified_gmt":"2025-11-19T17:34:39","slug":"politica-ambiental","status":"publish","type":"page","link":"https:\/\/www.ufpb.br\/cga\/politica-ambiental\/","title":{"rendered":"Pol\u00edtica Ambiental"},"content":{"rendered":"\n<figure class=\"wp-block-image size-large\"><img loading=\"lazy\" decoding=\"async\" width=\"1024\" height=\"576\" src=\"https:\/\/www.ufpb.br\/cga\/wp-content\/uploads\/sites\/79\/sites\/365\/2025\/11\/image-1024x576.png\" alt=\"\" class=\"wp-image-967\" srcset=\"https:\/\/www.ufpb.br\/cga\/wp-content\/uploads\/sites\/79\/sites\/365\/2025\/11\/image-1024x576.png 1024w, https:\/\/www.ufpb.br\/cga\/wp-content\/uploads\/sites\/79\/sites\/365\/2025\/11\/image-300x169.png 300w, https:\/\/www.ufpb.br\/cga\/wp-content\/uploads\/sites\/79\/sites\/365\/2025\/11\/image-768x432.png 768w, https:\/\/www.ufpb.br\/cga\/wp-content\/uploads\/sites\/79\/sites\/365\/2025\/11\/image-1536x864.png 1536w, https:\/\/www.ufpb.br\/cga\/wp-content\/uploads\/sites\/79\/sites\/365\/2025\/11\/image.png 1920w\" sizes=\"auto, (max-width: 1024px) 100vw, 1024px\" \/><figcaption class=\"wp-element-caption\">Fonte: Freepik<\/figcaption><\/figure>\n\n\n\n<p class=\"has-medium-font-size\">A pol\u00edtica ambiental da UFPB\u00a0foca na sustentabilidade, est\u00e1 em processo de atualiza\u00e7\u00e3o em 2025, e se estrutura em seis eixos tem\u00e1ticos principais dentro do\u00a0<a href=\"http:\/\/www.ufpb.br\/cga\/wp-content\/uploads\/sites\/79\/sites\/365\/2025\/11\/PLANO-DIRETOR-DE-LOGISTICA-SUSTENTAVEL-09-05-2025-1.pdf\">Plano de Log\u00edstica Sustent\u00e1vel (PLS-UFPB 2025-2029)<\/a>: consumo consciente, otimiza\u00e7\u00e3o do uso do espa\u00e7o, aquisi\u00e7\u00e3o de produtos de menor impacto, fomento a mercados sustent\u00e1veis, inclus\u00e3o de neg\u00f3cios com impacto e divulga\u00e7\u00e3o\/conscientiza\u00e7\u00e3o cont\u00ednua. A universidade tamb\u00e9m possui a Comiss\u00e3o de Gest\u00e3o Ambiental (CGA) para executar e monitorar essas a\u00e7\u00f5es, que incluem coleta seletiva, compostagem e manejo de res\u00edduos especiais.\u00a0<\/p>\n\n\n\n<p class=\"has-medium-font-size\">A Pol\u00edtica Ambiental vigente foi criada e disciplinada atrav\u00e9s da Resolu\u00e7\u00e3o CONSUNI 17 de 2018, que criou a Comiss\u00e3o de Gest\u00e3o Ambiental (CGA) e estabeleceu diretrizes para a promo\u00e7\u00e3o da sustentabilidade na universidade. Sua implementa\u00e7\u00e3o ocorre atrav\u00e9s de programas de gest\u00e3o e educa\u00e7\u00e3o ambiental que devem promover a melhoria cont\u00ednua das a\u00e7\u00f5es (Art.8), entre os quais:<\/p>\n\n\n\n<p class=\"has-medium-font-size\">I &#8211; Gest\u00e3o Integrada de Res\u00edduos s\u00f3lidos (coleta seletiva e compostagem);<\/p>\n\n\n\n<p class=\"has-medium-font-size\">II &#8211; Gest\u00e3o de Res\u00edduos da Constru\u00e7\u00e3o;<\/p>\n\n\n\n<p class=\"has-medium-font-size\">III &#8211; Gest\u00e3o de Res\u00edduos especiais (pilhas, baterias, l\u00e2mpadas fluorescentes, \u00f3leos, etc);<\/p>\n\n\n\n<p class=\"has-medium-font-size\">IV &#8211; Gest\u00e3o de Res\u00edduos Eletro-eletr\u00f4nicos;<\/p>\n\n\n\n<p class=\"has-medium-font-size\">V &#8211; Gest\u00e3o de Res\u00edduos de Servi\u00e7o de Sa\u00fade;<\/p>\n\n\n\n<p class=\"has-medium-font-size\">VI &#8211; Gest\u00e3o de Res\u00edduos Qu\u00edmicos.<\/p>\n\n\n\n<p><\/p>\n\n\n\n<p class=\"has-medium-font-size\">Acesse aqui a <a href=\"https:\/\/sig-arq.ufpb.br\/arquivos\/2018052046db8b895282d30894eb80a5\/Runi17_2018.pdf\">Pol\u00edtica Ambiental da Universidade Federal da Para\u00edba<\/a><\/p>\n\n\n<div class=\"wp-block-image\">\n<figure class=\"aligncenter size-full is-resized\"><img loading=\"lazy\" decoding=\"async\" width=\"512\" height=\"512\" src=\"http:\/\/www.ufpb.br\/cga\/wp-content\/uploads\/sites\/79\/sites\/365\/2025\/09\/cropped-Banner-para-loja-de-eletronicos-smartphone-desconto-preto-e-vermelho-1920-_20250910_063234_0000-1-scaled-1.png\" alt=\"\" class=\"wp-image-362\" style=\"width:180px;height:auto\" srcset=\"https:\/\/www.ufpb.br\/cga\/wp-content\/uploads\/sites\/79\/sites\/365\/2025\/09\/cropped-Banner-para-loja-de-eletronicos-smartphone-desconto-preto-e-vermelho-1920-_20250910_063234_0000-1-scaled-1.png 512w, https:\/\/www.ufpb.br\/cga\/wp-content\/uploads\/sites\/79\/sites\/365\/2025\/09\/cropped-Banner-para-loja-de-eletronicos-smartphone-desconto-preto-e-vermelho-1920-_20250910_063234_0000-1-scaled-1-300x300.png 300w, https:\/\/www.ufpb.br\/cga\/wp-content\/uploads\/sites\/79\/sites\/365\/2025\/09\/cropped-Banner-para-loja-de-eletronicos-smartphone-desconto-preto-e-vermelho-1920-_20250910_063234_0000-1-scaled-1-150x150.png 150w, https:\/\/www.ufpb.br\/cga\/wp-content\/uploads\/sites\/79\/sites\/365\/2025\/09\/cropped-Banner-para-loja-de-eletronicos-smartphone-desconto-preto-e-vermelho-1920-_20250910_063234_0000-1-scaled-1-270x270.png 270w, https:\/\/www.ufpb.br\/cga\/wp-content\/uploads\/sites\/79\/sites\/365\/2025\/09\/cropped-Banner-para-loja-de-eletronicos-smartphone-desconto-preto-e-vermelho-1920-_20250910_063234_0000-1-scaled-1-192x192.png 192w, https:\/\/www.ufpb.br\/cga\/wp-content\/uploads\/sites\/79\/sites\/365\/2025\/09\/cropped-Banner-para-loja-de-eletronicos-smartphone-desconto-preto-e-vermelho-1920-_20250910_063234_0000-1-scaled-1-180x180.png 180w, https:\/\/www.ufpb.br\/cga\/wp-content\/uploads\/sites\/79\/sites\/365\/2025\/09\/cropped-Banner-para-loja-de-eletronicos-smartphone-desconto-preto-e-vermelho-1920-_20250910_063234_0000-1-scaled-1-32x32.png 32w\" sizes=\"auto, (max-width: 512px) 100vw, 512px\" \/><\/figure>\n<\/div>","protected":false},"excerpt":{"rendered":"<p>A pol\u00edtica ambiental da UFPB\u00a0foca na sustentabilidade, est\u00e1 em processo de atualiza\u00e7\u00e3o em 2025, e [&hellip;]<\/p>\n","protected":false},"author":397,"featured_media":0,"parent":0,"menu_order":0,"comment_status":"closed","ping_status":"closed","template":"","meta":{"footnotes":""},"class_list":["post-826","page","type-page","status-publish","hentry"],"_links":{"self":[{"href":"https:\/\/www.ufpb.br\/cga\/wp-json\/wp\/v2\/pages\/826","targetHints":{"allow":["GET"]}}],"collection":[{"href":"https:\/\/www.ufpb.br\/cga\/wp-json\/wp\/v2\/pages"}],"about":[{"href":"https:\/\/www.ufpb.br\/cga\/wp-json\/wp\/v2\/types\/page"}],"author":[{"embeddable":true,"href":"https:\/\/www.ufpb.br\/cga\/wp-json\/wp\/v2\/users\/397"}],"replies":[{"embeddable":true,"href":"https:\/\/www.ufpb.br\/cga\/wp-json\/wp\/v2\/comments?post=826"}],"version-history":[{"count":14,"href":"https:\/\/www.ufpb.br\/cga\/wp-json\/wp\/v2\/pages\/826\/revisions"}],"predecessor-version":[{"id":1166,"href":"https:\/\/www.ufpb.br\/cga\/wp-json\/wp\/v2\/pages\/826\/revisions\/1166"}],"wp:attachment":[{"href":"https:\/\/www.ufpb.br\/cga\/wp-json\/wp\/v2\/media?parent=826"}],"curies":[{"name":"wp","href":"https:\/\/api.w.org\/{rel}","templated":true}]}}