{"id":851,"date":"2025-10-23T20:10:33","date_gmt":"2025-10-23T23:10:33","guid":{"rendered":"https:\/\/www.ufpb.br\/cga\/?page_id=851"},"modified":"2026-03-31T16:52:37","modified_gmt":"2026-03-31T19:52:37","slug":"programas-ativos","status":"publish","type":"page","link":"https:\/\/www.ufpb.br\/cga\/programas-ativos\/","title":{"rendered":"Programas ativos"},"content":{"rendered":"\n<figure class=\"wp-block-image size-large\"><img loading=\"lazy\" decoding=\"async\" width=\"1024\" height=\"1024\" src=\"https:\/\/www.ufpb.br\/cga\/wp-content\/uploads\/sites\/79\/sites\/365\/2026\/03\/Programas-CGA-1-1024x1024.png\" alt=\"\" class=\"wp-image-1796\" srcset=\"https:\/\/www.ufpb.br\/cga\/wp-content\/uploads\/sites\/79\/sites\/365\/2026\/03\/Programas-CGA-1-1024x1024.png 1024w, https:\/\/www.ufpb.br\/cga\/wp-content\/uploads\/sites\/79\/sites\/365\/2026\/03\/Programas-CGA-1-300x300.png 300w, https:\/\/www.ufpb.br\/cga\/wp-content\/uploads\/sites\/79\/sites\/365\/2026\/03\/Programas-CGA-1-150x150.png 150w, https:\/\/www.ufpb.br\/cga\/wp-content\/uploads\/sites\/79\/sites\/365\/2026\/03\/Programas-CGA-1-768x768.png 768w, https:\/\/www.ufpb.br\/cga\/wp-content\/uploads\/sites\/79\/sites\/365\/2026\/03\/Programas-CGA-1-1536x1536.png 1536w, https:\/\/www.ufpb.br\/cga\/wp-content\/uploads\/sites\/79\/sites\/365\/2026\/03\/Programas-CGA-1.png 2000w\" sizes=\"auto, (max-width: 1024px) 100vw, 1024px\" \/><\/figure>\n\n\n\n<p><\/p>\n\n\n\n<p><\/p>\n\n\n\n<p class=\"has-medium-font-size\"><strong><a href=\"https:\/\/www.ufpb.br\/cga\/coleta-seletiva\/\" data-type=\"page\" data-id=\"26\">Coleta Seletiva<\/a><\/strong><\/p>\n\n\n\n<p class=\"has-medium-font-size\"><strong><a href=\"https:\/\/www.ufpb.br\/cga\/compostagem\" data-type=\"page\" data-id=\"870\">Compostagem<\/a><\/strong><\/p>\n\n\n\n<p class=\"has-medium-font-size\"><strong><a href=\"https:\/\/www.ufpb.br\/cga\/comunicacao\/\" data-type=\"page\" data-id=\"638\" target=\"_blank\" rel=\"noreferrer noopener\">Comunica\u00e7\u00e3o e <strong>Articula\u00e7\u00e3o da Pol\u00edtica Ambiental<\/strong> <\/a><\/strong><\/p>\n\n\n\n<p class=\"has-medium-font-size\"><a href=\"https:\/\/www.ufpb.br\/cga\/campanhas-de-sensibilizacao-ambiental\/\" data-type=\"page\" data-id=\"636\">Campanhas d<\/a><a href=\"https:\/\/www.ufpb.br\/cga\/campanhas-de-sensibilizacao-ambiental\/\" data-type=\"page\" data-id=\"636\" target=\"_blank\" rel=\"noreferrer noopener\">e<\/a><a href=\"https:\/\/www.ufpb.br\/cga\/campanhas-de-sensibilizacao-ambiental\/\" data-type=\"page\" data-id=\"636\"> <\/a><a href=\"https:\/\/www.ufpb.br\/cga\/campanhas-de-sensibilizacao-ambiental\/\" data-type=\"page\" data-id=\"636\">sensibiliza\u00e7\u00e3o ambiental<\/a><\/p>\n\n\n\n<p class=\"has-medium-font-size\"><a href=\"https:\/\/www.ufpb.br\/cga\/gestao-de-areas-verdes\/\" data-type=\"page\" data-id=\"45\" target=\"_blank\" rel=\"noreferrer noopener\">Gest\u00e3o de \u00e1reas verdes e Restaura\u00e7\u00e3o floresta<\/a><a href=\"https:\/\/www.ufpb.br\/cga\/gestao-de-areas-verdes\/\" data-type=\"page\" data-id=\"45\">l<\/a><\/p>\n\n\n\n<p class=\"has-medium-font-size\"><a href=\"https:\/\/www.ufpb.br\/cga\/gestao-de-lampadas-fluorescentes\/\" data-type=\"page\" data-id=\"48\" target=\"_blank\" rel=\"noreferrer noopener\">Gest\u00e3o de L\u00e2mpadas Fluorescentes e Res\u00edduos Eletroeletr\u00f4nicos<\/a><\/p>\n\n\n\n<p class=\"has-medium-font-size\"><strong><a href=\"https:\/\/www.ufpb.br\/cga\/gestao-de-aguas\/\" data-type=\"page\" data-id=\"42\">Gest\u00e3o das \u00e1guas<\/a><\/strong><\/p>\n\n\n\n<hr class=\"wp-block-separator has-alpha-channel-opacity\" \/>\n\n\n\n<p class=\"has-text-align-center has-large-font-size\"><strong>&#8220;A maior amea\u00e7a ao nosso planeta \u00e9 a cren\u00e7a de que algu\u00e9m o salvar\u00e1.&#8221;<\/strong><\/p>\n\n\n\n<p class=\"has-text-align-right\"><strong> Robert Swan<\/strong><\/p>\n\n\n<div class=\"wp-block-image\">\n<figure class=\"aligncenter size-full is-resized\"><img loading=\"lazy\" decoding=\"async\" width=\"150\" height=\"150\" src=\"http:\/\/www.ufpb.br\/cga\/wp-content\/uploads\/sites\/79\/sites\/365\/2026\/01\/image-20.png\" alt=\"\" class=\"wp-image-1381\" style=\"width:261px;height:auto\" \/><\/figure>\n<\/div>\n\n\n<p><\/p>\n","protected":false},"excerpt":{"rendered":"<p>Coleta Seletiva Compostagem Comunica\u00e7\u00e3o e Articula\u00e7\u00e3o da Pol\u00edtica Ambiental Campanhas de sensibiliza\u00e7\u00e3o ambiental Gest\u00e3o de [&hellip;]<\/p>\n","protected":false},"author":47,"featured_media":0,"parent":0,"menu_order":0,"comment_status":"closed","ping_status":"closed","template":"","meta":{"footnotes":""},"class_list":["post-851","page","type-page","status-publish","hentry"],"_links":{"self":[{"href":"https:\/\/www.ufpb.br\/cga\/wp-json\/wp\/v2\/pages\/851","targetHints":{"allow":["GET"]}}],"collection":[{"href":"https:\/\/www.ufpb.br\/cga\/wp-json\/wp\/v2\/pages"}],"about":[{"href":"https:\/\/www.ufpb.br\/cga\/wp-json\/wp\/v2\/types\/page"}],"author":[{"embeddable":true,"href":"https:\/\/www.ufpb.br\/cga\/wp-json\/wp\/v2\/users\/47"}],"replies":[{"embeddable":true,"href":"https:\/\/www.ufpb.br\/cga\/wp-json\/wp\/v2\/comments?post=851"}],"version-history":[{"count":13,"href":"https:\/\/www.ufpb.br\/cga\/wp-json\/wp\/v2\/pages\/851\/revisions"}],"predecessor-version":[{"id":1801,"href":"https:\/\/www.ufpb.br\/cga\/wp-json\/wp\/v2\/pages\/851\/revisions\/1801"}],"wp:attachment":[{"href":"https:\/\/www.ufpb.br\/cga\/wp-json\/wp\/v2\/media?parent=851"}],"curies":[{"name":"wp","href":"https:\/\/api.w.org\/{rel}","templated":true}]}}