{"id":853,"date":"2025-10-23T20:10:45","date_gmt":"2025-10-23T23:10:45","guid":{"rendered":"https:\/\/www.ufpb.br\/cga\/?page_id=853"},"modified":"2025-11-07T18:43:19","modified_gmt":"2025-11-07T21:43:19","slug":"programas-inativos","status":"publish","type":"page","link":"https:\/\/www.ufpb.br\/cga\/programas-inativos\/","title":{"rendered":"Programas inativos"},"content":{"rendered":"\n<p class=\"has-medium-font-size\"><a href=\"https:\/\/www.ufpb.br\/cga\/residuos-quimicos-e-da-saude\/\" data-type=\"page\" data-id=\"58\" target=\"_blank\" rel=\"noreferrer noopener\">Res\u00edduos perigosos: qu\u00edmicos e da sa\u00fade<\/a><\/p>\n\n\n\n<p class=\"has-medium-font-size\"><a href=\"https:\/\/www.ufpb.br\/cga\/residuos-da-construcao-civil\/\" data-type=\"page\" data-id=\"54\" target=\"_blank\" rel=\"noreferrer noopener\">Res\u00edduos de constru\u00e7\u00e3o civil<\/a><\/p>\n\n\n\n<p class=\"has-medium-font-size\"><a href=\"https:\/\/www.ufpb.br\/cga\/monitoramento-de-preguicas\/\" target=\"_blank\" rel=\"noreferrer noopener\">Monitoramento de pregui\u00e7as<\/a><\/p>\n\n\n\n<p class=\"has-medium-font-size\"><a href=\"https:\/\/www.ufpb.br\/cga\/uso-e-ocupacao-do-solo\/\" data-type=\"page\" data-id=\"886\" target=\"_blank\" rel=\"noreferrer noopener\">Uso e ocupa\u00e7\u00e3o do solo<\/a><\/p>\n\n\n\n<p><\/p>\n","protected":false},"excerpt":{"rendered":"<p>Res\u00edduos perigosos: qu\u00edmicos e da sa\u00fade Res\u00edduos de constru\u00e7\u00e3o civil Monitoramento de pregui\u00e7as Uso e [&hellip;]<\/p>\n","protected":false},"author":47,"featured_media":0,"parent":0,"menu_order":0,"comment_status":"closed","ping_status":"closed","template":"","meta":{"footnotes":""},"class_list":["post-853","page","type-page","status-publish","hentry"],"_links":{"self":[{"href":"https:\/\/www.ufpb.br\/cga\/wp-json\/wp\/v2\/pages\/853","targetHints":{"allow":["GET"]}}],"collection":[{"href":"https:\/\/www.ufpb.br\/cga\/wp-json\/wp\/v2\/pages"}],"about":[{"href":"https:\/\/www.ufpb.br\/cga\/wp-json\/wp\/v2\/types\/page"}],"author":[{"embeddable":true,"href":"https:\/\/www.ufpb.br\/cga\/wp-json\/wp\/v2\/users\/47"}],"replies":[{"embeddable":true,"href":"https:\/\/www.ufpb.br\/cga\/wp-json\/wp\/v2\/comments?post=853"}],"version-history":[{"count":9,"href":"https:\/\/www.ufpb.br\/cga\/wp-json\/wp\/v2\/pages\/853\/revisions"}],"predecessor-version":[{"id":1088,"href":"https:\/\/www.ufpb.br\/cga\/wp-json\/wp\/v2\/pages\/853\/revisions\/1088"}],"wp:attachment":[{"href":"https:\/\/www.ufpb.br\/cga\/wp-json\/wp\/v2\/media?parent=853"}],"curies":[{"name":"wp","href":"https:\/\/api.w.org\/{rel}","templated":true}]}}