{"id":886,"date":"2025-10-24T14:13:57","date_gmt":"2025-10-24T17:13:57","guid":{"rendered":"https:\/\/www.ufpb.br\/cga\/?page_id=886"},"modified":"2026-02-13T12:07:15","modified_gmt":"2026-02-13T15:07:15","slug":"uso-e-ocupacao-do-solo","status":"publish","type":"page","link":"https:\/\/www.ufpb.br\/cga\/uso-e-ocupacao-do-solo\/","title":{"rendered":"Uso e ocupa\u00e7\u00e3o do solo"},"content":{"rendered":"\n<figure class=\"wp-block-image size-large\"><img loading=\"lazy\" decoding=\"async\" width=\"1024\" height=\"338\" src=\"http:\/\/www.ufpb.br\/cga\/wp-content\/uploads\/sites\/79\/sites\/365\/2025\/09\/DJI_0023-Personalizado-2-scaled-e1751283067234-2-1024x338.webp\" alt=\"\" class=\"wp-image-5\" srcset=\"https:\/\/www.ufpb.br\/cga\/wp-content\/uploads\/sites\/79\/sites\/365\/2025\/09\/DJI_0023-Personalizado-2-scaled-e1751283067234-2-1024x338.webp 1024w, https:\/\/www.ufpb.br\/cga\/wp-content\/uploads\/sites\/79\/sites\/365\/2025\/09\/DJI_0023-Personalizado-2-scaled-e1751283067234-2-300x99.webp 300w, https:\/\/www.ufpb.br\/cga\/wp-content\/uploads\/sites\/79\/sites\/365\/2025\/09\/DJI_0023-Personalizado-2-scaled-e1751283067234-2-768x254.webp 768w, https:\/\/www.ufpb.br\/cga\/wp-content\/uploads\/sites\/79\/sites\/365\/2025\/09\/DJI_0023-Personalizado-2-scaled-e1751283067234-2-1536x507.webp 1536w, https:\/\/www.ufpb.br\/cga\/wp-content\/uploads\/sites\/79\/sites\/365\/2025\/09\/DJI_0023-Personalizado-2-scaled-e1751283067234-2-2048x676.webp 2048w\" sizes=\"auto, (max-width: 1024px) 100vw, 1024px\" \/><\/figure>\n\n\n\n<p><\/p>\n\n\n\n<p class=\"has-medium-font-size\">O Programa  &#8220;Uso e Ocupa\u00e7\u00e3o Sustent\u00e1vel&#8221; \u00e9 respons\u00e1vel pelo gerenciamento das \u00e1reas constru\u00eddas dentro da UFPB. A universidade est\u00e1 localizada entre v\u00e1rios fragmentos de Mata Atl\u00e2ntica, ent\u00e3o sua expans\u00e3o significa em sua grande maioria, supress\u00e3o das \u00e1reas verdes. Ent\u00e3o ter conhecimento de como est\u00e3o distribu\u00eddas as edifica\u00e7\u00f5es e o que ocorre nelas \u00e9 importante para que haja um melhor entendimento da din\u00e2mica das \u00e1reas edificadas e assim, se necess\u00e1rio, propor mudan\u00e7as ou solu\u00e7\u00f5es que levam a uma ocupa\u00e7\u00e3o mais sustent\u00e1vel do espa\u00e7o, aproveitamento de espa\u00e7os ociosos, bem como evitar constru\u00e7\u00f5es desnecess\u00e1rias.<\/p>\n\n\n\n<p class=\"has-medium-font-size\"><strong>Mapeamento dos espa\u00e7os f\u00edsicos da UFPB por meio do WEB-SIG UFPB<\/strong><\/p>\n\n\n\n<p class=\"has-medium-font-size\">O WEB-SIG UFPB \u00e9 uma plataforma interativa de mapeamento digital que re\u00fane e disponibiliza informa\u00e7\u00f5es espaciais sobre a infraestrutura da Universidade Federal da Para\u00edba. Desenvolvido pelo Laborat\u00f3rio de Cartografia e Geoprocessamento (LCG) do Campus IV, o projeto tem como objetivo aprimorar a gest\u00e3o patrimonial, otimizar o planejamento f\u00edsico e apoiar atividades de ensino, pesquisa e extens\u00e3o. A plataforma permite visualizar os ambientes por blocos, pavimentos e centros, com recursos interativos como busca r\u00e1pida, ativa\u00e7\u00e3o de camadas, consulta de atributos e captura de tela. Ao clicar em cada ambiente, o usu\u00e1rio acessa informa\u00e7\u00f5es detalhadas, como n\u00famero da sala, uso, \u00e1rea, capacidade, entre outros dados.&nbsp;<\/p>\n\n\n\n<p class=\"has-medium-font-size\">A plataforma mapeia os principais espa\u00e7os f\u00edsicos do Campus I, incluindo as instala\u00e7\u00f5es de Mangabeira e Santa Rita, RUFET e Teatro Lima Parente, assim como os Campi II, III e IV (Rio Tinto e Mamanguape).<\/p>\n\n\n\n<p class=\"has-medium-font-size\">Link de Acesso: <a href=\"https:\/\/web-sig.ccae.ufpb.br\/\" target=\"_blank\" rel=\"noreferrer noopener\">https:\/\/web-sig.ccae.ufpb.br<\/a><\/p>\n\n\n\n<p><\/p>\n\n\n\n<h1 class=\"wp-block-heading\">WEB-SIG &#8211; UFPB Campus I<\/h1>\n\n\n\n<p class=\"has-medium-font-size\"><strong>Com o projeto \u00e9 poss\u00edvel acessar a plataforma on-line com informa\u00e7\u00f5es detalhadas sobre a localiza\u00e7\u00e3o e ocupa\u00e7\u00e3o dos ambientes do Campus I da UFPB.<\/strong><\/p>\n\n\n\n<figure class=\"wp-block-image size-full\"><img loading=\"lazy\" decoding=\"async\" width=\"954\" height=\"638\" src=\"https:\/\/www.ufpb.br\/cga\/wp-content\/uploads\/sites\/79\/sites\/365\/2025\/10\/image-27.png\" alt=\"\" class=\"wp-image-892\" srcset=\"https:\/\/www.ufpb.br\/cga\/wp-content\/uploads\/sites\/79\/sites\/365\/2025\/10\/image-27.png 954w, https:\/\/www.ufpb.br\/cga\/wp-content\/uploads\/sites\/79\/sites\/365\/2025\/10\/image-27-300x201.png 300w, https:\/\/www.ufpb.br\/cga\/wp-content\/uploads\/sites\/79\/sites\/365\/2025\/10\/image-27-768x514.png 768w, https:\/\/www.ufpb.br\/cga\/wp-content\/uploads\/sites\/79\/sites\/365\/2025\/10\/image-27-272x182.png 272w\" sizes=\"auto, (max-width: 954px) 100vw, 954px\" \/><\/figure>\n\n\n\n<p class=\"has-medium-font-size\">O programa tem o objetivo de realizar o mapeamento de todo os Campi da UFPB, identificando o uso dos ambientes com um detalhamento por salas. As informa\u00e7\u00f5es s\u00e3o coletadas e ent\u00e3o armazenadas em um Sistema de Informa\u00e7\u00f5es (SIG), compondo um Banco de Dados Espaciais (BDE).\u00a0<\/p>\n\n\n\n<p class=\"has-medium-font-size\"><\/p>\n\n\n<div class=\"wp-block-image\">\n<figure class=\"aligncenter size-full is-resized\"><img loading=\"lazy\" decoding=\"async\" width=\"512\" height=\"512\" src=\"http:\/\/www.ufpb.br\/cga\/wp-content\/uploads\/sites\/79\/sites\/365\/2025\/09\/cropped-Banner-para-loja-de-eletronicos-smartphone-desconto-preto-e-vermelho-1920-_20250910_063234_0000-1-scaled-1.png\" alt=\"\" class=\"wp-image-362\" style=\"width:193px;height:auto\" srcset=\"https:\/\/www.ufpb.br\/cga\/wp-content\/uploads\/sites\/79\/sites\/365\/2025\/09\/cropped-Banner-para-loja-de-eletronicos-smartphone-desconto-preto-e-vermelho-1920-_20250910_063234_0000-1-scaled-1.png 512w, https:\/\/www.ufpb.br\/cga\/wp-content\/uploads\/sites\/79\/sites\/365\/2025\/09\/cropped-Banner-para-loja-de-eletronicos-smartphone-desconto-preto-e-vermelho-1920-_20250910_063234_0000-1-scaled-1-300x300.png 300w, https:\/\/www.ufpb.br\/cga\/wp-content\/uploads\/sites\/79\/sites\/365\/2025\/09\/cropped-Banner-para-loja-de-eletronicos-smartphone-desconto-preto-e-vermelho-1920-_20250910_063234_0000-1-scaled-1-150x150.png 150w, https:\/\/www.ufpb.br\/cga\/wp-content\/uploads\/sites\/79\/sites\/365\/2025\/09\/cropped-Banner-para-loja-de-eletronicos-smartphone-desconto-preto-e-vermelho-1920-_20250910_063234_0000-1-scaled-1-270x270.png 270w, https:\/\/www.ufpb.br\/cga\/wp-content\/uploads\/sites\/79\/sites\/365\/2025\/09\/cropped-Banner-para-loja-de-eletronicos-smartphone-desconto-preto-e-vermelho-1920-_20250910_063234_0000-1-scaled-1-192x192.png 192w, https:\/\/www.ufpb.br\/cga\/wp-content\/uploads\/sites\/79\/sites\/365\/2025\/09\/cropped-Banner-para-loja-de-eletronicos-smartphone-desconto-preto-e-vermelho-1920-_20250910_063234_0000-1-scaled-1-180x180.png 180w, https:\/\/www.ufpb.br\/cga\/wp-content\/uploads\/sites\/79\/sites\/365\/2025\/09\/cropped-Banner-para-loja-de-eletronicos-smartphone-desconto-preto-e-vermelho-1920-_20250910_063234_0000-1-scaled-1-32x32.png 32w\" sizes=\"auto, (max-width: 512px) 100vw, 512px\" \/><\/figure>\n<\/div>","protected":false},"excerpt":{"rendered":"<p>O Programa &#8220;Uso e Ocupa\u00e7\u00e3o Sustent\u00e1vel&#8221; \u00e9 respons\u00e1vel pelo gerenciamento das \u00e1reas constru\u00eddas dentro da [&hellip;]<\/p>\n","protected":false},"author":397,"featured_media":0,"parent":0,"menu_order":0,"comment_status":"closed","ping_status":"closed","template":"","meta":{"footnotes":""},"class_list":["post-886","page","type-page","status-publish","hentry"],"_links":{"self":[{"href":"https:\/\/www.ufpb.br\/cga\/wp-json\/wp\/v2\/pages\/886","targetHints":{"allow":["GET"]}}],"collection":[{"href":"https:\/\/www.ufpb.br\/cga\/wp-json\/wp\/v2\/pages"}],"about":[{"href":"https:\/\/www.ufpb.br\/cga\/wp-json\/wp\/v2\/types\/page"}],"author":[{"embeddable":true,"href":"https:\/\/www.ufpb.br\/cga\/wp-json\/wp\/v2\/users\/397"}],"replies":[{"embeddable":true,"href":"https:\/\/www.ufpb.br\/cga\/wp-json\/wp\/v2\/comments?post=886"}],"version-history":[{"count":4,"href":"https:\/\/www.ufpb.br\/cga\/wp-json\/wp\/v2\/pages\/886\/revisions"}],"predecessor-version":[{"id":1486,"href":"https:\/\/www.ufpb.br\/cga\/wp-json\/wp\/v2\/pages\/886\/revisions\/1486"}],"wp:attachment":[{"href":"https:\/\/www.ufpb.br\/cga\/wp-json\/wp\/v2\/media?parent=886"}],"curies":[{"name":"wp","href":"https:\/\/api.w.org\/{rel}","templated":true}]}}