{"id":10,"date":"2024-11-25T15:15:13","date_gmt":"2024-11-25T18:15:13","guid":{"rendered":"https:\/\/www.ufpb.br\/cia2\/?page_id=10"},"modified":"2026-02-23T11:50:23","modified_gmt":"2026-02-23T14:50:23","slug":"contato","status":"publish","type":"page","link":"https:\/\/www.ufpb.br\/cia\/contato\/","title":{"rendered":"Contato"},"content":{"rendered":"\n<p class=\"has-text-align-left has-medium-font-size\"><strong>Comit\u00ea de Inclus\u00e3o e Acessibilidade (CIA)<br><\/strong>Lot. Cidade Universit\u00e1ria<br>Campus I, Jo\u00e3o Pessoa &#8211; Para\u00edba<br>1\u00ba andar da Reitoria<\/p>\n\n\n\n<p class=\"has-medium-font-size\"><strong>Telefone e WhatsApp<\/strong>: (83) 3216-7789<br><strong>E-mail<\/strong>: cia@reitoria.ufpb.br<br><strong>Atendimento presencial:<\/strong> segunda \u00e0 sexta-feira, 7h30 \u00e0s 17h30<\/p>\n\n\n\n<p><\/p>\n","protected":false},"excerpt":{"rendered":"<p>Comit\u00ea de Inclus\u00e3o e Acessibilidade (CIA)Lot. Cidade Universit\u00e1riaCampus I, Jo\u00e3o Pessoa &#8211; Para\u00edba1\u00ba andar da [&hellip;]<\/p>\n","protected":false},"author":47,"featured_media":0,"parent":0,"menu_order":0,"comment_status":"closed","ping_status":"closed","template":"","meta":{"footnotes":""},"class_list":["post-10","page","type-page","status-publish","hentry"],"_links":{"self":[{"href":"https:\/\/www.ufpb.br\/cia\/wp-json\/wp\/v2\/pages\/10","targetHints":{"allow":["GET"]}}],"collection":[{"href":"https:\/\/www.ufpb.br\/cia\/wp-json\/wp\/v2\/pages"}],"about":[{"href":"https:\/\/www.ufpb.br\/cia\/wp-json\/wp\/v2\/types\/page"}],"author":[{"embeddable":true,"href":"https:\/\/www.ufpb.br\/cia\/wp-json\/wp\/v2\/users\/47"}],"replies":[{"embeddable":true,"href":"https:\/\/www.ufpb.br\/cia\/wp-json\/wp\/v2\/comments?post=10"}],"version-history":[{"count":4,"href":"https:\/\/www.ufpb.br\/cia\/wp-json\/wp\/v2\/pages\/10\/revisions"}],"predecessor-version":[{"id":875,"href":"https:\/\/www.ufpb.br\/cia\/wp-json\/wp\/v2\/pages\/10\/revisions\/875"}],"wp:attachment":[{"href":"https:\/\/www.ufpb.br\/cia\/wp-json\/wp\/v2\/media?parent=10"}],"curies":[{"name":"wp","href":"https:\/\/api.w.org\/{rel}","templated":true}]}}