{"id":100,"date":"2024-11-25T20:48:22","date_gmt":"2024-11-25T23:48:22","guid":{"rendered":"https:\/\/www.ufpb.br\/cia2\/?page_id=100"},"modified":"2025-06-18T11:10:59","modified_gmt":"2025-06-18T14:10:59","slug":"videos","status":"publish","type":"page","link":"https:\/\/www.ufpb.br\/cia\/videos\/","title":{"rendered":"V\u00eddeos"},"content":{"rendered":"\n<p><\/p>\n\n\n\n\n\n\n\n<p>Jalisson \u00e9 um aluno de Comunica\u00e7\u00e3o do CCTA que decidiu fazer o seu Trabalho de Conclus\u00e3o de Curso na forma deste v\u00eddeo-<a href=\"https:\/\/www.youtube.com\/watch?v=-sL28vkyxtI\" data-type=\"link\" data-id=\"https:\/\/www.youtube.com\/watch?v=-sL28vkyxtI\">document\u00e1rio<\/a>. <br><br>O que o diferencia dos demais colegas s\u00e3o as sequelas com que tem de lidar decorrentes de um derrame que sofreu durante a gradua\u00e7\u00e3o &#8211; entre elas, a perda da fala e de parte dos movimentos. <br><br>Aqui as imagens acompanham o dia a dia da reabilita\u00e7\u00e3o motora e as dificuldades (suas e de outros colegas tamb\u00e9m com defici\u00eancia) na lida com a falta de acessibilidade urban\u00edstica e arquitet\u00f4nica da institui\u00e7\u00e3o. Mas aponta as sa\u00eddas poss\u00edveis e vi\u00e1veis tamb\u00e9m.<\/p>\n","protected":false},"excerpt":{"rendered":"<p>Jalisson \u00e9 um aluno de Comunica\u00e7\u00e3o do CCTA que decidiu fazer o seu Trabalho de [&hellip;]<\/p>\n","protected":false},"author":47,"featured_media":0,"parent":0,"menu_order":0,"comment_status":"closed","ping_status":"closed","template":"","meta":{"footnotes":""},"class_list":["post-100","page","type-page","status-publish","hentry"],"_links":{"self":[{"href":"https:\/\/www.ufpb.br\/cia\/wp-json\/wp\/v2\/pages\/100","targetHints":{"allow":["GET"]}}],"collection":[{"href":"https:\/\/www.ufpb.br\/cia\/wp-json\/wp\/v2\/pages"}],"about":[{"href":"https:\/\/www.ufpb.br\/cia\/wp-json\/wp\/v2\/types\/page"}],"author":[{"embeddable":true,"href":"https:\/\/www.ufpb.br\/cia\/wp-json\/wp\/v2\/users\/47"}],"replies":[{"embeddable":true,"href":"https:\/\/www.ufpb.br\/cia\/wp-json\/wp\/v2\/comments?post=100"}],"version-history":[{"count":6,"href":"https:\/\/www.ufpb.br\/cia\/wp-json\/wp\/v2\/pages\/100\/revisions"}],"predecessor-version":[{"id":551,"href":"https:\/\/www.ufpb.br\/cia\/wp-json\/wp\/v2\/pages\/100\/revisions\/551"}],"wp:attachment":[{"href":"https:\/\/www.ufpb.br\/cia\/wp-json\/wp\/v2\/media?parent=100"}],"curies":[{"name":"wp","href":"https:\/\/api.w.org\/{rel}","templated":true}]}}