{"id":12,"date":"2024-11-25T15:15:34","date_gmt":"2024-11-25T18:15:34","guid":{"rendered":"https:\/\/www.ufpb.br\/cia2\/?page_id=12"},"modified":"2026-01-23T09:26:28","modified_gmt":"2026-01-23T12:26:28","slug":"apresentacao","status":"publish","type":"page","link":"https:\/\/www.ufpb.br\/cia\/apresentacao\/","title":{"rendered":"Apresenta\u00e7\u00e3o"},"content":{"rendered":"\n<p>O Comit\u00ea de Inclus\u00e3o e Acessibilidade (CIA) \u00e9 o \u00f3rg\u00e3o da Reitoria respons\u00e1vel pela articula\u00e7\u00e3o das pol\u00edticas principais de acolhimento e suporte acad\u00eamico aos estudantes com defici\u00eancia e necessidades espec\u00edficas da Universidade Federal da Para\u00edba. Disp\u00f5e de atendimento em servi\u00e7o social, psicologia, tradu\u00e7\u00e3o e interpreta\u00e7\u00e3o de Libras, avalia\u00e7\u00e3o pedag\u00f3gica e, na sua rede descentralizada de cl\u00ednicas-escola e laborat\u00f3rios parceiros, fisioterapia, psicopedagogia, terapia ocupacional, impress\u00e3o em Braille e fonoaudiologia. Os atendimentos resultam de um esfor\u00e7o institucional no prop\u00f3sito de fortalecer a inclus\u00e3o e aprofundar o debate sobre cidadania e direitos, com a remo\u00e7\u00e3o das barreiras que impe\u00e7am a sua perman\u00eancia. Conhe\u00e7a os nossos servi\u00e7os clicando em &#8220;Rede de Apoio&#8221;.<\/p>\n\n\n\n<p><\/p>\n\n\n\n<p><\/p>\n\n\n\n<p><\/p>\n","protected":false},"excerpt":{"rendered":"<p>O Comit\u00ea de Inclus\u00e3o e Acessibilidade (CIA) da Universidade Federal da Para\u00edba \u00e9 uma assessoria especial vinculada diretamente ao Gabinete da Reitoria. Foi criado oficialmente no dia 26 de novembro de 2013 atrav\u00e9s  da Resolu\u00e7\u00e3o n\u00ba 34\/2013 do Conselho Universit\u00e1rio (CONSUNI)<\/p>\n","protected":false},"author":47,"featured_media":501,"parent":0,"menu_order":0,"comment_status":"closed","ping_status":"closed","template":"","meta":{"footnotes":""},"class_list":["post-12","page","type-page","status-publish","has-post-thumbnail","hentry"],"_links":{"self":[{"href":"https:\/\/www.ufpb.br\/cia\/wp-json\/wp\/v2\/pages\/12","targetHints":{"allow":["GET"]}}],"collection":[{"href":"https:\/\/www.ufpb.br\/cia\/wp-json\/wp\/v2\/pages"}],"about":[{"href":"https:\/\/www.ufpb.br\/cia\/wp-json\/wp\/v2\/types\/page"}],"author":[{"embeddable":true,"href":"https:\/\/www.ufpb.br\/cia\/wp-json\/wp\/v2\/users\/47"}],"replies":[{"embeddable":true,"href":"https:\/\/www.ufpb.br\/cia\/wp-json\/wp\/v2\/comments?post=12"}],"version-history":[{"count":11,"href":"https:\/\/www.ufpb.br\/cia\/wp-json\/wp\/v2\/pages\/12\/revisions"}],"predecessor-version":[{"id":855,"href":"https:\/\/www.ufpb.br\/cia\/wp-json\/wp\/v2\/pages\/12\/revisions\/855"}],"wp:featuredmedia":[{"embeddable":true,"href":"https:\/\/www.ufpb.br\/cia\/wp-json\/wp\/v2\/media\/501"}],"wp:attachment":[{"href":"https:\/\/www.ufpb.br\/cia\/wp-json\/wp\/v2\/media?parent=12"}],"curies":[{"name":"wp","href":"https:\/\/api.w.org\/{rel}","templated":true}]}}