{"id":33,"date":"2024-11-25T19:58:15","date_gmt":"2024-11-25T22:58:15","guid":{"rendered":"https:\/\/www.ufpb.br\/cia2\/?page_id=33"},"modified":"2025-09-19T09:24:22","modified_gmt":"2025-09-19T12:24:22","slug":"grupos-de-trabalho","status":"publish","type":"page","link":"https:\/\/www.ufpb.br\/cia\/grupos-de-trabalho\/","title":{"rendered":"Grupos de Trabalho"},"content":{"rendered":"<p>Os Grupos de Trabalho do Comit\u00ea de inclus\u00e3o e acessibilidade s\u00e3o quatro:<\/p>\n<p>Grupo de Trabalho de Acessibilidade Arquitet\u00f4nica;<\/p>\n<p>Grupo de Trabalho de Acessibilidade Atitudinal;<\/p>\n<p>Grupo de Trabalho de Acessibilidade Pedag\u00f3gica e<\/p>\n<p>Grupo de Trabalho de Acessibilidade de Comunica\u00e7\u00e3o.<\/p>\n<p>Todos os grupos de trabalho est\u00e3o regulamentados pela <a href=\"http:\/\/www.ufpb.br\/cia2\/wp-content\/uploads\/sites\/79\/sites\/236\/2024\/11\/REGIMENTO-INTERNO-DO-CIA.pdf\">Resolu\u00e7\u00e3o n\u00ba9 do CONSUNI\/2016.\u00a0\u00a0<\/a><\/p>\n<p>Caso voc\u00ea tenha interesse em fazer parte da nossa equipe por favor abra a CHAMADA P\u00daBLICA PARA COMPOR OS GRUPOS DE TRABALHO, que se encontra no item Editais desta p\u00e1gina, leia as informa\u00e7\u00f5es e envie um e-mail para o grupo de seu interesse.<\/p>\n<p>A inclus\u00e3o \u00e9 uma causa de todos!<\/p>\n","protected":false},"excerpt":{"rendered":"<p>Os Grupos de Trabalho do Comit\u00ea de inclus\u00e3o e acessibilidade s\u00e3o quatro: Grupo de Trabalho [&hellip;]<\/p>\n","protected":false},"author":47,"featured_media":0,"parent":0,"menu_order":0,"comment_status":"closed","ping_status":"closed","template":"","meta":{"footnotes":""},"class_list":["post-33","page","type-page","status-publish","hentry"],"_links":{"self":[{"href":"https:\/\/www.ufpb.br\/cia\/wp-json\/wp\/v2\/pages\/33","targetHints":{"allow":["GET"]}}],"collection":[{"href":"https:\/\/www.ufpb.br\/cia\/wp-json\/wp\/v2\/pages"}],"about":[{"href":"https:\/\/www.ufpb.br\/cia\/wp-json\/wp\/v2\/types\/page"}],"author":[{"embeddable":true,"href":"https:\/\/www.ufpb.br\/cia\/wp-json\/wp\/v2\/users\/47"}],"replies":[{"embeddable":true,"href":"https:\/\/www.ufpb.br\/cia\/wp-json\/wp\/v2\/comments?post=33"}],"version-history":[{"count":2,"href":"https:\/\/www.ufpb.br\/cia\/wp-json\/wp\/v2\/pages\/33\/revisions"}],"predecessor-version":[{"id":640,"href":"https:\/\/www.ufpb.br\/cia\/wp-json\/wp\/v2\/pages\/33\/revisions\/640"}],"wp:attachment":[{"href":"https:\/\/www.ufpb.br\/cia\/wp-json\/wp\/v2\/media?parent=33"}],"curies":[{"name":"wp","href":"https:\/\/api.w.org\/{rel}","templated":true}]}}