{"id":38,"date":"2024-11-25T20:00:52","date_gmt":"2024-11-25T23:00:52","guid":{"rendered":"https:\/\/www.ufpb.br\/cia2\/?page_id=38"},"modified":"2024-11-25T20:27:53","modified_gmt":"2024-11-25T23:27:53","slug":"atas","status":"publish","type":"page","link":"https:\/\/www.ufpb.br\/cia\/documentos\/atas\/","title":{"rendered":"Atas"},"content":{"rendered":"<article class=\"entry\">\n<header><span class=\"summary\"><a class=\" state-missing-value url\" title=\"File\" href=\"https:\/\/www.ufpb.br\/cia\/contents\/menu\/cia-2\/atas-do-cia\/ata-2-2017.pdf\/view\">Ata 2 2017.pdf<\/a><\/span><\/header>\n<\/article>\n<article class=\"entry\">\n<header><span class=\"summary\"><a class=\" state-missing-value url\" title=\"File\" href=\"https:\/\/www.ufpb.br\/cia\/contents\/menu\/cia-2\/atas-do-cia\/ata-02-cia-2018.pdf\/view\">Ata 02 CIA \/ 2018<\/a><\/span><\/header>\n<\/article>\n<article class=\"entry\">\n<header><span class=\"summary\"><a class=\" state-missing-value url\" title=\"File\" href=\"https:\/\/www.ufpb.br\/cia\/contents\/menu\/cia-2\/atas-do-cia\/ata-05-reuniao-090419.pdf\/view\">ATA 05 reuni\u00e3o 090419.pdf<\/a>\u00a0<\/span><\/header>\n<\/article>\n<article class=\"entry\">\n<header><span class=\"summary\"><a class=\" state-missing-value url\" title=\"File\" href=\"https:\/\/www.ufpb.br\/cia\/contents\/menu\/cia-2\/atas-do-cia\/ata-reuniao-interpretes-1.pdf\/view\">ATA reuni\u00e3o interpretes (1).pdf<\/a>\u00a0<\/span><\/header>\n<\/article>\n<article class=\"entry\">\n<header><span class=\"summary\"><a class=\" state-missing-value url\" title=\"File\" href=\"https:\/\/www.ufpb.br\/cia\/contents\/menu\/cia-2\/atas-do-cia\/ata-reuniao-alunos-apoiados.pdf\/view\">ATA reuni\u00e3o alunos apoiados.pdf<\/a>\u00a0<\/span><\/header>\n<\/article>\n<article class=\"entry\">\n<header><span class=\"summary\"><a class=\" state-missing-value url\" title=\"File\" href=\"https:\/\/www.ufpb.br\/cia\/contents\/menu\/cia-2\/atas-do-cia\/ata-reuniao-090419-1.pdf\/view\">ATA reuni\u00e3o 090419 (1).pdf<\/a>\u00a0<\/span><\/header>\n<\/article>\n<article class=\"entry\">\n<header><span class=\"summary\"><a class=\" state-missing-value url\" title=\"File\" href=\"https:\/\/www.ufpb.br\/cia\/contents\/menu\/cia-2\/atas-do-cia\/ata-da-reuniao-do-cia-1-de-novembro-1.pdf\/view\">ATA DA REUNI\u00c3O DO CIA 1 de novembro (1).pdf<\/a><\/span><\/header>\n<\/article>\n<article class=\"entry\">\n<header><span class=\"summary\"><a class=\" state-missing-value url\" title=\"File\" href=\"https:\/\/www.ufpb.br\/cia\/contents\/menu\/cia-2\/atas-do-cia\/ata-061218.pdf\/view\">ATA 061218.pdf<\/a><\/span><\/header>\n<\/article>\n<article class=\"entry\">\n<header><span class=\"summary\"><a class=\" state-missing-value url\" title=\"File\" href=\"https:\/\/www.ufpb.br\/cia\/contents\/menu\/cia-2\/atas-do-cia\/ata-04-reuniao-da-posse-da-coordenacao.pdf\/view\">ATA 04 reuni\u00e3o da posse da coordena\u00e7\u00e3o.pdf<\/a><\/span><\/header>\n<\/article>\n<article class=\"entry\">\n<header><span class=\"summary\"><a class=\" state-missing-value url\" title=\"File\" href=\"https:\/\/www.ufpb.br\/cia\/contents\/menu\/cia-2\/atas-do-cia\/ata-reuniao-01-2020.pdf\/view\">ATA REUNI\u00c3O 01-2020.pdf<\/a>\u00a0<\/span><\/header>\n<\/article>\n<article class=\"entry\">\n<header><span class=\"summary\"><a class=\" state-missing-value url\" title=\"File\" href=\"https:\/\/www.ufpb.br\/cia\/contents\/menu\/cia-2\/atas-do-cia\/ata-reuniao-02-2020.pdf\/view\">ATA REUNI\u00c3O 02-2020.pdf<\/a><\/span><\/header>\n<p class=\"description discreet\">1\u00aa Reuni\u00e3o Ordin\u00e1ria 2020<\/p>\n<\/article>\n<article class=\"entry\">\n<header><span class=\"summary\"><a class=\" state-missing-value url\" title=\"File\" href=\"https:\/\/www.ufpb.br\/cia\/contents\/menu\/cia-2\/atas-do-cia\/ata-reuniao-03-2020.pdf\/view\">ATA REUNI\u00c3O 03-2020.pdf<\/a>\u00a0<\/span><span class=\"documentByLine\">\u2014\u00a0por\u00a0<a href=\"https:\/\/www.ufpb.br\/cia\/author\/rafael\">Cia<\/a>\u00a0\u2014 \u00faltima modifica\u00e7\u00e3o 30\/03\/2020 12h27<\/span><\/header>\n<p class=\"description discreet\">Reuni\u00e3o DLS-CIA<\/p>\n<\/article>\n<article class=\"entry\">\n<header><span class=\"summary\"><a class=\" state-missing-value url\" title=\"File\" href=\"https:\/\/www.ufpb.br\/cia\/contents\/menu\/cia-2\/atas-do-cia\/ata-reuniao-04-2020.pdf\/view\">ATA REUNI\u00c3O 04-2020.pdf<\/a>\u00a0<\/span><span class=\"documentByLine\">\u2014\u00a0por\u00a0<a href=\"https:\/\/www.ufpb.br\/cia\/author\/rafael\">Cia<\/a>\u00a0\u2014 \u00faltima modifica\u00e7\u00e3o 30\/03\/2020 12h26<\/span><\/header>\n<p class=\"description discreet\">1\u00aa Reuni\u00e3o Extra-Ordin\u00e1ria<\/p>\n<\/article>\n","protected":false},"excerpt":{"rendered":"<p>Ata 2 2017.pdf Ata 02 CIA \/ 2018 ATA 05 reuni\u00e3o 090419.pdf\u00a0 ATA reuni\u00e3o interpretes [&hellip;]<\/p>\n","protected":false},"author":47,"featured_media":0,"parent":84,"menu_order":0,"comment_status":"closed","ping_status":"closed","template":"","meta":{"footnotes":""},"class_list":["post-38","page","type-page","status-publish","hentry"],"_links":{"self":[{"href":"https:\/\/www.ufpb.br\/cia\/wp-json\/wp\/v2\/pages\/38","targetHints":{"allow":["GET"]}}],"collection":[{"href":"https:\/\/www.ufpb.br\/cia\/wp-json\/wp\/v2\/pages"}],"about":[{"href":"https:\/\/www.ufpb.br\/cia\/wp-json\/wp\/v2\/types\/page"}],"author":[{"embeddable":true,"href":"https:\/\/www.ufpb.br\/cia\/wp-json\/wp\/v2\/users\/47"}],"replies":[{"embeddable":true,"href":"https:\/\/www.ufpb.br\/cia\/wp-json\/wp\/v2\/comments?post=38"}],"version-history":[{"count":3,"href":"https:\/\/www.ufpb.br\/cia\/wp-json\/wp\/v2\/pages\/38\/revisions"}],"predecessor-version":[{"id":135,"href":"https:\/\/www.ufpb.br\/cia\/wp-json\/wp\/v2\/pages\/38\/revisions\/135"}],"up":[{"embeddable":true,"href":"https:\/\/www.ufpb.br\/cia\/wp-json\/wp\/v2\/pages\/84"}],"wp:attachment":[{"href":"https:\/\/www.ufpb.br\/cia\/wp-json\/wp\/v2\/media?parent=38"}],"curies":[{"name":"wp","href":"https:\/\/api.w.org\/{rel}","templated":true}]}}