{"id":43,"date":"2024-11-25T20:02:55","date_gmt":"2024-11-25T23:02:55","guid":{"rendered":"https:\/\/www.ufpb.br\/cia2\/?page_id=43"},"modified":"2026-03-19T16:16:01","modified_gmt":"2026-03-19T19:16:01","slug":"outros-documentos","status":"publish","type":"page","link":"https:\/\/www.ufpb.br\/cia\/documentos\/outros-documentos\/","title":{"rendered":"Outros documentos"},"content":{"rendered":"\n<div class=\"wp-block-file\"><a id=\"wp-block-file--media-96a52d79-75ea-4eea-b4e9-9390cf978a98\" href=\"http:\/\/www.ufpb.br\/cia\/wp-content\/uploads\/sites\/79\/sites\/236\/2026\/03\/2a-CONVOCACAO-EDITAL-DO-PROGRAMA-ALUNO-APOIADOR-26-_-2025.pdf\">2\u00aa CONVOCA\u00c7\u00c3O EDITAL DO PROGRAMA ALUNO APOIADOR 26 _ 2025<\/a><a href=\"http:\/\/www.ufpb.br\/cia\/wp-content\/uploads\/sites\/79\/sites\/236\/2026\/03\/2a-CONVOCACAO-EDITAL-DO-PROGRAMA-ALUNO-APOIADOR-26-_-2025.pdf\" class=\"wp-block-file__button wp-element-button\" download aria-describedby=\"wp-block-file--media-96a52d79-75ea-4eea-b4e9-9390cf978a98\">Baixar<\/a><\/div>\n\n\n\n<div class=\"wp-block-file\"><a id=\"wp-block-file--media-245ecaab-b5be-4302-850d-d0892c7e8b0d\" href=\"http:\/\/www.ufpb.br\/cia\/wp-content\/uploads\/sites\/79\/sites\/236\/2026\/02\/1a-CONVOCACAO-EDITAL-ALUNO-APOIADOR-26-_-2025.pdf\">1\u00aa CONVOCA\u00c7\u00c3O EDITAL ALUNO APOIADOR 26 _ 2025<\/a><a href=\"http:\/\/www.ufpb.br\/cia\/wp-content\/uploads\/sites\/79\/sites\/236\/2026\/02\/1a-CONVOCACAO-EDITAL-ALUNO-APOIADOR-26-_-2025.pdf\" class=\"wp-block-file__button wp-element-button\" download aria-describedby=\"wp-block-file--media-245ecaab-b5be-4302-850d-d0892c7e8b0d\">Baixar<\/a><\/div>\n\n\n\n<div class=\"wp-block-file\"><a id=\"wp-block-file--media-c9faddb7-3e7d-458e-9e44-def02b0fb706\" href=\"http:\/\/www.ufpb.br\/cia\/wp-content\/uploads\/sites\/79\/sites\/236\/2026\/01\/ERRATA-02-2026-_-RESULTADO-FINAL-EDITAL-DO-ALUNO-APOIADOR-26-_-2025-Retificado.pdf\">ERRATA 02-2026 _ RESULTADO FINAL EDITAL DO ALUNO APOIADOR 26 _ 2025 &#8211; Retificado<\/a><a href=\"http:\/\/www.ufpb.br\/cia\/wp-content\/uploads\/sites\/79\/sites\/236\/2026\/01\/ERRATA-02-2026-_-RESULTADO-FINAL-EDITAL-DO-ALUNO-APOIADOR-26-_-2025-Retificado.pdf\" class=\"wp-block-file__button wp-element-button\" download aria-describedby=\"wp-block-file--media-c9faddb7-3e7d-458e-9e44-def02b0fb706\">Baixar<\/a><\/div>\n\n\n\n<div class=\"wp-block-file\"><a id=\"wp-block-file--media-dc529f37-000a-4ae8-8140-11d15a460c52\" href=\"http:\/\/www.ufpb.br\/cia\/wp-content\/uploads\/sites\/79\/sites\/236\/2026\/01\/RESULTADO-FINAL-DO-EDITAL-DO-ALUNO-APOIADOR-26-_-2025.pdf\">RESULTADO FINAL DO EDITAL DO ALUNO APOIADOR 26 _ 2025<\/a><a href=\"http:\/\/www.ufpb.br\/cia\/wp-content\/uploads\/sites\/79\/sites\/236\/2026\/01\/RESULTADO-FINAL-DO-EDITAL-DO-ALUNO-APOIADOR-26-_-2025.pdf\" class=\"wp-block-file__button wp-element-button\" download aria-describedby=\"wp-block-file--media-dc529f37-000a-4ae8-8140-11d15a460c52\">Baixar<\/a><\/div>\n\n\n\n<div class=\"wp-block-file\"><a id=\"wp-block-file--media-0414b0e3-9b02-4a22-9337-2ec11aaf57fb\" href=\"http:\/\/www.ufpb.br\/cia\/wp-content\/uploads\/sites\/79\/sites\/236\/2026\/01\/Resultado-Final-do-Aluno-Apoiador-Analise-Socioeconomica-apos-recurso.pdf\">Resultado Final do Aluno Apoiador &#8211; An\u00e1lise Socioeconomica ap\u00f3s recurso<\/a><a href=\"http:\/\/www.ufpb.br\/cia\/wp-content\/uploads\/sites\/79\/sites\/236\/2026\/01\/Resultado-Final-do-Aluno-Apoiador-Analise-Socioeconomica-apos-recurso.pdf\" class=\"wp-block-file__button wp-element-button\" download aria-describedby=\"wp-block-file--media-0414b0e3-9b02-4a22-9337-2ec11aaf57fb\">Baixar<\/a><\/div>\n\n\n\n<div class=\"wp-block-file\"><a id=\"wp-block-file--media-3ff7f63d-114c-487c-ab14-bb2bb5f7107a\" href=\"http:\/\/www.ufpb.br\/cia\/wp-content\/uploads\/sites\/79\/sites\/236\/2026\/01\/Errata-n\u00b001-de-2026-do-Edital-do-Aluno-Apoidador_26_2025.pdf\">Errata n\u00b001 de 2026 do Edital do Aluno Apoidador_26_2025<\/a><a href=\"http:\/\/www.ufpb.br\/cia\/wp-content\/uploads\/sites\/79\/sites\/236\/2026\/01\/Errata-n\u00b001-de-2026-do-Edital-do-Aluno-Apoidador_26_2025.pdf\" class=\"wp-block-file__button wp-element-button\" download aria-describedby=\"wp-block-file--media-3ff7f63d-114c-487c-ab14-bb2bb5f7107a\">Baixar<\/a><\/div>\n\n\n\n<div class=\"wp-block-file\"><a id=\"wp-block-file--media-741f1b3f-8c7b-401d-a4e7-514370baaa6b\" href=\"http:\/\/www.ufpb.br\/cia\/wp-content\/uploads\/sites\/79\/sites\/236\/2026\/01\/RESULTADO-ANALISE-SOCIOECONOMICA-EDITAL-ALUNO-APOIADOR-26_2025.pdf\">RESULTADO &#8211; AN\u00c1LISE SOCIOECON\u00d4MICA &#8211; EDITAL ALUNO APOIADOR 26_2025<\/a><a href=\"http:\/\/www.ufpb.br\/cia\/wp-content\/uploads\/sites\/79\/sites\/236\/2026\/01\/RESULTADO-ANALISE-SOCIOECONOMICA-EDITAL-ALUNO-APOIADOR-26_2025.pdf\" class=\"wp-block-file__button wp-element-button\" download aria-describedby=\"wp-block-file--media-741f1b3f-8c7b-401d-a4e7-514370baaa6b\">Baixar<\/a><\/div>\n\n\n\n<div class=\"wp-block-file\"><a id=\"wp-block-file--media-10abed4a-4573-420e-957c-56defaf0877f\" href=\"http:\/\/www.ufpb.br\/cia\/wp-content\/uploads\/sites\/79\/sites\/236\/2025\/12\/Resultado-prova-pos-recurso-do-Aluno-Apoiador-2025.2-EDITAL-26_2025.pdf\">Resultado prova p\u00f3s recurso do Aluno Apoiador 2025.2 &#8211; EDITAL 26_2025<\/a><a href=\"http:\/\/www.ufpb.br\/cia\/wp-content\/uploads\/sites\/79\/sites\/236\/2025\/12\/Resultado-prova-pos-recurso-do-Aluno-Apoiador-2025.2-EDITAL-26_2025.pdf\" class=\"wp-block-file__button wp-element-button\" download aria-describedby=\"wp-block-file--media-10abed4a-4573-420e-957c-56defaf0877f\">Baixar<\/a><\/div>\n\n\n\n<div class=\"wp-block-file\"><a id=\"wp-block-file--media-9f74f0c9-ba0b-4d59-927a-4d18f0656a2b\" href=\"http:\/\/www.ufpb.br\/cia\/wp-content\/uploads\/sites\/79\/sites\/236\/2025\/12\/Errata-N\u00b03-Aluno-Apoiador_26_2025.pdf\">Errata N\u00b03 Aluno Apoiador_26_2025<\/a><a href=\"http:\/\/www.ufpb.br\/cia\/wp-content\/uploads\/sites\/79\/sites\/236\/2025\/12\/Errata-N\u00b03-Aluno-Apoiador_26_2025.pdf\" class=\"wp-block-file__button wp-element-button\" download aria-describedby=\"wp-block-file--media-9f74f0c9-ba0b-4d59-927a-4d18f0656a2b\">Baixar<\/a><\/div>\n\n\n\n<div class=\"wp-block-file\"><a id=\"wp-block-file--media-652876b8-fdec-4455-99f3-36410959f475\" href=\"http:\/\/www.ufpb.br\/cia\/wp-content\/uploads\/sites\/79\/sites\/236\/2025\/12\/RESULTADO-DA-PROVA-ALUNO-APOIADOR-2025.2-09_12_2025.pdf\">RESULTADO DA PROVA ALUNO APOIADOR 2025.2 09_12_2025<\/a><a href=\"http:\/\/www.ufpb.br\/cia\/wp-content\/uploads\/sites\/79\/sites\/236\/2025\/12\/RESULTADO-DA-PROVA-ALUNO-APOIADOR-2025.2-09_12_2025.pdf\" class=\"wp-block-file__button wp-element-button\" download aria-describedby=\"wp-block-file--media-652876b8-fdec-4455-99f3-36410959f475\">Baixar<\/a><\/div>\n\n\n\n<div class=\"wp-block-file\"><a id=\"wp-block-file--media-16b7bd13-056d-49c0-8917-ff06879d21d6\" href=\"https:\/\/www.ufpb.br\/cia\/wp-content\/uploads\/sites\/79\/sites\/236\/2025\/12\/Recursos-Edital-Aluno-Apoiador-2025.2.pdf\">Recursos Edital Aluno Apoiador  2025.2<\/a><a href=\"https:\/\/www.ufpb.br\/cia\/wp-content\/uploads\/sites\/79\/sites\/236\/2025\/12\/Recursos-Edital-Aluno-Apoiador-2025.2.pdf\" class=\"wp-block-file__button wp-element-button\" download aria-describedby=\"wp-block-file--media-16b7bd13-056d-49c0-8917-ff06879d21d6\">Baixar<\/a><\/div>\n\n\n\n<div class=\"wp-block-file\"><a id=\"wp-block-file--media-42871478-2eaf-4081-b2b3-d25e17345f43\" href=\"https:\/\/www.ufpb.br\/cia\/wp-content\/uploads\/sites\/79\/sites\/236\/2025\/12\/Relacao-de-inscritos-Programa-Aluno-Apoiador.pdf\">Rela\u00e7\u00e3o de inscritos &#8211; Programa Aluno Apoiador<\/a><a href=\"https:\/\/www.ufpb.br\/cia\/wp-content\/uploads\/sites\/79\/sites\/236\/2025\/12\/Relacao-de-inscritos-Programa-Aluno-Apoiador.pdf\" class=\"wp-block-file__button wp-element-button\" download aria-describedby=\"wp-block-file--media-42871478-2eaf-4081-b2b3-d25e17345f43\">Baixar<\/a><\/div>\n\n\n\n<div class=\"wp-block-file\"><a id=\"wp-block-file--media-9ec7210c-8960-486f-a924-22dcbaa17062\" href=\"http:\/\/www.ufpb.br\/cia\/wp-content\/uploads\/sites\/79\/sites\/236\/2025\/12\/Errata-n\u00b02-Aluno-Apoiador_26_2025.pdf\">Errata n\u00b02 Aluno Apoiador_26_2025<\/a><a href=\"http:\/\/www.ufpb.br\/cia\/wp-content\/uploads\/sites\/79\/sites\/236\/2025\/12\/Errata-n\u00b02-Aluno-Apoiador_26_2025.pdf\" class=\"wp-block-file__button wp-element-button\" download aria-describedby=\"wp-block-file--media-9ec7210c-8960-486f-a924-22dcbaa17062\">Baixar<\/a><\/div>\n\n\n\n<div class=\"wp-block-file\"><a id=\"wp-block-file--media-5b6539b7-5399-41a8-929a-5ffab4e779f2\" href=\"http:\/\/www.ufpb.br\/cia\/wp-content\/uploads\/sites\/79\/sites\/236\/2025\/11\/Errata-edital-Aluno-Apoiador-1.pdf\">Errata edital Aluno Apoiador<\/a><a href=\"http:\/\/www.ufpb.br\/cia\/wp-content\/uploads\/sites\/79\/sites\/236\/2025\/11\/Errata-edital-Aluno-Apoiador-1.pdf\" class=\"wp-block-file__button wp-element-button\" download aria-describedby=\"wp-block-file--media-5b6539b7-5399-41a8-929a-5ffab4e779f2\">Baixar<\/a><\/div>\n\n\n\n<div class=\"wp-block-file\"><a id=\"wp-block-file--media-9708456d-f229-40c5-909f-0b6bf72cd3fa\" href=\"https:\/\/www.ufpb.br\/cia\/wp-content\/uploads\/sites\/79\/sites\/236\/2025\/11\/Edital-Programa-Aluno-Apoiador-2025.2.pdf\">Edital Programa Aluno Apoiador 2025.2<\/a><a href=\"https:\/\/www.ufpb.br\/cia\/wp-content\/uploads\/sites\/79\/sites\/236\/2025\/11\/Edital-Programa-Aluno-Apoiador-2025.2.pdf\" class=\"wp-block-file__button wp-element-button\" download aria-describedby=\"wp-block-file--media-9708456d-f229-40c5-909f-0b6bf72cd3fa\">Baixar<\/a><\/div>\n\n\n\n<div class=\"wp-block-file\"><a id=\"wp-block-file--media-65d4ff19-47f8-442a-84d7-f60ab8145c6e\" href=\"https:\/\/www.ufpb.br\/cia2\/wp-content\/uploads\/sites\/79\/sites\/236\/2024\/11\/PIT-_-PLANO-INDIVIDUAL-DE-TRABALHO-TECNICO_TILSP.pdf\">PIT &#8211; Plano Individual de Trabalho T\u00e9cnico &#8211; TILSP<\/a><a href=\"https:\/\/www.ufpb.br\/cia2\/wp-content\/uploads\/sites\/79\/sites\/236\/2024\/11\/PIT-_-PLANO-INDIVIDUAL-DE-TRABALHO-TECNICO_TILSP.pdf\" class=\"wp-block-file__button wp-element-button\" download aria-describedby=\"wp-block-file--media-65d4ff19-47f8-442a-84d7-f60ab8145c6e\">Baixar<\/a><\/div>\n\n\n\n<div class=\"wp-block-file\"><a id=\"wp-block-file--media-ad81f461-6295-4fbd-95b5-d24f4cb57220\" href=\"https:\/\/www.ufpb.br\/cia\/wp-content\/uploads\/sites\/79\/sites\/236\/2025\/05\/Orientacoes-para-Insercao-de-Tematicas-referentes-as-Pessoas-com-Deficiencia-nos-PPCs-da-UFPB.pdf\">Orienta\u00e7\u00f5es para Inser\u00e7\u00e3o de Tem\u00e1ticas referentes \u00e0s Pessoas com Defici\u00eancia nos PPCs da UFPB<\/a><a href=\"https:\/\/www.ufpb.br\/cia\/wp-content\/uploads\/sites\/79\/sites\/236\/2025\/05\/Orientacoes-para-Insercao-de-Tematicas-referentes-as-Pessoas-com-Deficiencia-nos-PPCs-da-UFPB.pdf\" class=\"wp-block-file__button wp-element-button\" download aria-describedby=\"wp-block-file--media-ad81f461-6295-4fbd-95b5-d24f4cb57220\">Baixar<\/a><\/div>\n\n\n\n<div class=\"wp-block-file\"><a id=\"wp-block-file--media-86c3cfdd-a6a4-48c2-899f-d3a52bb217f9\" href=\"http:\/\/www.ufpb.br\/cia\/wp-content\/uploads\/sites\/79\/sites\/236\/2025\/09\/PORTARIA-COMISSAO-EDITAL-DE-ESTAGIO.docx.pdf\">PORTARIA COMISS\u00c3O EDITAL DE EST\u00c1GIO.docx<\/a><a href=\"http:\/\/www.ufpb.br\/cia\/wp-content\/uploads\/sites\/79\/sites\/236\/2025\/09\/PORTARIA-COMISSAO-EDITAL-DE-ESTAGIO.docx.pdf\" class=\"wp-block-file__button wp-element-button\" download aria-describedby=\"wp-block-file--media-86c3cfdd-a6a4-48c2-899f-d3a52bb217f9\">Baixar<\/a><\/div>\n\n\n\n<p><a href=\"https:\/\/drive.google.com\/file\/d\/1sGQ9YucGOH1FPBtY7oTOuDTHYjyR532y\/view?usp=sharing\">Modelo de Frequ\u00eancia de Aluno Apoiador<\/a><\/p>\n\n\n\n<div class=\"wp-block-file\"><a id=\"wp-block-file--media-26389e2c-e63a-4f66-aeb4-b20ac2fc0db1\" href=\"https:\/\/www.ufpb.br\/cia\/wp-content\/uploads\/sites\/79\/sites\/236\/2025\/11\/Guia-de-Orientacoes-ao-Estagiario-do-CIA.pdf\">Guia-de-Orientacoes-ao-Estagiario-do-CIA<\/a><a href=\"https:\/\/www.ufpb.br\/cia\/wp-content\/uploads\/sites\/79\/sites\/236\/2025\/11\/Guia-de-Orientacoes-ao-Estagiario-do-CIA.pdf\" class=\"wp-block-file__button wp-element-button\" download aria-describedby=\"wp-block-file--media-26389e2c-e63a-4f66-aeb4-b20ac2fc0db1\">Baixar<\/a><\/div>\n\n\n\n<p><strong>Aten\u00e7\u00e3o, estagi\u00e1rio rec\u00e9m-chegado ao CIA, aqui voc\u00ea vai encontrar d<\/strong>ois <strong>documentos: o termo de responsabilidade e confidencialidade e o Guia de Orienta\u00e7\u00f5es aos Ingressantes<\/strong><\/p>\n\n\n\n<div class=\"wp-block-file\"><a id=\"wp-block-file--media-b9f54908-fd55-4fe1-8aad-b9dbdd3b1766\" href=\"https:\/\/www.ufpb.br\/cia\/wp-content\/uploads\/sites\/79\/sites\/236\/2025\/11\/Chefias-atentem-se-a-como-identificar-seu-aluno-PcD-ou-NEE.pdf\">Chefias, atentem-se a como identificar seu aluno PcD ou NEE<\/a><a href=\"https:\/\/www.ufpb.br\/cia\/wp-content\/uploads\/sites\/79\/sites\/236\/2025\/11\/Chefias-atentem-se-a-como-identificar-seu-aluno-PcD-ou-NEE.pdf\" class=\"wp-block-file__button wp-element-button\" download aria-describedby=\"wp-block-file--media-b9f54908-fd55-4fe1-8aad-b9dbdd3b1766\">Baixar<\/a><\/div>\n","protected":false},"excerpt":{"rendered":"<p>Aten\u00e7\u00e3o, estagi\u00e1rio rec\u00e9m-chegado ao CIA, aqui voc\u00ea vai encontrar tr\u00eas documentos: o termo de responsabilidade e confidencialidade, o Guia de Orienta\u00e7\u00f5es aos Ingressantes e a folha de frequ\u00eancia.  <\/p>\n","protected":false},"author":189,"featured_media":0,"parent":84,"menu_order":0,"comment_status":"closed","ping_status":"closed","template":"","meta":{"footnotes":""},"class_list":["post-43","page","type-page","status-publish","hentry"],"_links":{"self":[{"href":"https:\/\/www.ufpb.br\/cia\/wp-json\/wp\/v2\/pages\/43","targetHints":{"allow":["GET"]}}],"collection":[{"href":"https:\/\/www.ufpb.br\/cia\/wp-json\/wp\/v2\/pages"}],"about":[{"href":"https:\/\/www.ufpb.br\/cia\/wp-json\/wp\/v2\/types\/page"}],"author":[{"embeddable":true,"href":"https:\/\/www.ufpb.br\/cia\/wp-json\/wp\/v2\/users\/189"}],"replies":[{"embeddable":true,"href":"https:\/\/www.ufpb.br\/cia\/wp-json\/wp\/v2\/comments?post=43"}],"version-history":[{"count":49,"href":"https:\/\/www.ufpb.br\/cia\/wp-json\/wp\/v2\/pages\/43\/revisions"}],"predecessor-version":[{"id":903,"href":"https:\/\/www.ufpb.br\/cia\/wp-json\/wp\/v2\/pages\/43\/revisions\/903"}],"up":[{"embeddable":true,"href":"https:\/\/www.ufpb.br\/cia\/wp-json\/wp\/v2\/pages\/84"}],"wp:attachment":[{"href":"https:\/\/www.ufpb.br\/cia\/wp-json\/wp\/v2\/media?parent=43"}],"curies":[{"name":"wp","href":"https:\/\/api.w.org\/{rel}","templated":true}]}}