{"id":45,"date":"2024-11-25T20:03:38","date_gmt":"2024-11-25T23:03:38","guid":{"rendered":"https:\/\/www.ufpb.br\/cia2\/?page_id=45"},"modified":"2026-01-23T07:42:37","modified_gmt":"2026-01-23T10:42:37","slug":"resolucoes","status":"publish","type":"page","link":"https:\/\/www.ufpb.br\/cia\/documentos\/resolucoes\/","title":{"rendered":"Resolu\u00e7\u00f5es"},"content":{"rendered":"\n<div class=\"wp-block-file\"><a id=\"wp-block-file--media-c7675ab5-b3c4-49cd-807e-fdec86228aa8\" href=\"https:\/\/www.ufpb.br\/cia\/wp-content\/uploads\/sites\/79\/sites\/236\/2026\/01\/Resolucao-de-atuacao-do-tradutor-interprete-de-Libras-na-UFPB.pdf\">Resolu\u00e7\u00e3o de atua\u00e7\u00e3o do tradutor-int\u00e9rprete de Libras na UFPB<\/a><a href=\"https:\/\/www.ufpb.br\/cia\/wp-content\/uploads\/sites\/79\/sites\/236\/2026\/01\/Resolucao-de-atuacao-do-tradutor-interprete-de-Libras-na-UFPB.pdf\" class=\"wp-block-file__button wp-element-button\" download aria-describedby=\"wp-block-file--media-c7675ab5-b3c4-49cd-807e-fdec86228aa8\">Baixar<\/a><\/div>\n\n\n\n<div class=\"wp-block-file\"><a id=\"wp-block-file--media-2e3bed54-1b4d-46cb-8873-55bae58f675f\" href=\"http:\/\/www.ufpb.br\/cia2\/wp-content\/uploads\/sites\/79\/sites\/236\/2024\/11\/RESOLUCAO-QUE-INSTITUI-A-POLITICA-DE-INCLUSAO-E-ACESSIBILIDADE-NA-UFPB-E-CRIA-O-CIA.pdf\">Resolu\u00e7\u00e3o que institui a politica de inclus\u00e3o e acessibilidade na UFPB e cria o CIA<\/a><a href=\"http:\/\/www.ufpb.br\/cia2\/wp-content\/uploads\/sites\/79\/sites\/236\/2024\/11\/RESOLUCAO-QUE-INSTITUI-A-POLITICA-DE-INCLUSAO-E-ACESSIBILIDADE-NA-UFPB-E-CRIA-O-CIA.pdf\" class=\"wp-block-file__button wp-element-button\" download aria-describedby=\"wp-block-file--media-2e3bed54-1b4d-46cb-8873-55bae58f675f\">Baixar<\/a><\/div>\n\n\n\n<div class=\"wp-block-file\"><a id=\"wp-block-file--media-869c2bf5-d3a5-459b-b96a-76298840d1e0\" href=\"http:\/\/www.ufpb.br\/cia2\/wp-content\/uploads\/sites\/79\/sites\/236\/2024\/11\/REGIMENTO-INTERNO-DO-CIA.pdf\">Regimento Interno do CIA<\/a><a href=\"http:\/\/www.ufpb.br\/cia2\/wp-content\/uploads\/sites\/79\/sites\/236\/2024\/11\/REGIMENTO-INTERNO-DO-CIA.pdf\" class=\"wp-block-file__button wp-element-button\" download aria-describedby=\"wp-block-file--media-869c2bf5-d3a5-459b-b96a-76298840d1e0\">Baixar<\/a><\/div>\n\n\n\n<div class=\"wp-block-file\"><a id=\"wp-block-file--media-b01eb619-6622-466c-a8e8-de7ba2cbb72e\" href=\"https:\/\/www.ufpb.br\/cia2\/wp-content\/uploads\/sites\/79\/sites\/236\/2024\/11\/RESOLUCAO-QUE-INSTITUI-A-POLITICA-LINGUISTICA-NA-UFPB.pdf\">Resolu\u00e7\u00e3o que institui a pol\u00edtica lingu\u00edstica na UFPB<\/a><a href=\"https:\/\/www.ufpb.br\/cia2\/wp-content\/uploads\/sites\/79\/sites\/236\/2024\/11\/RESOLUCAO-QUE-INSTITUI-A-POLITICA-LINGUISTICA-NA-UFPB.pdf\" class=\"wp-block-file__button wp-element-button\" download aria-describedby=\"wp-block-file--media-b01eb619-6622-466c-a8e8-de7ba2cbb72e\">Baixar<\/a><\/div>\n\n\n\n<div class=\"wp-block-file\"><a id=\"wp-block-file--media-1d19aeca-6de6-415b-b44a-1ba84ba52b9b\" href=\"http:\/\/www.ufpb.br\/cia2\/wp-content\/uploads\/sites\/79\/sites\/236\/2024\/11\/RESOLUCAO-37_2021_CONSEPE.pdf\">Resolu\u00e7\u00e3o 37\/2021 &#8211; CONSEPE<\/a><a href=\"http:\/\/www.ufpb.br\/cia2\/wp-content\/uploads\/sites\/79\/sites\/236\/2024\/11\/RESOLUCAO-37_2021_CONSEPE.pdf\" class=\"wp-block-file__button wp-element-button\" download aria-describedby=\"wp-block-file--media-1d19aeca-6de6-415b-b44a-1ba84ba52b9b\">Baixar<\/a><\/div>\n\n\n\n<div class=\"wp-block-file\"><a id=\"wp-block-file--media-320921c4-5f00-44e3-9563-a73c4acf440e\" href=\"https:\/\/www.ufpb.br\/cia2\/wp-content\/uploads\/sites\/79\/sites\/236\/2024\/11\/RESOLUCAO_29_2020.pdf\">Resolu\u00e7\u00e3o 29\/2020 &#8211; CONSEPE<\/a><a href=\"https:\/\/www.ufpb.br\/cia2\/wp-content\/uploads\/sites\/79\/sites\/236\/2024\/11\/RESOLUCAO_29_2020.pdf\" class=\"wp-block-file__button wp-element-button\" download aria-describedby=\"wp-block-file--media-320921c4-5f00-44e3-9563-a73c4acf440e\">Baixar<\/a><\/div>\n\n\n\n<div class=\"wp-block-file\"><a id=\"wp-block-file--media-c8504c5d-efa3-4ea0-8593-a8f6504635c3\" href=\"https:\/\/www.ufpb.br\/cia2\/wp-content\/uploads\/sites\/79\/sites\/236\/2024\/11\/RESOLUCAO_58_2016.docx.pdf\">Resolu\u00e7\u00e3o 58 &#8211; 2016 &#8211; CONSEPE<\/a><a href=\"https:\/\/www.ufpb.br\/cia2\/wp-content\/uploads\/sites\/79\/sites\/236\/2024\/11\/RESOLUCAO_58_2016.docx.pdf\" class=\"wp-block-file__button wp-element-button\" download aria-describedby=\"wp-block-file--media-c8504c5d-efa3-4ea0-8593-a8f6504635c3\">Baixar<\/a><\/div>\n\n\n\n<div class=\"wp-block-file\"><a id=\"wp-block-file--media-668b5ebe-e1a3-4c23-8687-c6c02319d4a0\" href=\"https:\/\/www.ufpb.br\/cia2\/wp-content\/uploads\/sites\/79\/sites\/236\/2024\/11\/RESOLUCAO-DE-ACESSO-E-PERMANENCIA-DA-PESSOA-SURDA-NA-POS_GRADUACAO_10.2023_Consepe.pdf\">Resolu\u00e7\u00e3o de acesso e perman\u00eancia da pessoa surda na P\u00f3s Gradua\u00e7\u00e3o 10\/2023 &#8211; CONSEPE<\/a><a href=\"https:\/\/www.ufpb.br\/cia2\/wp-content\/uploads\/sites\/79\/sites\/236\/2024\/11\/RESOLUCAO-DE-ACESSO-E-PERMANENCIA-DA-PESSOA-SURDA-NA-POS_GRADUACAO_10.2023_Consepe.pdf\" class=\"wp-block-file__button wp-element-button\" download aria-describedby=\"wp-block-file--media-668b5ebe-e1a3-4c23-8687-c6c02319d4a0\">Baixar<\/a><\/div>\n","protected":false},"excerpt":{"rendered":"","protected":false},"author":47,"featured_media":0,"parent":84,"menu_order":0,"comment_status":"closed","ping_status":"closed","template":"","meta":{"footnotes":""},"class_list":["post-45","page","type-page","status-publish","hentry"],"_links":{"self":[{"href":"https:\/\/www.ufpb.br\/cia\/wp-json\/wp\/v2\/pages\/45","targetHints":{"allow":["GET"]}}],"collection":[{"href":"https:\/\/www.ufpb.br\/cia\/wp-json\/wp\/v2\/pages"}],"about":[{"href":"https:\/\/www.ufpb.br\/cia\/wp-json\/wp\/v2\/types\/page"}],"author":[{"embeddable":true,"href":"https:\/\/www.ufpb.br\/cia\/wp-json\/wp\/v2\/users\/47"}],"replies":[{"embeddable":true,"href":"https:\/\/www.ufpb.br\/cia\/wp-json\/wp\/v2\/comments?post=45"}],"version-history":[{"count":7,"href":"https:\/\/www.ufpb.br\/cia\/wp-json\/wp\/v2\/pages\/45\/revisions"}],"predecessor-version":[{"id":843,"href":"https:\/\/www.ufpb.br\/cia\/wp-json\/wp\/v2\/pages\/45\/revisions\/843"}],"up":[{"embeddable":true,"href":"https:\/\/www.ufpb.br\/cia\/wp-json\/wp\/v2\/pages\/84"}],"wp:attachment":[{"href":"https:\/\/www.ufpb.br\/cia\/wp-json\/wp\/v2\/media?parent=45"}],"curies":[{"name":"wp","href":"https:\/\/api.w.org\/{rel}","templated":true}]}}