{"id":84,"date":"2024-11-25T20:27:39","date_gmt":"2024-11-25T23:27:39","guid":{"rendered":"https:\/\/www.ufpb.br\/cia2\/?page_id=84"},"modified":"2026-04-01T13:51:14","modified_gmt":"2026-04-01T16:51:14","slug":"documentos","status":"publish","type":"page","link":"https:\/\/www.ufpb.br\/cia\/documentos\/","title":{"rendered":"Documentos"},"content":{"rendered":"\n<div class=\"wp-block-file\"><a id=\"wp-block-file--media-2788ba58-17d5-4f01-a964-14821b4243b2\" href=\"https:\/\/www.ufpb.br\/cia\/wp-content\/uploads\/sites\/79\/sites\/236\/2025\/01\/Relatorio-Anual-Tils-2024-4.pdf\">Relat\u00f3rio Anual Tils 2024<\/a><a href=\"https:\/\/www.ufpb.br\/cia\/wp-content\/uploads\/sites\/79\/sites\/236\/2025\/01\/Relatorio-Anual-Tils-2024-4.pdf\" class=\"wp-block-file__button wp-element-button\" download aria-describedby=\"wp-block-file--media-2788ba58-17d5-4f01-a964-14821b4243b2\">Baixar<\/a><\/div>\n\n\n\n<div class=\"wp-block-file\"><a id=\"wp-block-file--media-33f2fcf2-8918-4904-910f-ece2dd0f7de4\" href=\"http:\/\/www.ufpb.br\/cia\/wp-content\/uploads\/sites\/79\/sites\/236\/2025\/01\/Numeros-do-CIA-2024.pdf\">N\u00fameros do CIA-2024<\/a><a href=\"http:\/\/www.ufpb.br\/cia\/wp-content\/uploads\/sites\/79\/sites\/236\/2025\/01\/Numeros-do-CIA-2024.pdf\" class=\"wp-block-file__button wp-element-button\" download aria-describedby=\"wp-block-file--media-33f2fcf2-8918-4904-910f-ece2dd0f7de4\">Baixar<\/a><\/div>\n\n\n\n<div class=\"wp-block-file\"><a id=\"wp-block-file--media-87722d1a-b3e4-45ba-b95e-09dfd555319b\" href=\"https:\/\/www.ufpb.br\/cia\/wp-content\/uploads\/sites\/79\/sites\/236\/2025\/10\/Censo-de-Identificacao-da-Pessoa-com-Deficiencia-na-UFPB-2023.pdf\">Censo de Identifica\u00e7\u00e3o da Pessoa com Defici\u00eancia na UFPB 2023<\/a><a href=\"https:\/\/www.ufpb.br\/cia\/wp-content\/uploads\/sites\/79\/sites\/236\/2025\/10\/Censo-de-Identificacao-da-Pessoa-com-Deficiencia-na-UFPB-2023.pdf\" class=\"wp-block-file__button wp-element-button\" download aria-describedby=\"wp-block-file--media-87722d1a-b3e4-45ba-b95e-09dfd555319b\">Baixar<\/a><\/div>\n\n\n\n<div class=\"wp-block-file\"><a id=\"wp-block-file--media-dc76f33f-8040-41c3-8289-53de2fa50425\" href=\"https:\/\/www.ufpb.br\/cia\/wp-content\/uploads\/sites\/79\/sites\/236\/2026\/02\/Relatorio-2025-do-GT-Atitudinal-do-CIA.pdf\">Relat\u00f3rio 2025 do GT Atitudinal do CIA<\/a><a href=\"https:\/\/www.ufpb.br\/cia\/wp-content\/uploads\/sites\/79\/sites\/236\/2026\/02\/Relatorio-2025-do-GT-Atitudinal-do-CIA.pdf\" class=\"wp-block-file__button wp-element-button\" download aria-describedby=\"wp-block-file--media-dc76f33f-8040-41c3-8289-53de2fa50425\">Baixar<\/a><\/div>\n\n\n\n<p><\/p>\n","protected":false},"excerpt":{"rendered":"","protected":false},"author":47,"featured_media":0,"parent":0,"menu_order":0,"comment_status":"closed","ping_status":"closed","template":"","meta":{"footnotes":""},"class_list":["post-84","page","type-page","status-publish","hentry"],"_links":{"self":[{"href":"https:\/\/www.ufpb.br\/cia\/wp-json\/wp\/v2\/pages\/84","targetHints":{"allow":["GET"]}}],"collection":[{"href":"https:\/\/www.ufpb.br\/cia\/wp-json\/wp\/v2\/pages"}],"about":[{"href":"https:\/\/www.ufpb.br\/cia\/wp-json\/wp\/v2\/types\/page"}],"author":[{"embeddable":true,"href":"https:\/\/www.ufpb.br\/cia\/wp-json\/wp\/v2\/users\/47"}],"replies":[{"embeddable":true,"href":"https:\/\/www.ufpb.br\/cia\/wp-json\/wp\/v2\/comments?post=84"}],"version-history":[{"count":22,"href":"https:\/\/www.ufpb.br\/cia\/wp-json\/wp\/v2\/pages\/84\/revisions"}],"predecessor-version":[{"id":916,"href":"https:\/\/www.ufpb.br\/cia\/wp-json\/wp\/v2\/pages\/84\/revisions\/916"}],"wp:attachment":[{"href":"https:\/\/www.ufpb.br\/cia\/wp-json\/wp\/v2\/media?parent=84"}],"curies":[{"name":"wp","href":"https:\/\/api.w.org\/{rel}","templated":true}]}}