{"id":12,"date":"2024-10-10T18:45:17","date_gmt":"2024-10-10T21:45:17","guid":{"rendered":"https:\/\/www.ufpb.br\/cis2\/?page_id=12"},"modified":"2024-11-06T07:45:23","modified_gmt":"2024-11-06T10:45:23","slug":"apresentacao","status":"publish","type":"page","link":"https:\/\/www.ufpb.br\/cis\/apresentacao\/","title":{"rendered":"Apresenta\u00e7\u00e3o"},"content":{"rendered":"\n<figure class=\"wp-block-gallery has-nested-images columns-default is-cropped wp-block-gallery-1 is-layout-flex wp-block-gallery-is-layout-flex\">\n<figure class=\"wp-block-image size-large\"><img decoding=\"async\" data-id=\"216\" src=\"https:\/\/www.ufpb.br\/cis\/wp-content\/uploads\/sites\/79\/sites\/218\/2024\/11\/Logomarca-CISufpb-2.jpg\" alt=\"\" class=\"wp-image-216\" \/><\/figure>\n<\/figure>\n\n\n\n<p><strong>O QUE \u00c9 A CIS\/UFPB?<\/strong><\/p>\n\n\n\n<p>A CIS (Comiss\u00e3o Interna de Supervis\u00e3o do Plano de Carreira dos&nbsp;Cargos T\u00e9cnico-Administrativos em Educa\u00e7\u00e3o) foi criada pela portaria N\u00ba 2.519&nbsp;do Minist\u00e9rio da Educa\u00e7\u00e3o e Cultura, de 15 de julho de 2005.<\/p>\n\n\n\n<p>A CIS da UFPB foi homologada pela resolu\u00e7\u00e3o N\u00ba 19\/2006 do Consuni&nbsp;(Conselho Universit\u00e1rio) que \u00e9 composta por membros eleitos dos servidores&nbsp;integrantes do Plano de Carreira para um mandato de 3 anos e est\u00e1&nbsp;funcionando oficialmente no T\u00e9rreo da Reitoria, por reconhecimento da reitora&nbsp;a partir de 2012 do Art. 8\u00ba. Da portaria<\/p>\n\n\n\n<p><strong>QUAL SEU OBJETIVO?<\/strong><\/p>\n\n\n\n<p>A Comiss\u00e3o tem como objetivo supervisionar e fiscalizar o cumprimento&nbsp;do PCCTAE no \u00e2mbito de cada institui\u00e7\u00e3o de ensino federal e contribuir com&nbsp;propostas para \u00e0 Comiss\u00e3o Nacional de Supervis\u00e3o da Carreira (CNSC) para o&nbsp;aperfei\u00e7oamento do Plano de Carreira.<\/p>\n\n\n\n<p><strong>QUAL O SEU PAPEL?<\/strong><\/p>\n\n\n\n<p>a) Acompanhar a implanta\u00e7\u00e3o do Plano de Carreira dos Cargos T\u00e9cnico-&nbsp;Administrativos em Educa\u00e7\u00e3o\/PCCTAE, em todas as suas etapas, bem como o&nbsp;trabalho da Comiss\u00e3o Provis\u00f3ria de Enquadramento;&nbsp;<\/p>\n\n\n\n<p>b) Auxiliar a \u00e1rea de pessoal, bem como os servidores, quanto ao plano de&nbsp;carreira dos cargos t\u00e9cnico-administrativos em educa\u00e7\u00e3o;<\/p>\n\n\n\n<p>c) Supervisionar e analisar a implementa\u00e7\u00e3o do PCCTAE no \u00e2mbito da UFPB;&nbsp;<\/p>\n\n\n\n<p>d) Propor \u00e0 Comiss\u00e3o Nacional de Supervis\u00e3o as altera\u00e7\u00f5es necess\u00e1rias para&nbsp;o aprimoramento do plano;<\/p>\n\n\n\n<p>e) Apresentar propostas e fiscalizar a elabora\u00e7\u00e3o e a execu\u00e7\u00e3o do Plano de&nbsp;Desenvolvimento de Pessoal da Institui\u00e7\u00e3o Federal de Ensino e seus&nbsp;programas de capacita\u00e7\u00e3o, de avalia\u00e7\u00e3o, de dimensionamento das&nbsp;necessidades de pessoal e modelo de aloca\u00e7\u00e3o de vagas;<\/p>\n\n\n\n<p>f) Avaliar, anualmente, as propostas de lota\u00e7\u00e3o da Institui\u00e7\u00e3o, conforme o&nbsp;inciso I do \u00a7 1\u00ba do Art. 24 da Lei n\u00ba 11.091, de 12 de janeiro de 2005;<\/p>\n\n\n\n<p>g) Acompanhar o processo de identifica\u00e7\u00e3o dos ambientes organizacionais da&nbsp;UFPB proposto pela \u00e1rea de pessoal, bem como os cargos que os integram;<\/p>\n\n\n\n<p><\/p>\n\n\n\n<p>h) Examinar os casos omissos referentes ao plano de carreira e encaminh\u00e1-los&nbsp;\u00e0 Comiss\u00e3o Nacional de Supervis\u00e3o da Carreira \u2013 CNSC.<\/p>\n\n\n\n<p><\/p>\n","protected":false},"excerpt":{"rendered":"<p>A Comiss\u00e3o tem como objetivo supervisionar e fiscalizar o cumprimento\u00a0do PCCTAE no \u00e2mbito de cada institui\u00e7\u00e3o de ensino federal e contribuir com\u00a0propostas para \u00e0 Comiss\u00e3o Nacional de Supervis\u00e3o da Carreira (CNSC) para o\u00a0aperfei\u00e7oamento do Plano de Carreira.<\/p>\n","protected":false},"author":47,"featured_media":226,"parent":0,"menu_order":0,"comment_status":"closed","ping_status":"closed","template":"","meta":{"footnotes":""},"class_list":["post-12","page","type-page","status-publish","has-post-thumbnail","hentry"],"_links":{"self":[{"href":"https:\/\/www.ufpb.br\/cis\/wp-json\/wp\/v2\/pages\/12","targetHints":{"allow":["GET"]}}],"collection":[{"href":"https:\/\/www.ufpb.br\/cis\/wp-json\/wp\/v2\/pages"}],"about":[{"href":"https:\/\/www.ufpb.br\/cis\/wp-json\/wp\/v2\/types\/page"}],"author":[{"embeddable":true,"href":"https:\/\/www.ufpb.br\/cis\/wp-json\/wp\/v2\/users\/47"}],"replies":[{"embeddable":true,"href":"https:\/\/www.ufpb.br\/cis\/wp-json\/wp\/v2\/comments?post=12"}],"version-history":[{"count":7,"href":"https:\/\/www.ufpb.br\/cis\/wp-json\/wp\/v2\/pages\/12\/revisions"}],"predecessor-version":[{"id":217,"href":"https:\/\/www.ufpb.br\/cis\/wp-json\/wp\/v2\/pages\/12\/revisions\/217"}],"wp:featuredmedia":[{"embeddable":true,"href":"https:\/\/www.ufpb.br\/cis\/wp-json\/wp\/v2\/media\/226"}],"wp:attachment":[{"href":"https:\/\/www.ufpb.br\/cis\/wp-json\/wp\/v2\/media?parent=12"}],"curies":[{"name":"wp","href":"https:\/\/api.w.org\/{rel}","templated":true}]}}