{"id":13,"date":"2024-10-10T18:45:17","date_gmt":"2024-10-10T21:45:17","guid":{"rendered":"https:\/\/www.ufpb.br\/cis2\/?page_id=13"},"modified":"2025-08-04T09:10:13","modified_gmt":"2025-08-04T12:10:13","slug":"quem-somos","status":"publish","type":"page","link":"https:\/\/www.ufpb.br\/cis\/quem-somos\/","title":{"rendered":"Quem Somos?"},"content":{"rendered":"\n<p><\/p>\n\n\n\n<p><strong>MEMBROS DA CIS-UFPB:<\/strong><\/p>\n\n\n\n<p>Mauro Barbosa da Silva&nbsp;&nbsp;&#8211; Coordenador Geral<\/p>\n\n\n\n<p>Pedro Jos\u00e9 de Souza Bias &#8211; Coordenador Adjunto<\/p>\n\n\n\n<p>Raquel de Souza Melo &#8211; Secret\u00e1ria Geral<\/p>\n\n\n\n<p>Davanice dos Santos &#8211; Secret\u00e1ria Adjunta<\/p>\n\n\n\n<p>Joselita F\u00e9lix de Alencar Fernandes &#8211;  Membro Suplente<\/p>\n\n\n\n<p>Jos\u00e9 Felismino dos Santos &#8211; Membro Suplente <\/p>\n\n\n\n<p><\/p>\n\n\n\n<p><strong>EQUIPE<\/strong> <strong>LOTADA<\/strong><\/p>\n\n\n\n<p>Jos\u00e9 Roberto Pereira Herculano<\/p>\n\n\n\n<p>Samaritana Batista Paiva<\/p>\n\n\n\n<p><\/p>\n\n\n\n<p><\/p>\n\n\n\n<p><strong>GEST\u00c3O DA UNIVERSIDADE FEDERAL DA PARA\u00cdBA:<\/strong><\/p>\n\n\n\n<p>Terezinha Domiciano &#8211; Reitora <\/p>\n\n\n\n<p>M\u00f4nica N\u00f3grega &#8211; Vice-Reitora<\/p>\n\n\n\n<p>Mirella Rocha Ribeiro Pinto &#8211; Pr\u00f3-Reitoria de Gest\u00e3o de Pessoas<\/p>\n\n\n\n<p><\/p>\n\n\n\n<p><\/p>\n\n\n\n<p><\/p>\n","protected":false},"excerpt":{"rendered":"<p>MEMBROS DA CIS-UFPB: Mauro Barbosa da Silva&nbsp;&nbsp;&#8211; Coordenador Geral Pedro Jos\u00e9 de Souza Bias &#8211; Coordenador Adjunto Raquel de Souza Melo &#8211; Secret\u00e1ria Geral Davanice dos Santos &#8211; Secret\u00e1ria Adjunta Joselita F\u00e9lix de Alencar Fernandes &#8211; Membro Suplente Jos\u00e9 Felismino dos Santos &#8211; Membro Suplente EQUIPE LOTADA Jos\u00e9 Roberto Pereira Herculano Samaritana Batista Paiva GEST\u00c3O [&hellip;]<\/p>\n","protected":false},"author":47,"featured_media":0,"parent":0,"menu_order":0,"comment_status":"closed","ping_status":"closed","template":"","meta":{"footnotes":""},"class_list":["post-13","page","type-page","status-publish","hentry"],"_links":{"self":[{"href":"https:\/\/www.ufpb.br\/cis\/wp-json\/wp\/v2\/pages\/13","targetHints":{"allow":["GET"]}}],"collection":[{"href":"https:\/\/www.ufpb.br\/cis\/wp-json\/wp\/v2\/pages"}],"about":[{"href":"https:\/\/www.ufpb.br\/cis\/wp-json\/wp\/v2\/types\/page"}],"author":[{"embeddable":true,"href":"https:\/\/www.ufpb.br\/cis\/wp-json\/wp\/v2\/users\/47"}],"replies":[{"embeddable":true,"href":"https:\/\/www.ufpb.br\/cis\/wp-json\/wp\/v2\/comments?post=13"}],"version-history":[{"count":16,"href":"https:\/\/www.ufpb.br\/cis\/wp-json\/wp\/v2\/pages\/13\/revisions"}],"predecessor-version":[{"id":271,"href":"https:\/\/www.ufpb.br\/cis\/wp-json\/wp\/v2\/pages\/13\/revisions\/271"}],"wp:attachment":[{"href":"https:\/\/www.ufpb.br\/cis\/wp-json\/wp\/v2\/media?parent=13"}],"curies":[{"name":"wp","href":"https:\/\/api.w.org\/{rel}","templated":true}]}}