{"id":176,"date":"2024-10-24T10:33:44","date_gmt":"2024-10-24T13:33:44","guid":{"rendered":"https:\/\/www.ufpb.br\/cis\/?page_id=176"},"modified":"2024-10-30T09:21:41","modified_gmt":"2024-10-30T12:21:41","slug":"cnsc","status":"publish","type":"page","link":"https:\/\/www.ufpb.br\/cis\/cnsc\/","title":{"rendered":"CNSC"},"content":{"rendered":"\n<figure class=\"wp-block-image\"><img decoding=\"async\" src=\"https:\/\/www.sinditest.org.br\/wp-content\/uploads\/2023\/11\/336_CNSC-retoma-atividades-apos-7-anos_1280x720-1078x516.jpg\" alt=\"\" title=\"Comiss\u00e3o Nacional de Supervis\u00e3o da Carreira (CNSC) retoma atividades ap\u00f3s hiato de 7 anos\" \/><\/figure>\n\n\n\n<p><a href=\"https:\/\/www.sinditest.org.br\/wp-content\/uploads\/2023\/11\/336_CNSC-retoma-atividades-apos-7-anos_1280x720.jpg\"><\/a><\/p>\n\n\n\n<h1 class=\"wp-block-heading\">Comiss\u00e3o Nacional de Supervis\u00e3o da Carreira (CNSC) retoma atividades ap\u00f3s hiato de 7 anos<\/h1>\n\n\n\n<p><a href=\"https:\/\/www.sinditest.org.br\/comissao-nacional-de-supervisao-da-carreira-cnsc-retoma-atividades-apos-hiato-de-7-anos\/#respond\">0<\/a><\/p>\n\n\n\n<p>By <a href=\"https:\/\/www.sinditest.org.br\/author\/camila\/\">Imprensa Sinditest-PR<\/a> on novembro 30, 2023 <a href=\"https:\/\/www.sinditest.org.br\/category\/banner\/\">Banner<\/a>, <a href=\"https:\/\/www.sinditest.org.br\/category\/featured\/\">Destaque<\/a>, <a href=\"https:\/\/www.sinditest.org.br\/category\/geral\/\">Geral<\/a><\/p>\n\n\n\n<p>A Comiss\u00e3o Nacional de Supervis\u00e3o da Carreira (CNSC) retomou suas atividades em uma reuni\u00e3o realizada no dia 21 de novembro de 2023. Ap\u00f3s mais de sete anos sem convoca\u00e7\u00e3o, a CNSC reuniu seus 16 membros titulares e 8 suplentes, divididos entre as bancadas sindical e institucional.<\/p>\n\n\n\n<p>O encontro teve como objetivo principal propor e orientar altera\u00e7\u00f5es na carreira, visando ao seu aperfei\u00e7oamento. A CNSC \u00e9 composta por representantes indicados pela FASUBRA e SINASEFE na bancada sindical, enquanto a bancada institucional \u00e9 formada por membros representativos do Minist\u00e9rio da Educa\u00e7\u00e3o (MEC), da Associa\u00e7\u00e3o Nacional dos Dirigentes das Institui\u00e7\u00f5es Federais de Ensino Superior (ANDIFES) e do Conselho Nacional das Institui\u00e7\u00f5es da Rede Federal de Educa\u00e7\u00e3o Profissional, Cient\u00edfica e Tecnol\u00f3gica (CONIF), que representam os reitores das universidades e dos institutos federais.<\/p>\n\n\n\n<p>A reuni\u00e3o teve in\u00edcio com a participa\u00e7\u00e3o do Secret\u00e1rio Executivo Adjunto do MEC, Greg\u00f3rio Grisa, que expressou apoio \u00e0s discuss\u00f5es e destacou a abertura do Minist\u00e9rio ao di\u00e1logo com os sindicatos. Durante o debate, foi informado sobre o corte or\u00e7ament\u00e1rio de 700 milh\u00f5es na pasta.<\/p>\n\n\n\n<p>Dentre os pontos abordados, destacou-se a apresenta\u00e7\u00e3o da proposta de Plano de Carreira de Gest\u00e3o de Pol\u00edticas P\u00fablicas Educacionais pelo MEC, baseado nas diretrizes do MGI. A secretaria executiva do MEC anunciou tamb\u00e9m que em breve ser\u00e1 lan\u00e7ado um documento com orienta\u00e7\u00f5es sobre o conceito de carreiras no servi\u00e7o p\u00fablico.<\/p>\n\n\n\n<p>A reuni\u00e3o resultou em importantes encaminhamentos, incluindo a elei\u00e7\u00e3o da coordena\u00e7\u00e3o da CNSC, que ficou a cargo do MEC, a Coordena\u00e7\u00e3o Adjunta com a FASUBRA, e a Secretaria Executiva, que ser\u00e1 criada no novo regimento, com o SINASEFE. Foi definida uma Secretaria Executiva respons\u00e1vel pela documenta\u00e7\u00e3o da CNSC, e ser\u00e3o criados ambientes virtuais para documentos oficiais.<\/p>\n\n\n\n<blockquote class=\"wp-block-quote is-layout-flow wp-block-quote-is-layout-flow\">\n<p>\u201cAbordamos v\u00e1rios assuntos de interesse da categoria, entre eles a reorganiza\u00e7\u00e3o da CNSC, inclusive com a possibilidade de revis\u00e3o do seu regimento interno, do seu funcionamento, do cronograma. Tratamos tamb\u00e9m da pauta apresentada pela Fasubra e pelo Sinasefe, com as quest\u00f5es que n\u00f3s queremos discutir naquela Comiss\u00e3o.&nbsp; Al\u00e9m disso, criamos dois grupos de trabalho, um que vai tratar da revis\u00e3o dos fazeres t\u00e9cnicos administrativos e reorganiza\u00e7\u00e3o dos cargos e outro da implementa\u00e7\u00e3o da RSC (Reconhecimento de Saberes e Compet\u00eancias). Tiramos ainda a Comiss\u00e3o que vai fazer a consolida\u00e7\u00e3o da proposta do movimento sindical dos t\u00e9cnicos administrativos no que trata do aprimoramento da carreira\u201d, afirmou Marcelo Rosa Pereira, da Coordena\u00e7\u00e3o Jur\u00eddica e de Rela\u00e7\u00f5es do Trabalho da Fasubra.<\/p>\n<\/blockquote>\n\n\n\n<p>A pr\u00f3xima reuni\u00e3o est\u00e1 agendada para 17 de janeiro, com a apresenta\u00e7\u00e3o do estudo da viabilidade da unifica\u00e7\u00e3o da proposta de aprimoramento do PCCTAE, c\u00e1lculo de impacto e consolida\u00e7\u00e3o da Portaria e Regimento Interno da CNSC. As reuni\u00f5es ordin\u00e1rias mensais e extraordin\u00e1rias virtuais tamb\u00e9m foram definidas como parte da nova din\u00e2mica de funcionamento da CNSC.<\/p>\n\n\n\n<blockquote class=\"wp-block-quote is-layout-flow wp-block-quote-is-layout-flow\">\n<p>\u201cA CNSC \u00e9 uma Comiss\u00e3o importante, obviamente, mas ela tem um car\u00e1ter muito mais burocr\u00e1tico, n\u00e3o est\u00e1 na mesa de negocia\u00e7\u00e3o com o governo\u201d, explicou Daniel Farias, que tamb\u00e9m integra a coordena\u00e7\u00e3o Jur\u00eddica e de Rela\u00e7\u00f5es de Trabalho da Federa\u00e7\u00e3o.<\/p>\n<\/blockquote>\n\n\n\n<p>O dirigente sindical faz um chamado \u00e0 categoria. \u201cRefor\u00e7ando para voc\u00eas, j\u00e1 temos uma proposta aprovada nas bases da Fasubra na \u00faltima Plen\u00e1ria protocolada no governo atrav\u00e9s do sistema eletr\u00f4nico de informa\u00e7\u00e3o (SEI) que j\u00e1 est\u00e1 em discuss\u00e3o no Minist\u00e9rio da Gest\u00e3o e Inova\u00e7\u00e3o. S\u00f3 que j\u00e1 faz 60 dias e o governo ainda n\u00e3o nos deu nenhuma resposta. Ent\u00e3o \u00e9 importante que a gente mantenha o foco no que \u00e9 mais priorit\u00e1rio para a carreira dos t\u00e9cnicos nesse momento, que \u00e9 a cobran\u00e7a da contraproposta do governo\u201d, finalizou Daniel.<\/p>\n\n\n\n<p>A negocia\u00e7\u00e3o da carreira com o governo e o andamento da campanha salarial ser\u00e3o discutidos na pr\u00f3xima Assembleia Geral do Sinditest-PR, que ser\u00e1 realizado nesta segunda-feira (04), a partir das 9h30, no Anfi 100 (Campus Reitoria da UFPR \u2013 R. Gen. Carneiro, 460 \u2013 Centro). Todas e todos est\u00e3o convidados a contribuir com o debate!<\/p>\n","protected":false},"excerpt":{"rendered":"<p>Teste<\/p>\n","protected":false},"author":47,"featured_media":179,"parent":0,"menu_order":0,"comment_status":"closed","ping_status":"closed","template":"","meta":{"footnotes":""},"class_list":["post-176","page","type-page","status-publish","has-post-thumbnail","hentry"],"_links":{"self":[{"href":"https:\/\/www.ufpb.br\/cis\/wp-json\/wp\/v2\/pages\/176","targetHints":{"allow":["GET"]}}],"collection":[{"href":"https:\/\/www.ufpb.br\/cis\/wp-json\/wp\/v2\/pages"}],"about":[{"href":"https:\/\/www.ufpb.br\/cis\/wp-json\/wp\/v2\/types\/page"}],"author":[{"embeddable":true,"href":"https:\/\/www.ufpb.br\/cis\/wp-json\/wp\/v2\/users\/47"}],"replies":[{"embeddable":true,"href":"https:\/\/www.ufpb.br\/cis\/wp-json\/wp\/v2\/comments?post=176"}],"version-history":[{"count":3,"href":"https:\/\/www.ufpb.br\/cis\/wp-json\/wp\/v2\/pages\/176\/revisions"}],"predecessor-version":[{"id":210,"href":"https:\/\/www.ufpb.br\/cis\/wp-json\/wp\/v2\/pages\/176\/revisions\/210"}],"wp:featuredmedia":[{"embeddable":true,"href":"https:\/\/www.ufpb.br\/cis\/wp-json\/wp\/v2\/media\/179"}],"wp:attachment":[{"href":"https:\/\/www.ufpb.br\/cis\/wp-json\/wp\/v2\/media?parent=176"}],"curies":[{"name":"wp","href":"https:\/\/api.w.org\/{rel}","templated":true}]}}