{"id":13,"date":"2024-09-18T17:00:12","date_gmt":"2024-09-18T20:00:12","guid":{"rendered":"https:\/\/www.ufpb.br\/comconf2\/?page_id=13"},"modified":"2025-03-31T09:44:55","modified_gmt":"2025-03-31T12:44:55","slug":"apresentacao","status":"publish","type":"page","link":"https:\/\/www.ufpb.br\/comconf\/comissao-de-conformidade\/apresentacao\/","title":{"rendered":"Quem Somos"},"content":{"rendered":"\n<p class=\" \">A\u00a0<strong>Comiss\u00e3o de Conformidade &#8211; COMCONF<\/strong>, institu\u00edda pela\u00a0<strong><a href=\"http:\/\/www.ufpb.br\/comconf\/wp-content\/uploads\/sites\/79\/sites\/212\/2025\/03\/resoluo36de2018.pdf\" data-type=\"link\" data-id=\"http:\/\/www.ufpb.br\/comconf\/wp-content\/uploads\/sites\/79\/sites\/212\/2025\/03\/resoluo36de2018.pdf\">Resolu\u00e7\u00e3o 36\/2018 UFPB\/CONSUNI<\/a>*<\/strong>, integra o\u00a0Comit\u00ea de Integridade\u00a0(<strong><a href=\"http:\/\/www.ufpb.br\/comconf\/wp-content\/uploads\/sites\/79\/sites\/212\/2025\/03\/Runi37_2018.pdf\" data-type=\"link\" data-id=\"http:\/\/www.ufpb.br\/comconf\/wp-content\/uploads\/sites\/79\/sites\/212\/2025\/03\/Runi37_2018.pdf\">Resolu\u00e7\u00e3o 37\/2018 UFPB\/CONSUNI<\/a>*<\/strong>), atua como unidade gestora da integridade (<strong>UGI<\/strong>) e assessora\u00a0o\u00a0Comit\u00ea de Governan\u00e7a,\u00a0Controle Interno e Gest\u00e3o de Riscos da UFPB &#8211; COMGOV\u00a0(<strong><a href=\"http:\/\/www.ufpb.br\/comconf\/wp-content\/uploads\/sites\/79\/sites\/212\/2025\/03\/Runi38_2018.pdf\" target=\"_blank\" rel=\"noreferrer noopener\">Resolu\u00e7\u00e3o 38\/2018 UFPB\/CONSUNI<\/a>*<\/strong>).\u00a0Ela tem por finalidade contribuir para a gest\u00e3o de\u00a0procedimentos de conformidade, no \u00e2mbito de suas atribui\u00e7\u00f5es e compet\u00eancias administrativas e \u00e9\u00a0caracterizada pelo ac\u00famulo de boas pr\u00e1ticas de gest\u00e3o de\u00a0cada unidade administrativa na execu\u00e7\u00e3o de seus processos de trabalho.<\/p>\n\n\n\n<p class=\" \">Veja no arquivo a publica\u00e7\u00e3o original da cria\u00e7\u00e3o da Comiss\u00e3o de Conformidade&nbsp;<strong><a href=\"http:\/\/www.ufpb.br\/antigo\/content\/ufpb-cria-comit%C3%AAs-e-comiss%C3%A3o-para-alavancar-efici%C3%AAncia\" target=\"_blank\" rel=\"noreferrer noopener\">CLICANDO AQUI.<\/a><\/strong><\/p>\n\n\n\n<p class=\" \"><strong>*&nbsp;Boletim de Servi\u00e7o da UFPB &#8211; N\u00ba 06 &#8211; de 01\/02\/2019, p\u00e1gs. 12, 18, 21<\/strong><\/p>\n\n\n\n<p><\/p>\n","protected":false},"excerpt":{"rendered":"<p>A\u00a0Comiss\u00e3o de Conformidade &#8211; COMCONF, institu\u00edda pela\u00a0Resolu\u00e7\u00e3o 36\/2018 UFPB\/CONSUNI*, integra o\u00a0Comit\u00ea de Integridade\u00a0(Resolu\u00e7\u00e3o 37\/2018 UFPB\/CONSUNI*), atua como unidade gestora da integridade (UGI) e assessora\u00a0o\u00a0Comit\u00ea de Governan\u00e7a,\u00a0Controle Interno e Gest\u00e3o de Riscos da UFPB &#8211; COMGOV\u00a0(Resolu\u00e7\u00e3o 38\/2018 UFPB\/CONSUNI*).\u00a0Ela tem por finalidade contribuir para a gest\u00e3o de\u00a0procedimentos de conformidade, no \u00e2mbito de suas atribui\u00e7\u00f5es e compet\u00eancias administrativas [&hellip;]<\/p>\n","protected":false},"author":63,"featured_media":531,"parent":425,"menu_order":0,"comment_status":"closed","ping_status":"closed","template":"","meta":{"footnotes":""},"class_list":["post-13","page","type-page","status-publish","has-post-thumbnail","hentry"],"_links":{"self":[{"href":"https:\/\/www.ufpb.br\/comconf\/wp-json\/wp\/v2\/pages\/13","targetHints":{"allow":["GET"]}}],"collection":[{"href":"https:\/\/www.ufpb.br\/comconf\/wp-json\/wp\/v2\/pages"}],"about":[{"href":"https:\/\/www.ufpb.br\/comconf\/wp-json\/wp\/v2\/types\/page"}],"author":[{"embeddable":true,"href":"https:\/\/www.ufpb.br\/comconf\/wp-json\/wp\/v2\/users\/63"}],"replies":[{"embeddable":true,"href":"https:\/\/www.ufpb.br\/comconf\/wp-json\/wp\/v2\/comments?post=13"}],"version-history":[{"count":6,"href":"https:\/\/www.ufpb.br\/comconf\/wp-json\/wp\/v2\/pages\/13\/revisions"}],"predecessor-version":[{"id":182,"href":"https:\/\/www.ufpb.br\/comconf\/wp-json\/wp\/v2\/pages\/13\/revisions\/182"}],"up":[{"embeddable":true,"href":"https:\/\/www.ufpb.br\/comconf\/wp-json\/wp\/v2\/pages\/425"}],"wp:featuredmedia":[{"embeddable":true,"href":"https:\/\/www.ufpb.br\/comconf\/wp-json\/wp\/v2\/media\/531"}],"wp:attachment":[{"href":"https:\/\/www.ufpb.br\/comconf\/wp-json\/wp\/v2\/media?parent=13"}],"curies":[{"name":"wp","href":"https:\/\/api.w.org\/{rel}","templated":true}]}}