{"id":15,"date":"2024-09-18T17:00:13","date_gmt":"2024-09-18T20:00:13","guid":{"rendered":"https:\/\/www.ufpb.br\/comconf2\/?page_id=15"},"modified":"2025-03-25T10:56:41","modified_gmt":"2025-03-25T13:56:41","slug":"competencias","status":"publish","type":"page","link":"https:\/\/www.ufpb.br\/comconf\/comissao-de-conformidade\/competencias\/","title":{"rendered":"Compet\u00eancias"},"content":{"rendered":"\n<p class=\" \"><strong>As compet\u00eancias da Comiss\u00e3o de Conformidade (ComConf) foram estabelecidas pela Resolu\u00e7\u00e3o n\u00ba 36\/2018, do CONSUNI.&nbsp;<\/strong><\/p>\n\n\n\n<p class=\" \"><strong>S\u00e3o elas:<\/strong><\/p>\n\n\n\n<p>&nbsp;I \u2013 Implantar procedimentos de conformidade na UFPB;&nbsp;<\/p>\n\n\n\n<p>II \u2013 Elaborar o Plano Anual de Atividades de Conformidade;&nbsp;<\/p>\n\n\n\n<p>III \u2013 Verificar o desempenho da conformidade nas metas propostas no Plano de Desenvolvimento Institucional \u2013 PDI da UFPB;&nbsp;<\/p>\n\n\n\n<p>IV \u2013 Contribuir para a melhoria da efici\u00eancia, efic\u00e1cia, e efetividade da conformidade de procedimentos nos processos de aquisi\u00e7\u00e3o e contrata\u00e7\u00e3o da UFPB;&nbsp;<\/p>\n\n\n\n<p>V \u2013 Assessorar o gerenciamento de riscos de contrata\u00e7\u00f5es e aquisi\u00e7\u00f5es dos setores respons\u00e1veis pela conformidade nas unidades da administra\u00e7\u00e3o central da UFPB, de acordo com a legisla\u00e7\u00e3o vigente;&nbsp;<\/p>\n\n\n\n<p>VI \u2013 Contribuir para o planejamento da conformidade de procedimentos nas unidades da administra\u00e7\u00e3o central e setorial;&nbsp;<\/p>\n\n\n\n<p>VII \u2013 Contribuir para a implanta\u00e7\u00e3o de procedimentos de conformidade de acordo com a legisla\u00e7\u00e3o;&nbsp;<\/p>\n\n\n\n<p>VIII \u2013 Assessorar o Comit\u00ea de Governan\u00e7a, Controle Interno e Gest\u00e3o de Riscos.<\/p>\n","protected":false},"excerpt":{"rendered":"<p>As compet\u00eancias da Comiss\u00e3o de Conformidade (ComConf) foram estabelecidas pela Resolu\u00e7\u00e3o n\u00ba 36\/2018, do CONSUNI.&nbsp; S\u00e3o elas: &nbsp;I \u2013 Implantar procedimentos de conformidade na UFPB;&nbsp; II \u2013 Elaborar o Plano Anual de Atividades de Conformidade;&nbsp; III \u2013 Verificar o desempenho da conformidade nas metas propostas no Plano de Desenvolvimento Institucional \u2013 PDI da UFPB;&nbsp; IV [&hellip;]<\/p>\n","protected":false},"author":63,"featured_media":0,"parent":425,"menu_order":0,"comment_status":"closed","ping_status":"closed","template":"","meta":{"footnotes":""},"class_list":["post-15","page","type-page","status-publish","hentry"],"_links":{"self":[{"href":"https:\/\/www.ufpb.br\/comconf\/wp-json\/wp\/v2\/pages\/15","targetHints":{"allow":["GET"]}}],"collection":[{"href":"https:\/\/www.ufpb.br\/comconf\/wp-json\/wp\/v2\/pages"}],"about":[{"href":"https:\/\/www.ufpb.br\/comconf\/wp-json\/wp\/v2\/types\/page"}],"author":[{"embeddable":true,"href":"https:\/\/www.ufpb.br\/comconf\/wp-json\/wp\/v2\/users\/63"}],"replies":[{"embeddable":true,"href":"https:\/\/www.ufpb.br\/comconf\/wp-json\/wp\/v2\/comments?post=15"}],"version-history":[{"count":2,"href":"https:\/\/www.ufpb.br\/comconf\/wp-json\/wp\/v2\/pages\/15\/revisions"}],"predecessor-version":[{"id":35,"href":"https:\/\/www.ufpb.br\/comconf\/wp-json\/wp\/v2\/pages\/15\/revisions\/35"}],"up":[{"embeddable":true,"href":"https:\/\/www.ufpb.br\/comconf\/wp-json\/wp\/v2\/pages\/425"}],"wp:attachment":[{"href":"https:\/\/www.ufpb.br\/comconf\/wp-json\/wp\/v2\/media?parent=15"}],"curies":[{"name":"wp","href":"https:\/\/api.w.org\/{rel}","templated":true}]}}