{"id":194,"date":"2025-03-24T09:44:48","date_gmt":"2025-03-24T12:44:48","guid":{"rendered":"https:\/\/www.ufpb.br\/comconf\/?page_id=194"},"modified":"2025-03-25T17:06:48","modified_gmt":"2025-03-25T20:06:48","slug":"integridade-publica","status":"publish","type":"page","link":"https:\/\/www.ufpb.br\/comconf\/integridade\/campanhas-de-integridade\/integridade-publica\/","title":{"rendered":"Integridade P\u00fablica"},"content":{"rendered":"<div class=\"wp-block-image\">\n<figure class=\"aligncenter size-full\"><img loading=\"lazy\" decoding=\"async\" width=\"302\" height=\"420\" src=\"http:\/\/www.ufpb.br\/comconf\/wp-content\/uploads\/sites\/79\/sites\/212\/2025\/03\/bbfec82f-451b-4a19-aa38-86cfa7a26d35-1.png\" alt=\"\" class=\"wp-image-197\" srcset=\"https:\/\/www.ufpb.br\/comconf\/wp-content\/uploads\/sites\/79\/sites\/212\/2025\/03\/bbfec82f-451b-4a19-aa38-86cfa7a26d35-1.png 302w, https:\/\/www.ufpb.br\/comconf\/wp-content\/uploads\/sites\/79\/sites\/212\/2025\/03\/bbfec82f-451b-4a19-aa38-86cfa7a26d35-1-216x300.png 216w\" sizes=\"auto, (max-width: 302px) 100vw, 302px\" \/><\/figure>\n<\/div>\n\n\n<p>O Governo Federal est\u00e1 empenhado em fortalecer a integridade p\u00fablica como forma sustent\u00e1vel de combater a corrup\u00e7\u00e3o, de restaurar a confian\u00e7a dos cidad\u00e3os em nossas institui\u00e7\u00f5es e de prestar servi\u00e7os p\u00fablicos com mais qualidade.<\/p>\n\n\n\n<p>Integridade P\u00fablica \u00e9 \u201calinhamento consistente e ades\u00e3o a valores, princ\u00edpios e normas \u00e9ticas comuns para sustentar e priorizar o interesse p\u00fablico sobre os interesses privados no setor p\u00fablico\u201d. (Conceito da OCDE &#8211; Organiza\u00e7\u00e3o para a Coopera\u00e7\u00e3o e Desenvolvimento Econ\u00f4mico)<\/p>\n\n\n\n<p>Portanto, desenvolver a Integridade \u00e9 essencial para a Administra\u00e7\u00e3o P\u00fablica entregar resultados adequados, imparciais e efetivos \u00e0 popula\u00e7\u00e3o brasileira.<\/p>\n\n\n\n<p><strong>INTEGRIDADE NO MUNDO:<\/strong><\/p>\n\n\n\n<p>A estrat\u00e9gia de integridade p\u00fablica proposta pela OCDE prev\u00ea que as pol\u00edticas adotadas pelos pa\u00edses considerem o contexto em que est\u00e3o inseridas, os aspectos comportamentais&nbsp;e os riscos aos quais as organiza\u00e7\u00f5es est\u00e3o submetidas. Essa estrat\u00e9gia \u00e9 dividida em tr\u00eas pilares:<\/p>\n\n\n<div class=\"wp-block-image\">\n<figure class=\"aligncenter\"><img decoding=\"async\" src=\"https:\/\/lh6.googleusercontent.com\/3vI1cYqV5BsUPdS1Ov8c1hivzUmHgLOt8CqUkQgY7WwyTvbu7UZPQlMGlwjC_leP6lHT8CM2AXbGM_Pb3Iyj-NcymlzQyKpaaEik_pgoXFb2BvPtxpuEeqJy3D3c1qO6GZ7q4H16njpS5X7_0g\" alt=\"\" \/><\/figure>\n<\/div>\n\n\n<p><\/p>\n\n\n\n<p><strong>INTEGRIDADE NO BRASIL:<\/strong>&nbsp;<\/p>\n\n\n\n<p>No Brasil, \u00f3rg\u00e3os e entidades p\u00fablicas t\u00eam trabalhado na constru\u00e7\u00e3o e aperfei\u00e7oamento de pol\u00edticas e mecanismos de integridade a partir de programas de integridade. Para isso, as institui\u00e7\u00f5es est\u00e3o:&nbsp;<\/p>\n\n\n\n<ul class=\"wp-block-list\">\n<li>Fortalecendo estruturas j\u00e1 utilizadas na preven\u00e7\u00e3o e no combate \u00e0 corrup\u00e7\u00e3o, como comiss\u00f5es de \u00e9tica, auditorias internas e corregedorias&nbsp;<\/li>\n\n\n\n<li>Gerindo riscos para a integridade relacionados \u00e0s suas atividades&nbsp;<\/li>\n\n\n\n<li>Trabalhando para o fortalecimento da cultura de integridade na organiza\u00e7\u00e3o<\/li>\n<\/ul>\n\n\n<div class=\"wp-block-image\">\n<figure class=\"aligncenter size-full\"><img loading=\"lazy\" decoding=\"async\" width=\"302\" height=\"420\" src=\"http:\/\/www.ufpb.br\/comconf\/wp-content\/uploads\/sites\/79\/sites\/212\/2025\/03\/123adf4e-165e-4e1d-bce1-e235195eee9f.png\" alt=\"\" class=\"wp-image-196\" srcset=\"https:\/\/www.ufpb.br\/comconf\/wp-content\/uploads\/sites\/79\/sites\/212\/2025\/03\/123adf4e-165e-4e1d-bce1-e235195eee9f.png 302w, https:\/\/www.ufpb.br\/comconf\/wp-content\/uploads\/sites\/79\/sites\/212\/2025\/03\/123adf4e-165e-4e1d-bce1-e235195eee9f-216x300.png 216w\" sizes=\"auto, (max-width: 302px) 100vw, 302px\" \/><\/figure>\n<\/div>\n\n\n<p><\/p>\n\n\n\n<p>As medidas de integridade adotadas em cada \u00f3rg\u00e3o e entidade do Governo Federal n\u00e3o podem ser vistas de forma isolada. Todas s\u00e3o pe\u00e7as de um mesmo quebra-cabe\u00e7a que, quando montado e gerido de forma adequada, protege a Administra\u00e7\u00e3o P\u00fablica contra riscos para a integridade e garante melhor atendimento \u00e0 sociedade. A elas, somam-se, ainda, a\u00e7\u00f5es adotadas pelos demais setores, poderes e esferas, al\u00e9m de outras organiza\u00e7\u00f5es e indiv\u00edduos em todo o mundo.<\/p>\n\n\n\n<p>Um importante marco nessa \u00e1rea \u00e9 a edi\u00e7\u00e3o do <a href=\"http:\/\/www.planalto.gov.br\/ccivil_03\/_ato2015-2018\/2017\/decreto\/d9203.htm\" target=\"_blank\" rel=\"noreferrer noopener\">Decreto n\u00ba 9.203, de 22 de novembro de 2017<\/a>, que institui a Pol\u00edtica de Governan\u00e7a da Administra\u00e7\u00e3o P\u00fablica Federal direta, aut\u00e1rquica e fundacional.&nbsp;&nbsp;O\u202fDecreto\u202festabelece mecanismos de lideran\u00e7a, estrat\u00e9gia e controle para avaliar, direcionar e monitorar a gest\u00e3o, com vistas \u00e0 condu\u00e7\u00e3o de pol\u00edticas p\u00fablicas e a melhor presta\u00e7\u00e3o de servi\u00e7os \u00e0 sociedade.<\/p>\n\n\n\n<p>Em janeiro de 2019, a CGU publicou a\u202f<a href=\"http:\/\/www.in.gov.br\/materia\/-\/asset_publisher\/Kujrw0TZC2Mb\/content\/id\/58029864\" target=\"_blank\" rel=\"noreferrer noopener\">Portaria n\u00ba 57\/2019<\/a>\u202f(alterando a\u202f<a href=\"http:\/\/www.gov.br\/cgu\/pt-br\/assuntos\/noticias\/2018\/04\/cgu-lanca-regulamentacao-para-programas-de-integridade-no-governo-federal\/portaria-cgu-1089-2018.pdf\" target=\"_blank\" rel=\"noreferrer noopener\">Portaria n\u00ba 1.089\/2018<\/a>), para regulamentar o\u202f<a href=\"https:\/\/www.planalto.gov.br\/ccivil_03\/_ato2015-2018\/2017\/decreto\/D9203.htm\" target=\"_blank\" rel=\"noreferrer noopener\">Decreto n\u00ba 9.203\/2017<\/a>\u202fe estabelecer procedimentos para estrutura\u00e7\u00e3o, execu\u00e7\u00e3o e monitoramento de programas de integridade em \u00f3rg\u00e3os e entidades do Governo Federal (minist\u00e9rios, autarquias e funda\u00e7\u00f5es p\u00fablicas).\u202f<\/p>\n\n\n\n<h2 class=\"wp-block-heading\">O que \u00e9 um programa de integridade?<\/h2>\n\n\n\n<p>Programa de Integridade \u00e9 um conjunto estruturado de medidas institucionais voltadas para a preven\u00e7\u00e3o, detec\u00e7\u00e3o, puni\u00e7\u00e3o e remedia\u00e7\u00e3o de pr\u00e1ticas de corrup\u00e7\u00e3o, fraudes, irregularidades e desvios \u00e9ticos e de conduta. Instituir um programa de integridade n\u00e3o significa lidar com um assunto novo, mas valer-se de temas j\u00e1 conhecidos pelas organiza\u00e7\u00f5es de maneira mais sistematizada. Nesse sentido, os instrumentos de um programa de integridade incluem diretrizes j\u00e1 adotadas atrav\u00e9s de atividades, programas e pol\u00edticas de auditoria interna, correi\u00e7\u00e3o, ouvidoria, transpar\u00eancia e preven\u00e7\u00e3o \u00e0 corrup\u00e7\u00e3o, organizadas e direcionadas para a promo\u00e7\u00e3o da integridade institucional.&nbsp;&nbsp;<\/p>\n\n\n\n<p>Um programa de integridade prop\u00f5e fazer com que os respons\u00e1veis pelas atividades e \u00e1reas afins trabalhem juntos e coordenados, para garantir&nbsp; atua\u00e7\u00e3o \u00edntegra e minimizar poss\u00edveis riscos de corrup\u00e7\u00e3o. Esses instrumentos, por serem interdependentes, somente alcan\u00e7am m\u00e1xima efici\u00eancia e efic\u00e1cia se utilizados em conjunto.<\/p>\n\n\n\n<p><strong>IMPORTANTE:&nbsp;<\/strong><\/p>\n\n\n\n<p>A efetividade da integridade nas organiza\u00e7\u00f5es n\u00e3o passa apenas pelos processos formais de gest\u00e3o da integridade. Mesmo que voc\u00ea n\u00e3o fa\u00e7a parte de \u00e1rea diretamente ligada ao programa de integridade, sua participa\u00e7\u00e3o e comprometimento s\u00e3o imprescind\u00edveis para o sucesso do programa.<\/p>\n\n\n\n<p>Fonte:&nbsp;<a href=\"https:\/\/www.gov.br\/cgu\/pt-br\/centrais-de-conteudo\/campanhas\/integridade-publica\/integridade-publica\" target=\"_blank\" rel=\"noreferrer noopener\">https:\/\/www.gov.br\/cgu\/pt-br\/centrais-de-conteudo\/campanhas\/integridade-publica\/integridade-publica&nbsp;<\/a><\/p>\n\n\n\n<p>Saiba mais sobre a campanha #integridadesomostodosn\u00f3s <strong><a href=\"https:\/\/www.gov.br\/cgu\/pt-br\/centrais-de-conteudo\/campanhas\/integridade-publica\" target=\"_blank\" rel=\"noreferrer noopener\">CLICANDO AQUI<\/a><\/strong>.<\/p>\n\n\n\n<p><\/p>\n\n\n\n<p><\/p>\n\n\n\n<p><strong>Comiss\u00e3o de Conformidade UFPB<\/strong><\/p>\n\n\n\n<p><\/p>\n\n\n\n<p><\/p>\n\n\n\n<p><strong>Instagram:&nbsp;<a href=\"https:\/\/www.instagram.com\/conformidadeufpb\/\" target=\"_blank\" rel=\"noreferrer noopener\">@conformidadeufpb&nbsp;<\/a>&nbsp; &nbsp; &nbsp; &nbsp; &nbsp; &nbsp; &nbsp; &nbsp; &nbsp; &nbsp; &nbsp; &nbsp; &nbsp; &nbsp; &nbsp; &nbsp; &nbsp; &nbsp; &nbsp; &nbsp; &nbsp; &nbsp;Twitter: <a href=\"http:\/\/twitter.com\/ConformidadeU\" target=\"_blank\" rel=\"noreferrer noopener\">@conformidadeu<\/a><\/strong><\/p>\n\n\n\n<p><strong>Facebook:<a href=\"http:\/\/www.facebook.com\/profile.php?id=100068609619682\" target=\"_blank\" rel=\"noreferrer noopener\"> comiss\u00e3odeconformidade<\/a>&nbsp; &nbsp; &nbsp; &nbsp; &nbsp; &nbsp; &nbsp; &nbsp; &nbsp; &nbsp; &nbsp; &nbsp; &nbsp; &nbsp; &nbsp; &nbsp; &nbsp; &nbsp; (83) 3216-7874<\/strong><\/p>\n","protected":false},"excerpt":{"rendered":"<p>O Governo Federal est\u00e1 empenhado em fortalecer a integridade p\u00fablica como forma sustent\u00e1vel de combater a corrup\u00e7\u00e3o, de restaurar a confian\u00e7a dos cidad\u00e3os em nossas institui\u00e7\u00f5es e de prestar servi\u00e7os p\u00fablicos com mais qualidade. Integridade P\u00fablica \u00e9 \u201calinhamento consistente e ades\u00e3o a valores, princ\u00edpios e normas \u00e9ticas comuns para sustentar e priorizar o interesse p\u00fablico [&hellip;]<\/p>\n","protected":false},"author":240,"featured_media":0,"parent":204,"menu_order":0,"comment_status":"closed","ping_status":"closed","template":"","meta":{"footnotes":""},"class_list":["post-194","page","type-page","status-publish","hentry"],"_links":{"self":[{"href":"https:\/\/www.ufpb.br\/comconf\/wp-json\/wp\/v2\/pages\/194","targetHints":{"allow":["GET"]}}],"collection":[{"href":"https:\/\/www.ufpb.br\/comconf\/wp-json\/wp\/v2\/pages"}],"about":[{"href":"https:\/\/www.ufpb.br\/comconf\/wp-json\/wp\/v2\/types\/page"}],"author":[{"embeddable":true,"href":"https:\/\/www.ufpb.br\/comconf\/wp-json\/wp\/v2\/users\/240"}],"replies":[{"embeddable":true,"href":"https:\/\/www.ufpb.br\/comconf\/wp-json\/wp\/v2\/comments?post=194"}],"version-history":[{"count":6,"href":"https:\/\/www.ufpb.br\/comconf\/wp-json\/wp\/v2\/pages\/194\/revisions"}],"predecessor-version":[{"id":268,"href":"https:\/\/www.ufpb.br\/comconf\/wp-json\/wp\/v2\/pages\/194\/revisions\/268"}],"up":[{"embeddable":true,"href":"https:\/\/www.ufpb.br\/comconf\/wp-json\/wp\/v2\/pages\/204"}],"wp:attachment":[{"href":"https:\/\/www.ufpb.br\/comconf\/wp-json\/wp\/v2\/media?parent=194"}],"curies":[{"name":"wp","href":"https:\/\/api.w.org\/{rel}","templated":true}]}}