{"id":204,"date":"2025-03-24T10:04:50","date_gmt":"2025-03-24T13:04:50","guid":{"rendered":"https:\/\/www.ufpb.br\/comconf\/?page_id=204"},"modified":"2025-03-25T10:50:48","modified_gmt":"2025-03-25T13:50:48","slug":"campanhas-de-integridade","status":"publish","type":"page","link":"https:\/\/www.ufpb.br\/comconf\/integridade\/campanhas-de-integridade\/","title":{"rendered":"Campanhas de Integridade"},"content":{"rendered":"\n<p>Para construir um Brasil mais \u00edntegro, \u00e9 necess\u00e1ria a participa\u00e7\u00e3o de todos n\u00f3s! #INTEGRIDADESOMOSTODOSN\u00d3S<\/p>\n\n\n\n<h2 class=\"wp-block-heading\"><\/h2>\n\n\n\n<p><strong><a href=\"https:\/\/www.ufpb.br\/comconf\/integridade-publica\/\">Integridade P\u00fablica<\/a><\/strong><\/p>\n\n\n\n<p><strong><a href=\"https:\/\/www.ufpb.br\/comconf\/campanhas-de-integridade\/assedio-moral-e-sexual\/\">Ass\u00e9dio Moral e Sexual<\/a><\/strong><\/p>\n\n\n\n<p><strong><a href=\"https:\/\/www.ufpb.br\/comconf\/campanhas-de-integridade\/responsabilizacao\/\">Responsabiliza\u00e7\u00e3o<\/a><\/strong><\/p>\n\n\n\n<p><strong><a href=\"https:\/\/www.ufpb.br\/comconf\/campanhas-de-integridade\/conflito-de-interesses\/\">Conflito de Interesses<\/a><\/strong><\/p>\n\n\n\n<p><strong><a href=\"https:\/\/www.ufpb.br\/comconf\/campanhas-de-integridade\/denuncias\/\">Den\u00fancias<\/a><\/strong><\/p>\n\n\n\n<p><strong><a href=\"https:\/\/www.ufpb.br\/comconf\/campanhas-de-integridade\/protecao-ao-denunciante\/\">Prote\u00e7\u00e3o ao Denunciante<\/a><\/strong><\/p>\n\n\n\n<p><strong><a href=\"https:\/\/www.ufpb.br\/comconf\/campanhas-de-integridade\/valores-do-servico-publico\/\">Valores do Servi\u00e7o P\u00fablico<\/a><\/strong><\/p>\n\n\n\n<p><strong><a href=\"https:\/\/www.ufpb.br\/comconf\/campanhas-de-integridade\/nepotismo\/\">Nepotismo<\/a><\/strong><\/p>\n","protected":false},"excerpt":{"rendered":"<p>Para construir um Brasil mais \u00edntegro, \u00e9 necess\u00e1ria a participa\u00e7\u00e3o de todos n\u00f3s! #INTEGRIDADESOMOSTODOSN\u00d3S Integridade P\u00fablica Ass\u00e9dio Moral e Sexual Responsabiliza\u00e7\u00e3o Conflito de Interesses Den\u00fancias Prote\u00e7\u00e3o ao Denunciante Valores do Servi\u00e7o P\u00fablico Nepotismo<\/p>\n","protected":false},"author":240,"featured_media":0,"parent":416,"menu_order":0,"comment_status":"closed","ping_status":"closed","template":"","meta":{"footnotes":""},"class_list":["post-204","page","type-page","status-publish","hentry"],"_links":{"self":[{"href":"https:\/\/www.ufpb.br\/comconf\/wp-json\/wp\/v2\/pages\/204","targetHints":{"allow":["GET"]}}],"collection":[{"href":"https:\/\/www.ufpb.br\/comconf\/wp-json\/wp\/v2\/pages"}],"about":[{"href":"https:\/\/www.ufpb.br\/comconf\/wp-json\/wp\/v2\/types\/page"}],"author":[{"embeddable":true,"href":"https:\/\/www.ufpb.br\/comconf\/wp-json\/wp\/v2\/users\/240"}],"replies":[{"embeddable":true,"href":"https:\/\/www.ufpb.br\/comconf\/wp-json\/wp\/v2\/comments?post=204"}],"version-history":[{"count":11,"href":"https:\/\/www.ufpb.br\/comconf\/wp-json\/wp\/v2\/pages\/204\/revisions"}],"predecessor-version":[{"id":261,"href":"https:\/\/www.ufpb.br\/comconf\/wp-json\/wp\/v2\/pages\/204\/revisions\/261"}],"up":[{"embeddable":true,"href":"https:\/\/www.ufpb.br\/comconf\/wp-json\/wp\/v2\/pages\/416"}],"wp:attachment":[{"href":"https:\/\/www.ufpb.br\/comconf\/wp-json\/wp\/v2\/media?parent=204"}],"curies":[{"name":"wp","href":"https:\/\/api.w.org\/{rel}","templated":true}]}}