{"id":215,"date":"2025-03-24T10:28:42","date_gmt":"2025-03-24T13:28:42","guid":{"rendered":"https:\/\/www.ufpb.br\/comconf\/?page_id=215"},"modified":"2025-03-24T12:42:38","modified_gmt":"2025-03-24T15:42:38","slug":"responsabilizacao","status":"publish","type":"page","link":"https:\/\/www.ufpb.br\/comconf\/integridade\/campanhas-de-integridade\/responsabilizacao\/","title":{"rendered":"Responsabiliza\u00e7\u00e3o"},"content":{"rendered":"<div class=\"wp-block-image\">\n<figure class=\"aligncenter size-full\"><img loading=\"lazy\" decoding=\"async\" width=\"302\" height=\"420\" src=\"http:\/\/www.ufpb.br\/comconf\/wp-content\/uploads\/sites\/79\/sites\/212\/2025\/03\/2158d1ef-641e-43f6-874b-cd926564f93c.png\" alt=\"\" class=\"wp-image-216\" srcset=\"https:\/\/www.ufpb.br\/comconf\/wp-content\/uploads\/sites\/79\/sites\/212\/2025\/03\/2158d1ef-641e-43f6-874b-cd926564f93c.png 302w, https:\/\/www.ufpb.br\/comconf\/wp-content\/uploads\/sites\/79\/sites\/212\/2025\/03\/2158d1ef-641e-43f6-874b-cd926564f93c-216x300.png 216w\" sizes=\"auto, (max-width: 302px) 100vw, 302px\" \/><\/figure>\n<\/div>\n\n\n<p><\/p>\n\n\n\n<p>A integridade p\u00fablica \u00e9 pedra fundamental da boa governan\u00e7a e de&nbsp; &nbsp;uma cultura voltada para a preven\u00e7\u00e3o, detec\u00e7\u00e3o, puni\u00e7\u00e3o e remedia\u00e7\u00e3o de pr\u00e1ticas de corrup\u00e7\u00e3o, fraudes, irregularidades e&nbsp; &nbsp;desvios \u00e9ticos e de conduta. Por isso a responsabiliza\u00e7\u00e3o de&nbsp; &nbsp;agentes p\u00fablicos e pessoas jur\u00eddicas que cometem atos lesivos \u00e9 importante para a manuten\u00e7\u00e3o da integridade p\u00fablica, da confian\u00e7a das pessoas nas esferas p\u00fablicas e da qualidade dos&nbsp; &nbsp;servi\u00e7os p\u00fablicos.<\/p>\n\n\n\n<p>As corregedorias ou unidades de correi\u00e7\u00e3o dentro dos \u00f3rg\u00e3os e das entidades s\u00e3o respons\u00e1veis pelo trabalho que envolve a responsabiliza\u00e7\u00e3o de agentes p\u00fablicos ou pessoas jur\u00eddicas. O trabalho das corregedorias \u00e9 de extrema import\u00e2ncia para a&nbsp; sociedade e para a manuten\u00e7\u00e3o de um servi\u00e7o p\u00fablico \u00edntegro, j\u00e1 que evitar\u00e1 danos patrimoniais, promovendo a boa utiliza\u00e7\u00e3o do dinheiro p\u00fablico, o que refor\u00e7a a confian\u00e7a e a credibilidade entre&nbsp; &nbsp;o&nbsp; poder p\u00fablico e a sociedade.<\/p>\n\n\n\n<p>A aplica\u00e7\u00e3o efetiva de c\u00f3digos de conduta, a ado\u00e7\u00e3o de mecanismos que visam detectar e sanar desvios, al\u00e9m do incentivo \u00e0 den\u00fancia de poss\u00edveis irregularidades s\u00e3o importantes elementos para o sucesso do trabalho de responsabiliza\u00e7\u00e3o. A Controladoria-Geral da Uni\u00e3o (CGU), no exerc\u00edcio de sua compet\u00eancia, avalia os fundamentos apresentados na den\u00fancia e busca a elucida\u00e7\u00e3o dos fatos suspeitos por meio, basicamente, de dois instrumentos:<\/p>\n\n\n\n<p>Processo Administrativo Disciplinar (PAD), pelo qual a administra\u00e7\u00e3o p\u00fablica exerce seu poder-dever para apurar as&nbsp; &nbsp;infra\u00e7\u00f5es funcionais&nbsp;e aplicar penalidades aos seus agentes p\u00fablicos e \u00e0queles que possuem uma rela\u00e7\u00e3o jur\u00eddica com a administra\u00e7\u00e3o.<br>Processo Administrativo de Responsabiliza\u00e7\u00e3o (PAR), pelo qual a administra\u00e7\u00e3o p\u00fablica pode instaurar processos de&nbsp; responsabilidade ou apurar processos instaurados sob a Lei Anticorrup\u00e7\u00e3o para an\u00e1lise de regularidade. A Corregedoria-Geral da Uni\u00e3o (CRG), vincula \u00e0 CGU, pode avocar processos federais para analis\u00e1-los em suas caracter\u00edsticas formais e materiais.<\/p>\n\n\n<div class=\"wp-block-image\">\n<figure class=\"aligncenter size-full\"><img loading=\"lazy\" decoding=\"async\" width=\"302\" height=\"420\" src=\"http:\/\/www.ufpb.br\/comconf\/wp-content\/uploads\/sites\/79\/sites\/212\/2025\/03\/3c1a9e59-272d-4031-9e7f-d7831fe24355.png\" alt=\"\" class=\"wp-image-217\" srcset=\"https:\/\/www.ufpb.br\/comconf\/wp-content\/uploads\/sites\/79\/sites\/212\/2025\/03\/3c1a9e59-272d-4031-9e7f-d7831fe24355.png 302w, https:\/\/www.ufpb.br\/comconf\/wp-content\/uploads\/sites\/79\/sites\/212\/2025\/03\/3c1a9e59-272d-4031-9e7f-d7831fe24355-216x300.png 216w\" sizes=\"auto, (max-width: 302px) 100vw, 302px\" \/><\/figure>\n<\/div>\n\n\n<h2 class=\"wp-block-heading\"><strong>Consequ\u00eancias da aus\u00eancia de responsabiliza\u00e7\u00e3o:<\/strong><\/h2>\n\n\n\n<ul class=\"wp-block-list\">\n<li>Dano patrimonial<\/li>\n\n\n\n<li>Perda da confian\u00e7a e credibilidade entre o poder p\u00fablico e a sociedade<\/li>\n\n\n\n<li>Les\u00e3o do servi\u00e7o prestado<\/li>\n\n\n\n<li>Gera\u00e7\u00e3o de desordem na esfera profissional<\/li>\n\n\n\n<li>Dano ao poder p\u00fablico no \u00e2mbito contratual<\/li>\n<\/ul>\n\n\n\n<h2 class=\"wp-block-heading\">Legisla\u00e7\u00e3o pertinente<\/h2>\n\n\n\n<p><strong>Lei n\u00ba 12.846\/2013 \u2013 Lei Anticorrup\u00e7\u00e3o:<\/strong><\/p>\n\n\n\n<p>A <a href=\"http:\/\/www.planalto.gov.br\/ccivil_03\/_ato2011-2014\/2013\/lei\/l12846.htm\" target=\"_blank\" rel=\"noreferrer noopener\">Lei n\u00ba 12.846, de 1\u00b0 de agosto de 2013<\/a>, disp\u00f5e sobre a responsabiliza\u00e7\u00e3o administrativa e civil de pessoas jur\u00eddicas pela pr\u00e1tica de atos contra a administra\u00e7\u00e3o p\u00fablica, nacional ou estrangeira, e d\u00e1 outras provid\u00eancias.<\/p>\n\n\n\n<p>Art. 2. As pessoas jur\u00eddicas ser\u00e3o responsabilizadas objetivamente, nos \u00e2mbitos administrativo e civil, pelos atos lesivos previstos nesta Lei praticados em seu interesse ou benef\u00edcio, exclusivo ou n\u00e3o.<\/p>\n\n\n\n<p>Art. 5. Constituem atos lesivos \u00e0 administra\u00e7\u00e3o p\u00fablica, nacional ou estrangeira, para os fins desta Lei, todos aqueles praticados pelas pessoas jur\u00eddicas mencionadas no par\u00e1grafo \u00fanico do art. 1\u00ba , que atentem contra o patrim\u00f4nio p\u00fablico nacional ou estrangeiro, contra princ\u00edpios da administra\u00e7\u00e3o p\u00fablica ou contra os compromissos internacionais assumidos pelo Brasil, assim definidos:<\/p>\n\n\n\n<p>I &#8211; prometer, oferecer ou dar, direta ou indiretamente, vantagem indevida a agente p\u00fablico, ou a terceira pessoa a ele relacionada;<\/p>\n\n\n\n<p>II &#8211; comprovadamente, financiar, custear, patrocinar ou de qualquer modo subvencionar a pr\u00e1tica dos atos il\u00edcitos previstos nesta Lei;<\/p>\n\n\n\n<p>III &#8211; comprovadamente, utilizar-se de interposta pessoa f\u00edsica ou jur\u00eddica para ocultar ou dissimular seus reais interesses ou a identidade dos benefici\u00e1rios dos atos praticados;<\/p>\n\n\n\n<p>IV &#8211; no tocante a licita\u00e7\u00f5es e contratos:<\/p>\n\n\n\n<p>a) frustrar ou fraudar, mediante ajuste, combina\u00e7\u00e3o ou qualquer outro expediente, o car\u00e1ter competitivo de procedimento licitat\u00f3rio p\u00fablico;<\/p>\n\n\n\n<p>b) impedir, perturbar ou fraudar a realiza\u00e7\u00e3o de qualquer ato de procedimento licitat\u00f3rio p\u00fablico;<\/p>\n\n\n\n<p>c) afastar ou procurar afastar licitante, por meio de fraude ou oferecimento de vantagem de qualquer tipo;<\/p>\n\n\n\n<p>d) fraudar licita\u00e7\u00e3o p\u00fablica ou contrato dela decorrente;<\/p>\n\n\n\n<p>e) criar, de modo fraudulento ou irregular, pessoa jur\u00eddica para participar de licita\u00e7\u00e3o p\u00fablica ou celebrar contrato administrativo;<\/p>\n\n\n\n<p>f) obter vantagem ou benef\u00edcio indevido, de modo fraudulento, de modifica\u00e7\u00f5es ou prorroga\u00e7\u00f5es de contratos celebrados com a administra\u00e7\u00e3o p\u00fablica, sem autoriza\u00e7\u00e3o em lei, no ato convocat\u00f3rio da licita\u00e7\u00e3o p\u00fablica ou nos respectivos instrumentos contratuais; ou<\/p>\n\n\n\n<p>g) manipular ou fraudar o equil\u00edbrio econ\u00f4mico-financeiro dos contratos celebrados com a administra\u00e7\u00e3o p\u00fablica;<\/p>\n\n\n\n<p>Art. 6. Na esfera administrativa, ser\u00e3o aplicadas \u00e0s pessoas jur\u00eddicas consideradas respons\u00e1veis pelos atos lesivos previstos nesta Lei as seguintes san\u00e7\u00f5es:<\/p>\n\n\n\n<p>I &#8211; multa, no valor de 0,1% (um d\u00e9cimo por cento) a 20% (vinte por cento) do faturamento bruto do \u00faltimo exerc\u00edcio anterior ao da instaura\u00e7\u00e3o do processo administrativo, exclu\u00eddos os tributos, a qual nunca ser\u00e1 inferior \u00e0 vantagem auferida, quando for poss\u00edvel sua estima\u00e7\u00e3o; e<\/p>\n\n\n\n<p>II &#8211; publica\u00e7\u00e3o extraordin\u00e1ria da decis\u00e3o condenat\u00f3ria.<\/p>\n\n\n\n<p>Art. 7. Ser\u00e3o levados em considera\u00e7\u00e3o na aplica\u00e7\u00e3o das san\u00e7\u00f5es:<\/p>\n\n\n\n<p>I &#8211; a gravidade da infra\u00e7\u00e3o;<\/p>\n\n\n\n<p>II &#8211; a vantagem auferida ou pretendida pelo infrator;<\/p>\n\n\n\n<p>III &#8211; a consuma\u00e7\u00e3o ou n\u00e3o da infra\u00e7\u00e3o;<\/p>\n\n\n\n<p>IV &#8211; o grau de les\u00e3o ou perigo de les\u00e3o;<\/p>\n\n\n\n<p>V &#8211; o efeito negativo produzido pela infra\u00e7\u00e3o;<\/p>\n\n\n\n<p>VI &#8211; a situa\u00e7\u00e3o econ\u00f4mica do infrator;<\/p>\n\n\n\n<p>VII &#8211; a coopera\u00e7\u00e3o da pessoa jur\u00eddica para a apura\u00e7\u00e3o das infra\u00e7\u00f5es;<\/p>\n\n\n\n<p>VIII &#8211; a exist\u00eancia de mecanismos e procedimentos internos de integridade, auditoria e incentivo \u00e0 den\u00fancia de irregularidades e a aplica\u00e7\u00e3o efetiva de c\u00f3digos de \u00e9tica e de conduta no \u00e2mbito da pessoa jur\u00eddica;<\/p>\n\n\n\n<p>IX &#8211; o valor dos contratos mantidos pela pessoa jur\u00eddica com o \u00f3rg\u00e3o ou entidade p\u00fablica lesados;<\/p>\n\n\n\n<p>Art. 8. A instaura\u00e7\u00e3o e o julgamento de processo administrativo para apura\u00e7\u00e3o da responsabilidade de pessoa jur\u00eddica cabem \u00e0 autoridade m\u00e1xima de cada \u00f3rg\u00e3o ou entidade dos Poderes Executivo, Legislativo e Judici\u00e1rio, que agir\u00e1 de of\u00edcio ou mediante provoca\u00e7\u00e3o, observados o contradit\u00f3rio e a ampla defesa.<\/p>\n\n\n\n<p>\u00a7 1\u00ba A compet\u00eancia para a instaura\u00e7\u00e3o e o julgamento do processo administrativo de apura\u00e7\u00e3o de responsabilidade da pessoa jur\u00eddica poder\u00e1 ser delegada, vedada a subdelega\u00e7\u00e3o.<\/p>\n\n\n\n<p>\u00a7 2\u00ba No \u00e2mbito do Poder Executivo federal, a Controladoria-Geral da Uni\u00e3o &#8211; CGU ter\u00e1 compet\u00eancia concorrente para instaurar processos administrativos de responsabiliza\u00e7\u00e3o de pessoas jur\u00eddicas ou para avocar os processos instaurados com fundamento nesta Lei, para exame de sua regularidade ou para corrigir-lhes o andamento.<\/p>\n\n\n\n<p>Art. 9. Competem \u00e0 Controladoria-Geral da Uni\u00e3o &#8211; CGU a apura\u00e7\u00e3o, o processo e o julgamento dos atos il\u00edcitos previstos nesta Lei, praticados contra a administra\u00e7\u00e3o p\u00fablica estrangeira, observado o disposto no Artigo 4 da Conven\u00e7\u00e3o sobre o Combate da Corrup\u00e7\u00e3o de Funcion\u00e1rios P\u00fablicos Estrangeiros em Transa\u00e7\u00f5es Comerciais Internacionais, promulgada pelo <a href=\"http:\/\/www.planalto.gov.br\/ccivil_03\/decreto\/D3678.htm\" target=\"_blank\" rel=\"noreferrer noopener\">Decreto n\u00ba 3.678, de 30 de novembro de 2000.<\/a><\/p>\n\n\n\n<p><strong>Lei n\u00ba 8.112\/1990:<\/strong><\/p>\n\n\n\n<p>A <a href=\"http:\/\/www.planalto.gov.br\/ccivil_03\/leis\/l8112cons.htm\" target=\"_blank\" rel=\"noreferrer noopener\">Lei n\u00b0 8.112, de 11 de dezembro de 1990<\/a>, disp\u00f5e sobre o regime jur\u00eddico dos servidores p\u00fablicos civis da Uni\u00e3o, das autarquias e das funda\u00e7\u00f5es p\u00fablicas federais.<\/p>\n\n\n\n<p>Art. 148.&nbsp; O processo disciplinar \u00e9 o instrumento destinado a apurar responsabilidade de servidor por infra\u00e7\u00e3o praticada no exerc\u00edcio de suas atribui\u00e7\u00f5es, ou que tenha rela\u00e7\u00e3o com as atribui\u00e7\u00f5es do cargo em que se encontre investido.<\/p>\n\n\n\n<p>Art. 149.&nbsp; O processo disciplinar ser\u00e1 conduzido por comiss\u00e3o composta de tr\u00eas servidores est\u00e1veis designados pela autoridade competente, observado o disposto no \u00a7 3o do art. 143, que indicar\u00e1, dentre eles, o seu presidente, que dever\u00e1 ser ocupante de cargo efetivo superior ou de mesmo n\u00edvel, ou ter n\u00edvel de escolaridade igual ou superior ao do indiciado.&nbsp;<\/p>\n\n\n\n<p>Art. 151.&nbsp; O processo disciplinar se desenvolve nas seguintes fases:<\/p>\n\n\n\n<p>I &#8211; instaura\u00e7\u00e3o, com a publica\u00e7\u00e3o do ato que constituir a comiss\u00e3o;<\/p>\n\n\n\n<p>II &#8211; inqu\u00e9rito administrativo, que compreende instru\u00e7\u00e3o, defesa e relat\u00f3rio;<\/p>\n\n\n\n<p>III &#8211; julgamento.<\/p>\n\n\n\n<h2 class=\"wp-block-heading\">Saiba Mais:<\/h2>\n\n\n\n<ul class=\"wp-block-list\">\n<li><a href=\"https:\/\/www.gov.br\/cgu\/pt-br\/centrais-de-conteudo\/publicacoes\/etica-e-integridade\/colecao-programa-de-integridade\" target=\"_blank\" rel=\"noreferrer noopener\">Cole\u00e7\u00e3o Programa de Integridade<\/a><\/li>\n\n\n\n<li><a href=\"https:\/\/corregedorias.gov.br\/utilidades\/conhecimentos-correcionais\/par\" target=\"_blank\" rel=\"noreferrer noopener\">Legisla\u00e7\u00e3o correlata a Processo de Responsabiliza\u00e7\u00e3o de Empresas (PAR<\/a>)<\/li>\n\n\n\n<li><a href=\"https:\/\/corregedorias.gov.br\/utilidades\/conhecimentos-correcionais\/pad\" target=\"_blank\" rel=\"noreferrer noopener\">Legisla\u00e7\u00e3o correlata a Processos Administrativos Disciplinares (PAD<\/a>)<\/li>\n\n\n\n<li><a href=\"http:\/\/www.planalto.gov.br\/ccivil_03\/_ato2011-2014\/2013\/lei\/l12846.htm\" target=\"_blank\" rel=\"noreferrer noopener\">\u00a7&nbsp; Lei n\u00ba 12.846, de 1\u00ba de agosto de 2013<\/a><\/li>\n\n\n\n<li><a href=\"https:\/\/www.planalto.gov.br\/ccivil_03\/Leis\/L8112compilado.htm\" target=\"_blank\" rel=\"noreferrer noopener\">Lei n\u00ba 8.112, de 11 de dezembro de 1990<\/a><\/li>\n\n\n\n<li><a href=\"https:\/\/www.youtube.com\/watch?v=BwatYOB9dT0\" target=\"_blank\" rel=\"noreferrer noopener\">5 perguntas sobre integridade p\u00fablica<\/a><\/li>\n<\/ul>\n\n\n\n<p>&nbsp;Fonte:&nbsp;<a href=\"https:\/\/www.gov.br\/cgu\/pt-br\/centrais-de-conteudo\/campanhas\/integridade-publica\/responsabilizacao\" target=\"_blank\" rel=\"noreferrer noopener\">https:\/\/www.gov.br\/cgu\/pt-br\/centrais-de-conteudo\/campanhas\/integridade-publica\/responsabilizacao<\/a><\/p>\n\n\n\n<p><strong>Comiss\u00e3o de Conformidade UFPB<\/strong><\/p>\n\n\n\n<p><strong>Instagram:&nbsp;<a href=\"https:\/\/www.instagram.com\/conformidadeufpb\/\" target=\"_blank\" rel=\"noreferrer noopener\">@conformidadeufpb&nbsp;<\/a>&nbsp; &nbsp; &nbsp; &nbsp; &nbsp; &nbsp; &nbsp; &nbsp; &nbsp; &nbsp; &nbsp; &nbsp; &nbsp; &nbsp; &nbsp;Twitter:&nbsp;<a href=\"https:\/\/twitter.com\/home\" target=\"_blank\" rel=\"noreferrer noopener\">@conformidadeu<\/a><\/strong>&nbsp; &nbsp; &nbsp;&nbsp;<\/p>\n\n\n\n<p><strong>Facebook: <a href=\"https:\/\/www.facebook.com\/profile.php?id=100068609619682\" target=\"_blank\" rel=\"noreferrer noopener\">Comissaodeconformidade<\/a>&nbsp; &nbsp; &nbsp; &nbsp; &nbsp; &nbsp; &nbsp; &nbsp; &nbsp; &nbsp; &nbsp;Telefone: (83) 3216-7874<\/strong><\/p>\n","protected":false},"excerpt":{"rendered":"<p>A integridade p\u00fablica \u00e9 pedra fundamental da boa governan\u00e7a e de&nbsp; &nbsp;uma cultura voltada para a preven\u00e7\u00e3o, detec\u00e7\u00e3o, puni\u00e7\u00e3o e remedia\u00e7\u00e3o de pr\u00e1ticas de corrup\u00e7\u00e3o, fraudes, irregularidades e&nbsp; &nbsp;desvios \u00e9ticos e de conduta. Por isso a responsabiliza\u00e7\u00e3o de&nbsp; &nbsp;agentes p\u00fablicos e pessoas jur\u00eddicas que cometem atos lesivos \u00e9 importante para a manuten\u00e7\u00e3o da integridade p\u00fablica, [&hellip;]<\/p>\n","protected":false},"author":240,"featured_media":0,"parent":204,"menu_order":0,"comment_status":"closed","ping_status":"closed","template":"","meta":{"footnotes":""},"class_list":["post-215","page","type-page","status-publish","hentry"],"_links":{"self":[{"href":"https:\/\/www.ufpb.br\/comconf\/wp-json\/wp\/v2\/pages\/215","targetHints":{"allow":["GET"]}}],"collection":[{"href":"https:\/\/www.ufpb.br\/comconf\/wp-json\/wp\/v2\/pages"}],"about":[{"href":"https:\/\/www.ufpb.br\/comconf\/wp-json\/wp\/v2\/types\/page"}],"author":[{"embeddable":true,"href":"https:\/\/www.ufpb.br\/comconf\/wp-json\/wp\/v2\/users\/240"}],"replies":[{"embeddable":true,"href":"https:\/\/www.ufpb.br\/comconf\/wp-json\/wp\/v2\/comments?post=215"}],"version-history":[{"count":2,"href":"https:\/\/www.ufpb.br\/comconf\/wp-json\/wp\/v2\/pages\/215\/revisions"}],"predecessor-version":[{"id":265,"href":"https:\/\/www.ufpb.br\/comconf\/wp-json\/wp\/v2\/pages\/215\/revisions\/265"}],"up":[{"embeddable":true,"href":"https:\/\/www.ufpb.br\/comconf\/wp-json\/wp\/v2\/pages\/204"}],"wp:attachment":[{"href":"https:\/\/www.ufpb.br\/comconf\/wp-json\/wp\/v2\/media?parent=215"}],"curies":[{"name":"wp","href":"https:\/\/api.w.org\/{rel}","templated":true}]}}