{"id":230,"date":"2025-03-24T10:55:25","date_gmt":"2025-03-24T13:55:25","guid":{"rendered":"https:\/\/www.ufpb.br\/comconf\/?page_id=230"},"modified":"2025-03-24T11:59:18","modified_gmt":"2025-03-24T14:59:18","slug":"denuncias","status":"publish","type":"page","link":"https:\/\/www.ufpb.br\/comconf\/integridade\/campanhas-de-integridade\/denuncias\/","title":{"rendered":"Den\u00fancias"},"content":{"rendered":"\n<p><\/p>\n\n\n<div class=\"wp-block-image\">\n<figure class=\"aligncenter size-full\"><img loading=\"lazy\" decoding=\"async\" width=\"336\" height=\"420\" src=\"http:\/\/www.ufpb.br\/comconf\/wp-content\/uploads\/sites\/79\/sites\/212\/2025\/03\/8fe0bad7-5560-425a-bd49-9fffbdb03b4b.png\" alt=\"\" class=\"wp-image-231\" srcset=\"https:\/\/www.ufpb.br\/comconf\/wp-content\/uploads\/sites\/79\/sites\/212\/2025\/03\/8fe0bad7-5560-425a-bd49-9fffbdb03b4b.png 336w, https:\/\/www.ufpb.br\/comconf\/wp-content\/uploads\/sites\/79\/sites\/212\/2025\/03\/8fe0bad7-5560-425a-bd49-9fffbdb03b4b-240x300.png 240w\" sizes=\"auto, (max-width: 336px) 100vw, 336px\" \/><\/figure>\n<\/div>\n\n\n<p><\/p>\n\n\n\n<p>A den\u00fancia \u00e9 \u201cato que indica a pr\u00e1tica de irregularidade ou de il\u00edcito cuja solu\u00e7\u00e3o dependa da atua\u00e7\u00e3o dos \u00f3rg\u00e3os apurat\u00f3rios competentes\u201d. Em outras palavras, a den\u00fancia acontece quando algu\u00e9m toma conhecimento de um ato il\u00edcito, ou de algo errado, e leva essas informa\u00e7\u00f5es ao conhecimento da Administra\u00e7\u00e3o P\u00fablica.&nbsp;&nbsp;<\/p>\n\n\n\n<p>A den\u00fancia \u00e9 um importante instrumento da democracia, pois permite que qualquer pessoa relate ao Estado um ato il\u00edcito de que tem conhecimento. A partir da\u00ed podem ser iniciados os procedimentos para investiga\u00e7\u00e3o e puni\u00e7\u00e3o dos envolvidos.&nbsp;&nbsp;<\/p>\n\n\n\n<p>Para que esse direito seja exercido com consci\u00eancia, o denunciante deve entender quais s\u00e3o as provid\u00eancias adotadas depois que a den\u00fancia \u00e9 registrada.&nbsp;<\/p>\n\n\n\n<p>As ouvidorias s\u00e3o os \u00f3rg\u00e3os respons\u00e1veis por receber e analisar as den\u00fancias registradas pelos cidad\u00e3os. Essa \u00e9 uma tarefa muito sens\u00edvel, executada com muito cuidado por equipes dedicadas e capacitadas. Quando a ouvidoria verifica que, na den\u00fancia, existem informa\u00e7\u00f5es suficientes, ela \u00e9 encaminhada para a \u00e1rea respons\u00e1vel pela apura\u00e7\u00e3o dos fatos. Al\u00e9m disso, em alguns casos, a ouvidoria pode pedir ao cidad\u00e3o que traga mais algumas informa\u00e7\u00f5es, complementando a sua den\u00fancia.&nbsp;<\/p>\n\n\n\n<p>No tratamento das den\u00fancias as ouvidorias t\u00eam o dever de manter o sigilo das informa\u00e7\u00f5es apresentadas, do processo e, principalmente, da identidade do denunciante.&nbsp;<\/p>\n\n\n\n<h2 class=\"wp-block-heading\">Como denunciar<\/h2>\n\n\n\n<p>Caso voc\u00ea tenha informa\u00e7\u00f5es sobre atos il\u00edcitos praticados por agentes p\u00fablicos, fazer a den\u00fancia \u00e9 muito simples.&nbsp;&nbsp;<\/p>\n\n\n\n<p>Basta entrar em <a href=\"http:\/\/www.falabr.cgu.gov.br\/\" target=\"_blank\" rel=\"noreferrer noopener\">www.falabr.cgu.gov.br<\/a>, clicar no \u00edcone de den\u00fancia e preencher os dados. A plataforma Fala.BR \u00e9 um canal integrado para encaminhamento de manifesta\u00e7\u00f5es (acesso a informa\u00e7\u00e3o, den\u00fancias, reclama\u00e7\u00f5es, solicita\u00e7\u00f5es, sugest\u00f5es, elogios e simplifique) a \u00f3rg\u00e3os e entidades do poder p\u00fablico. O servi\u00e7o online est\u00e1 dispon\u00edvel 24 horas, todos os dias da semana.&nbsp;<\/p>\n\n\n\n<h2 class=\"wp-block-heading\">\u00c9 seguro denunciar?<\/h2>\n\n\n<div class=\"wp-block-image\">\n<figure class=\"aligncenter size-full\"><img loading=\"lazy\" decoding=\"async\" width=\"336\" height=\"420\" src=\"http:\/\/www.ufpb.br\/comconf\/wp-content\/uploads\/sites\/79\/sites\/212\/2025\/03\/c0e9e1ad-2705-47e6-a4d2-1b9b1d5794d0.png\" alt=\"\" class=\"wp-image-232\" srcset=\"https:\/\/www.ufpb.br\/comconf\/wp-content\/uploads\/sites\/79\/sites\/212\/2025\/03\/c0e9e1ad-2705-47e6-a4d2-1b9b1d5794d0.png 336w, https:\/\/www.ufpb.br\/comconf\/wp-content\/uploads\/sites\/79\/sites\/212\/2025\/03\/c0e9e1ad-2705-47e6-a4d2-1b9b1d5794d0-240x300.png 240w\" sizes=\"auto, (max-width: 336px) 100vw, 336px\" \/><\/figure>\n<\/div>\n\n\n<p><\/p>\n\n\n\n<p>Sim. As ouvidorias t\u00eam o dever de manter sua identidade em sigilo, e, se voc\u00ea preferir, tamb\u00e9m pode fazer isso de forma an\u00f4nima.&nbsp;<\/p>\n\n\n\n<p>Por for\u00e7a das leis n\u00ba 12.527\/11 (Lei de Acesso \u00e0 Informa\u00e7\u00e3o) e 13.460\/2017 (C\u00f3digo de Defesa dos Direitos do Usu\u00e1rio dos Servi\u00e7os P\u00fablicos), os \u00f3rg\u00e3os e entidades p\u00fablicas devem proteger suas informa\u00e7\u00f5es pessoais, restringindo o acesso a quaisquer dados relativos \u00e0 intimidade, vida privada, honra e imagem, a n\u00e3o ser que voc\u00ea autorize expressamente o acesso a estas informa\u00e7\u00f5es.&nbsp;<\/p>\n\n\n\n<p>Ajude a promover a integridade no servi\u00e7o p\u00fablico. A Administra\u00e7\u00e3o P\u00fablica est\u00e1 pronta para receber a sua den\u00fancia.&nbsp;<\/p>\n\n\n\n<p>ATEN\u00c7\u00c3O: O servidor p\u00fablico n\u00e3o pode ser penalizado por informar sobre a pr\u00e1tica de crimes ou improbidade de que tenha conhecimento \u00e0 autoridade competente, de acordo com o artigo 126-A, da Lei n\u00ba 8.112\/90.&nbsp;&nbsp;<\/p>\n\n\n\n<p>&nbsp;<strong><a href=\"http:\/\/www.ufpb.br\/ouvidoria\">OUVIDORIA GERAL DA UFPB<\/a><\/strong><\/p>\n\n\n\n<p>&nbsp;Fonte:&nbsp;<a href=\"https:\/\/www.gov.br\/cgu\/pt-br\/centrais-de-conteudo\/campanhas\/integridade-publica\/denuncia\" target=\"_blank\" rel=\"noreferrer noopener\">https:\/\/www.gov.br\/cgu\/pt-br\/centrais-de-conteudo\/campanhas\/integridade-publica\/denuncia<\/a>s&nbsp;<\/p>\n\n\n\n<p>&nbsp;<strong>Comiss\u00e3o de Conformidade UFPB<\/strong><\/p>\n\n\n\n<p><strong>Instagram: <a href=\"https:\/\/www.instagram.com\/conformidadeufpb\/\" target=\"_blank\" rel=\"noreferrer noopener\">@conformidadeufpb <\/a>&nbsp; &nbsp; &nbsp; &nbsp; &nbsp; &nbsp; &nbsp; &nbsp; &nbsp; &nbsp; &nbsp; &nbsp; &nbsp; &nbsp; &nbsp; &nbsp; &nbsp; &nbsp; &nbsp; &nbsp; &nbsp; &nbsp; &nbsp; Twitter: <a href=\"http:\/\/twitter.com\/ConformidadeU\" target=\"_blank\" rel=\"noreferrer noopener\">@conformidadeu<\/a><\/strong><\/p>\n\n\n\n<p><strong>Facebook: <a href=\"http:\/\/www.facebook.com\/profile.php?id=100068609619682\" target=\"_blank\" rel=\"noreferrer noopener\">comiss\u00e3odeconformidade<\/a>&nbsp; &nbsp; &nbsp; &nbsp; &nbsp; &nbsp; &nbsp; &nbsp; &nbsp; &nbsp; &nbsp; &nbsp; &nbsp; &nbsp; &nbsp; &nbsp; &nbsp; &nbsp; &nbsp; &nbsp;Telefone: (83) 3216-7874<\/strong><\/p>\n\n\n\n<p><\/p>\n","protected":false},"excerpt":{"rendered":"<p>A den\u00fancia \u00e9 \u201cato que indica a pr\u00e1tica de irregularidade ou de il\u00edcito cuja solu\u00e7\u00e3o dependa da atua\u00e7\u00e3o dos \u00f3rg\u00e3os apurat\u00f3rios competentes\u201d. Em outras palavras, a den\u00fancia acontece quando algu\u00e9m toma conhecimento de um ato il\u00edcito, ou de algo errado, e leva essas informa\u00e7\u00f5es ao conhecimento da Administra\u00e7\u00e3o P\u00fablica.&nbsp;&nbsp; A den\u00fancia \u00e9 um importante instrumento [&hellip;]<\/p>\n","protected":false},"author":240,"featured_media":0,"parent":204,"menu_order":0,"comment_status":"closed","ping_status":"closed","template":"","meta":{"footnotes":""},"class_list":["post-230","page","type-page","status-publish","hentry"],"_links":{"self":[{"href":"https:\/\/www.ufpb.br\/comconf\/wp-json\/wp\/v2\/pages\/230","targetHints":{"allow":["GET"]}}],"collection":[{"href":"https:\/\/www.ufpb.br\/comconf\/wp-json\/wp\/v2\/pages"}],"about":[{"href":"https:\/\/www.ufpb.br\/comconf\/wp-json\/wp\/v2\/types\/page"}],"author":[{"embeddable":true,"href":"https:\/\/www.ufpb.br\/comconf\/wp-json\/wp\/v2\/users\/240"}],"replies":[{"embeddable":true,"href":"https:\/\/www.ufpb.br\/comconf\/wp-json\/wp\/v2\/comments?post=230"}],"version-history":[{"count":2,"href":"https:\/\/www.ufpb.br\/comconf\/wp-json\/wp\/v2\/pages\/230\/revisions"}],"predecessor-version":[{"id":259,"href":"https:\/\/www.ufpb.br\/comconf\/wp-json\/wp\/v2\/pages\/230\/revisions\/259"}],"up":[{"embeddable":true,"href":"https:\/\/www.ufpb.br\/comconf\/wp-json\/wp\/v2\/pages\/204"}],"wp:attachment":[{"href":"https:\/\/www.ufpb.br\/comconf\/wp-json\/wp\/v2\/media?parent=230"}],"curies":[{"name":"wp","href":"https:\/\/api.w.org\/{rel}","templated":true}]}}