{"id":269,"date":"2025-03-24T14:03:18","date_gmt":"2025-03-24T17:03:18","guid":{"rendered":"https:\/\/www.ufpb.br\/comconf\/?page_id=269"},"modified":"2025-03-24T14:33:27","modified_gmt":"2025-03-24T17:33:27","slug":"unidade-de-gestao-da-integridade","status":"publish","type":"page","link":"https:\/\/www.ufpb.br\/comconf\/integridade\/programa-de-integridade\/unidade-de-gestao-da-integridade\/","title":{"rendered":"Unidade de Gest\u00e3o da Integridade"},"content":{"rendered":"\n<p class=\" \">A&nbsp;<strong>Unidade de Gest\u00e3o da Integridade<\/strong>&nbsp;da UFPB est\u00e1 incorporada como atribui\u00e7\u00e3o da Comiss\u00e3o de Conformidade (COMCONF), respons\u00e1vel por coordenar a estrutura\u00e7\u00e3o, execu\u00e7\u00e3o e monitoramento do Programa de Integridade junto ao Comit\u00ea de Integridade, conforme disposto na <a href=\"https:\/\/sig-arq.ufpb.br\/arquivos\/20180881554a2d1155720d4d2d0b2e385\/Runi37_2018.pdf\" target=\"_blank\" rel=\"noreferrer noopener\">RESOLU\u00c7\u00c3O N\u00ba 37\/2018 UFPB\/CONSUNI<\/a><a href=\"https:\/\/sig-arq.ufpb.br\/arquivos\/20180881554a2d1155720d4d2d0b2e385\/Runi37_2018.pdf\" target=\"_blank\" rel=\"noreferrer noopener\"><\/a><a href=\"https:\/\/sig-arq.ufpb.br\/arquivos\/20180881554a2d1155720d4d2d0b2e385\/Runi37_2018.pdf\" target=\"_blank\" rel=\"noreferrer noopener\">.<\/a><\/p>\n\n\n\n<p class=\" \">&nbsp;<\/p>\n\n\n\n<p class=\" \">Segundo o art. 4\u00b0 da&nbsp;<a href=\"https:\/\/www.in.gov.br\/materia\/-\/asset_publisher\/Kujrw0TZC2Mb\/content\/id\/58029864\" target=\"_blank\" rel=\"noreferrer noopener\">PORTARIA CGU N\u00ba 57, DE 4 DE JANEIRO DE 2019<\/a>&nbsp;:<\/p>\n\n\n\n<p>Art. 4\u00ba Na primeira fase da institui\u00e7\u00e3o do <strong>Programa de Integridade<\/strong>, os \u00f3rg\u00e3os e as entidades dever\u00e3o constituir uma <strong>unidade de gest\u00e3o da integridade<\/strong>, \u00e0 qual ser\u00e1 atribu\u00edda compet\u00eancia para:<\/p>\n\n\n\n<p>I &#8211; coordena\u00e7\u00e3o da estrutura\u00e7\u00e3o, execu\u00e7\u00e3o e monitoramento do Programa de Integridade;<\/p>\n\n\n\n<p>II &#8211; orienta\u00e7\u00e3o e treinamento dos servidores com rela\u00e7\u00e3o aos temas atinentes ao Programa de Integridade; e<\/p>\n\n\n\n<p>III &#8211; promo\u00e7\u00e3o de outras a\u00e7\u00f5es relacionadas \u00e0 implementa\u00e7\u00e3o do Programa de Integridade, em conjunto com as demais unidades do \u00f3rg\u00e3o ou entidade.<\/p>\n\n\n\n<p>\u00a7 1\u00b0 A <strong>unidade de gest\u00e3o da integridade<\/strong> dever\u00e1 ser dotada de autonomia e de recursos materiais e humanos necess\u00e1rios ao desempenho de suas compet\u00eancias, al\u00e9m de ter acesso \u00e0s demais unidades e ao mais alto n\u00edvel hier\u00e1rquico do \u00f3rg\u00e3o ou entidade.<\/p>\n\n\n\n<p>\u00a7 2\u00ba Os \u00f3rg\u00e3os e as entidades dever\u00e3o constituir a <strong>unidade de gest\u00e3o de integridade<\/strong> no prazo de 15 (quinze) dias, contados da publica\u00e7\u00e3o desta Portaria.<\/p>\n","protected":false},"excerpt":{"rendered":"<p>A&nbsp;Unidade de Gest\u00e3o da Integridade&nbsp;da UFPB est\u00e1 incorporada como atribui\u00e7\u00e3o da Comiss\u00e3o de Conformidade (COMCONF), respons\u00e1vel por coordenar a estrutura\u00e7\u00e3o, execu\u00e7\u00e3o e monitoramento do Programa de Integridade junto ao Comit\u00ea de Integridade, conforme disposto na RESOLU\u00c7\u00c3O N\u00ba 37\/2018 UFPB\/CONSUNI. &nbsp; Segundo o art. 4\u00b0 da&nbsp;PORTARIA CGU N\u00ba 57, DE 4 DE JANEIRO DE 2019&nbsp;: Art. [&hellip;]<\/p>\n","protected":false},"author":240,"featured_media":0,"parent":296,"menu_order":0,"comment_status":"closed","ping_status":"closed","template":"","meta":{"footnotes":""},"class_list":["post-269","page","type-page","status-publish","hentry"],"_links":{"self":[{"href":"https:\/\/www.ufpb.br\/comconf\/wp-json\/wp\/v2\/pages\/269","targetHints":{"allow":["GET"]}}],"collection":[{"href":"https:\/\/www.ufpb.br\/comconf\/wp-json\/wp\/v2\/pages"}],"about":[{"href":"https:\/\/www.ufpb.br\/comconf\/wp-json\/wp\/v2\/types\/page"}],"author":[{"embeddable":true,"href":"https:\/\/www.ufpb.br\/comconf\/wp-json\/wp\/v2\/users\/240"}],"replies":[{"embeddable":true,"href":"https:\/\/www.ufpb.br\/comconf\/wp-json\/wp\/v2\/comments?post=269"}],"version-history":[{"count":1,"href":"https:\/\/www.ufpb.br\/comconf\/wp-json\/wp\/v2\/pages\/269\/revisions"}],"predecessor-version":[{"id":270,"href":"https:\/\/www.ufpb.br\/comconf\/wp-json\/wp\/v2\/pages\/269\/revisions\/270"}],"up":[{"embeddable":true,"href":"https:\/\/www.ufpb.br\/comconf\/wp-json\/wp\/v2\/pages\/296"}],"wp:attachment":[{"href":"https:\/\/www.ufpb.br\/comconf\/wp-json\/wp\/v2\/media?parent=269"}],"curies":[{"name":"wp","href":"https:\/\/api.w.org\/{rel}","templated":true}]}}