{"id":288,"date":"2025-03-24T14:21:42","date_gmt":"2025-03-24T17:21:42","guid":{"rendered":"https:\/\/www.ufpb.br\/comconf\/?page_id=288"},"modified":"2025-10-30T13:47:48","modified_gmt":"2025-10-30T16:47:48","slug":"plano-de-integridade","status":"publish","type":"page","link":"https:\/\/www.ufpb.br\/comconf\/integridade\/programa-de-integridade\/plano-de-integridade\/","title":{"rendered":"Plano de Integridade"},"content":{"rendered":"\n<h2 class=\"wp-block-heading\"><strong>Plano de Integridade:&nbsp;<\/strong><\/h2>\n\n\n\n<ul class=\"wp-block-list\">\n<li><strong><a href=\"http:\/\/www.ufpb.br\/comconf\/wp-content\/uploads\/sites\/79\/sites\/212\/2025\/03\/programa_de_integridade_da_ufpb__final_vf.pdf\" target=\"_blank\" rel=\"noreferrer noopener\">Programa e Plano de Integridade da UFPB<\/a>&nbsp;(BI\u00caNIO 2020-2022)<\/strong><\/li>\n\n\n\n<li><strong><a href=\"http:\/\/www.ufpb.br\/comconf\/wp-content\/uploads\/sites\/79\/sites\/212\/2025\/03\/PLANO_DE_INTEGRIDADE_VERSO_FINAL_APROVADA.pdf\" target=\"_blank\" rel=\"noreferrer noopener\">Programa e Plano de Integridade da UFPB <\/a>(BI\u00caNIO 2023\/2024)<\/strong><\/li>\n\n\n\n<li><a href=\"http:\/\/www.ufpb.br\/comconf\/wp-content\/uploads\/sites\/79\/sites\/212\/2025\/10\/Plano-de-Integridade-2025-2028.pdf\" data-type=\"link\" data-id=\"http:\/\/www.ufpb.br\/comconf\/wp-content\/uploads\/sites\/79\/sites\/212\/2025\/10\/Plano-de-Integridade-2025-2028.pdf\">Programa e Plano de Integridade da UFPB<\/a> <strong>(QUADRI\u00caNIO 2025\/2028)<\/strong><\/li>\n<\/ul>\n\n\n\n<div data-wp-interactive=\"core\/file\" class=\"wp-block-file\"><object data-wp-bind--hidden=\"!state.hasPdfPreview\" hidden class=\"wp-block-file__embed\" data=\"http:\/\/www.ufpb.br\/comconf\/wp-content\/uploads\/sites\/79\/sites\/212\/2025\/10\/Plano-de-Integridade-2025-2028.pdf\" type=\"application\/pdf\" style=\"width:100%;height:600px\" aria-label=\"Incorporado de Plano de Integridade 2025-2028.\"><\/object><a id=\"wp-block-file--media-9568ba90-8861-450d-b7b4-cf3aa53d3de9\" href=\"http:\/\/www.ufpb.br\/comconf\/wp-content\/uploads\/sites\/79\/sites\/212\/2025\/10\/Plano-de-Integridade-2025-2028.pdf\">Plano de Integridade 2025-2028<\/a><a href=\"http:\/\/www.ufpb.br\/comconf\/wp-content\/uploads\/sites\/79\/sites\/212\/2025\/10\/Plano-de-Integridade-2025-2028.pdf\" class=\"wp-block-file__button wp-element-button\" download aria-describedby=\"wp-block-file--media-9568ba90-8861-450d-b7b4-cf3aa53d3de9\">Baixar<\/a><\/div>\n\n\n\n<div data-wp-interactive=\"core\/file\" class=\"wp-block-file\"><object data-wp-bind--hidden=\"!state.hasPdfPreview\" hidden class=\"wp-block-file__embed\" data=\"http:\/\/www.ufpb.br\/comconf\/wp-content\/uploads\/sites\/79\/sites\/212\/2025\/10\/Plano-de-Integridade-2025-2028.pdf\" type=\"application\/pdf\" style=\"width:100%;height:600px\" aria-label=\"Incorporado de Plano de Integridade 2025-2028.\"><\/object><a id=\"wp-block-file--media-bc3e1881-546e-4666-b030-f99b5f22f47e\" href=\"http:\/\/www.ufpb.br\/comconf\/wp-content\/uploads\/sites\/79\/sites\/212\/2025\/10\/Plano-de-Integridade-2025-2028.pdf\">Plano de Integridade 2025-2028<\/a><a href=\"http:\/\/www.ufpb.br\/comconf\/wp-content\/uploads\/sites\/79\/sites\/212\/2025\/10\/Plano-de-Integridade-2025-2028.pdf\" class=\"wp-block-file__button wp-element-button\" download aria-describedby=\"wp-block-file--media-bc3e1881-546e-4666-b030-f99b5f22f47e\">Baixar<\/a><\/div>\n\n\n\n<div data-wp-interactive=\"core\/file\" class=\"wp-block-file\"><object data-wp-bind--hidden=\"!state.hasPdfPreview\" hidden class=\"wp-block-file__embed\" data=\"http:\/\/www.ufpb.br\/comconf\/wp-content\/uploads\/sites\/79\/sites\/212\/2025\/10\/Plano-de-Integridade-2025-2028.pdf\" type=\"application\/pdf\" style=\"width:100%;height:600px\" aria-label=\"Incorporado de Plano de Integridade 2025-2028.\"><\/object><a id=\"wp-block-file--media-f741a1fc-1a47-4546-b820-51983c592a2b\" href=\"http:\/\/www.ufpb.br\/comconf\/wp-content\/uploads\/sites\/79\/sites\/212\/2025\/10\/Plano-de-Integridade-2025-2028.pdf\">Plano de Integridade 2025-2028<\/a><a href=\"http:\/\/www.ufpb.br\/comconf\/wp-content\/uploads\/sites\/79\/sites\/212\/2025\/10\/Plano-de-Integridade-2025-2028.pdf\" class=\"wp-block-file__button wp-element-button\" download aria-describedby=\"wp-block-file--media-f741a1fc-1a47-4546-b820-51983c592a2b\">Baixar<\/a><\/div>\n\n\n\n<p class=\" \">O <strong>Programa de Integridade<\/strong> foi institu\u00eddo por meio da <a href=\"https:\/\/www.in.gov.br\/web\/guest\/materia\/-\/asset_publisher\/Kujrw0TZC2Mb\/content\/id\/11984199\/do1-2018-04-26-portaria-n-1-089-de-25-de-abril-de-2018-11984195\" data-type=\"link\" data-id=\"https:\/\/www.in.gov.br\/web\/guest\/materia\/-\/asset_publisher\/Kujrw0TZC2Mb\/content\/id\/11984199\/do1-2018-04-26-portaria-n-1-089-de-25-de-abril-de-2018-11984195\">Portaria n\u00ba 1.089, de 25 de abril&nbsp;de 2018<\/a>, do Minist\u00e9rio da Transpar\u00eancia e Controladoria-Geral da Uni\u00e3o (CGU), atualizada pela <a href=\"https:\/\/www.in.gov.br\/materia\/-\/asset_publisher\/Kujrw0TZC2Mb\/content\/id\/58029864\" target=\"_blank\" rel=\"noreferrer noopener\">PORTARIA N\u00ba 57, DE 4 DE JANEIRO DE 2019<\/a>,&nbsp;que&nbsp;estabeleceu as fases e os procedimentos para a estrutura\u00e7\u00e3o, a execu\u00e7\u00e3o e o monitoramento&nbsp;dos programas de integridade dos \u00f3rg\u00e3os e entidades da administra\u00e7\u00e3o p\u00fablica federal direta,&nbsp;aut\u00e1rquica e fundacional.<\/p>\n\n\n\n<p>O <strong>Plano de Integridade<\/strong> da Universidade Federal da Para\u00edba (UFPB) tem por objetivo&nbsp;propor a\u00e7\u00f5es e medidas institucionais preventivas e posteriores que minimizem e erradiquem&nbsp;atos de desvios de conduta e irregularidade por meio da preven\u00e7\u00e3o e detec\u00e7\u00e3o de fraudes de&nbsp;acordo com as etapas definidas no Manual de Implementa\u00e7\u00e3o do Programa de Integridade,&nbsp;do Minist\u00e9rio da Transpar\u00eancia e Controladoria Geral da Uni\u00e3o.<\/p>\n\n\n\n<p class=\" \">O Art. 2\u00b0 da&nbsp;&nbsp;<a href=\"https:\/\/www.in.gov.br\/materia\/-\/asset_publisher\/Kujrw0TZC2Mb\/content\/id\/58029864\" target=\"_blank\" rel=\"noreferrer noopener\">PORTARIA N\u00ba 57, DE 4 DE JANEIRO DE 2019<\/a>&nbsp;traz os seguintes conceitos:&nbsp;<\/p>\n\n\n\n<p>I &#8211; <strong>Programa de Integridade:<\/strong> conjunto estruturado de medidas institucionais voltadas para a preven\u00e7\u00e3o, detec\u00e7\u00e3o, puni\u00e7\u00e3o e remedia\u00e7\u00e3o de pr\u00e1ticas de corrup\u00e7\u00e3o, fraudes, irregularidades e desvios \u00e9ticos e de conduta;<\/p>\n\n\n\n<p>II &#8211;<strong> Risco para a Integridade:<\/strong> vulnerabilidade que pode favorecer ou facilitar a ocorr\u00eancia de pr\u00e1ticas de corrup\u00e7\u00e3o, fraudes, irregularidades e\/ou desvios \u00e9ticos e de conduta, podendo comprometer os objetivos da institui\u00e7\u00e3o;<\/p>\n\n\n\n<p>III &#8211; <strong>Plano de Integridade:<\/strong> documento, aprovado pela alta administra\u00e7\u00e3o, que organiza as medidas de integridade a serem adotadas em determinado per\u00edodo de tempo, devendo ser revisado periodicamente.<\/p>\n\n\n\n<p>O Art. 19\u00b0 do&nbsp;<a href=\"http:\/\/www.planalto.gov.br\/ccivil_03\/_ato2015-2018\/2017\/decreto\/d9203.htm\" target=\"_blank\" rel=\"noreferrer noopener\">DECRETO N\u00ba 9.203, DE 22 DE NOVEMBRO DE 2017<\/a>&nbsp;define que:<\/p>\n\n\n\n<p>Os \u00f3rg\u00e3os e as entidades da administra\u00e7\u00e3o direta, aut\u00e1rquica e fundacional instituir\u00e3o&nbsp;<strong>programa de integridade<\/strong>, com o objetivo de promover a ado\u00e7\u00e3o de medidas e a\u00e7\u00f5es institucionais&nbsp;<strong>destinadas \u00e0 preven\u00e7\u00e3o, \u00e0 detec\u00e7\u00e3o, \u00e0 puni\u00e7\u00e3o e \u00e0 remedia\u00e7\u00e3o de fraudes e atos de corrup\u00e7\u00e3o<\/strong>, estruturado nos seguintes eixos:<\/p>\n\n\n\n<p>I &#8211; comprometimento e apoio da alta administra\u00e7\u00e3o;<\/p>\n\n\n\n<p>II &#8211; exist\u00eancia de unidade respons\u00e1vel pela implementa\u00e7\u00e3o no \u00f3rg\u00e3o ou na entidade;<\/p>\n\n\n\n<p>III &#8211; an\u00e1lise, avalia\u00e7\u00e3o e gest\u00e3o dos riscos associados ao tema da integridade; e<\/p>\n\n\n\n<p>IV &#8211; monitoramento cont\u00ednuo dos atributos do programa de integridade.<\/p>\n\n\n\n<p><strong>Comiss\u00e3o de Conformidade UFPB<\/strong><\/p>\n","protected":false},"excerpt":{"rendered":"<p>Plano de Integridade:&nbsp; O Programa de Integridade foi institu\u00eddo por meio da Portaria n\u00ba 1.089, de 25 de abril&nbsp;de 2018, do Minist\u00e9rio da Transpar\u00eancia e Controladoria-Geral da Uni\u00e3o (CGU), atualizada pela PORTARIA N\u00ba 57, DE 4 DE JANEIRO DE 2019,&nbsp;que&nbsp;estabeleceu as fases e os procedimentos para a estrutura\u00e7\u00e3o, a execu\u00e7\u00e3o e o monitoramento&nbsp;dos programas de [&hellip;]<\/p>\n","protected":false},"author":240,"featured_media":489,"parent":296,"menu_order":0,"comment_status":"closed","ping_status":"closed","template":"","meta":{"footnotes":""},"class_list":["post-288","page","type-page","status-publish","has-post-thumbnail","hentry"],"_links":{"self":[{"href":"https:\/\/www.ufpb.br\/comconf\/wp-json\/wp\/v2\/pages\/288","targetHints":{"allow":["GET"]}}],"collection":[{"href":"https:\/\/www.ufpb.br\/comconf\/wp-json\/wp\/v2\/pages"}],"about":[{"href":"https:\/\/www.ufpb.br\/comconf\/wp-json\/wp\/v2\/types\/page"}],"author":[{"embeddable":true,"href":"https:\/\/www.ufpb.br\/comconf\/wp-json\/wp\/v2\/users\/240"}],"replies":[{"embeddable":true,"href":"https:\/\/www.ufpb.br\/comconf\/wp-json\/wp\/v2\/comments?post=288"}],"version-history":[{"count":9,"href":"https:\/\/www.ufpb.br\/comconf\/wp-json\/wp\/v2\/pages\/288\/revisions"}],"predecessor-version":[{"id":695,"href":"https:\/\/www.ufpb.br\/comconf\/wp-json\/wp\/v2\/pages\/288\/revisions\/695"}],"up":[{"embeddable":true,"href":"https:\/\/www.ufpb.br\/comconf\/wp-json\/wp\/v2\/pages\/296"}],"wp:featuredmedia":[{"embeddable":true,"href":"https:\/\/www.ufpb.br\/comconf\/wp-json\/wp\/v2\/media\/489"}],"wp:attachment":[{"href":"https:\/\/www.ufpb.br\/comconf\/wp-json\/wp\/v2\/media?parent=288"}],"curies":[{"name":"wp","href":"https:\/\/api.w.org\/{rel}","templated":true}]}}