{"id":296,"date":"2025-03-24T14:27:31","date_gmt":"2025-03-24T17:27:31","guid":{"rendered":"https:\/\/www.ufpb.br\/comconf\/?page_id=296"},"modified":"2025-11-03T10:40:57","modified_gmt":"2025-11-03T13:40:57","slug":"programa-de-integridade","status":"publish","type":"page","link":"https:\/\/www.ufpb.br\/comconf\/integridade\/programa-de-integridade\/","title":{"rendered":"Programa de Integridade"},"content":{"rendered":"\n<p><a href=\"https:\/\/www.ufpb.br\/comconf\/programa-de-integridade\/unidade-de-gestao-da-integridade\/\">Unidade de Gest\u00e3o da Integridade<\/a><\/p>\n\n\n\n<p><a href=\"https:\/\/www.ufpb.br\/comconf\/programa-de-integridade\/comite-de-gestao-da-integridade\/\">Comit\u00ea de Gest\u00e3o da Integridade<\/a><\/p>\n\n\n\n<p><a href=\"https:\/\/www.ufpb.br\/comconf\/programa-de-integridade\/plano-de-integridade\/\">Plano de Integridade<\/a><\/p>\n\n\n\n<p><a href=\"https:\/\/www.ufpb.br\/comconf\/programa-de-integridade\/relatorios\/\">Relat\u00f3rios<\/a><\/p>\n\n\n\n<p><a href=\"http:\/\/www.ufpb.br\/comconf\/wp-content\/uploads\/sites\/79\/sites\/212\/2025\/11\/Plano-de-Capacitacao-em-Integridade-Atualizado-COMCONF.pdf\">Plano de Capacita\u00e7\u00e3o e Sensibiliza\u00e7\u00e3o em Integridade da UFPB<\/a><\/p>\n\n\n\n<p><\/p>\n","protected":false},"excerpt":{"rendered":"<p>Unidade de Gest\u00e3o da Integridade Comit\u00ea de Gest\u00e3o da Integridade Plano de Integridade Relat\u00f3rios Plano de Capacita\u00e7\u00e3o e Sensibiliza\u00e7\u00e3o em Integridade da UFPB<\/p>\n","protected":false},"author":240,"featured_media":0,"parent":416,"menu_order":0,"comment_status":"closed","ping_status":"closed","template":"","meta":{"footnotes":""},"class_list":["post-296","page","type-page","status-publish","hentry"],"_links":{"self":[{"href":"https:\/\/www.ufpb.br\/comconf\/wp-json\/wp\/v2\/pages\/296","targetHints":{"allow":["GET"]}}],"collection":[{"href":"https:\/\/www.ufpb.br\/comconf\/wp-json\/wp\/v2\/pages"}],"about":[{"href":"https:\/\/www.ufpb.br\/comconf\/wp-json\/wp\/v2\/types\/page"}],"author":[{"embeddable":true,"href":"https:\/\/www.ufpb.br\/comconf\/wp-json\/wp\/v2\/users\/240"}],"replies":[{"embeddable":true,"href":"https:\/\/www.ufpb.br\/comconf\/wp-json\/wp\/v2\/comments?post=296"}],"version-history":[{"count":7,"href":"https:\/\/www.ufpb.br\/comconf\/wp-json\/wp\/v2\/pages\/296\/revisions"}],"predecessor-version":[{"id":711,"href":"https:\/\/www.ufpb.br\/comconf\/wp-json\/wp\/v2\/pages\/296\/revisions\/711"}],"up":[{"embeddable":true,"href":"https:\/\/www.ufpb.br\/comconf\/wp-json\/wp\/v2\/pages\/416"}],"wp:attachment":[{"href":"https:\/\/www.ufpb.br\/comconf\/wp-json\/wp\/v2\/media?parent=296"}],"curies":[{"name":"wp","href":"https:\/\/api.w.org\/{rel}","templated":true}]}}