{"id":308,"date":"2025-03-24T14:37:14","date_gmt":"2025-03-24T17:37:14","guid":{"rendered":"https:\/\/www.ufpb.br\/comconf\/?page_id=308"},"modified":"2025-03-25T10:54:11","modified_gmt":"2025-03-25T13:54:11","slug":"programa-de-conformidade","status":"publish","type":"page","link":"https:\/\/www.ufpb.br\/comconf\/conformidade\/programa-de-conformidade\/","title":{"rendered":"Programa de Conformidade"},"content":{"rendered":"\n<p><a href=\"https:\/\/www.ufpb.br\/comconf\/programa-de-conformidade\/plano-de-conformidade-institucional-pci\/\">Plano de Conformidade Institucional &#8211; PCI<\/a><\/p>\n\n\n\n<p><a href=\"https:\/\/www.ufpb.br\/comconf\/programa-de-conformidade\/relatorio-anual-do-plano-de-conformidade\/\">Relat\u00f3rio Anual do Plano de Conformidade<\/a><\/p>\n\n\n\n<p><a href=\"https:\/\/www.ufpb.br\/comconf\/programa-de-conformidade\/relacao-dos-ag-de-conformidade-das-unidades-administrativas-da-ufpb\/\">Rela\u00e7\u00e3o dos Agentes de Conformidade das Unidades Administrativas da UFPB<\/a><\/p>\n\n\n\n<p><\/p>\n","protected":false},"excerpt":{"rendered":"<p>Plano de Conformidade Institucional &#8211; PCI Relat\u00f3rio Anual do Plano de Conformidade Rela\u00e7\u00e3o dos Agentes de Conformidade das Unidades Administrativas da UFPB<\/p>\n","protected":false},"author":240,"featured_media":0,"parent":421,"menu_order":0,"comment_status":"closed","ping_status":"closed","template":"","meta":{"footnotes":""},"class_list":["post-308","page","type-page","status-publish","hentry"],"_links":{"self":[{"href":"https:\/\/www.ufpb.br\/comconf\/wp-json\/wp\/v2\/pages\/308","targetHints":{"allow":["GET"]}}],"collection":[{"href":"https:\/\/www.ufpb.br\/comconf\/wp-json\/wp\/v2\/pages"}],"about":[{"href":"https:\/\/www.ufpb.br\/comconf\/wp-json\/wp\/v2\/types\/page"}],"author":[{"embeddable":true,"href":"https:\/\/www.ufpb.br\/comconf\/wp-json\/wp\/v2\/users\/240"}],"replies":[{"embeddable":true,"href":"https:\/\/www.ufpb.br\/comconf\/wp-json\/wp\/v2\/comments?post=308"}],"version-history":[{"count":4,"href":"https:\/\/www.ufpb.br\/comconf\/wp-json\/wp\/v2\/pages\/308\/revisions"}],"predecessor-version":[{"id":330,"href":"https:\/\/www.ufpb.br\/comconf\/wp-json\/wp\/v2\/pages\/308\/revisions\/330"}],"up":[{"embeddable":true,"href":"https:\/\/www.ufpb.br\/comconf\/wp-json\/wp\/v2\/pages\/421"}],"wp:attachment":[{"href":"https:\/\/www.ufpb.br\/comconf\/wp-json\/wp\/v2\/media?parent=308"}],"curies":[{"name":"wp","href":"https:\/\/api.w.org\/{rel}","templated":true}]}}